{"id":387,"date":"2013-09-12T15:33:15","date_gmt":"2013-09-12T18:33:15","guid":{"rendered":"https:\/\/www.infraestruturameioambiente.sp.gov.br\/pgibt\/?page_id=387"},"modified":"2013-09-12T15:33:15","modified_gmt":"2013-09-12T18:33:15","slug":"2005-cristiane-pereira","status":"publish","type":"page","link":"https:\/\/www.infraestruturameioambiente.sp.gov.br\/pgibt\/dissertacoesteses\/2005-cristiane-pereira\/","title":{"rendered":"Cristiane Pereira Santos MS"},"content":{"rendered":"<h2 style=\"text-align: center\"><a href=\"https:\/\/smastr16.blob.core.windows.net\/pgibt\/2015\/02\/faixapos6.jpg\"><img decoding=\"async\" loading=\"lazy\" class=\"aligncenter size-full wp-image-3777\" style=\"border: 0px\" alt=\"faixapos6\" src=\"https:\/\/smastr16.blob.core.windows.net\/pgibt\/2015\/02\/faixapos6.jpg\" width=\"950\" height=\"163\" srcset=\"https:\/\/smastr16.blob.core.windows.net\/pgibt\/2015\/02\/faixapos6.jpg 950w, https:\/\/smastr16.blob.core.windows.net\/pgibt\/2015\/02\/faixapos6-768x131.jpg 768w\" sizes=\"(max-width: 950px) 100vw, 950px\" \/><\/a><\/h2>\n<hr align=\"center\" noshade=\"noshade\" size=\"1\" width=\"100%\" \/>\n<h2 style=\"text-align: center\"><span style=\"color: #003300\">Cristiane Pereira Santos<\/span><\/h2>\n<hr align=\"center\" noshade=\"noshade\" size=\"1\" width=\"100%\" \/>\n<p style=\"text-align: center\">A disserta\u00e7\u00e3o &#8220;Anatomia do lenho de <em>Tibouchina pulchra Cogn<\/em>. e <em>Miconia cinnamomifolia<\/em> (DC.) Naud. (Melastomataceae)<br \/>\ncomo registro temporal da polui\u00e7\u00e3o atmosf\u00e9rica proveniente do complexo industrial de Cubat\u00e3o&#8221;<br \/>\ninvestigada por Cristiane Pereira Santos ao longo de tr\u00eas anos foi defendida em 14 de junho de 2005,<br \/>\nno Audit\u00f3rio Dr. Alcides Teixeira do Instituto de Bot\u00e2nica.<\/p>\n<p style=\"text-align: center\">A banca, composta por Dra. Solange C. Mazzoni-Viveiros (orientadora da aluna), Dr. Sergio Luiz Pomp\u00e9ia (pesquisador convidado) e<br \/>\nDra. Edenise Segala Alves (pesquisadora do IBt), aprovou a aluna por unanimidade e com louvor.<\/p>\n<hr align=\"center\" noshade=\"noshade\" size=\"1\" width=\"100%\" \/>\n<h3 style=\"text-align: center\"><strong>Anatomia do lenho de\u00a0<em>Tibouchina pulchra Cogn<\/em>. e\u00a0<em>Miconia cinnamomifolia<\/em>\u00a0(DC.)<em>\u00a0<\/em>Naud. (Melastomataceae)<br \/>\ncomo registro temporal da polui\u00e7\u00e3o atmosf\u00e9rica proveniente do complexo industrial de Cubat\u00e3o<\/strong><\/h3>\n<hr align=\"center\" noshade=\"noshade\" size=\"1\" width=\"100%\" \/>\n<h4 style=\"text-align: center\"><strong>RESUMO<\/strong><\/h4>\n<p style=\"text-align: justify\">O presente trabalho buscou identificar poss\u00edveis estrat\u00e9gias que o lenho de <em>T. pulchra<\/em> e <em>M.cinnamomifolia<\/em>, esp\u00e9cies pioneiras nativas da Mata Atl\u00e2ntica e consideradas tolerantes \u00e0 polui\u00e7\u00e3o atmosf\u00e9rica proveniente de Cubat\u00e3o, possa apresentar. Amostras de lenho das esp\u00e9cies em estudo foram coletadas em 1990 e 1991 e, para compara\u00e7\u00e3o, amostras da primeira esp\u00e9cie foram tamb\u00e9m coletadas em 2003.<\/p>\n<p style=\"text-align: justify\">Observou-se, atrav\u00e9s da compara\u00e7\u00e3o das amostras provenientes do Vale do Rio Moji (\u00e1rea polu\u00edda) e do Vale do Rio Pil\u00f5es (\u00e1rea controle), que as oriundas da \u00e1rea polu\u00edda apresentaram caracter\u00edsticas semelhantes \u00e0quelas relacionadas \u00e0 garantia do fluxo h\u00eddrico (como maior porcentagem de vasos geminados, mais c\u00e9lulas perfuradas de raio, maior freq\u00fc\u00eancia de vasos e menor di\u00e2metro e comprimento dos elementos de vaso); bem como caracter\u00edsticas relacionadas \u00e0 poss\u00edvel estrat\u00e9gia nutricional (maior freq\u00fc\u00eancia de par\u00eanquima radial e fibras vivas). Verificou-se que as amostras do lenho de <em>T. pulchra<\/em> coletadas em Paranapiacaba em 1990 apresentaram-se com aspecto similar \u00e0quelas de 2003, com abund\u00e2ncia de fibras gelatinosas em ambos os casos. As duas esp\u00e9cies demonstraram apresentar alta plasticidade fenot\u00edpica do lenho, sendo, no entanto, maior em <em>T. pulchra<\/em>, o que levou a uma resposta diferente dessa esp\u00e9cie, em rela\u00e7\u00e3o \u00e0 <em>M. cinnamomifolia<\/em>, no que se refere \u00e0s guarni\u00e7\u00f5es das pontoa\u00e7\u00f5es e da parede dos elementos de vaso, apresentando-se menos elaboradas em lenho da \u00e1rea mais polu\u00edda.<\/p>\n<hr align=\"center\" noshade=\"noshade\" size=\"1\" width=\"100%\" \/>\n<p style=\"text-align: center\"><a href=\"https:\/\/smastr16.blob.core.windows.net\/pgibt\/2013\/09\/pdf_grande.gif\"><img decoding=\"async\" loading=\"lazy\" class=\"aligncenter\" style=\"border: 0px\" alt=\"pdf_grande\" src=\"https:\/\/smastr16.blob.core.windows.net\/pgibt\/2013\/09\/pdf_grande.gif\" width=\"60\" height=\"60\" \/><\/a><\/p>\n<p style=\"text-align: center\"><a href=\"https:\/\/smastr16.blob.core.windows.net\/pgibt\/2013\/09\/Cristiane_Pereira_Santos_MS.pdf\"> Cristiane Pereira Santos<br \/>\nAnatomia do lenho de <em>Tibouchina pulchra<\/em> Cogn. e <em>Miconia cinnamomifolia<\/em> (DC.) Naud. (Melastomataceae) como registro temporal da polui\u00e7\u00e3o atmosf\u00e9rica proveniente do complexo industrial de Cubat\u00e3o<\/a><\/p>\n<hr align=\"center\" noshade=\"noshade\" size=\"1\" width=\"100%\" \/>\n<p style=\"text-align: center\"><strong>\u00a0<a href=\"https:\/\/www.infraestruturameioambiente.sp.gov.br\/pgibt\/dissertacoesteses\/\">VOLTAR AS DISSERTA\u00c7\u00d5ES E TESES<\/a><\/strong><\/p>\n<hr align=\"center\" noshade=\"noshade\" size=\"1\" width=\"100%\" \/>\n","protected":false},"excerpt":{"rendered":"<p>Cristiane Pereira Santos A disserta\u00e7\u00e3o &#8220;Anatomia do lenho de Tibouchina pulchra Cogn. e Miconia cinnamomifolia (DC.) Naud. (Melastomataceae) como registro temporal da polui\u00e7\u00e3o atmosf\u00e9rica proveniente do complexo industrial de Cubat\u00e3o&#8221; investigada por Cristiane Pereira Santos ao longo de tr\u00eas anos foi defendida em 14 de junho de 2005, no Audit\u00f3rio Dr. Alcides Teixeira do Instituto [&hellip;]<\/p>\n","protected":false},"author":1,"featured_media":0,"parent":249,"menu_order":0,"comment_status":"closed","ping_status":"open","template":"fullpage.php","meta":[],"_links":{"self":[{"href":"https:\/\/www.infraestruturameioambiente.sp.gov.br\/pgibt\/wp-json\/wp\/v2\/pages\/387"}],"collection":[{"href":"https:\/\/www.infraestruturameioambiente.sp.gov.br\/pgibt\/wp-json\/wp\/v2\/pages"}],"about":[{"href":"https:\/\/www.infraestruturameioambiente.sp.gov.br\/pgibt\/wp-json\/wp\/v2\/types\/page"}],"author":[{"embeddable":true,"href":"https:\/\/www.infraestruturameioambiente.sp.gov.br\/pgibt\/wp-json\/wp\/v2\/users\/1"}],"replies":[{"embeddable":true,"href":"https:\/\/www.infraestruturameioambiente.sp.gov.br\/pgibt\/wp-json\/wp\/v2\/comments?post=387"}],"version-history":[{"count":0,"href":"https:\/\/www.infraestruturameioambiente.sp.gov.br\/pgibt\/wp-json\/wp\/v2\/pages\/387\/revisions"}],"up":[{"embeddable":true,"href":"https:\/\/www.infraestruturameioambiente.sp.gov.br\/pgibt\/wp-json\/wp\/v2\/pages\/249"}],"wp:attachment":[{"href":"https:\/\/www.infraestruturameioambiente.sp.gov.br\/pgibt\/wp-json\/wp\/v2\/media?parent=387"}],"curies":[{"name":"wp","href":"https:\/\/api.w.org\/{rel}","templated":true}]}}