{"id":384,"date":"2013-09-12T15:29:44","date_gmt":"2013-09-12T18:29:44","guid":{"rendered":"https:\/\/www.infraestruturameioambiente.sp.gov.br\/pgibt\/?page_id=384"},"modified":"2013-09-12T15:29:44","modified_gmt":"2013-09-12T18:29:44","slug":"2005-ana-baroni","status":"publish","type":"page","link":"https:\/\/www.infraestruturameioambiente.sp.gov.br\/pgibt\/dissertacoesteses\/2005-ana-baroni\/","title":{"rendered":"Ana Maria Baroni MS"},"content":{"rendered":"<h2 style=\"text-align: center\"><a href=\"https:\/\/smastr16.blob.core.windows.net\/pgibt\/2015\/02\/faixapos6.jpg\"><img decoding=\"async\" loading=\"lazy\" class=\"aligncenter size-full wp-image-3777\" style=\"border: 0px\" alt=\"faixapos6\" src=\"https:\/\/smastr16.blob.core.windows.net\/pgibt\/2015\/02\/faixapos6.jpg\" width=\"950\" height=\"163\" srcset=\"https:\/\/smastr16.blob.core.windows.net\/pgibt\/2015\/02\/faixapos6.jpg 950w, https:\/\/smastr16.blob.core.windows.net\/pgibt\/2015\/02\/faixapos6-768x131.jpg 768w\" sizes=\"(max-width: 950px) 100vw, 950px\" \/><\/a><\/h2>\n<hr align=\"center\" noshade=\"noshade\" size=\"1\" width=\"100%\" \/>\n<h2 style=\"text-align: center\"><span style=\"color: #003300\">Ana Maria Baroni<\/span><\/h2>\n<hr align=\"center\" noshade=\"noshade\" size=\"1\" width=\"100%\" \/>\n<p style=\"text-align: center\">\u00a0Apresentou sua disserta\u00e7\u00e3o de mestrado no dia 04 de outubro de 2005 com o t\u00edtulo:<br \/>\nCaracteriza\u00e7\u00e3o do sistema fotossint\u00e9tico em folhas de plantas jovens de<br \/>\n<em style=\"line-height: 1.5em\">Caesalpinia echinata Lam<\/em><span style=\"line-height: 1.5em\">. (pau-brasil).<\/span><\/p>\n<hr align=\"center\" noshade=\"noshade\" size=\"1\" width=\"100%\" \/>\n<h3 style=\"text-align: center\"><strong>Caracteriza\u00e7\u00e3o do sistema fotossint\u00e9tico em folhas de plantas jovens de\u00a0<em>Caesalpinia echinata Lam<\/em>. (pau-brasil)\u00a0<\/strong><\/h3>\n<hr align=\"center\" noshade=\"noshade\" size=\"1\" width=\"100%\" \/>\n<h4 style=\"text-align: center\"><strong>RESUMO<\/strong><\/h4>\n<p style=\"text-align: justify\">A explora\u00e7\u00e3o do pau-brasil caracterizou o primeiro ciclo econ\u00f4mico de uma s\u00e9rie de outros, baseados na utiliza\u00e7\u00e3o de esp\u00e9cies vegetais nativas dos biomas brasileiros, sendo registrado como uma das primeiras interfer\u00eancias respons\u00e1veis pelo desmatamento e fragmenta\u00e7\u00e3o do bioma da Mata Atl\u00e2ntica ao longo de toda a faixa litor\u00e2nea Hoje o pau-brasil \u00e9 apenas uma das esp\u00e9cies que comp\u00f5e o complexo sistema vegetacional denominado Mata Atl\u00e2ntica que engloba um mosaico diversificado de ecossistemas, incluindo manguesais, florestas de restinga e florestas pluviais.<\/p>\n<p style=\"text-align: justify\">Os processos do desenvolvimento vegetal est\u00e3o intimamente relacionados \u00e0 luz, tanto por sua import\u00e2ncia na produ\u00e7\u00e3o de fotossintatos como por representarem um sinal seguro de mudan\u00e7a de esta\u00e7\u00e3o, garantindo \u00e0 planta preparar-se para condi\u00e7\u00f5es adversas. Por isso, a luz \u00e9 um dos fatores ambientais mais cr\u00edticos na determina\u00e7\u00e3o do \u00eaxito de alguns indiv\u00edduos de certas esp\u00e9cies em rela\u00e7\u00e3o a outras, sendo a competi\u00e7\u00e3o por luminosidade de fundamental import\u00e2ncia para o crescimento e a sobreviv\u00eancia das esp\u00e9cies.<\/p>\n<p style=\"text-align: justify\">O objetivo do trabalho foi caracterizar a plasticidade fotossint\u00e9tica em plantas jovens de <em>Caesalpinia echinata Lam<\/em>. (pau-brasil) submetidas a diferentes intensidades de luz.<\/p>\n<p style=\"text-align: justify\">As plantas foram crescidas em condi\u00e7\u00f5es de 20%, 40% e 80% de luz solar total (LST) em sombrites. Foram avaliados a \u00e1rea foliar, altura e n\u00famero de folhas. Acompanhamento di\u00e1rio de assimila\u00e7\u00e3o de CO2. Curvas de assimila\u00e7\u00e3o de CO2 frente \u00e0 varia\u00e7\u00e3o de luz.\u00a0As An\u00e1lises de plasticidade fotossint\u00e9tica da esp\u00e9cie foram feitas atrav\u00e9s da troca de ambiente luminoso com a an\u00e1lise de folhas maduras e jovens depois da troca de ambiente luminoso. C\u00e1lculo da Raz\u00e3o de \u00c1rea Foliar (RAF= \u00e1rea foliar total\/ massa seca total); \u00c1rea Foliar Espec\u00edfica (AFE = \u00e1rea foliar \/ massa foliar seca); Massa Foliar Espec\u00edfica (MFE= massa foliar seca \/ \u00e1rea foliar) que \u00e9 o inverso da AFE e d\u00e1 uma estimativa da espessura foliar; Raz\u00e3o de Massa Foliar (RMF = massa foliar seca \/ massa seca total); Raz\u00e3o Raiz Parte A\u00e9rea\u00a0(R:PA= massa seca da raiz \/ massa seca da folha).<\/p>\n<p style=\"text-align: justify\">De um modo geral nestas primeiras avalia\u00e7\u00f5es das curvas de respostas \u00e0 luz, verificou-se que as plantas transferidas para condi\u00e7\u00f5es de alta para baixa luminosidade (80% para 20% e 40% de LST) respondem com a diminui\u00e7\u00e3o da respira\u00e7\u00e3o no escuro e apresentam valores de assimila\u00e7\u00e3o maiores ou iguais aos valores apresentados na condi\u00e7\u00e3o anterior (maior luminosidade).<\/p>\n<p style=\"text-align: justify\">Ao contr\u00e1rio, plantas transferidas de condi\u00e7\u00f5es de baixa para alta luminosidade ap\u00f3s 11 meses, respondem com o aumento da respira\u00e7\u00e3o e ponto de compensa\u00e7\u00e3o de luz e apresentam valores de assimila\u00e7\u00e3o menores ou iguais \u00e0 condi\u00e7\u00e3o anterior de baixa luminosidade al\u00e9m de tenderem \u00e0 fotoinibi\u00e7\u00e3o, principalmente em tratamentos extremos de luz (20% para 80% de LST).<\/p>\n<p style=\"text-align: justify\">Plantas mostram melhor desempenho plasticidade fotossint\u00e9tica quando s\u00e3o crescidas em ambientes com maior luminosidade.<\/p>\n<p style=\"text-align: justify\">Observa\u00e7\u00f5es preliminares em um bosque homog\u00eaneo experimental sugerem que o pau-brasil seja uma esp\u00e9cie formadora de banco de pl\u00e2ntulas e que as reservas de suas sementes sejam rapidamente metabolizadas. Em 20% de LST as plantas aumentam a respira\u00e7\u00e3o e sofrem mudan\u00e7as em rela\u00e7\u00e3o aos par\u00e2metros de crescimento, sugerindo que a esp\u00e9cie sob a planta m\u00e3e, esteja investindo carbono para seu crescimento.<\/p>\n<p style=\"text-align: justify\">A melhor condi\u00e7\u00e3o de luminosidade verificada foi em plantas crescidas em 40% de LST onde a aclimata\u00e7\u00e3o fotossint\u00e9tica a um novo ambiente de luminosidade (80% e 40% e LST) ocorre mais rapidamente.<\/p>\n<p style=\"text-align: justify\">Portanto, <em>C .echinata<\/em>, \u00e9 uma esp\u00e9cie de meia sombra bem adaptada \u00e0s varia\u00e7\u00f5es din\u00e2micas de larga amplitude na luminosidade na floresta tropical, o que sugere que esta seria uma esp\u00e9cie secundaria no processo de sucess\u00e3o ecol\u00f3gica.<\/p>\n<hr align=\"center\" noshade=\"noshade\" size=\"1\" width=\"100%\" \/>\n<p><a href=\"https:\/\/smastr16.blob.core.windows.net\/pgibt\/2013\/09\/pdf_grande.gif\"><img decoding=\"async\" loading=\"lazy\" class=\"aligncenter size-full wp-image-2313\" style=\"border: 0px\" alt=\"pdf_grande\" src=\"https:\/\/smastr16.blob.core.windows.net\/pgibt\/2013\/09\/pdf_grande.gif\" width=\"60\" height=\"60\" \/><\/a><\/p>\n<p style=\"text-align: center\"><a href=\"https:\/\/smastr16.blob.core.windows.net\/pgibt\/2013\/09\/Ana_Maria_Baroni_MS.pdf\" target=\"_blank\">Ana Maria Baroni<br \/>\nCaracteriza\u00e7\u00e3o do sistema fotossint\u00e9tico em folhas de plantas jovens de <em>Caesalpinia echinata Lam<\/em>. (pau-brasil) <\/a><\/p>\n<hr align=\"center\" noshade=\"noshade\" size=\"1\" width=\"100%\" \/>\n<p style=\"text-align: center\"><strong>\u00a0<a href=\"https:\/\/www.infraestruturameioambiente.sp.gov.br\/pgibt\/dissertacoesteses\/\">VOLTAR AS DISSERTA\u00c7\u00d5ES E TESES<\/a><\/strong><\/p>\n<hr align=\"center\" noshade=\"noshade\" size=\"1\" width=\"100%\" \/>\n","protected":false},"excerpt":{"rendered":"<p>Ana Maria Baroni \u00a0Apresentou sua disserta\u00e7\u00e3o de mestrado no dia 04 de outubro de 2005 com o t\u00edtulo: Caracteriza\u00e7\u00e3o do sistema fotossint\u00e9tico em folhas de plantas jovens de Caesalpinia echinata Lam. (pau-brasil). Caracteriza\u00e7\u00e3o do sistema fotossint\u00e9tico em folhas de plantas jovens de\u00a0Caesalpinia echinata Lam. (pau-brasil)\u00a0 RESUMO A explora\u00e7\u00e3o do pau-brasil caracterizou o primeiro ciclo econ\u00f4mico [&hellip;]<\/p>\n","protected":false},"author":1,"featured_media":0,"parent":249,"menu_order":0,"comment_status":"closed","ping_status":"open","template":"fullpage.php","meta":[],"_links":{"self":[{"href":"https:\/\/www.infraestruturameioambiente.sp.gov.br\/pgibt\/wp-json\/wp\/v2\/pages\/384"}],"collection":[{"href":"https:\/\/www.infraestruturameioambiente.sp.gov.br\/pgibt\/wp-json\/wp\/v2\/pages"}],"about":[{"href":"https:\/\/www.infraestruturameioambiente.sp.gov.br\/pgibt\/wp-json\/wp\/v2\/types\/page"}],"author":[{"embeddable":true,"href":"https:\/\/www.infraestruturameioambiente.sp.gov.br\/pgibt\/wp-json\/wp\/v2\/users\/1"}],"replies":[{"embeddable":true,"href":"https:\/\/www.infraestruturameioambiente.sp.gov.br\/pgibt\/wp-json\/wp\/v2\/comments?post=384"}],"version-history":[{"count":0,"href":"https:\/\/www.infraestruturameioambiente.sp.gov.br\/pgibt\/wp-json\/wp\/v2\/pages\/384\/revisions"}],"up":[{"embeddable":true,"href":"https:\/\/www.infraestruturameioambiente.sp.gov.br\/pgibt\/wp-json\/wp\/v2\/pages\/249"}],"wp:attachment":[{"href":"https:\/\/www.infraestruturameioambiente.sp.gov.br\/pgibt\/wp-json\/wp\/v2\/media?parent=384"}],"curies":[{"name":"wp","href":"https:\/\/api.w.org\/{rel}","templated":true}]}}