{"id":373,"date":"2013-09-12T14:51:38","date_gmt":"2013-09-12T17:51:38","guid":{"rendered":"https:\/\/www.infraestruturameioambiente.sp.gov.br\/pgibt\/?page_id=373"},"modified":"2013-09-12T14:51:38","modified_gmt":"2013-09-12T17:51:38","slug":"2005-adriano-afonso","status":"publish","type":"page","link":"https:\/\/www.infraestruturameioambiente.sp.gov.br\/pgibt\/dissertacoesteses\/2005-adriano-afonso\/","title":{"rendered":"Adriano Afonso Spielmann MS"},"content":{"rendered":"<h2 style=\"text-align: center\"><a href=\"https:\/\/smastr16.blob.core.windows.net\/pgibt\/2015\/02\/faixapos6.jpg\"><img decoding=\"async\" loading=\"lazy\" class=\"aligncenter size-full wp-image-3777\" style=\"border: 0px\" alt=\"faixapos6\" src=\"https:\/\/smastr16.blob.core.windows.net\/pgibt\/2015\/02\/faixapos6.jpg\" width=\"950\" height=\"163\" srcset=\"https:\/\/smastr16.blob.core.windows.net\/pgibt\/2015\/02\/faixapos6.jpg 950w, https:\/\/smastr16.blob.core.windows.net\/pgibt\/2015\/02\/faixapos6-768x131.jpg 768w\" sizes=\"(max-width: 950px) 100vw, 950px\" \/><\/a><\/h2>\n<hr align=\"center\" noshade=\"noshade\" size=\"1\" width=\"100%\" \/>\n<h2 style=\"text-align: center\">Adriano Afonso Spielmann<\/h2>\n<hr align=\"center\" noshade=\"noshade\" size=\"1\" width=\"100%\" \/>\n<div id=\"attachment_1403\" style=\"width: 215px\" class=\"wp-caption aligncenter\"><a href=\"https:\/\/smastr16.blob.core.windows.net\/pgibt\/2013\/09\/adriano2.jpg\"><img aria-describedby=\"caption-attachment-1403\" decoding=\"async\" loading=\"lazy\" class=\"size-full wp-image-1403 \" alt=\"adriano2\" src=\"https:\/\/smastr16.blob.core.windows.net\/pgibt\/2013\/09\/adriano2.jpg\" width=\"205\" height=\"153\" \/><\/a><p id=\"caption-attachment-1403\" class=\"wp-caption-text\">Coleta de material em barrancos<\/p><\/div>\n<p style=\"text-align: center\">Adriano Afonso Spielmann, aluno do Programa de P\u00f3s-gradua\u00e7\u00e3o em Biodiversidade Vegetal e Meio Ambiente do Instituto de Bot\u00e2nica de S\u00e3o Paulo (IBt) e<br \/>\nbolsista CAPES e FAPESP, defendeu, no dia 20 de julho de 2005, sua disserta\u00e7\u00e3o de Mestrado com o t\u00edtulo:<\/p>\n<p style=\"text-align: center\">&#8220;A fam\u00edlia <em>Parmeliaceae<\/em> (fungos liquenizados) nos barrancos e peraus da encosta da Serra Geral,\u00a0Vale do Rio Pardo, Rio Grande do Sul, Brasil&#8221;.<\/p>\n<p style=\"text-align: center\">A banca examinadora foi composta pelo seu orientador, Dr. Marcelo Pinto Marcelli (Instituto de Bot\u00e2nica),<br \/>\ne pelo Dr. Carlos Eduardo de Mattos Bicudo (Instituto de Bot\u00e2nica) e Dra. Sandra Farto Botelho Trufem.<\/p>\n<hr align=\"center\" noshade=\"noshade\" size=\"1\" width=\"100%\" \/>\n<h3 style=\"text-align: center\"><strong>A fam\u00edlia <em>Parmeliaceae<\/em> (fungos liquenizados) nos barrancos e peraus da encosta da<br \/>\nSerra Geral,\u00a0<\/strong><strong>Vale do Rio Pardo, Rio Grande do Sul, Brasil<\/strong><\/h3>\n<hr align=\"center\" noshade=\"noshade\" size=\"1\" width=\"100%\" \/>\n<h4 style=\"text-align: center\"><strong>RESUMO<\/strong><\/h4>\n<p style=\"text-align: justify\">Foi seguida a metodologia usual em Liquenologia, contando com coleta, an\u00e1lise macro e microsc\u00f3pica dos esp\u00e9cimes e identifica\u00e7\u00e3o dos compostos qu\u00edmicos principais dos t\u00e1xons encontrados. Dois ambientes foram pesquisados, os barrancos, que englobam as margens das estradas, tanto de ro\u00e7a quanto rodovias, e as margens de rios e arroios, e os peraus, lugares \u00edngremes tamb\u00e9m conhecidos como precip\u00edcios, despenhadeiros ou encostas, que s\u00e3o locais com declividade bastante acentuada, muitas vezes terminando nos cursos de \u00e1gua.<\/p>\n<p style=\"text-align: justify\">Os dados obtidos foram apresentados no formato de &#8220;flora&#8221;, contendo descri\u00e7\u00f5es, coment\u00e1rios, chaves para identifica\u00e7\u00e3o e ilustra\u00e7\u00f5es. Ao todo foram encontradas 61 esp\u00e9cies em 10 g\u00eaneros: <em>Bulbothrix<\/em> (1), <em>Canomaculina<\/em> (7), <em>Canoparmelia<\/em> (3), <em>Hypotrachyna<\/em> (4), <em>Myelochroa<\/em> (2), <em>Parmelinopsis<\/em> (2), <em>Parmotrema<\/em> (25), <em>Punctelia<\/em> (8), <em>Relicina<\/em> (1) e <em>Rimelia<\/em> (8).<\/p>\n<p style=\"text-align: justify\">Quanto \u00e0s novidades taxon\u00f4micas e biogeogr\u00e1ficas, sete esp\u00e9cies s\u00e3o novas para a Ci\u00eancia, uma \u00e9 nova cita\u00e7\u00e3o para o continente americano e duas s\u00e3o citadas pela primeira vez para o estado do Rio Grande do Sul. Al\u00e9m disso, \u00e9 proposta uma combina\u00e7\u00e3o nova.<\/p>\n<div style=\"width: 192px\" class=\"wp-caption alignleft\"><a href=\"https:\/\/smastr16.blob.core.windows.net\/pgibt\/2013\/09\/adriano-3.jpg\"><img decoding=\"async\" loading=\"lazy\" class=\"   \" alt=\"Hypotrachyna livida \" src=\"https:\/\/smastr16.blob.core.windows.net\/pgibt\/2013\/09\/adriano-3.jpg\" width=\"182\" height=\"172\" \/><\/a><p class=\"wp-caption-text\"><em>Hypotrachyna livida <\/em><\/p><\/div>\n<p>&nbsp;<\/p>\n<div style=\"width: 237px\" class=\"wp-caption alignleft\"><img decoding=\"async\" loading=\"lazy\" class=\"wp-caption-dd\" alt=\"Parmotrema subrugatum \" src=\"https:\/\/smastr16.blob.core.windows.net\/pgibt\/2013\/09\/adriano-2.jpg\" width=\"227\" height=\"164\" \/><p class=\"wp-caption-text\"><em>Parmotrema subrugatum<\/em><\/p><\/div>\n<div style=\"width: 160px\" class=\"wp-caption alignleft\"><a href=\"https:\/\/smastr16.blob.core.windows.net\/pgibt\/2013\/09\/adriano-3.jpg\"><img decoding=\"async\" loading=\"lazy\" class=\"   \" style=\"color: #333333\" alt=\"Barrancos em margem de arroio, Perau da Nega (foto Nadir Hermes)\" src=\"https:\/\/smastr16.blob.core.windows.net\/pgibt\/2013\/09\/adriano-4.jpg\" width=\"150\" height=\"255\" \/><\/a><p class=\"wp-caption-text\">Barrancos em margem de arroio, Perau da Nega (foto Nadir Hermes)<\/p><\/div>\n<div style=\"width: 229px\" class=\"wp-caption alignleft\"><a href=\"https:\/\/smastr16.blob.core.windows.net\/pgibt\/2013\/09\/adriano-3.jpg\"><img decoding=\"async\" loading=\"lazy\" style=\"color: #333333\" alt=\"Perau da Nega (foto Nadir Hermes)\" src=\"https:\/\/smastr16.blob.core.windows.net\/pgibt\/2013\/09\/adriano-5.jpg\" width=\"219\" height=\"165\" \/><\/a><p class=\"wp-caption-text\">Perau da Nega (foto Nadir Hermes)<\/p><\/div>\n<hr align=\"center\" noshade=\"noshade\" size=\"1\" width=\"100%\" \/>\n<p style=\"text-align: center\"><a href=\"https:\/\/smastr16.blob.core.windows.net\/pgibt\/2013\/09\/pdf_grande.gif\"><img decoding=\"async\" loading=\"lazy\" class=\"aligncenter size-full wp-image-2313\" style=\"border: 0px\" alt=\"pdf_grande\" src=\"https:\/\/smastr16.blob.core.windows.net\/pgibt\/2013\/09\/pdf_grande.gif\" width=\"60\" height=\"60\" \/><\/a><\/p>\n<p style=\"text-align: center\"><a href=\"https:\/\/smastr16.blob.core.windows.net\/pgibt\/2013\/09\/Adriano_Afonso_Spielmann_MS.pdf\" target=\"_blank\"> Adriano Afonso Spielmann<br \/>\nA fam\u00edlia <em>Parmeliaceae<\/em> (fungos liquenizados) nos barrancos e peraus da encosta<br \/>\nda Serra Geral, Vale do Rio Pardo, Rio Grande do Sul, Brasil<\/a><\/p>\n<hr align=\"center\" noshade=\"noshade\" size=\"1\" width=\"100%\" \/>\n<p style=\"text-align: center\"><strong>\u00a0<a href=\"https:\/\/www.infraestruturameioambiente.sp.gov.br\/pgibt\/dissertacoesteses\/\">VOLTAR AS DISSERTA\u00c7\u00d5ES E TESES<\/a><\/strong><\/p>\n<hr align=\"center\" noshade=\"noshade\" size=\"1\" width=\"100%\" \/>\n","protected":false},"excerpt":{"rendered":"<p>Adriano Afonso Spielmann Adriano Afonso Spielmann, aluno do Programa de P\u00f3s-gradua\u00e7\u00e3o em Biodiversidade Vegetal e Meio Ambiente do Instituto de Bot\u00e2nica de S\u00e3o Paulo (IBt) e bolsista CAPES e FAPESP, defendeu, no dia 20 de julho de 2005, sua disserta\u00e7\u00e3o de Mestrado com o t\u00edtulo: &#8220;A fam\u00edlia Parmeliaceae (fungos liquenizados) nos barrancos e peraus da [&hellip;]<\/p>\n","protected":false},"author":1,"featured_media":0,"parent":249,"menu_order":0,"comment_status":"closed","ping_status":"open","template":"fullpage.php","meta":[],"_links":{"self":[{"href":"https:\/\/www.infraestruturameioambiente.sp.gov.br\/pgibt\/wp-json\/wp\/v2\/pages\/373"}],"collection":[{"href":"https:\/\/www.infraestruturameioambiente.sp.gov.br\/pgibt\/wp-json\/wp\/v2\/pages"}],"about":[{"href":"https:\/\/www.infraestruturameioambiente.sp.gov.br\/pgibt\/wp-json\/wp\/v2\/types\/page"}],"author":[{"embeddable":true,"href":"https:\/\/www.infraestruturameioambiente.sp.gov.br\/pgibt\/wp-json\/wp\/v2\/users\/1"}],"replies":[{"embeddable":true,"href":"https:\/\/www.infraestruturameioambiente.sp.gov.br\/pgibt\/wp-json\/wp\/v2\/comments?post=373"}],"version-history":[{"count":0,"href":"https:\/\/www.infraestruturameioambiente.sp.gov.br\/pgibt\/wp-json\/wp\/v2\/pages\/373\/revisions"}],"up":[{"embeddable":true,"href":"https:\/\/www.infraestruturameioambiente.sp.gov.br\/pgibt\/wp-json\/wp\/v2\/pages\/249"}],"wp:attachment":[{"href":"https:\/\/www.infraestruturameioambiente.sp.gov.br\/pgibt\/wp-json\/wp\/v2\/media?parent=373"}],"curies":[{"name":"wp","href":"https:\/\/api.w.org\/{rel}","templated":true}]}}