{"id":3269,"date":"2015-01-29T09:29:18","date_gmt":"2015-01-29T11:29:18","guid":{"rendered":"https:\/\/www.infraestruturameioambiente.sp.gov.br\/pgibt\/?page_id=3269"},"modified":"2015-01-29T09:29:18","modified_gmt":"2015-01-29T11:29:18","slug":"2014-jadson-jose-souza-oliveira","status":"publish","type":"page","link":"https:\/\/www.infraestruturameioambiente.sp.gov.br\/pgibt\/dissertacoesteses\/2014-jadson-jose-souza-oliveira\/","title":{"rendered":"Jadson Jos\u00e9 Souza de Oliveira DR"},"content":{"rendered":"<h2 style=\"text-align: center\"><a href=\"https:\/\/smastr16.blob.core.windows.net\/pgibt\/2015\/02\/faixapos6.jpg\"><img decoding=\"async\" loading=\"lazy\" class=\"aligncenter size-full wp-image-3777\" style=\"border: 0px\" alt=\"faixapos6\" src=\"https:\/\/smastr16.blob.core.windows.net\/pgibt\/2015\/02\/faixapos6.jpg\" width=\"950\" height=\"163\" srcset=\"https:\/\/smastr16.blob.core.windows.net\/pgibt\/2015\/02\/faixapos6.jpg 950w, https:\/\/smastr16.blob.core.windows.net\/pgibt\/2015\/02\/faixapos6-768x131.jpg 768w\" sizes=\"(max-width: 950px) 100vw, 950px\" \/><\/a><\/h2>\n<hr align=\"center\" noshade=\"noshade\" size=\"1\" width=\"100%\" \/>\n<h2 style=\"text-align: center\"><span style=\"color: #003300\">Jadson Jos\u00e9 Souza de Oliveira<\/span><\/h2>\n<hr align=\"center\" noshade=\"noshade\" size=\"1\" width=\"100%\" \/>\n<p style=\"text-align: center\">No dia 21 de fevereiro de 2014, Jadson Jos\u00e9 Souza de Oliveira (bolsista FAPESP 2011\/02269-1), aluno de doutorado direto (matr\u00edcula 01.01.179) do Programa de P\u00f3s-gradua\u00e7\u00e3o em Biodiversidade Vegetal e Meio Ambiente &#8211; Instituto de Bot\u00e2nica (IBt), defendeu sua tese intitulada<\/p>\n<p style=\"text-align: center\">\u201cMorfologia e rela\u00e7\u00f5es filogen\u00e9ticas de <em>Marasmius (Marasmiaceae)<\/em> de \u00e1reas de Mata Atl\u00e2ntica do estado de S\u00e3o Paulo, Brasil\u201d.<\/p>\n<p style=\"text-align: center\">\u00a0\u00a0\u00a0\u00a0\u00a0\u00a0\u00a0\u00a0\u00a0\u00a0\u00a0 Presidida pela Dr\u00aa Marina Capelari (orientadora e presidente da banca), a aula de defesa come\u00e7ou ao redor das 13h30min, durando cerca de 55 min, seguida das argui\u00e7\u00f5es dos membros da banca examinadora. A banca foi composta pela Dr\u00aa Iracema Crusius (IBt), Dr\u00aa Maria Alice Neves (UFSC), Dr\u00aa Rosely A. Piccolo Grandi (IBt) e<br \/>\nDr. Vagner Gularte Cortez (UFPR), al\u00e9m da presidente.<\/p>\n<p style=\"text-align: center\">\u00a0\u00a0\u00a0\u00a0\u00a0\u00a0\u00a0\u00a0\u00a0\u00a0\u00a0 Os objetivos do estudo consistiram de conhecer a diversidade de <i>Marasmius<\/i> de \u00e1reas de Mata Atl\u00e2ntica no estado de S\u00e3o Paulo, com estudos morfol\u00f3gicos pela taxonomia tradicional; entender e elucidar as rela\u00e7\u00f5es filogen\u00e9ticas do g\u00eanero e contribuir com informa\u00e7\u00f5es morfol\u00f3gicas e moleculares das esp\u00e9cies avaliadas para identifica\u00e7\u00e3o de t\u00e1xons e para uso em futuros estudos pela comunidade cient\u00edfica.<a href=\"https:\/\/smastr16.blob.core.windows.net\/pgibt\/2015\/01\/Jadson1.jpg\"><img decoding=\"async\" loading=\"lazy\" class=\"aligncenter  wp-image-4559\" alt=\"Jadson1\" src=\"https:\/\/smastr16.blob.core.windows.net\/pgibt\/2015\/01\/Jadson1.jpg\" width=\"576\" height=\"324\" \/><\/a><\/p>\n<hr align=\"center\" noshade=\"noshade\" size=\"1\" width=\"100%\" \/>\n<h3 style=\"text-align: center\">\u201cMorfologia e rela\u00e7\u00f5es filogen\u00e9ticas de <i>Marasmius<\/i> (<i>Marasmiaceae<\/i>) de \u00e1reas de Mata Atl\u00e2ntica do estado de S\u00e3o Paulo, Brasil\u201d.<\/h3>\n<hr align=\"center\" noshade=\"noshade\" size=\"1\" width=\"100%\" \/>\n<h4 style=\"text-align: center\"><strong>RESUMO<\/strong><\/h4>\n<p style=\"text-align: justify\"><i>Marasmius<\/i> \u00e9 o maior g\u00eanero da fam\u00edlia <em>Marasmiaceae<\/em> e \u00e9 muito diverso, especialmente em florestas tropicais. A organiza\u00e7\u00e3o infragen\u00e9rica do g\u00eanero tem sido alvo de intensos estudos na busca por uma classifica\u00e7\u00e3o mais natural. Este g\u00eanero foi avaliado no presente estudo com base na morfologia e em dados moleculares (genes nucleares) para verifica\u00e7\u00e3o das rela\u00e7\u00f5es filogen\u00e9ticas. O estudo foi realizado com cole\u00e7\u00f5es de \u00e1reas de Mata Atl\u00e2ntica do estado de S\u00e3o Paulo. Sessenta e nove t\u00e1xons foram identificados, com onze novos registros para o Brasil, quatro para o estado e quatro esp\u00e9cies a confirmar. <em>Marasmius cystidioccultus<\/em> e <em>M. plenicystidiosus<\/em> s\u00e3o esp\u00e9cies novas j\u00e1 publicadas. Em um artigo no prelo, <em>M. conchiformis<\/em>, <em>M. conchiformis<\/em> var. <em>dispar<\/em>, <em>M. conchiformis<\/em> var. <em>lenipileatus<\/em>, <em>M. griseoroseus<\/em> var. <em>diminutus<\/em>, <em>M. linderoides<\/em> e <em>M. longisetosus<\/em> s\u00e3o propostos como esp\u00e9cies ou variedades novas. No complexo Globulares\/Sicci, <em>M.<\/em> <em>altoribeirensis<\/em>, <em>M. hobbitii<\/em>, <em>M. luteoolivaceus<\/em>, <em>M. pallidobrunneus<\/em>, <em>M. rhabarbarinoides<\/em>, e <em>M. venatifolius<\/em> s\u00e3o propostos de novas esp\u00e9cies; <em>M. linderioides<\/em> var. <em>ambicellularis<\/em>, e <em>M. pseudoniveus<\/em> var. <em>intermedius<\/em> s\u00e3o novas variedades; <em>M. corrugatus<\/em> \u201cf. <em>robustisporus<\/em>\u201d, <em>M. haematocephalus<\/em> \u201cf. <em>aliocystiformis<\/em>\u201d, <em>M. haematocephalus<\/em> \u201cf. <em>aurantiocephalus<\/em>\u201d, <em>M. haematocephalus<\/em> \u201cf. <em>pallescenoides<\/em>\u201d, <em>M. haematocephalus<\/em> \u201cf. <em>tupiniquim<\/em>\u201d e <em>M. neotropicalis<\/em> s\u00e3o nomes provis\u00f3rios de prov\u00e1veis novos t\u00e1xons; e <em>M. davidii<\/em> var. <em>fuliginosus<\/em> \u00e9 uma nova combina\u00e7\u00e3o. Na se\u00e7\u00e3o <em>Marasmius<\/em>, <em>M. alienigenus<\/em>, <em>M. ambiguous<\/em>, <em>M. avellaneus<\/em>, <em>M. basidiolongus<\/em>, <em>M. cantareirensis<\/em>, <em>M. fuligineochraceus<\/em>, <em>M. gracilis<\/em> e <em>M. zingiberianus<\/em> s\u00e3o novas esp\u00e9cies para o g\u00eanero, e <em>Marasmius<\/em> se\u00e7\u00e3o <em>Marasmius<\/em> subse\u00e7\u00e3o <em>Sclerocutini<\/em> \u00e9 proposta como subse\u00e7\u00e3o nova. Das cole\u00e7\u00f5es, sequ\u00eancias de <em>LSU<\/em>, <em>ITS<\/em>, <em>rpb2<\/em> e <em>ef1-\u03b1<\/em> foram obtidas para as an\u00e1lises de m\u00e1xima verossimilhan\u00e7a e Bayesiana. As an\u00e1lises uni-<em>locus<\/em> forneceram resultados preliminares, incluindo dados do GenBank. A an\u00e1lise multi-<em>loci<\/em> revelou tr\u00eas clados distintos em <em>Marasmius<\/em> denominados de Globulares, Sicci e Marasmius. O clado Sicci pode ser considerado representante da se\u00e7\u00e3o <em>Sicci<\/em> sensu stricto e a se\u00e7\u00e3o <em>Fusicystides<\/em> \u00e9 confirmada como membro do g\u00eanero. O clado Marasmius cont\u00e9m um subclado alternativo da se\u00e7\u00e3o <em>Marasmius<\/em> subse\u00e7\u00e3o <em>Sicciformes<\/em>, indicando que a subse\u00e7\u00e3o \u00e9 parafil\u00e9tica e a se\u00e7\u00e3o <em>Neosessiles<\/em> foi confirmada como polifil\u00e9tica. <em>Marasmius<\/em> se\u00e7\u00e3o <em>Epiphylli<\/em> \u00e9 membro da fam\u00edlia <em>Physalacriaceae<\/em> como observado em estudos anteriores, por\u00e9m com rela\u00e7\u00e3o filogen\u00e9tica ainda incerta. Novos estudos ainda s\u00e3o necess\u00e1rios, especialmente incluindo amostragens mais amplas.<\/p>\n<p><b>Palavras-chave:<\/b> Agaricales, fungos, diversidade, filogenia,<i> <\/i>taxonomia<\/p>\n<hr align=\"center\" noshade=\"noshade\" size=\"1\" width=\"100%\" \/>\n<p style=\"text-align: center\"><a href=\"https:\/\/smastr16.blob.core.windows.net\/pgibt\/2013\/09\/pdf_grande.gif\"><img decoding=\"async\" loading=\"lazy\" class=\"aligncenter size-full wp-image-2313\" style=\"border: 0px\" alt=\"pdf_grande\" src=\"https:\/\/smastr16.blob.core.windows.net\/pgibt\/2013\/09\/pdf_grande.gif\" width=\"60\" height=\"60\" \/><\/a><a href=\"https:\/\/smastr16.blob.core.windows.net\/pgibt\/2015\/01\/Jadson_Jose_Souza_de_Oliveira_DR.pdf\" target=\"_blank\">Jadson Jos\u00e9 Souza de Oliveira<br \/>\nMorfologia e rela\u00e7\u00f5es filogen\u00e9ticas de <i>Marasmius<\/i> (<i>Marasmiaceae<\/i>) de \u00e1reas de Mata Atl\u00e2ntica do estado de S\u00e3o Paulo, Brasil<\/a><\/p>\n<hr align=\"center\" noshade=\"noshade\" size=\"1\" width=\"100%\" \/>\n<p style=\"text-align: center\"><strong>\u00a0<a href=\"https:\/\/www.infraestruturameioambiente.sp.gov.br\/pgibt\/dissertacoesteses\/\">VOLTAR AS DISSERTA\u00c7\u00d5ES E TESES<\/a><\/strong><\/p>\n<hr align=\"center\" noshade=\"noshade\" size=\"1\" width=\"100%\" \/>\n","protected":false},"excerpt":{"rendered":"<p>Jadson Jos\u00e9 Souza de Oliveira No dia 21 de fevereiro de 2014, Jadson Jos\u00e9 Souza de Oliveira (bolsista FAPESP 2011\/02269-1), aluno de doutorado direto (matr\u00edcula 01.01.179) do Programa de P\u00f3s-gradua\u00e7\u00e3o em Biodiversidade Vegetal e Meio Ambiente &#8211; Instituto de Bot\u00e2nica (IBt), defendeu sua tese intitulada \u201cMorfologia e rela\u00e7\u00f5es filogen\u00e9ticas de Marasmius (Marasmiaceae) de \u00e1reas de [&hellip;]<\/p>\n","protected":false},"author":1,"featured_media":0,"parent":249,"menu_order":0,"comment_status":"closed","ping_status":"open","template":"sma\/fullpage.php","meta":[],"_links":{"self":[{"href":"https:\/\/www.infraestruturameioambiente.sp.gov.br\/pgibt\/wp-json\/wp\/v2\/pages\/3269"}],"collection":[{"href":"https:\/\/www.infraestruturameioambiente.sp.gov.br\/pgibt\/wp-json\/wp\/v2\/pages"}],"about":[{"href":"https:\/\/www.infraestruturameioambiente.sp.gov.br\/pgibt\/wp-json\/wp\/v2\/types\/page"}],"author":[{"embeddable":true,"href":"https:\/\/www.infraestruturameioambiente.sp.gov.br\/pgibt\/wp-json\/wp\/v2\/users\/1"}],"replies":[{"embeddable":true,"href":"https:\/\/www.infraestruturameioambiente.sp.gov.br\/pgibt\/wp-json\/wp\/v2\/comments?post=3269"}],"version-history":[{"count":0,"href":"https:\/\/www.infraestruturameioambiente.sp.gov.br\/pgibt\/wp-json\/wp\/v2\/pages\/3269\/revisions"}],"up":[{"embeddable":true,"href":"https:\/\/www.infraestruturameioambiente.sp.gov.br\/pgibt\/wp-json\/wp\/v2\/pages\/249"}],"wp:attachment":[{"href":"https:\/\/www.infraestruturameioambiente.sp.gov.br\/pgibt\/wp-json\/wp\/v2\/media?parent=3269"}],"curies":[{"name":"wp","href":"https:\/\/api.w.org\/{rel}","templated":true}]}}