{"id":3109,"date":"2014-08-11T14:42:27","date_gmt":"2014-08-11T17:42:27","guid":{"rendered":"https:\/\/www.infraestruturameioambiente.sp.gov.br\/pgibt\/?page_id=3109"},"modified":"2014-08-11T14:42:27","modified_gmt":"2014-08-11T17:42:27","slug":"2013-vanessa-fuentes-suguiyama","status":"publish","type":"page","link":"https:\/\/www.infraestruturameioambiente.sp.gov.br\/pgibt\/dissertacoesteses\/2013-vanessa-fuentes-suguiyama\/","title":{"rendered":"Vanessa Fuentes Suguiyama"},"content":{"rendered":"<h2 style=\"text-align: center\"><a href=\"https:\/\/smastr16.blob.core.windows.net\/pgibt\/2015\/02\/faixapos6.jpg\"><img decoding=\"async\" loading=\"lazy\" class=\"aligncenter size-full wp-image-3777\" style=\"border: 0px\" alt=\"faixapos6\" src=\"https:\/\/smastr16.blob.core.windows.net\/pgibt\/2015\/02\/faixapos6.jpg\" width=\"950\" height=\"163\" srcset=\"https:\/\/smastr16.blob.core.windows.net\/pgibt\/2015\/02\/faixapos6.jpg 950w, https:\/\/smastr16.blob.core.windows.net\/pgibt\/2015\/02\/faixapos6-768x131.jpg 768w\" sizes=\"(max-width: 950px) 100vw, 950px\" \/><\/a><\/h2>\n<hr align=\"center\" noshade=\"noshade\" size=\"1\" width=\"100%\" \/>\n<h2 style=\"text-align: center\"><span style=\"color: #003300\">Vanessa Fuentes Suguiyama<\/span><\/h2>\n<hr align=\"center\" noshade=\"noshade\" size=\"1\" width=\"100%\" \/>\n<p style=\"text-align: center\">A aluna Vanessa Fuentes Suguiyama obteve o T\u00edtulo de Mestre pelo Programa de P\u00f3s-Gradua\u00e7\u00e3o em Biodiversidade Vegetal e Meio Ambiente do Instituto de Bot\u00e2nica de S\u00e3o Paulo (IBt\/SP), em 26 de abril de 2013. Sua disserta\u00e7\u00e3o de mestrado, intitulada<br \/>\n\u201c<strong>Altera\u00e7\u00f5es Fisiol\u00f3gicas e Bioqu\u00edmicas nas Respostas de Toler\u00e2ncia \u00e0 Desseca\u00e7\u00e3o em<br \/>\n<\/strong><em>Barbacenia purpurea\u00a0<\/em><strong>Hook. (sinon\u00edmia\u00a0<\/strong><em>Pleurostima purpurea<\/em><strong>) \u2013 Velloziaceae<\/strong>\u201d,<\/p>\n<p style=\"text-align: center\">contou com a orienta\u00e7\u00e3o da Prof. Dra. Marcia Regina Braga (IBt\/SP) e com a colabora\u00e7\u00e3o do Prof. Dr. Emerson Alves da Silva (IBt\/SP), do Prof. Dr. Danilo da Cruz Centeno (UFABC) e do Prof. Dr. Sergio Tadeu Meirelles (USP). A disserta\u00e7\u00e3o foi avaliada pela banca examinadora composta pela Prof. Dra Luzia Modolo (UFMG) e pelo pesquisador Dr. Saulo Aidar (Embrapa Semi-\u00c1rido). O projeto desenvolvido buscou identificar as respostas relacionadas com a toler\u00e2ncia \u00e0 desseca\u00e7\u00e3o na esp\u00e9cie modelo\u00a0<em>B. purpurea,<\/em>\u00a0uma planta revivescente encontrada em afloramentos rochosos do Estado do Rio de Janeiro, visando ampliar o conhecimento relativo ao metabolismo da esp\u00e9cie sob condi\u00e7\u00f5es de d\u00e9ficit h\u00eddrico. Para tanto, foram estudadas as respostas ecofisiol\u00f3gicas, analisando-se o potencial h\u00eddrico foliar, trocas gasosas de CO<sub>2<\/sub>\u00a0e H<sub>2<\/sub>O e pigmentos fotossint\u00e9ticos, e as respostas bioqu\u00edmicas envolvidas com as altera\u00e7\u00f5es no metabolismo da planta, em condi\u00e7\u00f5es de desidrata\u00e7\u00e3o, desseca\u00e7\u00e3o e posterior reidrata\u00e7\u00e3o. O grupo verificou que as respostas relacionadas com a toler\u00e2ncia \u00e0 desseca\u00e7\u00e3o por esta esp\u00e9cie envolvem a percep\u00e7\u00e3o da intensidade do d\u00e9ficit de \u00e1gua nos tecidos e resultam em diferentes estrat\u00e9gias para superar o per\u00edodo de estresse.<\/p>\n<p><a href=\"https:\/\/smastr16.blob.core.windows.net\/pgibt\/2014\/08\/vanessa-1.jpg\"><img decoding=\"async\" loading=\"lazy\" class=\"aligncenter size-full wp-image-3110\" alt=\"vanessa 1\" src=\"https:\/\/smastr16.blob.core.windows.net\/pgibt\/2014\/08\/vanessa-1.jpg\" width=\"481\" height=\"387\" \/><\/a><\/p>\n<p style=\"text-align: center\">Dr. Emerson Silva, Dra. Luzia Modolo, a aluna Vanessa Suguiyama, Dr. Danilo Centeno, Dra. Marcia Braga e Dr. Saulo Aidar<\/p>\n<hr align=\"center\" noshade=\"noshade\" size=\"1\" width=\"100%\" \/>\n<h3 style=\"text-align: center\"><strong><strong>Altera\u00e7\u00f5es Fisiol\u00f3gicas e Bioqu\u00edmicas nas Respostas de Toler\u00e2ncia \u00e0 Desseca\u00e7\u00e3o em\u00a0<\/strong><em>Barbacenia purpurea<strong><br \/>\n<\/strong><\/em><strong>Hook. (sinon\u00edmia\u00a0<\/strong><em>Pleurostima purpurea<\/em><strong>) \u2013 Velloziaceae<\/strong><br \/>\n<\/strong><\/h3>\n<hr align=\"center\" noshade=\"noshade\" size=\"1\" width=\"100%\" \/>\n<h4 style=\"text-align: center\"><strong>RESUMO<\/strong><\/h4>\n<p align=\"justify\">Toler\u00e2ncia \u00e0 desseca\u00e7\u00e3o vegetativa consiste na habilidade de um organismo em sobreviver \u00e0 perda de mais de 95% do seu conte\u00fado h\u00eddrico celular por longos per\u00edodos e recuperar completamente sua compet\u00eancia metab\u00f3lica ap\u00f3s a reidrata\u00e7\u00e3o. Esta caracter\u00edstica \u00e9 comumente encontrada em um grupo de plantas, denominadas de plantas revivescentes, que possuem a capacidade de se manterem vi\u00e1veis por longos per\u00edodos em estado de anabiose e retornar ao seu metabolismo celular normal ap\u00f3s a \u00e1gua se tornar novamente dispon\u00edvel.\u00a0<em>Barbacenia purpurea<\/em>\u00a0Hook. (Velloziaceae), sinon\u00edmia\u00a0<em>Pleurostima purpurea\u00a0<\/em>(Hook.) Rafinesque, \u00e9 uma esp\u00e9cie revivescente comumente encontrada em afloramentos rochosos no estado do Rio de Janeiro, Brasil. Este trabalho objetivou avaliar as altera\u00e7\u00f5es fisiol\u00f3gicas e bioqu\u00edmicas envolvidas nas respostas associadas \u00e0 toler\u00e2ncia a desseca\u00e7\u00e3o em\u00a0<em>B. purpurea<\/em>\u00a0e se as altera\u00e7\u00f5es s\u00e3o influenciadas pela sazonalidade. Para tanto, plantas envasadas de\u00a0<em>B. purpurea<\/em>\u00a0foram submetidas ao d\u00e9ficit h\u00eddrico em duas diferentes esta\u00e7\u00f5es do ano, inverno e ver\u00e3o, e foi observado que a esp\u00e9cie possui mecanismos induzidos de respostas \u00e0 defici\u00eancia h\u00eddrica, que incluem o desligamento da fotoss\u00edntese, a degrada\u00e7\u00e3o das clorofilas, a ativa\u00e7\u00e3o do sistema antioxidante n\u00e3o enzim\u00e1tico e o aumento e s\u00edntese de carboidratos e amino\u00e1cidos para ajustamento osm\u00f3tico. A esp\u00e9cie responde com altera\u00e7\u00f5es metab\u00f3licas que independem da sazonalidade. No entanto, possui duas respostas temporalmente distintas dependentes da tens\u00e3o h\u00eddrica imposta \u00e0s folhas, sendo que em baixos n\u00edveis de d\u00e9ficit h\u00eddrico (98-70% do teor relativo de \u00e1gua foliar) s\u00e3o ativados mecanismos de evita\u00e7\u00e3o da desseca\u00e7\u00e3o, enquanto que em n\u00edveis de d\u00e9ficit h\u00eddrico moderado a intenso (abaixo de 70 at\u00e9 10% do teor relativo de \u00e1gua foliar) a esp\u00e9cie apresenta respostas t\u00edpicas de plantas vasculares tolerantes \u00e0 desseca\u00e7\u00e3o. Conclui-se, portanto, que a toler\u00e2ncia de\u00a0<em>B. purpurea<\/em>\u00a0\u00e0 desseca\u00e7\u00e3o envolve a percep\u00e7\u00e3o da intensidade do d\u00e9ficit de \u00e1gua que resulta em diferentes estrat\u00e9gias para superar o per\u00edodo de estresse.<\/p>\n<p><strong>Palavras-chave:<\/strong>\u00a01.Velloziaceae.\u00a0 2. Deficit h\u00eddrico. 3. Plantas revivescentes<\/p>\n<p style=\"text-align: center\"><a href=\"https:\/\/smastr16.blob.core.windows.net\/pgibt\/2014\/08\/vanessa-2.jpg\"><img decoding=\"async\" loading=\"lazy\" class=\"aligncenter size-full wp-image-3111\" alt=\"vanessa 2\" src=\"https:\/\/smastr16.blob.core.windows.net\/pgibt\/2014\/08\/vanessa-2.jpg\" width=\"574\" height=\"221\" \/><br \/>\n<\/a>\u00c0 esquerda\u00a0<em>Barbacenia purpurea<\/em>\u00a0Hook. em casa de vegeta\u00e7\u00e3o e \u00e0 direita vasos em<br \/>\nexperimento de d\u00e9ficit h\u00eddrico (plantas hidratadas e plantas dessecadas).<\/p>\n<hr align=\"center\" noshade=\"noshade\" size=\"1\" width=\"100%\" \/>\n<p style=\"text-align: center\"><a href=\"https:\/\/smastr16.blob.core.windows.net\/pgibt\/2013\/09\/pdf_grande.gif\"><img decoding=\"async\" loading=\"lazy\" class=\"aligncenter size-full wp-image-2313\" style=\"border: 0px\" alt=\"pdf_grande\" src=\"https:\/\/smastr16.blob.core.windows.net\/pgibt\/2013\/09\/pdf_grande.gif\" width=\"60\" height=\"60\" \/><\/a><\/p>\n<p style=\"text-align: center\"><a href=\"https:\/\/smastr16.blob.core.windows.net\/pgibt\/2014\/08\/Vanessa_Fuentes_Suguiyama_MS.pdf\" target=\"_blank\">Vanessa Fuentes Suguiyama<br \/>\nAltera\u00e7\u00f5es Fisiol\u00f3gicas e Bioqu\u00edmicas nas Respostas de Toler\u00e2ncia \u00e0<br \/>\nDesseca\u00e7\u00e3o em <em>Barbacenia purpurea\u00a0<\/em>Hook. (sinon\u00edmia <em>Pleurostima purpurea<\/em>) \u2013 Velloziaceae <\/a><\/p>\n<hr align=\"center\" noshade=\"noshade\" size=\"1\" width=\"100%\" \/>\n<p style=\"text-align: center\"><strong>\u00a0<a href=\"https:\/\/www.infraestruturameioambiente.sp.gov.br\/pgibt\/dissertacoesteses\/\">VOLTAR AS DISSERTA\u00c7\u00d5ES E TESES<\/a><\/strong><\/p>\n<hr align=\"center\" noshade=\"noshade\" size=\"1\" width=\"100%\" \/>\n","protected":false},"excerpt":{"rendered":"<p>Vanessa Fuentes Suguiyama A aluna Vanessa Fuentes Suguiyama obteve o T\u00edtulo de Mestre pelo Programa de P\u00f3s-Gradua\u00e7\u00e3o em Biodiversidade Vegetal e Meio Ambiente do Instituto de Bot\u00e2nica de S\u00e3o Paulo (IBt\/SP), em 26 de abril de 2013. Sua disserta\u00e7\u00e3o de mestrado, intitulada \u201cAltera\u00e7\u00f5es Fisiol\u00f3gicas e Bioqu\u00edmicas nas Respostas de Toler\u00e2ncia \u00e0 Desseca\u00e7\u00e3o em Barbacenia purpurea\u00a0Hook. [&hellip;]<\/p>\n","protected":false},"author":1,"featured_media":0,"parent":249,"menu_order":0,"comment_status":"closed","ping_status":"open","template":"fullpage.php","meta":[],"_links":{"self":[{"href":"https:\/\/www.infraestruturameioambiente.sp.gov.br\/pgibt\/wp-json\/wp\/v2\/pages\/3109"}],"collection":[{"href":"https:\/\/www.infraestruturameioambiente.sp.gov.br\/pgibt\/wp-json\/wp\/v2\/pages"}],"about":[{"href":"https:\/\/www.infraestruturameioambiente.sp.gov.br\/pgibt\/wp-json\/wp\/v2\/types\/page"}],"author":[{"embeddable":true,"href":"https:\/\/www.infraestruturameioambiente.sp.gov.br\/pgibt\/wp-json\/wp\/v2\/users\/1"}],"replies":[{"embeddable":true,"href":"https:\/\/www.infraestruturameioambiente.sp.gov.br\/pgibt\/wp-json\/wp\/v2\/comments?post=3109"}],"version-history":[{"count":0,"href":"https:\/\/www.infraestruturameioambiente.sp.gov.br\/pgibt\/wp-json\/wp\/v2\/pages\/3109\/revisions"}],"up":[{"embeddable":true,"href":"https:\/\/www.infraestruturameioambiente.sp.gov.br\/pgibt\/wp-json\/wp\/v2\/pages\/249"}],"wp:attachment":[{"href":"https:\/\/www.infraestruturameioambiente.sp.gov.br\/pgibt\/wp-json\/wp\/v2\/media?parent=3109"}],"curies":[{"name":"wp","href":"https:\/\/api.w.org\/{rel}","templated":true}]}}