{"id":3102,"date":"2014-08-11T14:25:55","date_gmt":"2014-08-11T17:25:55","guid":{"rendered":"https:\/\/www.infraestruturameioambiente.sp.gov.br\/pgibt\/?page_id=3102"},"modified":"2014-08-11T14:25:55","modified_gmt":"2014-08-11T17:25:55","slug":"2013-nelson-menolli-junior","status":"publish","type":"page","link":"https:\/\/www.infraestruturameioambiente.sp.gov.br\/pgibt\/dissertacoesteses\/2013-nelson-menolli-junior\/","title":{"rendered":"Nelson Menolli Junior"},"content":{"rendered":"<h2 style=\"text-align: center\"><a href=\"https:\/\/smastr16.blob.core.windows.net\/pgibt\/2015\/02\/faixapos6.jpg\"><img decoding=\"async\" loading=\"lazy\" class=\"aligncenter size-full wp-image-3777\" style=\"border: 0px\" alt=\"faixapos6\" src=\"https:\/\/smastr16.blob.core.windows.net\/pgibt\/2015\/02\/faixapos6.jpg\" width=\"950\" height=\"163\" srcset=\"https:\/\/smastr16.blob.core.windows.net\/pgibt\/2015\/02\/faixapos6.jpg 950w, https:\/\/smastr16.blob.core.windows.net\/pgibt\/2015\/02\/faixapos6-768x131.jpg 768w\" sizes=\"(max-width: 950px) 100vw, 950px\" \/><\/a><\/h2>\n<hr align=\"center\" noshade=\"noshade\" size=\"1\" width=\"100%\" \/>\n<h2 style=\"text-align: center\"><span style=\"color: #003300\">Nelson Menolli Junior<\/span><\/h2>\n<hr align=\"center\" noshade=\"noshade\" size=\"1\" width=\"100%\" \/>\n<p align=\"center\">Nelson Menolli Junior, aluno do Programa de P\u00f3s-Gradua\u00e7\u00e3o em Biodiversidade Vegetal e Meio Ambiente,<br \/>\ndefendeu no dia 11 de outubro de 2013 sua tese de doutorado intitulada<br \/>\n\u201cO g\u00eanero\u00a0<em>Pluteus<\/em>\u00a0no Brasil: revis\u00e3o taxon\u00f4mica e contribui\u00e7\u00e3o \u00e0 filogenia molecular\u201d.<\/p>\n<p align=\"center\">\n<p style=\"text-align: center\" align=\"center\"><a href=\"https:\/\/smastr16.blob.core.windows.net\/pgibt\/2014\/08\/nelson1.jpg\"><img decoding=\"async\" loading=\"lazy\" class=\"aligncenter size-full wp-image-3107\" style=\"border: 0px\" alt=\"nelson1\" src=\"https:\/\/smastr16.blob.core.windows.net\/pgibt\/2014\/08\/nelson1.jpg\" width=\"591\" height=\"384\" \/><\/a><\/p>\n<p align=\"center\">A banca examinadora foi composta pela sua orientadora Dra. Marina Capelari (Instituto de Bot\u00e2nica), Dr. Vagner Gularte Cortez (Universidade Federal do Paran\u00e1), Dr. An\u00edbal Alves de Carvalho J\u00fanior (Instituto de Pesquisas Jardim Bot\u00e2nico do Rio de Janeiro), Dra. Rosely Ana Piccolo Grandi (Instituto de Bot\u00e2nica), Dra. Iracema Helena Schoenlein Crusius (Instituto de Bot\u00e2nica).Dr. An\u00edbal Alves de Carvalho J\u00fanior, Dra. Marina Capelari, o aluno Nelson Menolli Junior,<br \/>\nDra. Rosely Ana Piccolo Grandi, Dr. Vagner Gularte Cortez, Dra. Iracema Helena Schoenlein Crusius<\/p>\n<hr align=\"center\" noshade=\"noshade\" size=\"1\" width=\"100%\" \/>\n<h3 style=\"text-align: center\">O g\u00eanero\u00a0<em>Pluteus<\/em>\u00a0no Brasil: revis\u00e3o taxon\u00f4mica e contribui\u00e7\u00e3o \u00e0 filogenia molecular<\/h3>\n<hr align=\"center\" noshade=\"noshade\" size=\"1\" width=\"100%\" \/>\n<h4 style=\"text-align: center\"><strong>RESUMO<\/strong><\/h4>\n<p align=\"justify\"><em>Pluteus\u00a0<\/em>\u00e9 o g\u00eanero mais representativo de\u00a0<em>Pluteaceae\u00a0<\/em>e tamb\u00e9m o com maior n\u00famero de registros para o Brasil, por\u00e9m, na maioria, os registros s\u00e3o incompletos e duvidosos. Baseado em dados moleculares e em caracter\u00edsticas da superf\u00edcie pilear e dos pleurocist\u00eddios, o g\u00eanero est\u00e1 dividido em tr\u00eas se\u00e7\u00f5es (<em>Pluteus<\/em>,\u00a0<em>Celluloderma<\/em>\u00a0e\u00a0<em>Hispidoderma<\/em>), todas elas com representantes em territ\u00f3rio brasileiro. Este estudo foi feito com base em an\u00e1lises morfol\u00f3gicas de materiais depositados em herb\u00e1rios ou a partir de novas coletas em diversas regi\u00f5es e tamb\u00e9m, sempre que poss\u00edvel, a partir da revis\u00e3o de esp\u00e9cimes-tipo ou da obten\u00e7\u00e3o de sequ\u00eancias de DNAr (ITS) para os estudos moleculares. Foram listadas 333 exsicatas de\u00a0<em>Pluteus<\/em>, por\u00e9m 50 materiais n\u00e3o foram localizados ou estavam impossibilitados para empr\u00e9stimo. Outras 115 cole\u00e7\u00f5es estavam em condi\u00e7\u00f5es insuficientes para estudo ou representam esp\u00e9cies de outros g\u00eaneros. Foram reconhecidas 48 esp\u00e9cies, incluindo nove novos registros e 11 esp\u00e9cies novas, distribu\u00eddas em 11 estados brasileiros (Amazonas, Bahia, Minas Gerais, Par\u00e1, Paran\u00e1, Rio de Janeiro, Rio Grande do Norte, Rio Grande do Sul, Rond\u00f4nia, Santa Catarina e S\u00e3o Paulo). A revis\u00e3o morfol\u00f3gica das cole\u00e7\u00f5es brasileiras de\u00a0<em>P. amazonicus<\/em>,\u00a0<em>P. aquosus<\/em>,\u00a0<em>P. fallax\u00a0<\/em>e\u00a0<em>P. paraensis<\/em>\u00a0n\u00e3o foi poss\u00edvel, pois os materiais n\u00e3o foram localizados ou estavam mal preservados. Mesmo assim, essas esp\u00e9cies foram consideradas como ocorrentes no Brasil devido \u00e0 descri\u00e7\u00e3o diagn\u00f3stica apresentada pelos autores. A se\u00e7\u00e3o\u00a0<em>Celluloderma\u00a0<\/em>\u00e9 a que tem maior representatividade, com 32 esp\u00e9cies, incluindo dez esp\u00e9cies novas para ci\u00eancia (<em>P. anomocystidiatus<\/em>,<em>\u00a0P. aureolatus<\/em>,\u00a0<em>P. brunneocrinitus<\/em>,<em>P. cebolinhae<\/em>,<em>\u00a0P. crassus,<\/em>\u00a0<em>P. crinitus<\/em>,<em>\u00a0P. hispidulussimilis<\/em>,<em>\u00a0P. karstedtianus<\/em>,<em>\u00a0P. necopinatus\u00a0<\/em>e\u00a0<em>P. paucicystidiatus<\/em>) e cinco novos registros para o pa\u00eds (<em>P. eludens<\/em>,\u00a0<em>P. fusconigricans<\/em>,\u00a0<em>P. homolae<\/em>,\u00a0<em>P. sapiicola<\/em>\u00a0e\u00a0<em>P. striatocystis<\/em>). A se\u00e7\u00e3o\u00a0<em>Hispidoderma\u00a0<\/em>est\u00e1 representada por nove esp\u00e9cies, incluindo quatro novos registros (<em>P. argentinensis<\/em>,\u00a0<em>P. chusqueae<\/em>,\u00a0<em>P. maculosipes\u00a0<\/em>e\u00a0<em>P. velutinus<\/em>) e uma esp\u00e9cie nova (<em>P. neochrysaegis<\/em>), enquanto que a se\u00e7\u00e3o\u00a0<em>Pluteus\u00a0<\/em>est\u00e1 representada por sete esp\u00e9cies, sendo todas elas previamente publicadas para o pa\u00eds e apenas revisadas neste trabalho. A obten\u00e7\u00e3o de sequ\u00eancias de ITS foi poss\u00edvel para 26 das 48 esp\u00e9cies, sendo que oito das 11 esp\u00e9cies novas s\u00e3o propostas com suporte molecular, possibilitando a inser\u00e7\u00e3o de sequ\u00eancias de materiais brasileiros na filogenia global do g\u00eanero e contribuindo para estabelecer rela\u00e7\u00f5es entre esp\u00e9cimes geograficamente separados. Uma chave de identifica\u00e7\u00e3o para as esp\u00e9cies tamb\u00e9m \u00e9 apresentada.<\/p>\n<p><strong>Palavras-chave<\/strong>:\u00a0<em>Agaricales<\/em>,\u00a0<em>Basidiomycota<\/em>,\u00a0<em>Pluteaceae<\/em>, Taxonomia, ITS<\/p>\n<hr align=\"center\" noshade=\"noshade\" size=\"1\" width=\"100%\" \/>\n<hr align=\"center\" noshade=\"noshade\" size=\"1\" width=\"100%\" \/>\n<p style=\"text-align: center\"><strong>\u00a0<a href=\"https:\/\/www.infraestruturameioambiente.sp.gov.br\/pgibt\/dissertacoesteses\/\">VOLTAR AS DISSERTA\u00c7\u00d5ES E TESES<\/a><\/strong><\/p>\n<hr align=\"center\" noshade=\"noshade\" size=\"1\" width=\"100%\" \/>\n","protected":false},"excerpt":{"rendered":"<p>Nelson Menolli Junior Nelson Menolli Junior, aluno do Programa de P\u00f3s-Gradua\u00e7\u00e3o em Biodiversidade Vegetal e Meio Ambiente, defendeu no dia 11 de outubro de 2013 sua tese de doutorado intitulada \u201cO g\u00eanero\u00a0Pluteus\u00a0no Brasil: revis\u00e3o taxon\u00f4mica e contribui\u00e7\u00e3o \u00e0 filogenia molecular\u201d. A banca examinadora foi composta pela sua orientadora Dra. Marina Capelari (Instituto de Bot\u00e2nica), Dr. [&hellip;]<\/p>\n","protected":false},"author":1,"featured_media":0,"parent":249,"menu_order":0,"comment_status":"closed","ping_status":"open","template":"fullpage.php","meta":[],"_links":{"self":[{"href":"https:\/\/www.infraestruturameioambiente.sp.gov.br\/pgibt\/wp-json\/wp\/v2\/pages\/3102"}],"collection":[{"href":"https:\/\/www.infraestruturameioambiente.sp.gov.br\/pgibt\/wp-json\/wp\/v2\/pages"}],"about":[{"href":"https:\/\/www.infraestruturameioambiente.sp.gov.br\/pgibt\/wp-json\/wp\/v2\/types\/page"}],"author":[{"embeddable":true,"href":"https:\/\/www.infraestruturameioambiente.sp.gov.br\/pgibt\/wp-json\/wp\/v2\/users\/1"}],"replies":[{"embeddable":true,"href":"https:\/\/www.infraestruturameioambiente.sp.gov.br\/pgibt\/wp-json\/wp\/v2\/comments?post=3102"}],"version-history":[{"count":0,"href":"https:\/\/www.infraestruturameioambiente.sp.gov.br\/pgibt\/wp-json\/wp\/v2\/pages\/3102\/revisions"}],"up":[{"embeddable":true,"href":"https:\/\/www.infraestruturameioambiente.sp.gov.br\/pgibt\/wp-json\/wp\/v2\/pages\/249"}],"wp:attachment":[{"href":"https:\/\/www.infraestruturameioambiente.sp.gov.br\/pgibt\/wp-json\/wp\/v2\/media?parent=3102"}],"curies":[{"name":"wp","href":"https:\/\/api.w.org\/{rel}","templated":true}]}}