{"id":3052,"date":"2014-07-24T15:10:25","date_gmt":"2014-07-24T18:10:25","guid":{"rendered":"https:\/\/www.infraestruturameioambiente.sp.gov.br\/pgibt\/?page_id=3052"},"modified":"2014-07-24T15:10:25","modified_gmt":"2014-07-24T18:10:25","slug":"2013-anderson-luis-do-nascimento-ms","status":"publish","type":"page","link":"https:\/\/www.infraestruturameioambiente.sp.gov.br\/pgibt\/dissertacoesteses\/2013-anderson-luis-do-nascimento-ms\/","title":{"rendered":"Anderson Luis do Nascimento MS"},"content":{"rendered":"<h2 style=\"text-align: center\"><a href=\"https:\/\/smastr16.blob.core.windows.net\/pgibt\/2015\/02\/faixapos6.jpg\"><img decoding=\"async\" loading=\"lazy\" class=\"aligncenter size-full wp-image-3777\" style=\"border: 0px\" alt=\"faixapos6\" src=\"https:\/\/smastr16.blob.core.windows.net\/pgibt\/2015\/02\/faixapos6.jpg\" width=\"950\" height=\"163\" srcset=\"https:\/\/smastr16.blob.core.windows.net\/pgibt\/2015\/02\/faixapos6.jpg 950w, https:\/\/smastr16.blob.core.windows.net\/pgibt\/2015\/02\/faixapos6-768x131.jpg 768w\" sizes=\"(max-width: 950px) 100vw, 950px\" \/><\/a><\/h2>\n<hr align=\"center\" noshade=\"noshade\" size=\"1\" width=\"100%\" \/>\n<h2 style=\"text-align: center\"><span style=\"color: #003300\">Anderson Luis do Nascimento<\/span><\/h2>\n<hr align=\"center\" noshade=\"noshade\" size=\"1\" width=\"100%\" \/>\n<p style=\"text-align: center\">No dia 24 de abril de 2013, o aluno da P\u00f3s-gradua\u00e7\u00e3o em Biodiversidade Vegetal e Meio Ambiente do Instituto de Bot\u00e2nica de S\u00e3o Paulo (IBt), Anderson Luis do Nascimento (Bolsista CAPES),\u00a0 apresentou sua disserta\u00e7\u00e3o de mestrado intitulada<br \/>\n&#8220;An\u00e1lise do \u00f3leo vol\u00e1til e avalia\u00e7\u00e3o de atividades biol\u00f3gicas dos constituintes fixos e vol\u00e1teis de\u00a0<em>Bidens segetum<\/em>\u00a0Mart. ex Colla (Asteraceae)&#8221;.<\/p>\n<p style=\"text-align: center\">A banca examinadora foi composta pela Dra. Carmen Lucia Queiroga (CPQBA\/UNICAMP), Dra. Elaine Monteiro Cardoso Lopes (UNINOVE) e<br \/>\nDra. Maria Cl\u00e1udia Marx Young (Orientadora &#8211; IBt).<\/p>\n<p style=\"text-align: center\"><a href=\"https:\/\/smastr16.blob.core.windows.net\/pgibt\/2014\/07\/Anderson.jpg\"><img decoding=\"async\" loading=\"lazy\" class=\"aligncenter size-full wp-image-3057\" style=\"border: 0px\" alt=\"Anderson\" src=\"https:\/\/smastr16.blob.core.windows.net\/pgibt\/2014\/07\/Anderson.jpg\" width=\"301\" height=\"228\" \/><\/a><\/p>\n<p style=\"text-align: center\">O trabalho contribui para a amplia\u00e7\u00e3o do conhecimento sobre a biodiversidade do Cerrado como fonte de produtos naturais permitindo estabelecer mecanismos e estrat\u00e9gias para garantir a sua conserva\u00e7\u00e3o e o seu uso sustent\u00e1vel. As esp\u00e9cies do g\u00eanero\u00a0<em>Bidens,\u00a0<\/em>conhecidas popularmente como<em>\u00a0\u201cpic\u00e3o\u201d,\u00a0<\/em>s\u00e3o amplamente utilizadas pela medicina popular, atraindo tamb\u00e9m as aten\u00e7\u00f5es de pesquisadores e ind\u00fastrias farmac\u00eauticas com a produ\u00e7\u00e3o de diversas patentes.\u00a0<em>Bidens segetum<\/em>\u00a0\u00e9 uma esp\u00e9cie nativa do Cerrado brasileiro com poucos estudos realizados at\u00e9 o momento e selecionada para este estudo ap\u00f3s triagens anteriores realizadas por nosso grupo. \u00a0Foram analisadas a composi\u00e7\u00e3o qu\u00edmica dos \u00f3leos essenciais e suas varia\u00e7\u00f5es de acordo com o local de ocorr\u00eancia da planta, sua fenologia e \u00f3rg\u00e3o utilizado para extra\u00e7\u00e3o, al\u00e9m de avaliadas as atividades biol\u00f3gicas de seus \u00f3leos e extratos vegetais. Ao final, foi poss\u00edvel observar tend\u00eancias de varia\u00e7\u00f5es na composi\u00e7\u00e3o e detectar atividades biol\u00f3gicas relevantes em seus componentes fixos e vol\u00e1teis.<\/p>\n<hr align=\"center\" noshade=\"noshade\" size=\"1\" width=\"100%\" \/>\n<h3 style=\"text-align: center\">An\u00e1lise do \u00f3leo vol\u00e1til e avalia\u00e7\u00e3o de atividades biol\u00f3gicas dos constituintes fixos e vol\u00e1teis de<br \/>\n<em>Bidens segetum<\/em>\u00a0Mart. ex Colla (Asteraceae)<\/h3>\n<hr align=\"center\" noshade=\"noshade\" size=\"1\" width=\"100%\" \/>\n<h4 style=\"text-align: center\"><strong>RESUMO<\/strong><\/h4>\n<p style=\"text-align: justify\"><em>Bidens segetum<\/em> Mart ex Colla (Asteraceae) \u00e9 uma esp\u00e9cie nativa do Cerrado brasileiro com poucos estudos realizados at\u00e9 o presente momento. O uso de plantas arom\u00e1ticas com propriedades farmacol\u00f3gicas \u00e9 bastante difundido, no entanto os teores e a composi\u00e7\u00e3o de seus princ\u00edpios ativos podem variar em fun\u00e7\u00e3o de fatores ambientais e gen\u00e9ticos. O objetivo do presente trabalho foi descrever a composi\u00e7\u00e3o qu\u00edmica do aroma das flores e dos \u00f3leos vol\u00e1teis das diferentes partes de Bidens segetum coletadas de popula\u00e7\u00f5es de ocorr\u00eancia natural no Cerrado e de plantas cultivadas no Instituto de Bot\u00e2nica a partir de suas sementes, al\u00e9m de analisar as atividades biol\u00f3gicas de seus componentes fixos e vol\u00e1teis. Para tanto, folhas, ramos, ra\u00edzes, cap\u00edtulos e cipselas frescos foram extra\u00eddos por hidrodestila\u00e7\u00e3o (3 horas) e os extratos etan\u00f3licos foram obtidos de parte desse material seco em extrator autom\u00e1tico, analisados GCMS, LC\/DAD e LC-MS-MS\/ESI(+). A atividade antif\u00fangica avaliada pelo m\u00e9todo de bioautografia direta utilizando como fungos reveladores Cladosporium cladosporioides e Cladosporium sphaerospermum. As atividades anticolinester\u00e1sicas e antioxidantes foram triadas por autografias e quantificadas por ensaios colorim\u00e9tricos em microplacas. Os rendimentos foram maiores para as estruturas reprodutivas tanto para os componentes fixos quanto para os vol\u00e1teis. O aroma e \u00f3leo vol\u00e1til dos cap\u00edtulos e cipselas se mostraram ricos em hidrocarbonetos monoterp\u00eanicos, enquanto que no \u00f3leo das folhas os hidrocarbonetos sesquiterp\u00eanicos foram a classe principal e para os ramos houve um balan\u00e7o entre essas duas classes. O \u00f3leo das ra\u00edzes se apresentou bastante diferente dos demais pela grande percentagem de alco\u00f3is e \u00e1cidos graxos (&gt;75%). A composi\u00e7\u00e3o dos \u00f3leos mostrou altera\u00e7\u00f5es quali- e quantitativas significantes. Por\u00e9m, seus componentes principais o germacreno D (9 \u2013 53%) e \u03b2-felandreno (17 \u2013 51%) estiveram sempre presentes nos \u00f3leos e no aroma, apenas variando suas percentagens. Os fungos C. cladosporioides e C. sphaerospermum se mostraram mais sens\u00edveis ao \u00f3leo vol\u00e1til das ra\u00edzes na fase vegetativa (limite detec\u00e7\u00e3o= 5 \u03bcg) e as fra\u00e7\u00f5es dicloromet\u00e2nicas das ra\u00edzes (Rfs 0,89), cap\u00edtulos e cipselas (Rf 0,72, para ambos) de B. segetum. A enzima acetilcolinesterase teve sua atividade reduzida, no regime de dose\/resposta, pelos \u00f3leos vol\u00e1teis dos ramos coletados nas fases de flora\u00e7\u00e3o (IC50= 22,6 \u03bcg\/ml) e de frutifica\u00e7\u00e3o (IC50= 43,8 \u03bcg\/ml). As fra\u00e7\u00f5es em acetato de etila das folhas (IC50= 3,4 \u03bcg\/ml), ra\u00edzes (IC50= 3,9 \u03bcg\/ml), cap\u00edtulos (IC50= 4,8 \u03bcg\/ml) e cipselas (IC50= 3,1 \u03bcg\/ml) de B. segetum apresentaram potencial redutor do radical livre 2,2- difenil-1-picrilhidrazila (DPPH\u2022).<\/p>\n<p style=\"text-align: justify\">Palavras-chave: Bidens segetum; \u00f3leos essenciais; extratos; composi\u00e7\u00e3o qu\u00edmica; atividades biol\u00f3gicas; fenologia.<\/p>\n<hr align=\"center\" noshade=\"noshade\" size=\"1\" width=\"100%\" \/>\n<p style=\"text-align: center\"><a href=\"https:\/\/smastr16.blob.core.windows.net\/pgibt\/2013\/09\/pdf_grande.gif\"><img decoding=\"async\" loading=\"lazy\" class=\"aligncenter size-full wp-image-2313\" style=\"border: 0px\" alt=\"pdf_grande\" src=\"https:\/\/smastr16.blob.core.windows.net\/pgibt\/2013\/09\/pdf_grande.gif\" width=\"60\" height=\"60\" \/><\/a><a href=\"https:\/\/smastr16.blob.core.windows.net\/pgibt\/2014\/07\/Anderson_Luis_Nascimento_MS.pdf\" target=\"_blank\">Anderson Luis Nascimento<br \/>\nAn\u00e1lise do \u00f3leo vol\u00e1til e avalia\u00e7\u00e3o de atividades biol\u00f3gicas dos constituintes fixos e vol\u00e1teis de<br \/>\n<em>Bidens segetum<\/em> Mart. ex Colla (Asteraceae)<\/a><\/p>\n<hr align=\"center\" noshade=\"noshade\" size=\"1\" width=\"100%\" \/>\n<p style=\"text-align: center\"><strong>\u00a0<a href=\"https:\/\/www.infraestruturameioambiente.sp.gov.br\/pgibt\/dissertacoesteses\/\">VOLTAR AS DISSERTA\u00c7\u00d5ES E TESES<\/a><\/strong><\/p>\n<hr align=\"center\" noshade=\"noshade\" size=\"1\" width=\"100%\" \/>\n","protected":false},"excerpt":{"rendered":"<p>Anderson Luis do Nascimento No dia 24 de abril de 2013, o aluno da P\u00f3s-gradua\u00e7\u00e3o em Biodiversidade Vegetal e Meio Ambiente do Instituto de Bot\u00e2nica de S\u00e3o Paulo (IBt), Anderson Luis do Nascimento (Bolsista CAPES),\u00a0 apresentou sua disserta\u00e7\u00e3o de mestrado intitulada &#8220;An\u00e1lise do \u00f3leo vol\u00e1til e avalia\u00e7\u00e3o de atividades biol\u00f3gicas dos constituintes fixos e vol\u00e1teis [&hellip;]<\/p>\n","protected":false},"author":1,"featured_media":0,"parent":249,"menu_order":0,"comment_status":"closed","ping_status":"open","template":"fullpage.php","meta":[],"_links":{"self":[{"href":"https:\/\/www.infraestruturameioambiente.sp.gov.br\/pgibt\/wp-json\/wp\/v2\/pages\/3052"}],"collection":[{"href":"https:\/\/www.infraestruturameioambiente.sp.gov.br\/pgibt\/wp-json\/wp\/v2\/pages"}],"about":[{"href":"https:\/\/www.infraestruturameioambiente.sp.gov.br\/pgibt\/wp-json\/wp\/v2\/types\/page"}],"author":[{"embeddable":true,"href":"https:\/\/www.infraestruturameioambiente.sp.gov.br\/pgibt\/wp-json\/wp\/v2\/users\/1"}],"replies":[{"embeddable":true,"href":"https:\/\/www.infraestruturameioambiente.sp.gov.br\/pgibt\/wp-json\/wp\/v2\/comments?post=3052"}],"version-history":[{"count":0,"href":"https:\/\/www.infraestruturameioambiente.sp.gov.br\/pgibt\/wp-json\/wp\/v2\/pages\/3052\/revisions"}],"up":[{"embeddable":true,"href":"https:\/\/www.infraestruturameioambiente.sp.gov.br\/pgibt\/wp-json\/wp\/v2\/pages\/249"}],"wp:attachment":[{"href":"https:\/\/www.infraestruturameioambiente.sp.gov.br\/pgibt\/wp-json\/wp\/v2\/media?parent=3052"}],"curies":[{"name":"wp","href":"https:\/\/api.w.org\/{rel}","templated":true}]}}