{"id":2384,"date":"2013-12-10T10:42:49","date_gmt":"2013-12-10T12:42:49","guid":{"rendered":"https:\/\/www.infraestruturameioambiente.sp.gov.br\/pgibt\/?page_id=2384"},"modified":"2025-07-03T08:16:54","modified_gmt":"2025-07-03T11:16:54","slug":"secretaria","status":"publish","type":"page","link":"https:\/\/www.infraestruturameioambiente.sp.gov.br\/pgibt\/coodernacao\/secretaria\/","title":{"rendered":"Secretaria"},"content":{"rendered":"<hr style=\"clear: both\" \/>\n<table style=\"border-collapse: collapse;width: 100%\">\n<tbody>\n<tr>\n<td style=\"width: 50%\"><img decoding=\"async\" loading=\"lazy\" class=\"aligncenter wp-image-9695 size-medium\" src=\"https:\/\/smastr16.blob.core.windows.net\/pgibt\/sites\/242\/2025\/07\/cecilia-157x192.png\" alt=\"\" width=\"157\" height=\"192\" srcset=\"https:\/\/smastr16.blob.core.windows.net\/pgibt\/sites\/242\/2025\/07\/cecilia-157x192.png 157w, https:\/\/smastr16.blob.core.windows.net\/pgibt\/sites\/242\/2025\/07\/cecilia-147x180.png 147w, https:\/\/smastr16.blob.core.windows.net\/pgibt\/sites\/242\/2025\/07\/cecilia.png 173w\" sizes=\"(max-width: 157px) 100vw, 157px\" \/><\/td>\n<td style=\"width: 50%\"><img decoding=\"async\" loading=\"lazy\" class=\"aligncenter wp-image-9694 size-medium\" src=\"https:\/\/smastr16.blob.core.windows.net\/pgibt\/sites\/242\/2025\/07\/shirlei-168x192.jpg\" alt=\"\" width=\"168\" height=\"192\" srcset=\"https:\/\/smastr16.blob.core.windows.net\/pgibt\/sites\/242\/2025\/07\/shirlei-168x192.jpg 168w, https:\/\/smastr16.blob.core.windows.net\/pgibt\/sites\/242\/2025\/07\/shirlei-250x286.jpg 250w, https:\/\/smastr16.blob.core.windows.net\/pgibt\/sites\/242\/2025\/07\/shirlei-157x180.jpg 157w, https:\/\/smastr16.blob.core.windows.net\/pgibt\/sites\/242\/2025\/07\/shirlei-262x300.jpg 262w, https:\/\/smastr16.blob.core.windows.net\/pgibt\/sites\/242\/2025\/07\/shirlei.jpg 410w\" sizes=\"(max-width: 168px) 100vw, 168px\" \/><\/td>\n<\/tr>\n<tr>\n<td style=\"width: 50%;text-align: center\"><strong>Cecilia Ferreira Saccuti<\/strong><br \/>\nEspecialista Ambiental<\/td>\n<td style=\"width: 50%;text-align: center\"><strong>S<\/strong><strong>hirlei Soares Dassi<\/strong><br \/>\nT\u00e9cnica de Apoio \u00e0 Pesquisa Cient\u00edfica e Tecnol\u00f3gica<\/td>\n<\/tr>\n<\/tbody>\n<\/table>\n<hr style=\"clear: both\" \/>\n<p>&nbsp;<\/p>\n<p>&nbsp;<\/p>\n","protected":false},"excerpt":{"rendered":"<p>Cecilia Ferreira Saccuti Especialista Ambiental Shirlei Soares Dassi T\u00e9cnica de Apoio \u00e0 Pesquisa Cient\u00edfica e Tecnol\u00f3gica &nbsp; &nbsp;<\/p>\n","protected":false},"author":1,"featured_media":0,"parent":46,"menu_order":3,"comment_status":"closed","ping_status":"open","template":"","meta":[],"_links":{"self":[{"href":"https:\/\/www.infraestruturameioambiente.sp.gov.br\/pgibt\/wp-json\/wp\/v2\/pages\/2384"}],"collection":[{"href":"https:\/\/www.infraestruturameioambiente.sp.gov.br\/pgibt\/wp-json\/wp\/v2\/pages"}],"about":[{"href":"https:\/\/www.infraestruturameioambiente.sp.gov.br\/pgibt\/wp-json\/wp\/v2\/types\/page"}],"author":[{"embeddable":true,"href":"https:\/\/www.infraestruturameioambiente.sp.gov.br\/pgibt\/wp-json\/wp\/v2\/users\/1"}],"replies":[{"embeddable":true,"href":"https:\/\/www.infraestruturameioambiente.sp.gov.br\/pgibt\/wp-json\/wp\/v2\/comments?post=2384"}],"version-history":[{"count":5,"href":"https:\/\/www.infraestruturameioambiente.sp.gov.br\/pgibt\/wp-json\/wp\/v2\/pages\/2384\/revisions"}],"predecessor-version":[{"id":9709,"href":"https:\/\/www.infraestruturameioambiente.sp.gov.br\/pgibt\/wp-json\/wp\/v2\/pages\/2384\/revisions\/9709"}],"up":[{"embeddable":true,"href":"https:\/\/www.infraestruturameioambiente.sp.gov.br\/pgibt\/wp-json\/wp\/v2\/pages\/46"}],"wp:attachment":[{"href":"https:\/\/www.infraestruturameioambiente.sp.gov.br\/pgibt\/wp-json\/wp\/v2\/media?parent=2384"}],"curies":[{"name":"wp","href":"https:\/\/api.w.org\/{rel}","templated":true}]}}