{"id":2265,"date":"2013-10-30T10:27:23","date_gmt":"2013-10-30T12:27:23","guid":{"rendered":"https:\/\/www.infraestruturameioambiente.sp.gov.br\/pgibt\/?page_id=2265"},"modified":"2013-10-30T10:27:23","modified_gmt":"2013-10-30T12:27:23","slug":"2008-ana-carolina","status":"publish","type":"page","link":"https:\/\/www.infraestruturameioambiente.sp.gov.br\/pgibt\/dissertacoesteses\/2008-ana-carolina\/","title":{"rendered":"Ana Carolina Laurenti dos Santos MS"},"content":{"rendered":"<h2 style=\"text-align: center\"><a href=\"https:\/\/smastr16.blob.core.windows.net\/pgibt\/2015\/02\/faixapos6.jpg\"><img decoding=\"async\" loading=\"lazy\" class=\"aligncenter size-full wp-image-3777\" style=\"border: 0px\" alt=\"faixapos6\" src=\"https:\/\/smastr16.blob.core.windows.net\/pgibt\/2015\/02\/faixapos6.jpg\" width=\"950\" height=\"163\" srcset=\"https:\/\/smastr16.blob.core.windows.net\/pgibt\/2015\/02\/faixapos6.jpg 950w, https:\/\/smastr16.blob.core.windows.net\/pgibt\/2015\/02\/faixapos6-768x131.jpg 768w\" sizes=\"(max-width: 950px) 100vw, 950px\" \/><\/a><\/h2>\n<hr align=\"center\" noshade=\"noshade\" size=\"1\" width=\"100%\" \/>\n<h2 style=\"text-align: center\"><span style=\"color: #003300\">Ana Carolina Laurenti dos Santos<\/span><\/h2>\n<hr align=\"center\" noshade=\"noshade\" size=\"1\" width=\"100%\" \/>\n<p style=\"text-align: center\">No\u00a0dia 27 de agosto de 2008, a aluna do Programa de P\u00f3s-Gradua\u00e7\u00e3o\u00a0em Biodiversidade Vegetal e Meio Ambiente do Instituto de\u00a0Bot\u00e2nica \/ IBt, Ana Carolina Laurenti dos Santos, defendeu sua disserta\u00e7\u00e3o de mestrado intitulada\u00a0&#8220;Composi\u00e7\u00e3o\u00a0flor\u00edstica e estrutura da comunidade de ep\u00edfitas\u00a0vasculares associadas a trilhas no Parque Estadual das Fontes\u00a0do Ipiranga, S\u00e3o Paulo, SP, Brasil&#8221;.<\/p>\n<p style=\"text-align: center\">A banca examinadora foi composta pelo Dra. Maria Margarida da Rocha Fiuza de Melo (Orientadora e Presidente \/ IBt),<br \/>\nDra. Maria das Gra\u00e7as Lapa Wanderley (IBt) e Dr. Jorge Luiz Waechter, como mostrado na foto abaixo.<\/p>\n<p style=\"text-align: center\"><a href=\"https:\/\/smastr16.blob.core.windows.net\/pgibt\/2013\/10\/ana_carol_laurenti1.jpg\"><img decoding=\"async\" loading=\"lazy\" alt=\"\" src=\"https:\/\/smastr16.blob.core.windows.net\/pgibt\/2013\/10\/ana_carol_laurenti1.jpg\" width=\"246\" height=\"185\" \/><\/a><\/p>\n<hr align=\"center\" noshade=\"noshade\" size=\"1\" width=\"100%\" \/>\n<h3 style=\"text-align: center\">Composi\u00e7\u00e3o flor\u00edstica e estrutura da comunidade de ep\u00edfitas vasculares associadas a trilhas no<br \/>\nParque Estadual das Fontes do Ipiranga, S\u00e3o Paulo, SP, Brasil<\/h3>\n<hr align=\"center\" noshade=\"noshade\" size=\"1\" width=\"100%\" \/>\n<h4 style=\"text-align: center\"><strong>RESUMO<\/strong><\/h4>\n<p style=\"text-align: justify\">O Parque Estadual das Fontes do Ipiranga &#8211; PEFI (23\u00b038\u201908\u2019\u2019S-23\u00b040\u201918\u201dS e 46\u00b036\u201948\u201dW-46\u00b038\u201900\u201dW), ocupa \u00e1rea total de 526,38 ha, sendo 357 ha de Reserva Biol\u00f3gica; possui \u00e1reas de floresta ombr\u00f3fila densa com influ\u00eancia de floresta estacional semidec\u00eddua, entrecortadas por trilhas de diversos est\u00e1gios de uso e conserva\u00e7\u00e3o. Este trabalho teve como objetivo avaliar a influ\u00eancia de duas trilhas com intensidades de uso diferentes sobre a composi\u00e7\u00e3o flor\u00edstica e a estrutura da comunidade de ep\u00edfitas vasculares. O estudo foi direcionado a responder a seguinte quest\u00e3o: Quais esp\u00e9cies de ep\u00edfitas s\u00e3o mais freq\u00fcentes e abundantes em cada trilha? A hip\u00f3tese formulada \u00e9 a que<strong>\u00a0<\/strong>as trilhas diferem entre si em rela\u00e7\u00e3o \u00e0 domin\u00e2ncia e a diversidade da comunidade de ep\u00edfitas vasculares. Para a realiza\u00e7\u00e3o das an\u00e1lises quantitativas e qualitativas foram instaladas 20 parcelas de 2&#215;50 m (0,2 ha) dispostas perpendicularmente \u00e0s trilhas. Todas as \u00e1rvores com di\u00e2metro a 1,30 de altura do solo (DAP)\u00a0&gt;\u00a010 cm foram amostradas. O for\u00f3fito foi dividido em quatro zonas ecol\u00f3gicas: fuste baixo, fuste alto, copa interna e copa externa. Para cada esp\u00e9cie epif\u00edtica presente nessas zonas atribuiu-se notas de estimativa de domin\u00e2ncia.\u00a0<em>Philodendron propinquun,\u00a0<\/em>uma esp\u00e9cie altamente especializada<em>,<\/em>\u00a0obteve o maior valor de import\u00e2ncia epif\u00edtico, domin\u00e2ncia e freq\u00fc\u00eancia, relativas, na trilha com maior intensidade de uso e na compara\u00e7\u00e3o entre as duas \u00e1reas.\u00a0<em>Rhipsalis elliptica<\/em>\u00a0obteve o maior valor de import\u00e2ncia epif\u00edtico, domin\u00e2ncia e freq\u00fc\u00eancia, relativas, na trilha com baixa intensidade de uso. As an\u00e1lises de ordena\u00e7\u00e3o realizadas: An\u00e1lise de Correspond\u00eancia Destendenciada, An\u00e1lise de Componentes Principais e Escalonamento Multidimensional N\u00e3o-M\u00e9trico, n\u00e3o evidenciaram qualquer tend\u00eancia \u00e0 forma\u00e7\u00e3o de blocos flor\u00edsticos coesos ou gradientes \u00e0 medida que variaram os n\u00edveis de impacto pela trilha. As trilhas diferem entre si em rela\u00e7\u00e3o \u00e0 domin\u00e2ncia e a diversidade da comunidade de ep\u00edfitas vasculares, entretanto estas diferen\u00e7as devem estar associadas ao mosaico de fases sucessionais existente no PEFI, e \u00e0 din\u00e2mica da popula\u00e7\u00e3o epif\u00edtica e caracter\u00edsticas microclim\u00e1ticas dos for\u00f3fitos.<\/p>\n<p style=\"text-align: center\"><a href=\"https:\/\/smastr16.blob.core.windows.net\/pgibt\/2013\/10\/ana_carol_laurenti3.jpg\"><img decoding=\"async\" loading=\"lazy\" class=\"alignnone size-full wp-image-2268\" alt=\"ana_carol_laurenti3Vriesea ensiformis (Vell.) Beer\" src=\"https:\/\/smastr16.blob.core.windows.net\/pgibt\/2013\/10\/ana_carol_laurenti3.jpg\" width=\"266\" height=\"200\" \/><\/a>\u00a0<a href=\"https:\/\/smastr16.blob.core.windows.net\/pgibt\/2013\/10\/ana_carol_laurenti4.jpg\"><img decoding=\"async\" loading=\"lazy\" class=\"alignnone size-full wp-image-2267\" alt=\"Rhipsalis paradoxa Salm-Dyck\" src=\"https:\/\/smastr16.blob.core.windows.net\/pgibt\/2013\/10\/ana_carol_laurenti4.jpg\" width=\"133\" height=\"200\" \/><\/a><\/p>\n<hr align=\"center\" noshade=\"noshade\" size=\"1\" width=\"100%\" \/>\n<p style=\"text-align: center\"><a href=\"https:\/\/smastr16.blob.core.windows.net\/pgibt\/2013\/09\/pdf_grande.gif\"><img decoding=\"async\" loading=\"lazy\" class=\"aligncenter size-full wp-image-2313\" style=\"border: 0px\" alt=\"pdf_grande\" src=\"https:\/\/smastr16.blob.core.windows.net\/pgibt\/2013\/09\/pdf_grande.gif\" width=\"60\" height=\"60\" \/><\/a><a href=\"https:\/\/smastr16.blob.core.windows.net\/pgibt\/2013\/10\/Ana_Carolina_Laurenti_dos_Santos_MS.pdf\" target=\"_blank\">Ana Carolina Laurenti dos Santos<br \/>\nComposi\u00e7\u00e3o flor\u00edstica e estrutura da comunidade de ep\u00edfitas vasculares associadas a trilhas no<br \/>\nParque Estadual das Fontes do Ipiranga, S\u00e3o Paulo, SP, Brasil<\/a><\/p>\n<hr align=\"center\" noshade=\"noshade\" size=\"1\" width=\"100%\" \/>\n<p style=\"text-align: center\"><strong>\u00a0<a href=\"https:\/\/www.infraestruturameioambiente.sp.gov.br\/pgibt\/dissertacoesteses\/\">VOLTAR AS DISSERTA\u00c7\u00d5ES E TESES<\/a><\/strong><\/p>\n<hr align=\"center\" noshade=\"noshade\" size=\"1\" width=\"100%\" \/>\n","protected":false},"excerpt":{"rendered":"<p>Ana Carolina Laurenti dos Santos No\u00a0dia 27 de agosto de 2008, a aluna do Programa de P\u00f3s-Gradua\u00e7\u00e3o\u00a0em Biodiversidade Vegetal e Meio Ambiente do Instituto de\u00a0Bot\u00e2nica \/ IBt, Ana Carolina Laurenti dos Santos, defendeu sua disserta\u00e7\u00e3o de mestrado intitulada\u00a0&#8220;Composi\u00e7\u00e3o\u00a0flor\u00edstica e estrutura da comunidade de ep\u00edfitas\u00a0vasculares associadas a trilhas no Parque Estadual das Fontes\u00a0do Ipiranga, S\u00e3o Paulo, [&hellip;]<\/p>\n","protected":false},"author":1,"featured_media":0,"parent":249,"menu_order":0,"comment_status":"closed","ping_status":"open","template":"fullpage.php","meta":[],"_links":{"self":[{"href":"https:\/\/www.infraestruturameioambiente.sp.gov.br\/pgibt\/wp-json\/wp\/v2\/pages\/2265"}],"collection":[{"href":"https:\/\/www.infraestruturameioambiente.sp.gov.br\/pgibt\/wp-json\/wp\/v2\/pages"}],"about":[{"href":"https:\/\/www.infraestruturameioambiente.sp.gov.br\/pgibt\/wp-json\/wp\/v2\/types\/page"}],"author":[{"embeddable":true,"href":"https:\/\/www.infraestruturameioambiente.sp.gov.br\/pgibt\/wp-json\/wp\/v2\/users\/1"}],"replies":[{"embeddable":true,"href":"https:\/\/www.infraestruturameioambiente.sp.gov.br\/pgibt\/wp-json\/wp\/v2\/comments?post=2265"}],"version-history":[{"count":0,"href":"https:\/\/www.infraestruturameioambiente.sp.gov.br\/pgibt\/wp-json\/wp\/v2\/pages\/2265\/revisions"}],"up":[{"embeddable":true,"href":"https:\/\/www.infraestruturameioambiente.sp.gov.br\/pgibt\/wp-json\/wp\/v2\/pages\/249"}],"wp:attachment":[{"href":"https:\/\/www.infraestruturameioambiente.sp.gov.br\/pgibt\/wp-json\/wp\/v2\/media?parent=2265"}],"curies":[{"name":"wp","href":"https:\/\/api.w.org\/{rel}","templated":true}]}}