{"id":2241,"date":"2013-10-30T09:50:21","date_gmt":"2013-10-30T11:50:21","guid":{"rendered":"https:\/\/www.infraestruturameioambiente.sp.gov.br\/pgibt\/?page_id=2241"},"modified":"2013-10-30T09:50:21","modified_gmt":"2013-10-30T11:50:21","slug":"2008-cintia-vieira","status":"publish","type":"page","link":"https:\/\/www.infraestruturameioambiente.sp.gov.br\/pgibt\/dissertacoesteses\/2008-cintia-vieira\/","title":{"rendered":"Cintia Vieira da Silva MS"},"content":{"rendered":"<h2 style=\"text-align: center\"><a href=\"https:\/\/smastr16.blob.core.windows.net\/pgibt\/2015\/02\/faixapos6.jpg\"><img decoding=\"async\" loading=\"lazy\" class=\"aligncenter size-full wp-image-3777\" style=\"border: 0px\" alt=\"faixapos6\" src=\"https:\/\/smastr16.blob.core.windows.net\/pgibt\/2015\/02\/faixapos6.jpg\" width=\"950\" height=\"163\" srcset=\"https:\/\/smastr16.blob.core.windows.net\/pgibt\/2015\/02\/faixapos6.jpg 950w, https:\/\/smastr16.blob.core.windows.net\/pgibt\/2015\/02\/faixapos6-768x131.jpg 768w\" sizes=\"(max-width: 950px) 100vw, 950px\" \/><\/a><\/h2>\n<hr align=\"center\" noshade=\"noshade\" size=\"1\" width=\"100%\" \/>\n<h2 style=\"text-align: center\"><span style=\"color: #003300\">Cintia Vieira da Silva<\/span><\/h2>\n<hr align=\"center\" noshade=\"noshade\" size=\"1\" width=\"100%\" \/>\n<p align=\"center\">No dia 20 de fevereiro de 2008, a aluna do Programa de P\u00f3s-Gradua\u00e7\u00e3o em Biodiversidade Vegetal e Meio Ambiente do Instituto de Bot\u00e2nica\/IBt, Cintia Vieira da Silva (Bolsista Capes), defendeu sua disserta\u00e7\u00e3o de mestrado intitulada<br \/>\n&#8220;O g\u00eanero\u00a0<em>Evolvulus<\/em>\u00a0L. (Convolvulaceae) no estado de S\u00e3o Paulo e no Distrito Federal, Brasil&#8221;.<\/p>\n<p align=\"center\">\u00a0A banca examinadora foi composta pelo Dra Rosangela Sim\u00e3o Bianchini (Orientadora e Presidente \/ IBt), Dra Carolyn Elinore Barnes Proen\u00e7a (UnB) e<br \/>\nDra Let\u00edcia Ribes Lima (IBt), como mostrado na foto. A aluna foi aprovada com distin\u00e7\u00e3o.<\/p>\n<p align=\"center\"><a href=\"https:\/\/smastr16.blob.core.windows.net\/pgibt\/2013\/10\/Cintia2.jpg\"><img decoding=\"async\" loading=\"lazy\" class=\"aligncenter\" alt=\"\" src=\"https:\/\/smastr16.blob.core.windows.net\/pgibt\/2013\/10\/Cintia2.jpg\" width=\"246\" height=\"185\" \/><\/a><\/p>\n<hr align=\"center\" noshade=\"noshade\" size=\"1\" width=\"100%\" \/>\n<h3 style=\"text-align: center\">O g\u00eanero <em>Evolvulus<\/em> L. (Convolvulaceae) no estado de S\u00e3o Paulo\u00a0e no Distrito Federal, Brasil<\/h3>\n<hr align=\"center\" noshade=\"noshade\" size=\"1\" width=\"100%\" \/>\n<h4 style=\"text-align: center\"><strong>RESUMO<\/strong><\/h4>\n<p style=\"text-align: justify\">Este trabalho resulta do levantamento das esp\u00e9cies de\u00a0<em>Evolvulus\u00a0<\/em>L. (Convolvulaceae) ocorrentes no estado de S\u00e3o Paulo e no Distrito Federal. O estado de S\u00e3o Paulo est\u00e1 localizado no Sudeste do Brasil, estende-se entre as coordenadas 19\u00b047&#8242; e 25\u00b019&#8217;S &#8211; 53\u00b006&#8242; e 44\u00b010&#8217;W, enquanto o Distrito Federal est\u00e1 situado no Centro-Oeste brasileiro, entre as coordenadas 15\u00b030&#8242; e 16\u00b003&#8242; S &#8211; 47\u00b019&#8242;-48\u00b012&#8242; W.<\/p>\n<p style=\"text-align: justify\">O principal objetivo foi realizar as monografias de\u00a0<em>Evolvulus<\/em>\u00a0para &#8220;Flora Fanerog\u00e2mica do Estado de S\u00e3o Paulo&#8221; e &#8220;Flora do Distrito Federal, Brasil&#8221;, al\u00e9m de promover a melhor delimita\u00e7\u00e3o do grupo e ampliar o conhecimento sobre a sua distribui\u00e7\u00e3o geogr\u00e1fica. Este estudo foi baseado na an\u00e1lise de esp\u00e9cimes depositados nos herb\u00e1rios paulistas SP, SPF, PMSP, UEC e ESA, e do Distrito Federal UB, CEN, HEPH e IBGE, al\u00e9m das observa\u00e7\u00f5es de algumas esp\u00e9cies no campo.<\/p>\n<p style=\"text-align: justify\">Foram amostradas 15 esp\u00e9cies para o Estado de S\u00e3o Paulo:\u00a0<em>Evolvulus aurigenius\u00a0<\/em>Mart.,\u00a0<em>E. barbatus<\/em>\u00a0Meisn.,\u00a0<em>E. chrysotrichos<\/em>\u00a0Meisn.,\u00a0<em>E. cressoides<\/em>\u00a0Mart.,\u00a0<em>E. filipes<\/em>\u00a0Mart.,\u00a0<em>E. fuscus<\/em>\u00a0Meisn.,\u00a0<em>E. glomeratus<\/em>\u00a0Nees &amp; Mart.,\u00a0<em>E. latifolius<\/em>\u00a0Ker-Gawl.,\u00a0<em>E. macroblepharis<\/em>\u00a0Mart.,\u00a0<em>E. nummularius<\/em>\u00a0(L.) L.,\u00a0<em>E. pterocaulon<\/em>\u00a0Moric.,\u00a0<em>E. pusillus<\/em>\u00a0Choisy,\u00a0<em>E. riedelii<\/em>\u00a0Meisn.,\u00a0<em>E. sericeus<\/em>\u00a0Sw. e\u00a0<em>E. serpylloides<\/em>\u00a0Meisn. Para o Distrito Federal foram amostradas 13 esp\u00e9cies:\u00a0<em>E. aurigenius<\/em>\u00a0Mart.,\u00a0<em>E. chamaepitys<\/em>\u00a0Mart.,\u00a0<em>E. cressoides<\/em>\u00a0Mart.,\u00a0<em>E. filipes<\/em>\u00a0Mart.,\u00a0<em>E. fuscus<\/em>\u00a0Meisn.,\u00a0<em>E. hypocrateriflorus<\/em>\u00a0Dammer.,\u00a0<em>E. nummularius<\/em>\u00a0(L.) L.,\u00a0<em>E. passerinoides<\/em>\u00a0Meisn.,\u00a0<em>E. pohlii\u00a0<\/em>Meisn.,\u00a0<em>E. pterygophyllus<\/em>\u00a0Mart.,\u00a0<em>E. saxifragus<\/em>\u00a0Mart.,\u00a0<em>E. sericeus<\/em>\u00a0Sw. e\u00a0<em>E. tomentosus<\/em>\u00a0(Meisn.) Ooststr., sendo que seis destas ocorrem em ambas as \u00e1reas de estudo. Foram elaboradas chaves de identifica\u00e7\u00f5es, descri\u00e7\u00f5es, ilustra\u00e7\u00f5es e coment\u00e1rios sobre as esp\u00e9cies estudadas.<\/p>\n<p style=\"text-align: center\"><a href=\"https:\/\/smastr16.blob.core.windows.net\/pgibt\/2013\/10\/Cintia4.jpg\"><img decoding=\"async\" loading=\"lazy\" class=\"alignnone size-full wp-image-2243\" alt=\"Evolulus pterygophyllus detalhe da infloresc\u00eancia\" src=\"https:\/\/smastr16.blob.core.windows.net\/pgibt\/2013\/10\/Cintia4.jpg\" width=\"134\" height=\"185\" \/><\/a> <a href=\"https:\/\/smastr16.blob.core.windows.net\/pgibt\/2013\/10\/Cintia3.jpg\"><img decoding=\"async\" loading=\"lazy\" class=\"alignnone size-full wp-image-2245\" alt=\"Evolvulus aurigenius Mart. 2\" src=\"https:\/\/smastr16.blob.core.windows.net\/pgibt\/2013\/10\/Cintia3.jpg\" width=\"246\" height=\"180\" \/><\/a><\/p>\n<hr align=\"center\" noshade=\"noshade\" size=\"1\" width=\"100%\" \/>\n<p style=\"text-align: center\"><a href=\"https:\/\/smastr16.blob.core.windows.net\/pgibt\/2013\/09\/pdf_grande.gif\"><img decoding=\"async\" loading=\"lazy\" class=\"aligncenter size-full wp-image-2313\" style=\"border: 0px\" alt=\"pdf_grande\" src=\"https:\/\/smastr16.blob.core.windows.net\/pgibt\/2013\/09\/pdf_grande.gif\" width=\"60\" height=\"60\" \/><\/a><a href=\"https:\/\/smastr16.blob.core.windows.net\/pgibt\/2013\/10\/Cintia_Vieira_da_Silva_MS.pdf\" target=\"_blank\">Cintia Vieira da Silva<br \/>\nO g\u00eanero <em>Evolvulus <\/em>L. (Convolvulaceae) no estado de S\u00e3o Paulo e no Distrito Federal, Brasil<\/a><\/p>\n<hr align=\"center\" noshade=\"noshade\" size=\"1\" width=\"100%\" \/>\n<p style=\"text-align: center\"><strong>\u00a0<a href=\"https:\/\/www.infraestruturameioambiente.sp.gov.br\/pgibt\/dissertacoesteses\/\">VOLTAR AS DISSERTA\u00c7\u00d5ES E TESES<\/a><\/strong><\/p>\n<hr align=\"center\" noshade=\"noshade\" size=\"1\" width=\"100%\" \/>\n","protected":false},"excerpt":{"rendered":"<p>Cintia Vieira da Silva No dia 20 de fevereiro de 2008, a aluna do Programa de P\u00f3s-Gradua\u00e7\u00e3o em Biodiversidade Vegetal e Meio Ambiente do Instituto de Bot\u00e2nica\/IBt, Cintia Vieira da Silva (Bolsista Capes), defendeu sua disserta\u00e7\u00e3o de mestrado intitulada &#8220;O g\u00eanero\u00a0Evolvulus\u00a0L. (Convolvulaceae) no estado de S\u00e3o Paulo e no Distrito Federal, Brasil&#8221;. \u00a0A banca examinadora [&hellip;]<\/p>\n","protected":false},"author":1,"featured_media":0,"parent":249,"menu_order":0,"comment_status":"closed","ping_status":"open","template":"fullpage.php","meta":[],"_links":{"self":[{"href":"https:\/\/www.infraestruturameioambiente.sp.gov.br\/pgibt\/wp-json\/wp\/v2\/pages\/2241"}],"collection":[{"href":"https:\/\/www.infraestruturameioambiente.sp.gov.br\/pgibt\/wp-json\/wp\/v2\/pages"}],"about":[{"href":"https:\/\/www.infraestruturameioambiente.sp.gov.br\/pgibt\/wp-json\/wp\/v2\/types\/page"}],"author":[{"embeddable":true,"href":"https:\/\/www.infraestruturameioambiente.sp.gov.br\/pgibt\/wp-json\/wp\/v2\/users\/1"}],"replies":[{"embeddable":true,"href":"https:\/\/www.infraestruturameioambiente.sp.gov.br\/pgibt\/wp-json\/wp\/v2\/comments?post=2241"}],"version-history":[{"count":0,"href":"https:\/\/www.infraestruturameioambiente.sp.gov.br\/pgibt\/wp-json\/wp\/v2\/pages\/2241\/revisions"}],"up":[{"embeddable":true,"href":"https:\/\/www.infraestruturameioambiente.sp.gov.br\/pgibt\/wp-json\/wp\/v2\/pages\/249"}],"wp:attachment":[{"href":"https:\/\/www.infraestruturameioambiente.sp.gov.br\/pgibt\/wp-json\/wp\/v2\/media?parent=2241"}],"curies":[{"name":"wp","href":"https:\/\/api.w.org\/{rel}","templated":true}]}}