{"id":2230,"date":"2013-10-30T09:33:02","date_gmt":"2013-10-30T11:33:02","guid":{"rendered":"https:\/\/www.infraestruturameioambiente.sp.gov.br\/pgibt\/?page_id=2230"},"modified":"2013-10-30T09:33:02","modified_gmt":"2013-10-30T11:33:02","slug":"2008-dario-martins","status":"publish","type":"page","link":"https:\/\/www.infraestruturameioambiente.sp.gov.br\/pgibt\/dissertacoesteses\/2008-dario-martins\/","title":{"rendered":"Dario Martins Palhares de Melo DR"},"content":{"rendered":"<h2 style=\"text-align: center\"><a href=\"https:\/\/smastr16.blob.core.windows.net\/pgibt\/2015\/02\/faixapos6.jpg\"><img decoding=\"async\" loading=\"lazy\" class=\"aligncenter size-full wp-image-3777\" style=\"border: 0px\" alt=\"faixapos6\" src=\"https:\/\/smastr16.blob.core.windows.net\/pgibt\/2015\/02\/faixapos6.jpg\" width=\"950\" height=\"163\" srcset=\"https:\/\/smastr16.blob.core.windows.net\/pgibt\/2015\/02\/faixapos6.jpg 950w, https:\/\/smastr16.blob.core.windows.net\/pgibt\/2015\/02\/faixapos6-768x131.jpg 768w\" sizes=\"(max-width: 950px) 100vw, 950px\" \/><\/a><\/h2>\n<hr align=\"center\" noshade=\"noshade\" size=\"1\" width=\"100%\" \/>\n<h2 style=\"text-align: center\"><span style=\"color: #003300\">Dario Martins Palhares de Melo<\/span><\/h2>\n<hr align=\"center\" noshade=\"noshade\" size=\"1\" width=\"100%\" \/>\n<p style=\"text-align: center\">No dia 27 de junho de 2008, o aluno de P\u00f3s-Gradua\u00e7\u00e3o\u00a0em Biodiversidade Vegetal e Meio Ambiente do Instituto de Bot\u00e2nica de S\u00e3o Paulo (IBt),<br \/>\nDario Martins Palhares de Melo, defendeu\u00a0sua tese de doutorado intitulada:<br \/>\n&#8220;Respostas fotossint\u00e9ticas\u00a0e germina\u00e7\u00e3o de sementes de\u00a0<em>Smilax goyazana<\/em>\u00a0A. DC. (Smilacaceae)&#8221;.<\/p>\n<p style=\"text-align: center\">A banca examinadora que\u00a0arguiu e aprovou o candidato foi composta pela Dra. L\u00edlian Beatriz Penteado\u00a0Zaidan (Orientadora\/IBt),<br \/>\nDra. Sandra Maria Carmello Guerreiro (Unicamp), Dra.\u00a0Adriana Hissae Hayashi (IBt), Dra. Catarina Carvalho Ni\u00e9vola (IBt) e Dra. Regina\u00a0Maria de Moraes.<\/p>\n<hr align=\"center\" noshade=\"noshade\" size=\"1\" width=\"100%\" \/>\n<h3 style=\"text-align: center\">Respostas\u00a0fotossint\u00e9ticas e germina\u00e7\u00e3o de sementes de\u00a0<em>Smilax goyazana<\/em>\u00a0A. DC. (Smilacaceae)<\/h3>\n<hr align=\"center\" noshade=\"noshade\" size=\"1\" width=\"100%\" \/>\n<h4 style=\"text-align: center\"><strong>RESUMO<\/strong><\/h4>\n<p style=\"text-align: justify\">A fam\u00edlia Smilacaceae \u00e9 um grupo de monocotiled\u00f4neas di\u00f3icas de ocorr\u00eancia mundial. Na Am\u00e9rica do Sul, apenas o g\u00eanero\u00a0<em>Smilax<\/em>\u00a0est\u00e1 representado. No Brasil Central, ocorrem cerca de sete esp\u00e9cies, das quais\u00a0<em>Smilax goyazana<\/em>\u00a0\u00e9 a mais comum, aparecendo com razo\u00e1vel domin\u00e2ncia fitossociol\u00f3gica no estrato herb\u00e1ceo. Entretanto, pouco se conhece sobre essa esp\u00e9cie. Os objetivos deste trabalho foram: comparar as respostas fotossint\u00e9ticas de plantas masculinas e plantas femininas, frente \u00e0s principais vari\u00e1veis ambientais do Cerrado, al\u00e9m de verificar os fatores envolvidos para a obten\u00e7\u00e3o de germina\u00e7\u00e3o das sementes. Os estudos de respostas fotossint\u00e9ticas foram baseados na taxa de assimila\u00e7\u00e3o de carbono e taxa de transpira\u00e7\u00e3o, fluoresc\u00eancia da clorofila a, varia\u00e7\u00e3o diurna do potencial h\u00eddrico foliar. O valor m\u00e1ximo de assimila\u00e7\u00e3o de carbono foi similar entre plantas masculinas e femininas e entre a esta\u00e7\u00e3o seca e a chuvosa, no valor m\u00e9dio de 10,5 (amplitude de 5,5 a 12,3) \u00b5mol CO<sub>2<\/sub>.m<sup>-2<\/sup>.s<sup>-1<\/sup>. As folhas de plantas femininas tenderam a uma maior taxa de transporte de el\u00e9trons que as folhas de plantas masculinas, por\u00e9m, os valores n\u00e3o atingiram a signific\u00e2ncia estat\u00edstica. O potencial h\u00eddrico foliar comporta-se de modo iso\u00eddrico. Foi verificado o efeito combinado, na germina\u00e7\u00e3o de sementes, de quatro regimes de temperatura, aus\u00eancia ou presen\u00e7a de fotoper\u00edodoe exposi\u00e7\u00e3o ou n\u00e3o \u00e0 giberelina. A semente \u00e9 afotobl\u00e1stica, e a germina\u00e7\u00e3o somente ocorreu a 25\u00ba\u00a0C e a 30\u00ba\u00a0C, mas a temperatura de 25\u00a0<sup>o<\/sup>C foi mais prop\u00edcia \u00e0 germina\u00e7\u00e3o que a temperatura de 30\u00baC. A exposi\u00e7\u00e3o \u00e0 giberelina n\u00e3o alterou a germinabilidade. As sementes apresentam teor reduzido de \u00e1gua (11%) e s\u00e3o caracterizadas como oleaginosas. Os polissacar\u00eddeos aparecem como o segundo grupo de compostos de reserva mais abundantes. Conclus\u00e3o: n\u00e3o h\u00e1 diferen\u00e7as entre respostas fotossint\u00e9ticas de plantas masculinas e femininas. O perfil de transpira\u00e7\u00e3o foliar e assimila\u00e7\u00e3o de carbono a indicam como esp\u00e9cie cl\u00edmax no ambiente. Para obten\u00e7\u00e3o de mudas a partir de sementes, o melhor tratamento \u00e9 manter as sementes \u00famidas a 25\u00baC constantes.<\/p>\n<p style=\"text-align: justify\"><strong>Palavras-chave:<\/strong>\u00a0cerrado, seca, Smilacaceae, rad\u00edcula, temperatura \u00f3tima<\/p>\n<p style=\"text-align: center\"><a href=\"https:\/\/smastr16.blob.core.windows.net\/pgibt\/2013\/10\/dario1.jpg\"><img decoding=\"async\" loading=\"lazy\" class=\"alignnone size-full wp-image-2232\" alt=\"dario1\" src=\"https:\/\/smastr16.blob.core.windows.net\/pgibt\/2013\/10\/dario1.jpg\" width=\"246\" height=\"165\" \/><\/a> <a href=\"https:\/\/smastr16.blob.core.windows.net\/pgibt\/2013\/10\/dario2.jpg\"><img decoding=\"async\" loading=\"lazy\" class=\"size-full wp-image-2233 alignnone\" alt=\"dario2\" src=\"https:\/\/smastr16.blob.core.windows.net\/pgibt\/2013\/10\/dario2.jpg\" width=\"246\" height=\"165\" \/><\/a>\u00a0<a href=\"https:\/\/smastr16.blob.core.windows.net\/pgibt\/2013\/10\/dario3.jpg\"><img decoding=\"async\" loading=\"lazy\" class=\"size-full wp-image-2234 alignnone\" alt=\"dario3\" src=\"https:\/\/smastr16.blob.core.windows.net\/pgibt\/2013\/10\/dario3.jpg\" width=\"246\" height=\"172\" \/><\/a><\/p>\n<hr align=\"center\" noshade=\"noshade\" size=\"1\" width=\"100%\" \/>\n<p style=\"text-align: center\"><a href=\"https:\/\/smastr16.blob.core.windows.net\/pgibt\/2013\/09\/pdf_grande.gif\"><img decoding=\"async\" loading=\"lazy\" class=\"aligncenter size-full wp-image-2313\" style=\"border: 0px\" alt=\"pdf_grande\" src=\"https:\/\/smastr16.blob.core.windows.net\/pgibt\/2013\/09\/pdf_grande.gif\" width=\"60\" height=\"60\" \/><\/a><a href=\"https:\/\/smastr16.blob.core.windows.net\/pgibt\/2013\/10\/Dario_Martins_Palhares_de_Melo_DR.pdf\" target=\"_blank\">Dario Martins Palhares de Melo<br \/>\nRespostas fotossint\u00e9ticas e germina\u00e7\u00e3o de sementes de <em>Smilax goyazana<\/em> A. DC. (Smilacaceae)<\/a><\/p>\n<hr align=\"center\" noshade=\"noshade\" size=\"1\" width=\"100%\" \/>\n<p style=\"text-align: center\"><strong>\u00a0<a href=\"https:\/\/www.infraestruturameioambiente.sp.gov.br\/pgibt\/dissertacoesteses\/\">VOLTAR AS DISSERTA\u00c7\u00d5ES E TESES<\/a><\/strong><\/p>\n<hr align=\"center\" noshade=\"noshade\" size=\"1\" width=\"100%\" \/>\n","protected":false},"excerpt":{"rendered":"<p>Dario Martins Palhares de Melo No dia 27 de junho de 2008, o aluno de P\u00f3s-Gradua\u00e7\u00e3o\u00a0em Biodiversidade Vegetal e Meio Ambiente do Instituto de Bot\u00e2nica de S\u00e3o Paulo (IBt), Dario Martins Palhares de Melo, defendeu\u00a0sua tese de doutorado intitulada: &#8220;Respostas fotossint\u00e9ticas\u00a0e germina\u00e7\u00e3o de sementes de\u00a0Smilax goyazana\u00a0A. DC. (Smilacaceae)&#8221;. A banca examinadora que\u00a0arguiu e aprovou o [&hellip;]<\/p>\n","protected":false},"author":1,"featured_media":0,"parent":249,"menu_order":0,"comment_status":"closed","ping_status":"open","template":"fullpage.php","meta":[],"_links":{"self":[{"href":"https:\/\/www.infraestruturameioambiente.sp.gov.br\/pgibt\/wp-json\/wp\/v2\/pages\/2230"}],"collection":[{"href":"https:\/\/www.infraestruturameioambiente.sp.gov.br\/pgibt\/wp-json\/wp\/v2\/pages"}],"about":[{"href":"https:\/\/www.infraestruturameioambiente.sp.gov.br\/pgibt\/wp-json\/wp\/v2\/types\/page"}],"author":[{"embeddable":true,"href":"https:\/\/www.infraestruturameioambiente.sp.gov.br\/pgibt\/wp-json\/wp\/v2\/users\/1"}],"replies":[{"embeddable":true,"href":"https:\/\/www.infraestruturameioambiente.sp.gov.br\/pgibt\/wp-json\/wp\/v2\/comments?post=2230"}],"version-history":[{"count":0,"href":"https:\/\/www.infraestruturameioambiente.sp.gov.br\/pgibt\/wp-json\/wp\/v2\/pages\/2230\/revisions"}],"up":[{"embeddable":true,"href":"https:\/\/www.infraestruturameioambiente.sp.gov.br\/pgibt\/wp-json\/wp\/v2\/pages\/249"}],"wp:attachment":[{"href":"https:\/\/www.infraestruturameioambiente.sp.gov.br\/pgibt\/wp-json\/wp\/v2\/media?parent=2230"}],"curies":[{"name":"wp","href":"https:\/\/api.w.org\/{rel}","templated":true}]}}