{"id":2223,"date":"2013-10-30T09:02:57","date_gmt":"2013-10-30T11:02:57","guid":{"rendered":"https:\/\/www.infraestruturameioambiente.sp.gov.br\/pgibt\/?page_id=2223"},"modified":"2013-10-30T09:02:57","modified_gmt":"2013-10-30T11:02:57","slug":"2008-diana-rasquinha","status":"publish","type":"page","link":"https:\/\/www.infraestruturameioambiente.sp.gov.br\/pgibt\/dissertacoesteses\/2008-diana-rasquinha\/","title":{"rendered":"Diana Rasquinha Yamaguti"},"content":{"rendered":"<h2 style=\"text-align: center\"><a href=\"https:\/\/smastr16.blob.core.windows.net\/pgibt\/2015\/02\/faixapos6.jpg\"><img decoding=\"async\" loading=\"lazy\" class=\"aligncenter size-full wp-image-3777\" style=\"border: 0px\" alt=\"faixapos6\" src=\"https:\/\/smastr16.blob.core.windows.net\/pgibt\/2015\/02\/faixapos6.jpg\" width=\"950\" height=\"163\" srcset=\"https:\/\/smastr16.blob.core.windows.net\/pgibt\/2015\/02\/faixapos6.jpg 950w, https:\/\/smastr16.blob.core.windows.net\/pgibt\/2015\/02\/faixapos6-768x131.jpg 768w\" sizes=\"(max-width: 950px) 100vw, 950px\" \/><\/a><\/h2>\n<hr align=\"center\" noshade=\"noshade\" size=\"1\" width=\"100%\" \/>\n<h2 style=\"text-align: center\"><span style=\"color: #003300\">Diana Rasquinha Yamaguti<\/span><\/h2>\n<hr align=\"center\" noshade=\"noshade\" size=\"1\" width=\"100%\" \/>\n<p style=\"text-align: center\">No dia 23 de mar\u00e7o de 2008,\u00a0<strong>Diana Rasquinha Yamaguti<\/strong>, aluna de P\u00f3s-gradua\u00e7\u00e3o do Instituto de Bot\u00e2nica da Secretaria do Meio Ambiente do Estado de S\u00e3o Paulo, bolsista do CNPq sob a orienta\u00e7\u00e3o da Dra. Solange C. Mazzoni-Viveiros e colabora\u00e7\u00e3o do Dr. F\u00e1bio de Barros,<br \/>\ndefendeu sua disserta\u00e7\u00e3o de Mestrado, intitulada<br \/>\n&#8220;Estudos foliares em doze esp\u00e9cies de Orchidaceae (Subtribo Pleurothallidinae _ G\u00eaneros\u00a0<em>Brachionidium<\/em>\u00a0Lindl.,\u00a0<em>Echinosepala<\/em>\u00a0Pridgeon &amp; M. W. Chase,\u00a0<em>Myoxanthus<\/em>\u00a0Poepp. &amp; Endl.,\u00a0<em>Octomeria\u00a0<\/em>R. Br.,\u00a0<em>Pleurothallopsis<\/em>\u00a0Porto &amp; Brade)&#8221;.<\/p>\n<p style=\"text-align: center\">A banca examinadora foi composta pela Dra. Maria Candida Henrique Mamede (Coordenadora da \u00c1rea de Plantas Vasculares),\u00a0em substitui\u00e7\u00e3o \u00e0 orientadora,<br \/>\nDra. Agnes Elisete Luchi (Se\u00e7\u00e3o de Anatomia e Morfologia\/IBt) e Dr. Wellington Forster (ESALQ).<\/p>\n<p style=\"text-align: center\">O objetivo do trabalho foi caracterizar estruturalmente as folhas de esp\u00e9cies ep\u00edfitas de duas se\u00e7\u00f5es do g\u00eanero Octomeria R. Br. (se\u00e7\u00f5es Octomeria e Teretifoliae) e dos g\u00eaneros pr\u00f3ximos\u00a0<em>Brachionidium\u00a0<\/em>Lindl.,\u00a0<em>Echinosepala\u00a0<\/em>Pridgeon &amp; . M.W. Chase,\u00a0<em>Myoxanthus<\/em>\u00a0Poepp. &amp; Endl. e\u00a0<em>Pleurothallopsis\u00a0<\/em>Porto &amp; Brade), pertencentes \u00e0 subtribo Pleurothallidinae da fam\u00edlia Orchidaceae, visando fornecer dados de cunho taxon\u00f4mico e<br \/>\ndetectar poss\u00edveis adapta\u00e7\u00f5es anat\u00f4micas e fisiol\u00f3gicas ao h\u00e1bito epif\u00edtico.<\/p>\n<p><img decoding=\"async\" loading=\"lazy\" class=\"aligncenter\" alt=\"\" src=\"https:\/\/smastr16.blob.core.windows.net\/pgibt\/2013\/10\/dianaYamaguti1.jpg\" width=\"246\" height=\"178\" \/><\/p>\n<hr align=\"center\" noshade=\"noshade\" size=\"1\" width=\"100%\" \/>\n<h3 style=\"text-align: center\">&#8220;Estudos foliares em doze esp\u00e9cies de Orchidaceae (Subtribo Pleurothallidinae _ G\u00eaneros<em> Brachionidium<\/em> Lindl., <em>Echinosepala<\/em> Pridgeon &amp; M. W. Chase, <em>Myoxanthus<\/em> Poepp. &amp; Endl., <em>Octomeria<\/em> R. Br., <em>Pleurothallopsis<\/em> Porto &amp; Brade)&#8221;.<\/h3>\n<hr align=\"center\" noshade=\"noshade\" size=\"1\" width=\"100%\" \/>\n<h4 style=\"text-align: center\"><strong>RESUMO<\/strong><\/h4>\n<p style=\"text-align: justify\">A partir dos dados obtidos foi poss\u00edvel montar uma chave de identifica\u00e7\u00e3o das esp\u00e9cies estudadas, onde os caracteres de import\u00e2ncia taxon\u00f4mica utilizados foram presen\u00e7a ou aus\u00eancia de par\u00eanquima radiado, presen\u00e7a ou aus\u00eancia de tricoma (glandular ou papiloso), espessura da cut\u00edcula, par\u00eanquima homog\u00eaneo ou heterog\u00eaneo, n\u00famero de s\u00e9ries de feixes vasculares (uma a tr\u00eas), feixe vascular da borda foliar diferenciado; tipo de cristal (drusa, r\u00e1fide coral\u00f3ide, r\u00e1fide paralela ou prism\u00e1tico).<br \/>\nAs caracter\u00edsticas encontradas relacionadas \u00e0 adapta\u00e7\u00e3o ao ambiente epif\u00edtico foram tricomas em depress\u00f5es, cut\u00edcula espessa e r\u00e1fides coral\u00f3ides, est\u00f4matos restritos \u00e0 face abaxial, par\u00eanquima aq\u00fc\u00edfero com idioblastos de paredes plicadas, feixes vasculares envoltos por fibras lignificadas e distribu\u00eddos no ter\u00e7o inferior da folha, camada subepid\u00e9rmica com paredes espessadas (&#8220;hipoderme&#8221;).<br \/>\nA presen\u00e7a de par\u00eanquima radiado e sucul\u00eancia, sugerindo a ocorr\u00eancia, respectivamente, de metabolismos dos tipos C4 ou CAM, foram analisadas anatomicamente e atrav\u00e9s da acidez vacuolar em tr\u00eas esp\u00e9cies, refor\u00e7ando a possibilidade de algumas esp\u00e9cies da fam\u00edlia possu\u00edrem tecido Kranz e n\u00e3o confirmando, ainda, a possibilidade da presen\u00e7a do tipo CAM. Novas an\u00e1lises, utilizando diferentes t\u00e9cnicas espec\u00edficas, s\u00e3o necess\u00e1rias para melhor caracteriza\u00e7\u00e3o dos metabolismos presentes na fam\u00edlia.<\/p>\n<p><a href=\"https:\/\/smastr16.blob.core.windows.net\/pgibt\/2013\/10\/DianaYamaguti2.jpg\"><img decoding=\"async\" loading=\"lazy\" class=\"aligncenter\" alt=\"\" src=\"https:\/\/smastr16.blob.core.windows.net\/pgibt\/2013\/10\/DianaYamaguti2.jpg\" width=\"185\" height=\"246\" \/><\/a><\/p>\n<hr align=\"center\" noshade=\"noshade\" size=\"1\" width=\"100%\" \/>\n<p style=\"text-align: center\"><a href=\"https:\/\/smastr16.blob.core.windows.net\/pgibt\/2013\/09\/pdf_grande.gif\"><img decoding=\"async\" loading=\"lazy\" class=\"aligncenter size-full wp-image-2313\" style=\"border: 0px\" alt=\"pdf_grande\" src=\"https:\/\/smastr16.blob.core.windows.net\/pgibt\/2013\/09\/pdf_grande.gif\" width=\"60\" height=\"60\" \/><\/a><a href=\"https:\/\/smastr16.blob.core.windows.net\/pgibt\/2013\/10\/Diana_Rasquinha_Yamaguti_MS.pdf\" target=\"_blank\">Diana Rasquinha Yamaguti<br \/>\nEstudos foliares em doze esp\u00e9cies de Orchidaceae<br \/>\n(Subtribo Pleurothallidinae G\u00eaneros <em>Brachionidium<\/em> Lindl.,<em> Echinosepala<\/em> Pridgeon &amp; M. W. Chase, <em>Myoxanthus<\/em> Poepp. &amp; Endl.,<br \/>\n<em>Octomeria<\/em> R. Br., <em>Pleurothallopsis<\/em> Porto &amp; Brade)<\/a><\/p>\n<hr align=\"center\" noshade=\"noshade\" size=\"1\" width=\"100%\" \/>\n<p style=\"text-align: center\"><strong>\u00a0<a href=\"https:\/\/www.infraestruturameioambiente.sp.gov.br\/pgibt\/dissertacoesteses\/\">VOLTAR AS DISSERTA\u00c7\u00d5ES E TESES<\/a><\/strong><\/p>\n<hr align=\"center\" noshade=\"noshade\" size=\"1\" width=\"100%\" \/>\n","protected":false},"excerpt":{"rendered":"<p>Diana Rasquinha Yamaguti No dia 23 de mar\u00e7o de 2008,\u00a0Diana Rasquinha Yamaguti, aluna de P\u00f3s-gradua\u00e7\u00e3o do Instituto de Bot\u00e2nica da Secretaria do Meio Ambiente do Estado de S\u00e3o Paulo, bolsista do CNPq sob a orienta\u00e7\u00e3o da Dra. Solange C. Mazzoni-Viveiros e colabora\u00e7\u00e3o do Dr. F\u00e1bio de Barros, defendeu sua disserta\u00e7\u00e3o de Mestrado, intitulada &#8220;Estudos foliares [&hellip;]<\/p>\n","protected":false},"author":1,"featured_media":0,"parent":249,"menu_order":0,"comment_status":"closed","ping_status":"open","template":"fullpage.php","meta":[],"_links":{"self":[{"href":"https:\/\/www.infraestruturameioambiente.sp.gov.br\/pgibt\/wp-json\/wp\/v2\/pages\/2223"}],"collection":[{"href":"https:\/\/www.infraestruturameioambiente.sp.gov.br\/pgibt\/wp-json\/wp\/v2\/pages"}],"about":[{"href":"https:\/\/www.infraestruturameioambiente.sp.gov.br\/pgibt\/wp-json\/wp\/v2\/types\/page"}],"author":[{"embeddable":true,"href":"https:\/\/www.infraestruturameioambiente.sp.gov.br\/pgibt\/wp-json\/wp\/v2\/users\/1"}],"replies":[{"embeddable":true,"href":"https:\/\/www.infraestruturameioambiente.sp.gov.br\/pgibt\/wp-json\/wp\/v2\/comments?post=2223"}],"version-history":[{"count":0,"href":"https:\/\/www.infraestruturameioambiente.sp.gov.br\/pgibt\/wp-json\/wp\/v2\/pages\/2223\/revisions"}],"up":[{"embeddable":true,"href":"https:\/\/www.infraestruturameioambiente.sp.gov.br\/pgibt\/wp-json\/wp\/v2\/pages\/249"}],"wp:attachment":[{"href":"https:\/\/www.infraestruturameioambiente.sp.gov.br\/pgibt\/wp-json\/wp\/v2\/media?parent=2223"}],"curies":[{"name":"wp","href":"https:\/\/api.w.org\/{rel}","templated":true}]}}