{"id":2213,"date":"2013-10-29T14:49:29","date_gmt":"2013-10-29T16:49:29","guid":{"rendered":"https:\/\/www.infraestruturameioambiente.sp.gov.br\/pgibt\/?page_id=2213"},"modified":"2013-10-29T14:49:29","modified_gmt":"2013-10-29T16:49:29","slug":"2008-eduardo-custodio","status":"publish","type":"page","link":"https:\/\/www.infraestruturameioambiente.sp.gov.br\/pgibt\/dissertacoesteses\/2008-eduardo-custodio\/","title":{"rendered":"Eduardo Cust\u00f3dio Gasparino"},"content":{"rendered":"<h2 style=\"text-align: center\"><a href=\"https:\/\/smastr16.blob.core.windows.net\/pgibt\/2015\/02\/faixapos6.jpg\"><img decoding=\"async\" loading=\"lazy\" class=\"aligncenter size-full wp-image-3777\" style=\"border: 0px\" alt=\"faixapos6\" src=\"https:\/\/smastr16.blob.core.windows.net\/pgibt\/2015\/02\/faixapos6.jpg\" width=\"950\" height=\"163\" srcset=\"https:\/\/smastr16.blob.core.windows.net\/pgibt\/2015\/02\/faixapos6.jpg 950w, https:\/\/smastr16.blob.core.windows.net\/pgibt\/2015\/02\/faixapos6-768x131.jpg 768w\" sizes=\"(max-width: 950px) 100vw, 950px\" \/><\/a><\/h2>\n<hr align=\"center\" noshade=\"noshade\" size=\"1\" width=\"100%\" \/>\n<h2 style=\"text-align: center\"><span style=\"color: #003300\">Eduardo Cust\u00f3dio Gasparino<\/span><\/h2>\n<hr align=\"center\" noshade=\"noshade\" size=\"1\" width=\"100%\" \/>\n<p style=\"text-align: center\">No dia 22 de julho de 2008, o aluno Eduardo Cust\u00f3dio Gasparino do Programa de P\u00f3s-Gradua\u00e7\u00e3o em Biodiversidade Vegetal e Meio Ambiente,<br \/>\ndefendeu sua tese de doutorado intitulada<br \/>\n&#8220;Palinotaxonomia de esp\u00e9cies brasileiras de Gesneriaceae, com \u00eanfase nas ocorrentes no Estado de S\u00e3o Paulo&#8221;.<\/p>\n<p style=\"text-align: center\">A banca examinadora foi composta por sua orientadora Dra. Maria Am\u00e9lia Vitorino da Cruz-Barros, Dra. Andr\u00e9a de Araujo, Dra. Cynthia Fernandes Pinto da Luz, Dr. Luciano Mauricio Esteves e Dr. Francisco de Assis Santos.<\/p>\n<p style=\"text-align: center\"><a href=\"https:\/\/smastr16.blob.core.windows.net\/pgibt\/2013\/10\/edu_gasparino1.jpg\"><img decoding=\"async\" loading=\"lazy\" alt=\"\" src=\"https:\/\/smastr16.blob.core.windows.net\/pgibt\/2013\/10\/edu_gasparino1.jpg\" width=\"250\" height=\"187\" \/><\/a><\/p>\n<hr align=\"center\" noshade=\"noshade\" size=\"1\" width=\"100%\" \/>\n<h2 style=\"text-align: center\">Palinotaxonomia de esp\u00e9cies brasileiras de Gesneriaceae,<br \/>\ncom \u00eanfase nas ocorrentes no Estado de S\u00e3o Paulo<\/h2>\n<hr align=\"center\" noshade=\"noshade\" size=\"1\" width=\"100%\" \/>\n<h4 style=\"text-align: center\"><strong>RESUMO<\/strong><\/h4>\n<p style=\"text-align: justify\">Foram estudados os gr\u00e3os de p\u00f3len de 76 esp\u00e9cies brasileiras de Gesneriaceae, pertencentes a 11 g\u00eaneros. O presente estudo teve como objetivo analisar e descrever a morfologia pol\u00ednica de Gesneriaceae e contribuir para a taxonomia da fam\u00edlia. Os gr\u00e3os de p\u00f3len foram acetolisados, medidos, descritos e fotografados sob microscopia \u00f3ptica e, em alguns casos, sob microscopia eletr\u00f4nica de varredura e de transmiss\u00e3o.<\/p>\n<p style=\"text-align: justify\">As medidas receberam tratamento estat\u00edstico de acordo com a amostra.Foram encontrados gr\u00e3os de p\u00f3len pequenos (<em>Besleria e Napeanthus<\/em>) ou m\u00e9dios (demais g\u00eaneros), isopolares, 3-colpados (<em>Nematanthus e Paliavana werdermannii<\/em>) a 3-colporados (demais esp\u00e9cies), colpos longos, largos ou estreitos (<em>Besleria longimucronata, B. umbrosa, Gloxinia erinoides, Mandirola hirsuta, M. petraea,\u00a0\u00a0M. rupicola, Napeanthus primulifolius, N. reitzii, Sinningia\u00a0curtiflora, S. defoliata, S. nivalis, S. rupicola, S. sellovi, Sphaerorrhiza\u00a0burchelli e S. sarmentiana<\/em>), endoabertura lalongada\u00a0(<em>Codonanthe carnosa, C. gracilis, C. venosa<\/em>), circulares\u00a0(<em>Gloxinia perennis<\/em>) a lolongada (demais esp\u00e9cies).Todas as esp\u00e9cies apresentaram membrana apertural\u00a0granulada.<\/p>\n<p style=\"text-align: justify\">A ornamenta\u00e7\u00e3o variou de psilado-perfurada\u00a0(<i>Besleria longimucronata<\/i>), rugulada (<em>B. umbrosa<\/em>),\u00a0microrreticulada (<em>B.selloana, Napeanthus, Mandirola,\u00a0Seemannia, Sphaerorrhiza, Paliavana werdermanni, Sinningia\u00a0e Vanhouttea calcarata<\/em>) a reticulada (<em>Gloxinia, Codonanthe,\u00a0Nematanthus e Paliavana sericiflora<\/em>), sexina mais espessa\u00a0que a nexina. Pelos resultados obtidos verificou-se que\u00a0a fam\u00edlia Gesneriaceae \u00e9 euripol\u00ednica.<\/p>\n<p style=\"text-align: justify\">A morfologia pol\u00ednica mostrou-se importante taxonomicamente,\u00a0por ter auxiliado na circunscri\u00e7\u00e3o gen\u00e9rica\u00a0e espec\u00edfica de alguns t\u00e1xons.<\/p>\n<hr align=\"center\" noshade=\"noshade\" size=\"1\" width=\"100%\" \/>\n<p style=\"text-align: center\"><a href=\"https:\/\/smastr16.blob.core.windows.net\/pgibt\/2013\/09\/pdf_grande.gif\"><img decoding=\"async\" loading=\"lazy\" class=\"aligncenter size-full wp-image-2313\" style=\"border: 0px\" alt=\"pdf_grande\" src=\"https:\/\/smastr16.blob.core.windows.net\/pgibt\/2013\/09\/pdf_grande.gif\" width=\"60\" height=\"60\" \/><\/a><a href=\"https:\/\/smastr16.blob.core.windows.net\/pgibt\/2013\/10\/Eduardo_Custodio_Gasparino_DR.pdf\" target=\"_blank\">Eduardo Cust\u00f3dio Gasparino<br \/>\nPalinotaxonomia de esp\u00e9cies brasileiras de Gesneriaceae, com \u00eanfase nas ocorrentes no Estado de S\u00e3o Paulo<\/a><\/p>\n<hr align=\"center\" noshade=\"noshade\" size=\"1\" width=\"100%\" \/>\n<p style=\"text-align: center\"><strong>\u00a0<a href=\"https:\/\/www.infraestruturameioambiente.sp.gov.br\/pgibt\/dissertacoesteses\/\">VOLTAR AS DISSERTA\u00c7\u00d5ES E TESES<\/a><\/strong><\/p>\n<hr align=\"center\" noshade=\"noshade\" size=\"1\" width=\"100%\" \/>\n","protected":false},"excerpt":{"rendered":"<p>Eduardo Cust\u00f3dio Gasparino No dia 22 de julho de 2008, o aluno Eduardo Cust\u00f3dio Gasparino do Programa de P\u00f3s-Gradua\u00e7\u00e3o em Biodiversidade Vegetal e Meio Ambiente, defendeu sua tese de doutorado intitulada &#8220;Palinotaxonomia de esp\u00e9cies brasileiras de Gesneriaceae, com \u00eanfase nas ocorrentes no Estado de S\u00e3o Paulo&#8221;. A banca examinadora foi composta por sua orientadora Dra. [&hellip;]<\/p>\n","protected":false},"author":1,"featured_media":0,"parent":249,"menu_order":0,"comment_status":"closed","ping_status":"open","template":"fullpage.php","meta":[],"_links":{"self":[{"href":"https:\/\/www.infraestruturameioambiente.sp.gov.br\/pgibt\/wp-json\/wp\/v2\/pages\/2213"}],"collection":[{"href":"https:\/\/www.infraestruturameioambiente.sp.gov.br\/pgibt\/wp-json\/wp\/v2\/pages"}],"about":[{"href":"https:\/\/www.infraestruturameioambiente.sp.gov.br\/pgibt\/wp-json\/wp\/v2\/types\/page"}],"author":[{"embeddable":true,"href":"https:\/\/www.infraestruturameioambiente.sp.gov.br\/pgibt\/wp-json\/wp\/v2\/users\/1"}],"replies":[{"embeddable":true,"href":"https:\/\/www.infraestruturameioambiente.sp.gov.br\/pgibt\/wp-json\/wp\/v2\/comments?post=2213"}],"version-history":[{"count":0,"href":"https:\/\/www.infraestruturameioambiente.sp.gov.br\/pgibt\/wp-json\/wp\/v2\/pages\/2213\/revisions"}],"up":[{"embeddable":true,"href":"https:\/\/www.infraestruturameioambiente.sp.gov.br\/pgibt\/wp-json\/wp\/v2\/pages\/249"}],"wp:attachment":[{"href":"https:\/\/www.infraestruturameioambiente.sp.gov.br\/pgibt\/wp-json\/wp\/v2\/media?parent=2213"}],"curies":[{"name":"wp","href":"https:\/\/api.w.org\/{rel}","templated":true}]}}