{"id":2209,"date":"2013-10-29T14:35:29","date_gmt":"2013-10-29T16:35:29","guid":{"rendered":"https:\/\/www.infraestruturameioambiente.sp.gov.br\/pgibt\/?page_id=2209"},"modified":"2013-10-29T14:35:29","modified_gmt":"2013-10-29T16:35:29","slug":"2008-elaine-lima","status":"publish","type":"page","link":"https:\/\/www.infraestruturameioambiente.sp.gov.br\/pgibt\/dissertacoesteses\/2008-elaine-lima\/","title":{"rendered":"Elaine Lima Silva MS"},"content":{"rendered":"<h2 style=\"text-align: center\"><a href=\"https:\/\/smastr16.blob.core.windows.net\/pgibt\/2015\/02\/faixapos6.jpg\"><img decoding=\"async\" loading=\"lazy\" class=\"aligncenter size-full wp-image-3777\" style=\"border: 0px\" alt=\"faixapos6\" src=\"https:\/\/smastr16.blob.core.windows.net\/pgibt\/2015\/02\/faixapos6.jpg\" width=\"950\" height=\"163\" srcset=\"https:\/\/smastr16.blob.core.windows.net\/pgibt\/2015\/02\/faixapos6.jpg 950w, https:\/\/smastr16.blob.core.windows.net\/pgibt\/2015\/02\/faixapos6-768x131.jpg 768w\" sizes=\"(max-width: 950px) 100vw, 950px\" \/><\/a><\/h2>\n<hr align=\"center\" noshade=\"noshade\" size=\"1\" width=\"100%\" \/>\n<h2 style=\"text-align: center\"><span style=\"color: #003300\">Elaine Lima Silva<\/span><\/h2>\n<hr align=\"center\" noshade=\"noshade\" size=\"1\" width=\"100%\" \/>\n<p style=\"text-align: center\">No dia 30 de maio de 2008, a aluna do Programa de P\u00f3s-Gradua\u00e7\u00e3o em Biodiversidade Vegetal e Meio Ambiente do Instituto de Bot\u00e2nica, Elaine Lima Silva,<br \/>\ndefendeu sua disserta\u00e7\u00e3o de mestrado intitulada<br \/>\n&#8220;Estudo pol\u00ednico das esp\u00e9cies de <em>Phyllanthus<\/em> L. subgen. <em>Conami<\/em> (Aubl.) G.L. Webster, subgen. <em>Isocladus<\/em> G.L. Webster e subgen. <em>Phyllanthus<\/em> no Brasil.&#8221;<\/p>\n<p style=\"text-align: center\">A banca examinadora foi composta por sua orientadora da Dr\u00aa Maria Am\u00e9lia Vitorino da Cruz Barros (Instituto de Bot\u00e2nica),<br \/>\nDr\u00aa In\u00eas Cordeiro (Instituto de Bot\u00e2nica) e Dr\u00aa Claudia Barbieri Ferreira Mendon\u00e7a (Museu Nacional \/ UFRJ).<\/p>\n<p><a href=\"https:\/\/smastr16.blob.core.windows.net\/pgibt\/2013\/10\/elainelima1.jpg\"><img decoding=\"async\" loading=\"lazy\" class=\"aligncenter\" alt=\"\" src=\"https:\/\/smastr16.blob.core.windows.net\/pgibt\/2013\/10\/elainelima1.jpg\" width=\"306\" height=\"210\" \/><\/a><\/p>\n<hr align=\"center\" noshade=\"noshade\" size=\"1\" width=\"100%\" \/>\n<h3 style=\"text-align: center\">Estudo pol\u00ednico das esp\u00e9cies de\u00a0<em>Phyllanthus<\/em>\u00a0L. subgen.\u00a0<em>Conami<\/em>\u00a0(Aubl.) G.L.\u00a0Webster,<br \/>\nsubgen.\u00a0<em>Isocladus<\/em>\u00a0G.L. Webster e subgen.\u00a0<em>Phyllanthus<\/em>\u00a0no Brasil<\/h3>\n<hr align=\"center\" noshade=\"noshade\" size=\"1\" width=\"100%\" \/>\n<h4 style=\"text-align: center\"><strong>RESUMO<\/strong><\/h4>\n<p style=\"text-align: justify\">O trabalho teve como objetivo estudar a morfologia pol\u00ednica de 30 esp\u00e9cies do g\u00eanero\u00a0<em>Phyllanthus<\/em>\u00a0ocorrentes no Brasil, pertencentes aos subg\u00eaneros <em>Conami<\/em>,\u00a0<em>Isocladus<\/em>\u00a0e\u00a0<em>Phyllanthus<\/em>, visando avaliar se os dados morfo-pol\u00ednicos permitem o reconhecimento das esp\u00e9cies ou grupos de esp\u00e9cies, dando, dessa forma subs\u00eddios para a taxonomia do g\u00eanero, principalmente na sua delimita\u00e7\u00e3o infragen\u00e9rica, bem como para ci\u00eancias afins que utilizam dados morfo-palinol\u00f3gicos.<\/p>\n<p style=\"text-align: justify\">Os gr\u00e3os de p\u00f3len foram acetolisados, medidos, descritos e fotografados sob microscopia \u00f3ptica e eletr\u00f4nica de varredura. As medidas receberam tratamento estat\u00edstico adequado ao tamanho da amostra.<\/p>\n<p style=\"text-align: justify\">De acordo com a abertura dos gr\u00e3os de p\u00f3len as esp\u00e9cies estudadas foram classificadas em dois tipos pol\u00ednicos: tipo I: gr\u00e3os de p\u00f3len porados &#8211; pantoporados, clipeados (<em>P. bahiensis<\/em>\u00a0M\u00fcll. Arg., subg\u00eanero\u00a0<em>Isocladus<\/em>). Tipo II: gr\u00e3os de p\u00f3len colporados &#8211; II.1a. &#8211; 3-colporados com uma \u00fanica endoabertura por colpo, exina microrreticulada (<em>P. amarus<\/em>\u00a0Schumach. &amp; Thonn. e\u00a0<em>P. debilis<\/em>\u00a0Klein ex Willd., subg\u00eanero Phyllanthus) a reticulada (<em>P. fluitans<\/em>\u00a0Benth. ex M\u00fcll. Arg.,\u00a0<em>P. lindbergii<\/em>\u00a0M\u00fcll. Arg.,\u00a0<em>P. minutulu\u00a0<\/em>M\u00fcll. Arg.,<em>\u00a0P. stipulatus<\/em>\u00a0(Raf.) G.L. Webster, subg\u00eanero\u00a0<em>Phyllanthus<\/em>); II.1b. &#8211; 3-colporados com duas endoaberturas por colpo, pilados (<em>P. acuminatus<\/em>\u00a0Vahl, subg\u00eanero\u00a0<em>Conami<\/em>); II.2. &#8211; 4-colporados, exina microrreticulada (<em>P. avicularis<\/em>\u00a0M\u00fcll. Arg.,\u00a0<em>P. almadensis<\/em>\u00a0M\u00fcll. Arg.,\u00a0<em>P. heteradenius\u00a0<\/em>M\u00fcll. Arg.,\u00a0<em>P. hypoleuscus<\/em>\u00a0M\u00fcll. Arg.,\u00a0<em>P. subemarginatus<\/em>\u00a0M\u00fcll. Arg., subg\u00eanero\u00a0<em>Phyllanthus<\/em>\u00a0e\u00a0<em>P. caroliniensis<\/em>\u00a0Walter, subg\u00eanero\u00a0<em>Isocladus)\u00a0<\/em>a reticulada (<em>P. acutifolius<\/em>\u00a0Poir. ex Spreng.,\u00a0<em>P. arenicola<\/em>\u00a0Casar.,<em>\u00a0P. caparaoensis\u00a0<\/em>G.L. Webster,\u00a0<em>P. claussenii<\/em>\u00a0M\u00fcll. Arg.,\u00a0<em>P. fastigiatus<\/em>\u00a0Mart. ex M\u00fcll. Arg.,\u00a0<em>P. glaziovii<\/em>\u00a0M\u00fcll. Arg,<em>\u00a0P. leptophyllus<\/em>\u00a0M\u00fcll. Arg,\u00a0<em>P. niruri<\/em>\u00a0L.,\u00a0<em>P. perpusillus<\/em>\u00a0Baill.,\u00a0<em>P. piranii<\/em>\u00a0G.L. Webster,\u00a0<em>P. rosellus<\/em>\u00a0M\u00fcll. Arg., e\u00a0<em>P. tenellus<\/em>\u00a0Roxb., subg\u00eanero\u00a0<em>Phyllanthus\u00a0<\/em>e\u00a0<em>P. dawsonii<\/em>\u00a0Steyerm.,\u00a0<em>P. pinifolius\u00a0<\/em>Baill.,<em>\u00a0P. ramillosus<\/em>\u00a0M\u00fcll. Arg.,\u00a0<em>P. rosmarinifolius<\/em>\u00a0M\u00fcll. Arg., subg\u00eanero\u00a0<em>Isocladus<\/em>).<\/p>\n<p style=\"text-align: justify\">O subg\u00eanero\u00a0<em>Isocladus<\/em>, apresentou gr\u00e3os de p\u00f3len pantoporados com exina clipeada e 4-colporados com ornamenta\u00e7\u00e3o da exina reticulada. O subg\u00eanero\u00a0<em>Conami<\/em>, apresentou gr\u00e3os de p\u00f3len diploporados com ornamenta\u00e7\u00e3o da exina pilada.O subg\u00eanero\u00a0<em>Phyllanthus<\/em>\u00a0apresentou gr\u00e3os de p\u00f3len 3 e 4- colporados e ornamenta\u00e7\u00e3o da exina microrreticulada a reticulada. Essas caracter\u00edsticas, permitiram separar, entre si, a maioria das esp\u00e9cies, embora n\u00e3o tenham guardado rela\u00e7\u00e3o com as se\u00e7\u00f5es e subse\u00e7\u00f5es. Tanto no caso do subg\u00eanero Isocladus quanto do subg\u00eanero\u00a0<em>Phyllanthus<\/em>, portanto, os dados pol\u00ednicos foram \u00fateis na separa\u00e7\u00e3o das esp\u00e9cies, embora n\u00e3o tenham refletido a subdivis\u00e3o infra-gen\u00e9rica.<\/p>\n<hr align=\"center\" noshade=\"noshade\" size=\"1\" width=\"100%\" \/>\n<p style=\"text-align: center\"><a href=\"https:\/\/smastr16.blob.core.windows.net\/pgibt\/2013\/09\/pdf_grande.gif\"><img decoding=\"async\" loading=\"lazy\" class=\"aligncenter size-full wp-image-2313\" style=\"border: 0px\" alt=\"pdf_grande\" src=\"https:\/\/smastr16.blob.core.windows.net\/pgibt\/2013\/09\/pdf_grande.gif\" width=\"60\" height=\"60\" \/><\/a><a href=\"https:\/\/smastr16.blob.core.windows.net\/pgibt\/2013\/10\/Elaine_Lima_Silva_MS.pdf\" target=\"_blank\">Elaine Lima Silva<br \/>\nEstudo pol\u00ednico das esp\u00e9cies de <em>Phyllanthus<\/em> L. subgen. <em>Conami<\/em> (Aubl.) G.L. Webster,<br \/>\nsubgen. <em>Isocladus<\/em> G.L. Webster e subgen. <em>Phyllanthus<\/em> no Brasil<\/a><\/p>\n<hr align=\"center\" noshade=\"noshade\" size=\"1\" width=\"100%\" \/>\n<p style=\"text-align: center\"><strong>\u00a0<a href=\"https:\/\/www.infraestruturameioambiente.sp.gov.br\/pgibt\/dissertacoesteses\/\">VOLTAR AS DISSERTA\u00c7\u00d5ES E TESES<\/a><\/strong><\/p>\n<hr align=\"center\" noshade=\"noshade\" size=\"1\" width=\"100%\" \/>\n","protected":false},"excerpt":{"rendered":"<p>Elaine Lima Silva No dia 30 de maio de 2008, a aluna do Programa de P\u00f3s-Gradua\u00e7\u00e3o em Biodiversidade Vegetal e Meio Ambiente do Instituto de Bot\u00e2nica, Elaine Lima Silva, defendeu sua disserta\u00e7\u00e3o de mestrado intitulada &#8220;Estudo pol\u00ednico das esp\u00e9cies de Phyllanthus L. subgen. Conami (Aubl.) G.L. Webster, subgen. Isocladus G.L. Webster e subgen. Phyllanthus no [&hellip;]<\/p>\n","protected":false},"author":1,"featured_media":0,"parent":249,"menu_order":0,"comment_status":"closed","ping_status":"open","template":"fullpage.php","meta":[],"_links":{"self":[{"href":"https:\/\/www.infraestruturameioambiente.sp.gov.br\/pgibt\/wp-json\/wp\/v2\/pages\/2209"}],"collection":[{"href":"https:\/\/www.infraestruturameioambiente.sp.gov.br\/pgibt\/wp-json\/wp\/v2\/pages"}],"about":[{"href":"https:\/\/www.infraestruturameioambiente.sp.gov.br\/pgibt\/wp-json\/wp\/v2\/types\/page"}],"author":[{"embeddable":true,"href":"https:\/\/www.infraestruturameioambiente.sp.gov.br\/pgibt\/wp-json\/wp\/v2\/users\/1"}],"replies":[{"embeddable":true,"href":"https:\/\/www.infraestruturameioambiente.sp.gov.br\/pgibt\/wp-json\/wp\/v2\/comments?post=2209"}],"version-history":[{"count":0,"href":"https:\/\/www.infraestruturameioambiente.sp.gov.br\/pgibt\/wp-json\/wp\/v2\/pages\/2209\/revisions"}],"up":[{"embeddable":true,"href":"https:\/\/www.infraestruturameioambiente.sp.gov.br\/pgibt\/wp-json\/wp\/v2\/pages\/249"}],"wp:attachment":[{"href":"https:\/\/www.infraestruturameioambiente.sp.gov.br\/pgibt\/wp-json\/wp\/v2\/media?parent=2209"}],"curies":[{"name":"wp","href":"https:\/\/api.w.org\/{rel}","templated":true}]}}