{"id":2201,"date":"2013-10-29T14:24:54","date_gmt":"2013-10-29T16:24:54","guid":{"rendered":"https:\/\/www.infraestruturameioambiente.sp.gov.br\/pgibt\/?page_id=2201"},"modified":"2013-10-29T14:24:54","modified_gmt":"2013-10-29T16:24:54","slug":"2008-jucara-bordin","status":"publish","type":"page","link":"https:\/\/www.infraestruturameioambiente.sp.gov.br\/pgibt\/dissertacoesteses\/2008-jucara-bordin\/","title":{"rendered":"Ju\u00e7ara Bordin MS"},"content":{"rendered":"<h2 style=\"text-align: center\"><a href=\"https:\/\/smastr16.blob.core.windows.net\/pgibt\/2015\/02\/faixapos6.jpg\"><img decoding=\"async\" loading=\"lazy\" class=\"aligncenter size-full wp-image-3777\" style=\"border: 0px\" alt=\"faixapos6\" src=\"https:\/\/smastr16.blob.core.windows.net\/pgibt\/2015\/02\/faixapos6.jpg\" width=\"950\" height=\"163\" srcset=\"https:\/\/smastr16.blob.core.windows.net\/pgibt\/2015\/02\/faixapos6.jpg 950w, https:\/\/smastr16.blob.core.windows.net\/pgibt\/2015\/02\/faixapos6-768x131.jpg 768w\" sizes=\"(max-width: 950px) 100vw, 950px\" \/><\/a><\/h2>\n<hr align=\"center\" noshade=\"noshade\" size=\"1\" width=\"100%\" \/>\n<h2 style=\"text-align: center\"><span style=\"color: #003300\">Ju\u00e7ara Bordin<\/span><\/h2>\n<hr align=\"center\" noshade=\"noshade\" size=\"1\" width=\"100%\" \/>\n<p style=\"text-align: center\">No dia 28 de fevereiro de 2008, Ju\u00e7ara Bordin, aluna do Programa de P\u00f3s-Gradua\u00e7\u00e3o em Biodiversidade Vegetal e Meio Ambiente do Instituto de Bot\u00e2nica e Bolsista CAPES, defendeu a disserta\u00e7\u00e3o de mestrado intitulada<br \/>\n&#8220;Bri\u00f3fitas do Centro urbano de Caxias do Sul, Rio Grande do Sul, Brasil&#8221;.<\/p>\n<p style=\"text-align: center\">A banca examinadora foi composta pela Dra. Olga Yano (Orientadora\/IBt), Dra. Andr\u00e9a Pereira Luizi-Ponzo (UFJF) e<br \/>\nDr. Eduardo Pereira Cabral Gomes (IBt).<\/p>\n<p style=\"text-align: center\"><a href=\"https:\/\/smastr16.blob.core.windows.net\/pgibt\/2013\/10\/jucara1.jpg\"><img decoding=\"async\" loading=\"lazy\" alt=\"jucara1\" src=\"https:\/\/smastr16.blob.core.windows.net\/pgibt\/2013\/10\/jucara1.jpg\" width=\"233\" height=\"175\" \/><\/a><\/p>\n<hr align=\"center\" noshade=\"noshade\" size=\"1\" width=\"100%\" \/>\n<h3 style=\"text-align: center\">Bri\u00f3fitas do Centro urbano de Caxias do Sul, Rio Grande do Sul, Brasil<\/h3>\n<hr align=\"center\" noshade=\"noshade\" size=\"1\" width=\"100%\" \/>\n<h4 style=\"text-align: center\"><strong>RESUMO<\/strong><\/h4>\n<p style=\"text-align: justify\">O trabalho foi desenvolvido no centro urbano de Caxias do Sul, onde foram selecionadas tr\u00eas \u00e1reas de estudo, com maior ou menor influ\u00eancia antr\u00f3pica e onde a vegeta\u00e7\u00e3o encontra-se em diferentes graus de preserva\u00e7\u00e3o. O tratamento taxon\u00f4mico apresenta chave artificial para identifica\u00e7\u00e3o dos g\u00eaneros e esp\u00e9cies; cabe\u00e7alho taxon\u00f4mico; ilustra\u00e7\u00e3o para as novas cita\u00e7\u00f5es e para t\u00e1xons com ilustra\u00e7\u00f5es deficit\u00e1rias ou indica\u00e7\u00e3o de trabalhos com ilustra\u00e7\u00e3o; descri\u00e7\u00e3o diagn\u00f3stica para a diferencia\u00e7\u00e3o das esp\u00e9cies e distribui\u00e7\u00e3o geogr\u00e1fica no Brasil e no Rio Grande do Sul. Foram encontrados 159 t\u00e1xons, pertencentes a 86 g\u00eaneros e 47 fam\u00edlias.<\/p>\n<p style=\"text-align: justify\">Anthocerotophyta est\u00e1 representada por tr\u00eas esp\u00e9cies, dois g\u00eaneros e duas fam\u00edlias; Marchantiophyta, por 63 esp\u00e9cies, 29 g\u00eaneros e 16 fam\u00edlias e Bryophyta, por 91 esp\u00e9cies, uma variedade e uma subesp\u00e9cie (93 t\u00e1xons), 56 g\u00eaneros e 29 fam\u00edlias.<\/p>\n<p style=\"text-align: justify\">As fam\u00edlias com maior riqueza espec\u00edfica s\u00e3o Lejeuneaceae (20 esp\u00e9cies e 10 g\u00eaneros), Fissidentaceae (12 esp\u00e9cies e 1 g\u00eanero), Orthotrichaceae e Sematophyllaceae (9 esp\u00e9cies e 5 g\u00eaneros), Pottiaceae (8 esp\u00e9cies e 8 g\u00eaneros), Bryaceae (8 esp\u00e9cies e 4 g\u00eaneros), Metzgeriaceae (8 esp\u00e9cies e 1 g\u00eanero), Dicranaceae (7 esp\u00e9cies e 4 g\u00eaneros) e Plagiochilaceae (6 esp\u00e9cies e 1 g\u00eanero) e as demais fam\u00edlias com menos de cinco esp\u00e9cies em um ou dois g\u00eaneros. S\u00e3o citadas tr\u00eas novas ocorr\u00eancias para o Brasil:\u00a0<em>Bryum chryseum<\/em>\u00a0Mitt.,\u00a0<em>Fissidens taxifolius<\/em>Hedw. e\u00a0<em>Pohlia nutans<\/em>\u00a0(Hedw.) Lindb. e 50 novas cita\u00e7\u00f5es para o Estado do Rio Grande do Sul, sendo que destes, um pertence \u00e0 Anthocerotophyta, 23 \u00e0 Marchantiophyta e 26 \u00e0 Bryophyta. Em compara\u00e7\u00e3o com os demais estudos de bri\u00f3fitas urbanas desenvolvidos no Brasil, Caxias do Sul apresenta o maior n\u00famero de t\u00e1xons, sendo que as esp\u00e9cies mais comuns ou mais bem adaptadas a estas \u00e1reas tamb\u00e9m foram encontradas nos demais trabalhos.<\/p>\n<p style=\"text-align: justify\">Entre as\u00a0tr\u00eas \u00e1reas estudadas no centro urbano, observou-se\u00a0maior similaridade entre as duas \u00e1reas onde a vegeta\u00e7\u00e3o\u00a0encontra-se em melhor estado de conserva\u00e7\u00e3o, diferenciando-se\u00a0da \u00e1rea onde a antropiza\u00e7\u00e3o \u00e9 maior\u00a0e a vegeta\u00e7\u00e3o encontra-se menos preservada.<\/p>\n<h2 style=\"text-align: center\"><\/h2>\n<hr align=\"center\" noshade=\"noshade\" size=\"1\" width=\"100%\" \/>\n<p style=\"text-align: center\"><a href=\"https:\/\/smastr16.blob.core.windows.net\/pgibt\/2013\/09\/pdf_grande.gif\"><img decoding=\"async\" loading=\"lazy\" class=\"aligncenter size-full wp-image-2313\" style=\"border: 0px\" alt=\"pdf_grande\" src=\"https:\/\/smastr16.blob.core.windows.net\/pgibt\/2013\/09\/pdf_grande.gif\" width=\"60\" height=\"60\" \/><\/a><a href=\"https:\/\/smastr16.blob.core.windows.net\/pgibt\/2013\/10\/Jucara_Bordin_MS.pdf\" target=\"_blank\">Ju\u00e7ara Bordin<br \/>\nBri\u00f3fitas do Centro urbano de Caxias do Sul, Rio Grande do Sul, Brasil<\/a><\/p>\n<hr align=\"center\" noshade=\"noshade\" size=\"1\" width=\"100%\" \/>\n<p style=\"text-align: center\"><strong>\u00a0<a href=\"https:\/\/www.infraestruturameioambiente.sp.gov.br\/pgibt\/dissertacoesteses\/\">VOLTAR AS DISSERTA\u00c7\u00d5ES E TESES<\/a><\/strong><\/p>\n<hr align=\"center\" noshade=\"noshade\" size=\"1\" width=\"100%\" \/>\n","protected":false},"excerpt":{"rendered":"<p>Ju\u00e7ara Bordin No dia 28 de fevereiro de 2008, Ju\u00e7ara Bordin, aluna do Programa de P\u00f3s-Gradua\u00e7\u00e3o em Biodiversidade Vegetal e Meio Ambiente do Instituto de Bot\u00e2nica e Bolsista CAPES, defendeu a disserta\u00e7\u00e3o de mestrado intitulada &#8220;Bri\u00f3fitas do Centro urbano de Caxias do Sul, Rio Grande do Sul, Brasil&#8221;. A banca examinadora foi composta pela Dra. [&hellip;]<\/p>\n","protected":false},"author":1,"featured_media":0,"parent":249,"menu_order":0,"comment_status":"closed","ping_status":"open","template":"fullpage.php","meta":[],"_links":{"self":[{"href":"https:\/\/www.infraestruturameioambiente.sp.gov.br\/pgibt\/wp-json\/wp\/v2\/pages\/2201"}],"collection":[{"href":"https:\/\/www.infraestruturameioambiente.sp.gov.br\/pgibt\/wp-json\/wp\/v2\/pages"}],"about":[{"href":"https:\/\/www.infraestruturameioambiente.sp.gov.br\/pgibt\/wp-json\/wp\/v2\/types\/page"}],"author":[{"embeddable":true,"href":"https:\/\/www.infraestruturameioambiente.sp.gov.br\/pgibt\/wp-json\/wp\/v2\/users\/1"}],"replies":[{"embeddable":true,"href":"https:\/\/www.infraestruturameioambiente.sp.gov.br\/pgibt\/wp-json\/wp\/v2\/comments?post=2201"}],"version-history":[{"count":0,"href":"https:\/\/www.infraestruturameioambiente.sp.gov.br\/pgibt\/wp-json\/wp\/v2\/pages\/2201\/revisions"}],"up":[{"embeddable":true,"href":"https:\/\/www.infraestruturameioambiente.sp.gov.br\/pgibt\/wp-json\/wp\/v2\/pages\/249"}],"wp:attachment":[{"href":"https:\/\/www.infraestruturameioambiente.sp.gov.br\/pgibt\/wp-json\/wp\/v2\/media?parent=2201"}],"curies":[{"name":"wp","href":"https:\/\/api.w.org\/{rel}","templated":true}]}}