{"id":2193,"date":"2013-10-25T17:53:07","date_gmt":"2013-10-25T19:53:07","guid":{"rendered":"https:\/\/www.infraestruturameioambiente.sp.gov.br\/pgibt\/?page_id=2193"},"modified":"2013-10-25T17:53:07","modified_gmt":"2013-10-25T19:53:07","slug":"2008-barbara-baesso","status":"publish","type":"page","link":"https:\/\/www.infraestruturameioambiente.sp.gov.br\/pgibt\/dissertacoesteses\/2008-barbara-baesso\/","title":{"rendered":"B\u00e1rbara Ba\u00easso Moura MS"},"content":{"rendered":"<h2 style=\"text-align: center\"><a href=\"https:\/\/smastr16.blob.core.windows.net\/pgibt\/2015\/02\/faixapos6.jpg\"><img decoding=\"async\" loading=\"lazy\" class=\"aligncenter size-full wp-image-3777\" style=\"border: 0px\" alt=\"faixapos6\" src=\"https:\/\/smastr16.blob.core.windows.net\/pgibt\/2015\/02\/faixapos6.jpg\" width=\"950\" height=\"163\" srcset=\"https:\/\/smastr16.blob.core.windows.net\/pgibt\/2015\/02\/faixapos6.jpg 950w, https:\/\/smastr16.blob.core.windows.net\/pgibt\/2015\/02\/faixapos6-768x131.jpg 768w\" sizes=\"(max-width: 950px) 100vw, 950px\" \/><\/a><\/h2>\n<hr align=\"center\" noshade=\"noshade\" size=\"1\" width=\"100%\" \/>\n<h2 style=\"text-align: center\"><span style=\"color: #003300\">B\u00e1rbara Ba\u00easso Moura<\/span><\/h2>\n<hr align=\"center\" noshade=\"noshade\" size=\"1\" width=\"100%\" \/>\n<p style=\"text-align: center\">No dia 26 de fevereiro de 2008, B\u00e1rbara Ba\u00easso Moura, aluna de P\u00f3s-Gradua\u00e7\u00e3o do Instituto de Bot\u00e2nica da\u00a0Secretaria do Meio Ambiente de S\u00e3o Paulo, defendeu sua disserta\u00e7\u00e3o de mestrado intitulada<br \/>\n\u201cRespostas estruturais em <em>Ipomoea nil<\/em> (L.) Roth cv. Scarlet O\u2019Hara (Convolvulaceae) exposta ao oz\u00f4nio.\u201d<\/p>\n<p style=\"text-align: center\">A banca examinadora foi composta por sua orientadora Dra. Edenise Segala Alves (Se\u00e7\u00e3o de Anatomia e Morfologia \u2013 Ibt)\u00a0pela Dra. Regina Maria de Moraes (Se\u00e7\u00e3o de Ecologia \u2013 Ibt)\u00a0e pela Dra. Adriana Hissae Hayashia (Se\u00e7\u00e3o de Anatomia e Morfologia \u2013 Ibt).<\/p>\n<hr align=\"center\" noshade=\"noshade\" size=\"1\" width=\"100%\" \/>\n<h3 style=\"text-align: center\">Respostas estruturais em <em>Ipomoea nil<\/em> (L.) Roth cv. Scarlet O&#8217;Hara (Convolvulaceae) exposta ao oz\u00f4nio.<\/h3>\n<hr align=\"center\" noshade=\"noshade\" size=\"1\" width=\"100%\" \/>\n<h4 style=\"text-align: center\"><strong>RESUMO<\/strong><\/h4>\n<p style=\"text-align: justify\">O oz\u00f4nio troposf\u00e9rico \u00e9 o mais importante poluente fotoqu\u00edmico por ser muito reativo e fitot\u00f3xico. O biomonitoramento com plantas possibilita a visualiza\u00e7\u00e3o dos efeitos provocados por esse g\u00e1s sendo que observa\u00e7\u00f5es microsc\u00f3picas representam uma importante ferramenta para a detec\u00e7\u00e3o precoce de sintomas. Com o presente trabalho, objetivou-se ampliar an\u00e1lises com\u00a0<em>Ipomoea nil<\/em>\u00a0L. cv. Scarlet O\u2019Hara, auxiliando no estabelecimento de sua viabilidade como bioindicadora de oz\u00f4nio em S\u00e3o Paulo. As plantas foram expostas por 28 dias no inverno e na primavera de 2006, no Parque do Ibirapuera &#8211; SP, local com altos \u00edndices do oz\u00f4nio e em Casa de vegeta\u00e7\u00e3o com ar filtrado. Amostras das folhas 5, 6 e 7 foram processadas seguindo t\u00e9cnicas usuais em anatomia vegetal, e par\u00e2metros quantitativos e qualitativos foram avaliados. Testes estat\u00edsticos foram utilizados a fim identificar diferen\u00e7as entre amostras. Em n\u00edvel celular, nas plantas expostas no Parque do Ibirapuera, foram observados sintomas caracter\u00edsticos descritos na literatura como um tipo de morte celular programada, intitulada resposta semelhante \u00e0 de hipersensibilidade (\u201cHR-like\u201d, sigla em ingl\u00eas), que abrange principalmente plasm\u00f3lise em c\u00e9lulas do par\u00eanquima pali\u00e7\u00e1dico; presen\u00e7a de protrus\u00f5es p\u00e9cticas nas paredes celulares indicadoras de processos oxidativos foram observadas no par\u00eanquimalacunoso. Dentre as caracter\u00edsticas qualitativas foi observado nas plantas que se desenvolveram no inverno, comparada \u00e0quelas da primavera, uma menor espessura dos tecidos, menor porcentagem de tecido fotossintetizante, maior propor\u00e7\u00e3o de espa\u00e7os intercelulares e menores valores de densidade e \u00edndice estom\u00e1tico, caracter\u00edsticas estas relacionadas a uma maior sensibilidade ao oz\u00f4nio. Embora a esp\u00e9cie apresente sintomas que validam o estresse provocado pelo oz\u00f4nio, existe uma sazonalidade no desenvolvimento estrutural das folhas em diferentes esta\u00e7\u00f5es do ano, que pode acarretar respostas n\u00e3o homog\u00eaneas da planta se utilizada em programas de biomonitoramento.<\/p>\n<p style=\"text-align: justify\"><strong>Palavras-chave:<\/strong>\u00a0oxidante fotoqu\u00edmico, anatomia da folha, bioindicador, biomonitoramento<\/p>\n<hr align=\"center\" noshade=\"noshade\" size=\"1\" width=\"100%\" \/>\n<p style=\"text-align: center\"><a href=\"https:\/\/smastr16.blob.core.windows.net\/pgibt\/2013\/09\/pdf_grande.gif\"><img decoding=\"async\" loading=\"lazy\" class=\"aligncenter size-full wp-image-2313\" style=\"border: 0px\" alt=\"pdf_grande\" src=\"https:\/\/smastr16.blob.core.windows.net\/pgibt\/2013\/09\/pdf_grande.gif\" width=\"60\" height=\"60\" \/><\/a><a href=\"https:\/\/smastr16.blob.core.windows.net\/pgibt\/2013\/10\/Barbara_Baesso_Moura_MS.pdf\" target=\"_blank\">B\u00e1rbara Ba\u00easso Moura<br \/>\nRespostas estruturais em\u00a0<em>Ipomoea nil<\/em>\u00a0(L.) Roth cv. Scarlet O&#8217;Hara (Convolvulaceae) exposta ao oz\u00f4nio.<\/a><\/p>\n<hr align=\"center\" noshade=\"noshade\" size=\"1\" width=\"100%\" \/>\n<p style=\"text-align: center\"><strong>\u00a0<a href=\"https:\/\/www.infraestruturameioambiente.sp.gov.br\/pgibt\/dissertacoesteses\/\">VOLTAR AS DISSERTA\u00c7\u00d5ES E TESES<\/a><\/strong><\/p>\n<hr align=\"center\" noshade=\"noshade\" size=\"1\" width=\"100%\" \/>\n","protected":false},"excerpt":{"rendered":"<p>B\u00e1rbara Ba\u00easso Moura No dia 26 de fevereiro de 2008, B\u00e1rbara Ba\u00easso Moura, aluna de P\u00f3s-Gradua\u00e7\u00e3o do Instituto de Bot\u00e2nica da\u00a0Secretaria do Meio Ambiente de S\u00e3o Paulo, defendeu sua disserta\u00e7\u00e3o de mestrado intitulada \u201cRespostas estruturais em Ipomoea nil (L.) Roth cv. Scarlet O\u2019Hara (Convolvulaceae) exposta ao oz\u00f4nio.\u201d A banca examinadora foi composta por sua orientadora [&hellip;]<\/p>\n","protected":false},"author":1,"featured_media":0,"parent":249,"menu_order":0,"comment_status":"closed","ping_status":"open","template":"fullpage.php","meta":[],"_links":{"self":[{"href":"https:\/\/www.infraestruturameioambiente.sp.gov.br\/pgibt\/wp-json\/wp\/v2\/pages\/2193"}],"collection":[{"href":"https:\/\/www.infraestruturameioambiente.sp.gov.br\/pgibt\/wp-json\/wp\/v2\/pages"}],"about":[{"href":"https:\/\/www.infraestruturameioambiente.sp.gov.br\/pgibt\/wp-json\/wp\/v2\/types\/page"}],"author":[{"embeddable":true,"href":"https:\/\/www.infraestruturameioambiente.sp.gov.br\/pgibt\/wp-json\/wp\/v2\/users\/1"}],"replies":[{"embeddable":true,"href":"https:\/\/www.infraestruturameioambiente.sp.gov.br\/pgibt\/wp-json\/wp\/v2\/comments?post=2193"}],"version-history":[{"count":0,"href":"https:\/\/www.infraestruturameioambiente.sp.gov.br\/pgibt\/wp-json\/wp\/v2\/pages\/2193\/revisions"}],"up":[{"embeddable":true,"href":"https:\/\/www.infraestruturameioambiente.sp.gov.br\/pgibt\/wp-json\/wp\/v2\/pages\/249"}],"wp:attachment":[{"href":"https:\/\/www.infraestruturameioambiente.sp.gov.br\/pgibt\/wp-json\/wp\/v2\/media?parent=2193"}],"curies":[{"name":"wp","href":"https:\/\/api.w.org\/{rel}","templated":true}]}}