{"id":2158,"date":"2013-10-25T15:15:04","date_gmt":"2013-10-25T17:15:04","guid":{"rendered":"https:\/\/www.infraestruturameioambiente.sp.gov.br\/pgibt\/?page_id=2158"},"modified":"2013-10-25T15:15:04","modified_gmt":"2013-10-25T17:15:04","slug":"2008-luciane-fontana","status":"publish","type":"page","link":"https:\/\/www.infraestruturameioambiente.sp.gov.br\/pgibt\/dissertacoesteses\/2008-luciane-fontana\/","title":{"rendered":"Luciane Fontana da Silva MS"},"content":{"rendered":"<h2 style=\"text-align: center\"><a href=\"https:\/\/smastr16.blob.core.windows.net\/pgibt\/2015\/02\/faixapos6.jpg\"><img decoding=\"async\" loading=\"lazy\" class=\"aligncenter size-full wp-image-3777\" style=\"border: 0px\" alt=\"faixapos6\" src=\"https:\/\/smastr16.blob.core.windows.net\/pgibt\/2015\/02\/faixapos6.jpg\" width=\"950\" height=\"163\" srcset=\"https:\/\/smastr16.blob.core.windows.net\/pgibt\/2015\/02\/faixapos6.jpg 950w, https:\/\/smastr16.blob.core.windows.net\/pgibt\/2015\/02\/faixapos6-768x131.jpg 768w\" sizes=\"(max-width: 950px) 100vw, 950px\" \/><\/a><\/h2>\n<hr align=\"center\" noshade=\"noshade\" size=\"1\" width=\"100%\" \/>\n<h2 style=\"text-align: center\"><span style=\"color: #003300\">Luciane Fontana da Silva<\/span><\/h2>\n<hr align=\"center\" noshade=\"noshade\" size=\"1\" width=\"100%\" \/>\n<hr align=\"center\" noshade=\"noshade\" size=\"1\" width=\"100%\" \/>\n<h3 style=\"text-align: center\">Distribui\u00e7\u00e3o Longitudinal da Comunidade de Diatom\u00e1ceas de Sedimentos Superficiais<br \/>\nnos Reservat\u00f3rios em Cascata do rio Paranapanema<\/h3>\n<hr align=\"center\" noshade=\"noshade\" size=\"1\" width=\"100%\" \/>\n<h4 style=\"text-align: center\"><strong>RESUMO<\/strong><\/h4>\n<p style=\"text-align: justify\">O presente visou conhecer a biodiversidade das diatom\u00e1ceas de sedimentos superficiais e avaliar a heterogeneidade longitudinal da comunidade intra-reservat\u00f3rio (rio-barragem) e entre cinco reservat\u00f3rios em cascata do Rio Paranapanema. Como tais sistemas variam de oligo a meso-eutr\u00f3fico, pretendeu-se, ainda, avaliar associa\u00e7\u00f5es de diatom\u00e1ceas indicadoras da qualidade ecol\u00f3gica da s\u00e9rie em cascata. Amostras de sedimentos foram coletadas entre os meses de janeiro e novembro de 2006, com draga Van Veen, em tr\u00eas esta\u00e7\u00f5es de amostragem de cinco reservat\u00f3rios distribu\u00eddos nas regi\u00f5es do alto (represas de Jurumirim e Chavantes), m\u00e9dio (represas de Salto Grande e Capivara) e baixo Paranapanema (Represa de Rosana). Apenas no \u00faltimo reservat\u00f3rio foram feitas coletas em duas esta\u00e7\u00f5es de amostragem. As an\u00e1lises inclu\u00edram f\u00f3sforo, nitrog\u00eanio total, granulometria e a estrutura qualitativa e quantitativa das diatom\u00e1ceas. Houve tend\u00eancia de incremento de nutrientes nos reservat\u00f3rios do m\u00e9dio curso do rio, cujos teores foram considerados moderados, e predomin\u00e2ncia de textura granulom\u00e9trica de areia em todas as esta\u00e7\u00f5es de amostragem. Foram identificados 60 t\u00e1xons infra-gen\u00e9ricos, distribu\u00eddos em 31 g\u00eaneros, dos quais 34 (57%) representam cita\u00e7\u00f5es pioneiras para a bacia do Paranapanema. Maior riqueza (45 t\u00e1xons) foi encontrada no primeiro reservat\u00f3rio da s\u00e9rie (Jurumirim), que apresentou, na montante, o maior n\u00famero de esp\u00e9cies de ocorr\u00eancia mais restrita. Foi verificada tend\u00eancia de incremento da biodiversidade com adi\u00e7\u00e3o de novas esp\u00e9cies em dire\u00e7\u00e3o ao baixo Paranapanema. Dois t\u00e1xons (<em>Cyclotella menegheniana\u00a0<\/em>e\u00a0<em>Aulacoseira granulata\u00a0<\/em>var.\u00a0<em>granulata<\/em>)apresentaram ampla distribui\u00e7\u00e3o na s\u00e9rie em cascata. De modo geral, densidades mais elevadas foram registradas nos reservat\u00f3rios do m\u00e9dio curso do rio. Com base nas esp\u00e9cies mais abundantes, a estrutura da comunidade de diatom\u00e1ceas foi primordialmente influenciada pelo eixo longitudinal do Rio Paranapanema e n\u00e3o pela disponibilidade de nutrientes. Entretanto, j\u00e1 \u00e9 not\u00e1vel a associa\u00e7\u00e3o de algumas esp\u00e9cies indicadoras de ambientes mais eutrofizados com os reservat\u00f3rios do m\u00e9dio curso do rio, tais como\u00a0<em>Nitzschia palea<\/em>. Contrapondo,\u00a0<em>Cocconeis placentula<\/em>\u00a0e\u00a0<em>Encyonema<\/em>\u00a0<em>silesiacum<\/em>\u00a0estiveram associadas aos reservat\u00f3rios do alto Paranapanema (exceto ao Ribeir\u00e3o das Posses). Finalmente, o estudo do compartimento dos sedimentos mostrou-se adequado para abordagens em escalas espaciais amplas (centenas de quil\u00f4metros), j\u00e1 que integra informa\u00e7\u00f5es tanto espaciais quanto temporais. Neste sentido, os estudos com as comunidades de diatom\u00e1ceas de sedimentos superficiais, apesar de recentes no Brasil e in\u00e9ditos em reservat\u00f3rios em cascata, podem constituir-se em mais uma ferramenta para avaliar processos de eutrofiza\u00e7\u00e3o.<\/p>\n<p style=\"text-align: justify\"><strong>Palavras-chave:\u00a0<\/strong>diatom\u00e1ceas, estrutura de comunidade, reservat\u00f3rio, sedimento, sistema l\u00f3tico<\/p>\n<hr align=\"center\" noshade=\"noshade\" size=\"1\" width=\"100%\" \/>\n<p style=\"text-align: center\"><a href=\"https:\/\/smastr16.blob.core.windows.net\/pgibt\/2013\/09\/pdf_grande.gif\"><img decoding=\"async\" loading=\"lazy\" class=\"aligncenter size-full wp-image-2313\" style=\"border: 0px\" alt=\"pdf_grande\" src=\"https:\/\/smastr16.blob.core.windows.net\/pgibt\/2013\/09\/pdf_grande.gif\" width=\"60\" height=\"60\" \/><\/a><a href=\"https:\/\/smastr16.blob.core.windows.net\/pgibt\/2013\/10\/Luciane_Fontana_da_Silva_MS.pdf\" target=\"_blank\">Luciane Fontana da Silva<br \/>\nDistribui\u00e7\u00e3o Longitudinal da Comunidade de Diatom\u00e1ceas de Sedimentos Superficiais nos Reservat\u00f3rios em Cascata do rio Paranapanema<\/a><\/p>\n<hr align=\"center\" noshade=\"noshade\" size=\"1\" width=\"100%\" \/>\n<p style=\"text-align: center\"><strong>\u00a0<a href=\"https:\/\/www.infraestruturameioambiente.sp.gov.br\/pgibt\/dissertacoesteses\/\">VOLTAR AS DISSERTA\u00c7\u00d5ES E TESES<\/a><\/strong><\/p>\n<hr align=\"center\" noshade=\"noshade\" size=\"1\" width=\"100%\" \/>\n","protected":false},"excerpt":{"rendered":"<p>Luciane Fontana da Silva Distribui\u00e7\u00e3o Longitudinal da Comunidade de Diatom\u00e1ceas de Sedimentos Superficiais nos Reservat\u00f3rios em Cascata do rio Paranapanema RESUMO O presente visou conhecer a biodiversidade das diatom\u00e1ceas de sedimentos superficiais e avaliar a heterogeneidade longitudinal da comunidade intra-reservat\u00f3rio (rio-barragem) e entre cinco reservat\u00f3rios em cascata do Rio Paranapanema. Como tais sistemas variam de [&hellip;]<\/p>\n","protected":false},"author":1,"featured_media":0,"parent":249,"menu_order":0,"comment_status":"closed","ping_status":"open","template":"fullpage.php","meta":[],"_links":{"self":[{"href":"https:\/\/www.infraestruturameioambiente.sp.gov.br\/pgibt\/wp-json\/wp\/v2\/pages\/2158"}],"collection":[{"href":"https:\/\/www.infraestruturameioambiente.sp.gov.br\/pgibt\/wp-json\/wp\/v2\/pages"}],"about":[{"href":"https:\/\/www.infraestruturameioambiente.sp.gov.br\/pgibt\/wp-json\/wp\/v2\/types\/page"}],"author":[{"embeddable":true,"href":"https:\/\/www.infraestruturameioambiente.sp.gov.br\/pgibt\/wp-json\/wp\/v2\/users\/1"}],"replies":[{"embeddable":true,"href":"https:\/\/www.infraestruturameioambiente.sp.gov.br\/pgibt\/wp-json\/wp\/v2\/comments?post=2158"}],"version-history":[{"count":0,"href":"https:\/\/www.infraestruturameioambiente.sp.gov.br\/pgibt\/wp-json\/wp\/v2\/pages\/2158\/revisions"}],"up":[{"embeddable":true,"href":"https:\/\/www.infraestruturameioambiente.sp.gov.br\/pgibt\/wp-json\/wp\/v2\/pages\/249"}],"wp:attachment":[{"href":"https:\/\/www.infraestruturameioambiente.sp.gov.br\/pgibt\/wp-json\/wp\/v2\/media?parent=2158"}],"curies":[{"name":"wp","href":"https:\/\/api.w.org\/{rel}","templated":true}]}}