{"id":2151,"date":"2013-10-25T15:04:24","date_gmt":"2013-10-25T17:04:24","guid":{"rendered":"https:\/\/www.infraestruturameioambiente.sp.gov.br\/pgibt\/?page_id=2151"},"modified":"2013-10-25T15:04:24","modified_gmt":"2013-10-25T17:04:24","slug":"2008-ludmila-raggi","status":"publish","type":"page","link":"https:\/\/www.infraestruturameioambiente.sp.gov.br\/pgibt\/dissertacoesteses\/2008-ludmila-raggi\/","title":{"rendered":"Ludmila Raggi MS"},"content":{"rendered":"<h2 style=\"text-align: center\"><a href=\"https:\/\/smastr16.blob.core.windows.net\/pgibt\/2015\/02\/faixapos6.jpg\"><img decoding=\"async\" loading=\"lazy\" class=\"aligncenter size-full wp-image-3777\" style=\"border: 0px\" alt=\"faixapos6\" src=\"https:\/\/smastr16.blob.core.windows.net\/pgibt\/2015\/02\/faixapos6.jpg\" width=\"950\" height=\"163\" srcset=\"https:\/\/smastr16.blob.core.windows.net\/pgibt\/2015\/02\/faixapos6.jpg 950w, https:\/\/smastr16.blob.core.windows.net\/pgibt\/2015\/02\/faixapos6-768x131.jpg 768w\" sizes=\"(max-width: 950px) 100vw, 950px\" \/><\/a><\/h2>\n<hr align=\"center\" noshade=\"noshade\" size=\"1\" width=\"100%\" \/>\n<h2 style=\"text-align: center\"><span style=\"color: #003300\">Ludmila Raggi<\/span><\/h2>\n<hr align=\"center\" noshade=\"noshade\" size=\"1\" width=\"100%\" \/>\n<p style=\"text-align: center\">No dia 26 de junho de 2008, a aluna da P\u00f3s-gradua\u00e7\u00e3o em Biodiversidade Vegetal e Meio Ambiente do Instituto de Bot\u00e2nica de S\u00e3o Paulo (IBt), Ludmila Raggi (Bolsista CNPq), defendeu sua disserta\u00e7\u00e3o de mestrado intitulada<br \/>\n&#8220;Estudo da composi\u00e7\u00e3o qu\u00edmica e das atividades biol\u00f3gicas de \u00f3leos vol\u00e1teis de esp\u00e9cies de<em>\u00a0<\/em>Lauraceae, em diferentes \u00e9pocas do ano&#8221;.<\/p>\n<p style=\"text-align: center\">O\u00a0trabalho teve como objetivo analisar a composi\u00e7\u00e3o qu\u00edmica dos \u00f3leos vol\u00e1teis de folhas de duas esp\u00e9cies de Lauraceae,\u00a0<em>Ocotea nectandrifolia\u00a0<\/em>e\u00a0<em>Ocotea puberula<\/em>\u00a0com ocorr\u00eancia no PEFI, durante as diferentes \u00e9pocas do ano, e avaliar as atividades biol\u00f3gicas dos \u00f3leos obtidos atrav\u00e9s de ensaios antibacteriano, antif\u00fangico e anticolinester\u00e1sico. A composi\u00e7\u00e3o dos \u00f3leos vol\u00e1teis das esp\u00e9cies estudadas n\u00e3o sofreram diferen\u00e7as durante o per\u00edodo analisado, por\u00e9m houve diferen\u00e7as individuais na composi\u00e7\u00e3o dos \u00f3leos vol\u00e1teis de\u00a0<em>O. nectandrifolia<\/em>. O sesquiterpeno espatulenol (43%) e o diterpeno caureno (16%) foram os constituintes majorit\u00e1rios dos indiv\u00edduos dois e tr\u00eas de\u00a0<em>O. nectandrifolia<\/em>, o indiv\u00edduo um teve como compostos majorit\u00e1rios os sesquiterpenos 5-hidroxi-cis-calameneno (17,19%), biciclogermacreno (11,11%), b-cariofileno (8,47%), cis-calameneno (8,38%) e espatulenol (7,05%). Os constituintes majorit\u00e1rios de\u00a0<em>O. puberula<\/em>\u00a0foram os sesquiterpenos b-cariofileno (25,52%), \u03b2-elemeno (6,95%), biciclogermacreno (6,68%), a-copaeno (6,61%) e a-humuleno (5,76%). Os \u00f3leos vol\u00e1teis de\u00a0<em>O. nectandrifolia\u00a0<\/em>inibiram parcialmente o crescimento dos fungos\u00a0<em>C. sphaerospermum\u00a0<\/em>e\u00a0<em>C. cladosporioides\u00a0<\/em>e apresentaram atividade moderada frente aos microrganismos\u00a0<em>S. aureus, A. niger\u00a0<\/em>e\u00a0<em>C. albicans<\/em>. Em\u00a0<em>O. puberula,<\/em>\u00a0<em>S. aureus, P. aeruginosa\u00a0<\/em>e<em>\u00a0A. niger<\/em>\u00a0foram mais sens\u00edveis aos \u00f3leos testados.<br \/>\nEsse foi o primeiro relato da composi\u00e7\u00e3o qu\u00edmica e atividades biol\u00f3gicas dos \u00f3leos vol\u00e1teis de\u00a0<em>O. nectandrifolia<\/em>.<br \/>\nO presente trabalho contribuiu para ampliar o conhecimento da composi\u00e7\u00e3o qu\u00edmica dos \u00f3leos vol\u00e1teis de esp\u00e9cies de\u00a0<em>Lauraceae<\/em>\u00a0presentes na Mata Atl\u00e2ntica.<\/p>\n<p style=\"text-align: center\"><a href=\"https:\/\/smastr16.blob.core.windows.net\/pgibt\/2013\/10\/ludmila1.jpg\"><img decoding=\"async\" loading=\"lazy\" alt=\"ludmila1\" src=\"https:\/\/smastr16.blob.core.windows.net\/pgibt\/2013\/10\/ludmila1.jpg\" width=\"246\" height=\"168\" \/><\/a><\/p>\n<hr align=\"center\" noshade=\"noshade\" size=\"1\" width=\"100%\" \/>\n<h3 style=\"text-align: center\">Estudo da composi\u00e7\u00e3o qu\u00edmica e das atividades biol\u00f3gicas de \u00f3leos vol\u00e1teis de esp\u00e9cies de Lauraceae,<br \/>\nem diferentes \u00e9pocas do ano<\/h3>\n<hr align=\"center\" noshade=\"noshade\" size=\"1\" width=\"100%\" \/>\n<h4 style=\"text-align: center\"><strong>RESUMO<\/strong><\/h4>\n<p style=\"text-align: justify\">Considerado, atualmente, como um dos mais ricos conjuntos de ecossistemas em diversidade biol\u00f3gica do planeta o dom\u00ednio Mata Atl\u00e2ntica abrange diversas forma\u00e7\u00f5es florestais. O Parque Estadual das Fontes do Ipiranga (PEFI) \u00e9 um remanescente de Mata Atl\u00e2ntica localizado entre os munic\u00edpios de S\u00e3o Paulo e Diadema, em meio a uma \u00e1rea intensamente urbanizada. A fam\u00edlia Lauraceae \u00e9 conhecida por apresentar esp\u00e9cies de grande import\u00e2ncia econ\u00f4mica, seja pelo uso da madeira ou emprego na culin\u00e1ria, na medicina popular, entre outros. O uso de plantas arom\u00e1ticas com propriedades farmacol\u00f3gicas \u00e9 bastante difundido, em fun\u00e7\u00e3o das atividades antif\u00fangica, repelente, antiinflamat\u00f3ria, anticolinester\u00e1sica, analg\u00e9sica, entre outras, encontradas em seus \u00f3leos vol\u00e1teis. O objetivo deste estudo foi analisar a composi\u00e7\u00e3o qu\u00edmica dos \u00f3leos vol\u00e1teis de folhas de duas esp\u00e9cies de Lauraceae,\u00a0<em>Ocotea nectandrifolia\u00a0<\/em>e\u00a0<em>Ocotea puberula<\/em>\u00a0com ocorr\u00eancia no PEFI, durante as diferentes \u00e9pocas do ano, e avaliar as atividades biol\u00f3gicas dos \u00f3leos obtidos atrav\u00e9s de ensaios antibacteriano, antif\u00fangico e anticolinester\u00e1sico. Folhas foram coletadas no in\u00edcio e meio de cada esta\u00e7\u00e3o, secas \u00e0 temperatura ambiente e submetidas \u00e0 extra\u00e7\u00e3o por hidrodestila\u00e7\u00e3o durante quatro horas. Os \u00f3leos vol\u00e1teis obtidos foram analisados por CG-EM para determina\u00e7\u00e3o da composi\u00e7\u00e3o qu\u00edmica. A atividade contra os fungos filamentosos\u00a0<em>Cladosporium sphaerospermum\u00a0<\/em>e\u00a0<em>C. cladosporioides<\/em>\u00a0foi avaliada por bioautografia direta em placas de s\u00edlica gel. Para os microrganismos\u00a0<em>Candida albicans<\/em>,\u00a0<em>Aspergillus niger<\/em>,\u00a0<em>Escherichia coli<\/em>,\u00a0<em>Pseudomonas aeruginosa<\/em>\u00a0e\u00a0<em>Staphylococcus aureus<\/em>, foi utilizada a t\u00e9cnica de dilui\u00e7\u00e3o em microplaca. A atividade anticolinester\u00e1sica foi avaliada por meio do ensaio colorim\u00e9trico em microplaca. Os rendimentos m\u00e9dios obtidos foram abaixo do esperado para a fam\u00edlia, 0,11% e 0,05% para\u00a0<em>O. nectandrifolia\u00a0<\/em>e<em>\u00a0O. puberula<\/em>, respectivamente. A composi\u00e7\u00e3o dos \u00f3leos vol\u00e1teis das esp\u00e9cies estudadas n\u00e3o sofreram diferen\u00e7as durante o per\u00edodo analisado, por\u00e9m houve diferen\u00e7as individuais na composi\u00e7\u00e3o dos \u00f3leos vol\u00e1teis de\u00a0<em>O. nectandrifolia<\/em>. O sesquiterpeno espatulenol (43%) e o diterpeno caureno (16%) foram os constituintes majorit\u00e1rios dos indiv\u00edduos dois e tr\u00eas de\u00a0<em>O. nectandrifolia<\/em>, o indiv\u00edduo um teve como compostos majorit\u00e1rios os sesquiterpenos 5-hidroxi-cis-calameneno (17,19%), biciclogermacreno (11,11%), b-cariofileno (8,47%), cis-calameneno (8,38%) e espatulenol (7,05%). Os constituintes majorit\u00e1rios de\u00a0<em>O. puberula<\/em>\u00a0foram os sesquiterpenos b-cariofileno (25,52%), \u03b2-elemeno (6,95%), biciclogermacreno (6,68%), a-copaeno (6,61%) e a-humuleno (5,76%). Os \u00f3leos vol\u00e1teis de\u00a0<em>O. nectandrifolia\u00a0<\/em>inibiram parcialmente o crescimento dos fungos\u00a0<em>C. sphaerospermum\u00a0<\/em>e\u00a0<em>C. cladosporioides\u00a0<\/em>e apresentaram atividade moderada frente aos microrganismos\u00a0<em>S. aureus, A. niger\u00a0<\/em>e\u00a0<em>C. albicans<\/em>. Em\u00a0<em>O. puberula,<\/em>\u00a0<em>S. aureus, P. aeruginosa\u00a0<\/em>e<em>\u00a0A. niger<\/em>\u00a0foram mais sens\u00edveis aos \u00f3leos testados. Para a atividade anticolinester\u00e1sica, todos os \u00f3leos testados foram inativos. Esse foi o primeiro relato da composi\u00e7\u00e3o qu\u00edmica e atividades biol\u00f3gicas dos \u00f3leos vol\u00e1teis de\u00a0<em>O. nectandrifolia<\/em>.<\/p>\n<p style=\"text-align: justify\"><strong>Palavras-chave:\u00a0<\/strong>\u00d3leos vol\u00e1teis, Atividades biol\u00f3gicas, Ocotea, Espatulenol, Beta Cariofileno.<\/p>\n<p><a href=\"https:\/\/smastr16.blob.core.windows.net\/pgibt\/2013\/10\/ludmila2.jpg\"><img decoding=\"async\" loading=\"lazy\" class=\"aligncenter\" alt=\"Esp\u00e9cies estudadas (a) Ocotea nectandrifolia, (b) O. puberula. Detalhe: frutos)\u00a0\" src=\"https:\/\/smastr16.blob.core.windows.net\/pgibt\/2013\/10\/ludmila2.jpg\" width=\"277\" height=\"193\" \/><\/a><\/p>\n<hr align=\"center\" noshade=\"noshade\" size=\"1\" width=\"100%\" \/>\n<p style=\"text-align: center\"><a href=\"https:\/\/smastr16.blob.core.windows.net\/pgibt\/2013\/09\/pdf_grande.gif\"><img decoding=\"async\" loading=\"lazy\" class=\"aligncenter size-full wp-image-2313\" style=\"border: 0px\" alt=\"pdf_grande\" src=\"https:\/\/smastr16.blob.core.windows.net\/pgibt\/2013\/09\/pdf_grande.gif\" width=\"60\" height=\"60\" \/><\/a><a href=\"https:\/\/smastr16.blob.core.windows.net\/pgibt\/2013\/10\/Ludmila_Raggi_MS.pdf\" target=\"_blank\">Ludmila Raggi<br \/>\nEstudo da composi\u00e7\u00e3o qu\u00edmica e das atividades biol\u00f3gicas de \u00f3leos vol\u00e1teis de esp\u00e9cies de Lauraceae, em diferentes \u00e9pocas do ano<\/a><\/p>\n<hr align=\"center\" noshade=\"noshade\" size=\"1\" width=\"100%\" \/>\n<p style=\"text-align: center\"><strong>\u00a0<a href=\"https:\/\/www.infraestruturameioambiente.sp.gov.br\/pgibt\/dissertacoesteses\/\">VOLTAR AS DISSERTA\u00c7\u00d5ES E TESES<\/a><\/strong><\/p>\n<hr align=\"center\" noshade=\"noshade\" size=\"1\" width=\"100%\" \/>\n","protected":false},"excerpt":{"rendered":"<p>Ludmila Raggi No dia 26 de junho de 2008, a aluna da P\u00f3s-gradua\u00e7\u00e3o em Biodiversidade Vegetal e Meio Ambiente do Instituto de Bot\u00e2nica de S\u00e3o Paulo (IBt), Ludmila Raggi (Bolsista CNPq), defendeu sua disserta\u00e7\u00e3o de mestrado intitulada &#8220;Estudo da composi\u00e7\u00e3o qu\u00edmica e das atividades biol\u00f3gicas de \u00f3leos vol\u00e1teis de esp\u00e9cies de\u00a0Lauraceae, em diferentes \u00e9pocas do [&hellip;]<\/p>\n","protected":false},"author":1,"featured_media":0,"parent":249,"menu_order":0,"comment_status":"closed","ping_status":"open","template":"fullpage.php","meta":[],"_links":{"self":[{"href":"https:\/\/www.infraestruturameioambiente.sp.gov.br\/pgibt\/wp-json\/wp\/v2\/pages\/2151"}],"collection":[{"href":"https:\/\/www.infraestruturameioambiente.sp.gov.br\/pgibt\/wp-json\/wp\/v2\/pages"}],"about":[{"href":"https:\/\/www.infraestruturameioambiente.sp.gov.br\/pgibt\/wp-json\/wp\/v2\/types\/page"}],"author":[{"embeddable":true,"href":"https:\/\/www.infraestruturameioambiente.sp.gov.br\/pgibt\/wp-json\/wp\/v2\/users\/1"}],"replies":[{"embeddable":true,"href":"https:\/\/www.infraestruturameioambiente.sp.gov.br\/pgibt\/wp-json\/wp\/v2\/comments?post=2151"}],"version-history":[{"count":0,"href":"https:\/\/www.infraestruturameioambiente.sp.gov.br\/pgibt\/wp-json\/wp\/v2\/pages\/2151\/revisions"}],"up":[{"embeddable":true,"href":"https:\/\/www.infraestruturameioambiente.sp.gov.br\/pgibt\/wp-json\/wp\/v2\/pages\/249"}],"wp:attachment":[{"href":"https:\/\/www.infraestruturameioambiente.sp.gov.br\/pgibt\/wp-json\/wp\/v2\/media?parent=2151"}],"curies":[{"name":"wp","href":"https:\/\/api.w.org\/{rel}","templated":true}]}}