{"id":2143,"date":"2013-10-25T14:37:43","date_gmt":"2013-10-25T16:37:43","guid":{"rendered":"https:\/\/www.infraestruturameioambiente.sp.gov.br\/pgibt\/?page_id=2143"},"modified":"2013-10-25T14:37:43","modified_gmt":"2013-10-25T16:37:43","slug":"2008-marcelino-jose","status":"publish","type":"page","link":"https:\/\/www.infraestruturameioambiente.sp.gov.br\/pgibt\/dissertacoesteses\/2008-marcelino-jose\/","title":{"rendered":"Marcelino Jos\u00e9 de Souza MS"},"content":{"rendered":"<h2 style=\"text-align: center\"><a href=\"https:\/\/smastr16.blob.core.windows.net\/pgibt\/2015\/02\/faixapos6.jpg\"><img decoding=\"async\" loading=\"lazy\" class=\"aligncenter size-full wp-image-3777\" style=\"border: 0px\" alt=\"faixapos6\" src=\"https:\/\/smastr16.blob.core.windows.net\/pgibt\/2015\/02\/faixapos6.jpg\" width=\"950\" height=\"163\" srcset=\"https:\/\/smastr16.blob.core.windows.net\/pgibt\/2015\/02\/faixapos6.jpg 950w, https:\/\/smastr16.blob.core.windows.net\/pgibt\/2015\/02\/faixapos6-768x131.jpg 768w\" sizes=\"(max-width: 950px) 100vw, 950px\" \/><\/a><\/h2>\n<hr align=\"center\" noshade=\"noshade\" size=\"1\" width=\"100%\" \/>\n<h2 style=\"text-align: center\"><span style=\"color: #003300\">Marcelino Jos\u00e9 de Souza<\/span><\/h2>\n<hr align=\"center\" noshade=\"noshade\" size=\"1\" width=\"100%\" \/>\n<p style=\"text-align: center\">No dia 31 de mar\u00e7o de 2008, o aluno de P\u00f3s-gradua\u00e7\u00e3o em Biodiversidade Vegetal e Meio Ambiente do Instituto de Bot\u00e2nica de S\u00e3o Paulo (IBt), Marcelino Jos\u00e9 de Souza, defendeu sua disserta\u00e7\u00e3o de mestrado intitulada<br \/>\n&#8220;Distribui\u00e7\u00e3o espacial da atividade das enzimas de s\u00edntese e mobiliza\u00e7\u00e3o de frutanos em riz\u00f3foros de<em>\u00a0Vernonia herbacea<\/em> (Vell.) Rusby<br \/>\ninduzidas \u00e0 brota\u00e7\u00e3o e sob temperatura baixa&#8221;.<\/p>\n<p style=\"text-align: center\">A banca examinadora que arg\u00fciu e aprovou a disserta\u00e7\u00e3o foi composta pela\u00a0Dra. Maria Angela Machado de Carvalho (Orientadora\/IBt),<br \/>\nDr. Jo\u00e3o Roberto Oliveira do Nascimento (Faculdade de Ci\u00eancias Farmac\u00eauticas\/USP) e\u00a0Dr. Emerson Alves da Silva (IBt), como mostrado na fotografia.<\/p>\n<p style=\"text-align: center\"><a href=\"https:\/\/smastr16.blob.core.windows.net\/pgibt\/2013\/10\/marcelino1.jpg\"><img decoding=\"async\" loading=\"lazy\" alt=\"marcelino1\" src=\"https:\/\/smastr16.blob.core.windows.net\/pgibt\/2013\/10\/marcelino1.jpg\" width=\"260\" height=\"159\" \/><\/a><\/p>\n<hr align=\"center\" noshade=\"noshade\" size=\"1\" width=\"100%\" \/>\n<h3 style=\"text-align: center\">Distribui\u00e7\u00e3o espacial da atividade das enzimas de s\u00edntese e mobiliza\u00e7\u00e3o de frutanos em riz\u00f3foros de<br \/>\n<em>Vernonia herbacea<\/em>\u00a0(Vell.) Rusby induzidas \u00e0 brota\u00e7\u00e3o e sob temperatura baixa<\/h3>\n<hr align=\"center\" noshade=\"noshade\" size=\"1\" width=\"100%\" \/>\n<h4 style=\"text-align: center\"><strong>RESUMO<\/strong><\/h4>\n<p style=\"text-align: justify\">O trabalho mostrou que em\u00a0<em>Vernonia herbacea<\/em>,uma Asteraceae perene do cerrado que possui \u00f3rg\u00e3os subterr\u00e2neos do tipo riz\u00f3foros, os frutanos (pol\u00edmeros de frutose), al\u00e9m de carboidratos de reserva, podem ser relacionados \u00e0 prote\u00e7\u00e3o das plantas contra o frio. Neste trabalho foi demonstrado que as plantas submetidas ao frio e a excis\u00e3o da parte a\u00e9rea apresentaram altera\u00e7\u00f5es no metabolismo de s\u00edntese e mobiliza\u00e7\u00e3o dos frutanos, bem como no conte\u00fado dos carboidratos acumulados. Tamb\u00e9m foi demonstrado que h\u00e1 uma distribui\u00e7\u00e3o espacial ao longo do eixo de crescimento do riz\u00f3foro. Trabalhos anteriores mostraram que h\u00e1 atividade mais elevada de SST na regi\u00e3o do \u00e1pice (distal) na fase vegetativa e por um aumento da atividade da FEH durante a brota\u00e7\u00e3o, pr\u00f3ximo \u00e0 regi\u00e3o do riz\u00f3foro onde ocorre a inser\u00e7\u00e3o dos ramos a\u00e9reos (proximal). Neste trabalho a atividade da FEH ocorreu predominantemente na regi\u00e3o proximal em plantas induzidas \u00e0 brota\u00e7\u00e3o e em plantas submetidas ao frio. Na regi\u00e3o distal foram encontradas as atividades mais elevadas de SST e os teores mais altos de fruto-oligossacar\u00eddeos, enquanto as regi\u00f5es mediana e proximal apresentam os teores mais elevados de fruto-polissacar\u00eddeos. \u00c9 sugerido que, nas plantas induzidas \u00e0 brota\u00e7\u00e3o, os produtos da mobiliza\u00e7\u00e3o dos frutanos sejam utilizados para o restabelecimento da sua parte a\u00e9rea, enquanto nas plantas submetidas aos tratamentos de frio, os produtos da s\u00edntese e mobiliza\u00e7\u00e3o sejam utilizados no ajuste osm\u00f3tico e na prote\u00e7\u00e3o das estruturas celulares, como uma estrat\u00e9gia de adapta\u00e7\u00e3o a essa condi\u00e7\u00e3o ambiental.<\/p>\n<p style=\"text-align: center\"><a href=\"https:\/\/smastr16.blob.core.windows.net\/pgibt\/2013\/10\/marcelino2.jpg\"><img decoding=\"async\" loading=\"lazy\" class=\"alignnone size-full wp-image-2147\" alt=\"Planta inteira (parte a\u00e9rea e riz\u00f3foros com regi\u00f5es demarcadas) de Vernonia herbacea\" src=\"https:\/\/smastr16.blob.core.windows.net\/pgibt\/2013\/10\/marcelino2.jpg\" width=\"166\" height=\"221\" \/><\/a>\u00a0<a href=\"https:\/\/smastr16.blob.core.windows.net\/pgibt\/2013\/10\/marcelino4.jpg\"><img decoding=\"async\" loading=\"lazy\" class=\"alignnone size-full wp-image-2146\" alt=\"Plantas em vasos nos canteiros da se\u00e7\u00e3o; infloresc\u00eancia\" src=\"https:\/\/smastr16.blob.core.windows.net\/pgibt\/2013\/10\/marcelino4.jpg\" width=\"166\" height=\"125\" \/><\/a>\u00a0<a href=\"https:\/\/smastr16.blob.core.windows.net\/pgibt\/2013\/10\/marcelino3.jpg\"><img decoding=\"async\" loading=\"lazy\" class=\"alignnone size-full wp-image-2148\" alt=\"Plantas em vasos nos canteiros da se\u00e7\u00e3o; infloresc\u00eancia\" src=\"https:\/\/smastr16.blob.core.windows.net\/pgibt\/2013\/10\/marcelino3.jpg\" width=\"166\" height=\"125\" \/><\/a><\/p>\n<hr align=\"center\" noshade=\"noshade\" size=\"1\" width=\"100%\" \/>\n<p style=\"text-align: center\"><a href=\"https:\/\/smastr16.blob.core.windows.net\/pgibt\/2013\/09\/pdf_grande.gif\"><img decoding=\"async\" loading=\"lazy\" class=\"aligncenter size-full wp-image-2313\" style=\"border: 0px\" alt=\"pdf_grande\" src=\"https:\/\/smastr16.blob.core.windows.net\/pgibt\/2013\/09\/pdf_grande.gif\" width=\"60\" height=\"60\" \/><\/a><a href=\"https:\/\/smastr16.blob.core.windows.net\/pgibt\/2013\/10\/Marcelino_Jose_de_Souza_DR.pdf\" target=\"_blank\">Marcelino Jos\u00e9 de Souza<br \/>\nDistribui\u00e7\u00e3o espacial da atividade das enzimas de s\u00edntese e mobiliza\u00e7\u00e3o de frutanos em riz\u00f3foros de<em> Vernonia herbacea<\/em> (Vell.) Rusby<br \/>\ninduzidas \u00e0 brota\u00e7\u00e3o e sob temperatura baixa<\/a><\/p>\n<hr align=\"center\" noshade=\"noshade\" size=\"1\" width=\"100%\" \/>\n<p style=\"text-align: center\"><strong>\u00a0<a href=\"https:\/\/www.infraestruturameioambiente.sp.gov.br\/pgibt\/dissertacoesteses\/\">VOLTAR AS DISSERTA\u00c7\u00d5ES E TESES<\/a><\/strong><\/p>\n<hr align=\"center\" noshade=\"noshade\" size=\"1\" width=\"100%\" \/>\n","protected":false},"excerpt":{"rendered":"<p>Marcelino Jos\u00e9 de Souza No dia 31 de mar\u00e7o de 2008, o aluno de P\u00f3s-gradua\u00e7\u00e3o em Biodiversidade Vegetal e Meio Ambiente do Instituto de Bot\u00e2nica de S\u00e3o Paulo (IBt), Marcelino Jos\u00e9 de Souza, defendeu sua disserta\u00e7\u00e3o de mestrado intitulada &#8220;Distribui\u00e7\u00e3o espacial da atividade das enzimas de s\u00edntese e mobiliza\u00e7\u00e3o de frutanos em riz\u00f3foros de\u00a0Vernonia herbacea [&hellip;]<\/p>\n","protected":false},"author":1,"featured_media":0,"parent":249,"menu_order":0,"comment_status":"closed","ping_status":"open","template":"fullpage.php","meta":[],"_links":{"self":[{"href":"https:\/\/www.infraestruturameioambiente.sp.gov.br\/pgibt\/wp-json\/wp\/v2\/pages\/2143"}],"collection":[{"href":"https:\/\/www.infraestruturameioambiente.sp.gov.br\/pgibt\/wp-json\/wp\/v2\/pages"}],"about":[{"href":"https:\/\/www.infraestruturameioambiente.sp.gov.br\/pgibt\/wp-json\/wp\/v2\/types\/page"}],"author":[{"embeddable":true,"href":"https:\/\/www.infraestruturameioambiente.sp.gov.br\/pgibt\/wp-json\/wp\/v2\/users\/1"}],"replies":[{"embeddable":true,"href":"https:\/\/www.infraestruturameioambiente.sp.gov.br\/pgibt\/wp-json\/wp\/v2\/comments?post=2143"}],"version-history":[{"count":0,"href":"https:\/\/www.infraestruturameioambiente.sp.gov.br\/pgibt\/wp-json\/wp\/v2\/pages\/2143\/revisions"}],"up":[{"embeddable":true,"href":"https:\/\/www.infraestruturameioambiente.sp.gov.br\/pgibt\/wp-json\/wp\/v2\/pages\/249"}],"wp:attachment":[{"href":"https:\/\/www.infraestruturameioambiente.sp.gov.br\/pgibt\/wp-json\/wp\/v2\/media?parent=2143"}],"curies":[{"name":"wp","href":"https:\/\/api.w.org\/{rel}","templated":true}]}}