{"id":2137,"date":"2013-10-25T14:22:38","date_gmt":"2013-10-25T16:22:38","guid":{"rendered":"https:\/\/www.infraestruturameioambiente.sp.gov.br\/pgibt\/?page_id=2137"},"modified":"2013-10-25T14:22:38","modified_gmt":"2013-10-25T16:22:38","slug":"2008-marina-bianchini","status":"publish","type":"page","link":"https:\/\/www.infraestruturameioambiente.sp.gov.br\/pgibt\/dissertacoesteses\/2008-marina-bianchini\/","title":{"rendered":"Marina Bianchini de Salvi MS"},"content":{"rendered":"<h2 style=\"text-align: center\"><a href=\"https:\/\/smastr16.blob.core.windows.net\/pgibt\/2015\/02\/faixapos6.jpg\"><img decoding=\"async\" loading=\"lazy\" class=\"aligncenter size-full wp-image-3777\" style=\"border: 0px\" alt=\"faixapos6\" src=\"https:\/\/smastr16.blob.core.windows.net\/pgibt\/2015\/02\/faixapos6.jpg\" width=\"950\" height=\"163\" srcset=\"https:\/\/smastr16.blob.core.windows.net\/pgibt\/2015\/02\/faixapos6.jpg 950w, https:\/\/smastr16.blob.core.windows.net\/pgibt\/2015\/02\/faixapos6-768x131.jpg 768w\" sizes=\"(max-width: 950px) 100vw, 950px\" \/><\/a><\/h2>\n<hr align=\"center\" noshade=\"noshade\" size=\"1\" width=\"100%\" \/>\n<h2 style=\"text-align: center\"><span style=\"color: #003300\">Marina Bianchini de Salvi<\/span><\/h2>\n<hr align=\"center\" noshade=\"noshade\" size=\"1\" width=\"100%\" \/>\n<p style=\"text-align: center\">Marina Bianchini de Salvi, aluna do Programa de P\u00f3s-Gradua\u00e7\u00e3o em Biodiversidade Vegetal e Meio Ambiente do Instituto de Bot\u00e2nica de S\u00e3o Paulo (IBt), defendeu, no dia 27 de mar\u00e7o de 2008, sua disserta\u00e7\u00e3o de mestrado intitulada:<br \/>\n&#8220;Degrada\u00e7\u00e3o qu\u00edmica e biol\u00f3gica de <sup>14<\/sup>C-Hexaclorobenzeno por polietilenoglicol\/hidr\u00f3xido de s\u00f3dio e <em>Trametes villosa<\/em> (Sw.) Kreisel&#8221;,<br \/>\nteve como orientador Dr. D\u00e1cio Roberto Matheus (IBt).<\/p>\n<p style=\"text-align: center\"><a href=\"https:\/\/smastr16.blob.core.windows.net\/pgibt\/2013\/10\/marina_bianchini1.jpg\"><img decoding=\"async\" loading=\"lazy\" alt=\"marina_bianchini1\" src=\"https:\/\/smastr16.blob.core.windows.net\/pgibt\/2013\/10\/marina_bianchini1.jpg\" width=\"260\" height=\"195\" \/><\/a><\/p>\n<hr align=\"center\" noshade=\"noshade\" size=\"1\" width=\"100%\" \/>\n<h3 style=\"text-align: center\">Degrada\u00e7\u00e3o qu\u00edmica e biol\u00f3gica de <sup>14<\/sup>C-Hexaclorobenzeno por polietilenoglicol\/hidr\u00f3xido de s\u00f3dio e<br \/>\n<em>Trametes villosa<\/em> (Sw.) Kreisel<\/h3>\n<hr align=\"center\" noshade=\"noshade\" size=\"1\" width=\"100%\" \/>\n<h4 style=\"text-align: center\"><strong>RESUMO<\/strong><\/h4>\n<p style=\"text-align: justify\">O hexaclorobenzeno (HCB) \u00e9 um composto organoclorado, extremamente persistente e est\u00e1 distribu\u00eddo no meio ambiente em virtude de sua mobilidade e sua resist\u00eancia \u00e0 degrada\u00e7\u00e3o. Devido a essas caracter\u00edsticas foi considerado pelo Programa das Na\u00e7\u00f5es Unidas para o Meio Ambiente (PNUMA) como um dos 12 poluentes org\u00e2nicos mais persistentes (POPs) que devem ser banidos do planeta.<\/p>\n<p style=\"text-align: justify\">A oxida\u00e7\u00e3o qu\u00edmica promoveu a degrada\u00e7\u00e3o de cerca de 85% do HCB, transformando-o principalmente em tetraclorodietoxibenzeno, 1,2,4 tricloro-5-etoxibenzeno, 1,2,3,5 tetracloro-4-etoxibenzeno e pentacloroetoxibenzeno.<em>\u00a0T. villosa<\/em>\u00a0n\u00e3o mineralizou o\u00a0<sup>14<\/sup>C-HCB, e n\u00e3o produziu quantidade significativa de\u00a0<sup>14<\/sup>C-compostos vol\u00e1teis, em quaisquer condi\u00e7\u00f5es avaliadas. Por\u00e9m, com a oxida\u00e7\u00e3o qu\u00edmica do\u00a0<sup>14<\/sup>C-HCB e a adi\u00e7\u00e3o de \u00f3leo vegetal ao sistema de cultivo do fungo, T. villosa mineralizou at\u00e9 13% do tetraclorodietoxibenzeno e quando n\u00e3o foi adicionado \u00f3leo vegetal ao sistema de cultivo T. villosa produziu cerca de 6% de\u00a0<sup>14<\/sup>C-compostos vol\u00e1teis.<\/p>\n<p style=\"text-align: justify\"><strong>Palavras chaves:<\/strong>\u00a0oxida\u00e7\u00e3o qu\u00edmica, organoclorado, biorremedia\u00e7\u00e3o, basidiomiceto<\/p>\n<hr align=\"center\" noshade=\"noshade\" size=\"1\" width=\"100%\" \/>\n<p style=\"text-align: center\"><a href=\"https:\/\/smastr16.blob.core.windows.net\/pgibt\/2013\/09\/pdf_grande.gif\"><img decoding=\"async\" loading=\"lazy\" class=\"aligncenter size-full wp-image-2313\" style=\"border: 0px\" alt=\"pdf_grande\" src=\"https:\/\/smastr16.blob.core.windows.net\/pgibt\/2013\/09\/pdf_grande.gif\" width=\"60\" height=\"60\" \/><\/a><a href=\"https:\/\/smastr16.blob.core.windows.net\/pgibt\/2013\/10\/Marina_Bianchini_de_Salvi_MS.pdf\" target=\"_blank\">Marina Bianchini de Salvi<br \/>\nDegrada\u00e7\u00e3o qu\u00edmica e biol\u00f3gica de <sup>14<\/sup>C-Hexaclorobenzeno por polietilenoglicol\/hidr\u00f3xido de s\u00f3dio e <em>Trametes villosa<\/em> (Sw.) Kreisel<\/a><\/p>\n<hr align=\"center\" noshade=\"noshade\" size=\"1\" width=\"100%\" \/>\n<p style=\"text-align: center\"><strong>\u00a0<a href=\"https:\/\/www.infraestruturameioambiente.sp.gov.br\/pgibt\/dissertacoesteses\/\">VOLTAR AS DISSERTA\u00c7\u00d5ES E TESES<\/a><\/strong><\/p>\n<hr align=\"center\" noshade=\"noshade\" size=\"1\" width=\"100%\" \/>\n","protected":false},"excerpt":{"rendered":"<p>Marina Bianchini de Salvi Marina Bianchini de Salvi, aluna do Programa de P\u00f3s-Gradua\u00e7\u00e3o em Biodiversidade Vegetal e Meio Ambiente do Instituto de Bot\u00e2nica de S\u00e3o Paulo (IBt), defendeu, no dia 27 de mar\u00e7o de 2008, sua disserta\u00e7\u00e3o de mestrado intitulada: &#8220;Degrada\u00e7\u00e3o qu\u00edmica e biol\u00f3gica de 14C-Hexaclorobenzeno por polietilenoglicol\/hidr\u00f3xido de s\u00f3dio e Trametes villosa (Sw.) Kreisel&#8221;, [&hellip;]<\/p>\n","protected":false},"author":1,"featured_media":0,"parent":249,"menu_order":0,"comment_status":"closed","ping_status":"open","template":"fullpage.php","meta":[],"_links":{"self":[{"href":"https:\/\/www.infraestruturameioambiente.sp.gov.br\/pgibt\/wp-json\/wp\/v2\/pages\/2137"}],"collection":[{"href":"https:\/\/www.infraestruturameioambiente.sp.gov.br\/pgibt\/wp-json\/wp\/v2\/pages"}],"about":[{"href":"https:\/\/www.infraestruturameioambiente.sp.gov.br\/pgibt\/wp-json\/wp\/v2\/types\/page"}],"author":[{"embeddable":true,"href":"https:\/\/www.infraestruturameioambiente.sp.gov.br\/pgibt\/wp-json\/wp\/v2\/users\/1"}],"replies":[{"embeddable":true,"href":"https:\/\/www.infraestruturameioambiente.sp.gov.br\/pgibt\/wp-json\/wp\/v2\/comments?post=2137"}],"version-history":[{"count":0,"href":"https:\/\/www.infraestruturameioambiente.sp.gov.br\/pgibt\/wp-json\/wp\/v2\/pages\/2137\/revisions"}],"up":[{"embeddable":true,"href":"https:\/\/www.infraestruturameioambiente.sp.gov.br\/pgibt\/wp-json\/wp\/v2\/pages\/249"}],"wp:attachment":[{"href":"https:\/\/www.infraestruturameioambiente.sp.gov.br\/pgibt\/wp-json\/wp\/v2\/media?parent=2137"}],"curies":[{"name":"wp","href":"https:\/\/api.w.org\/{rel}","templated":true}]}}