{"id":2129,"date":"2013-10-25T14:07:56","date_gmt":"2013-10-25T16:07:56","guid":{"rendered":"https:\/\/www.infraestruturameioambiente.sp.gov.br\/pgibt\/?page_id=2129"},"modified":"2013-10-25T14:07:56","modified_gmt":"2013-10-25T16:07:56","slug":"2008-marisia-pannia","status":"publish","type":"page","link":"https:\/\/www.infraestruturameioambiente.sp.gov.br\/pgibt\/dissertacoesteses\/2008-marisia-pannia\/","title":{"rendered":"Mar\u00edsia Pannia Esp\u00f3sito  MS"},"content":{"rendered":"<h2 style=\"text-align: center\"><a href=\"https:\/\/smastr16.blob.core.windows.net\/pgibt\/2015\/02\/faixapos6.jpg\"><img decoding=\"async\" loading=\"lazy\" class=\"aligncenter size-full wp-image-3777\" style=\"border: 0px\" alt=\"faixapos6\" src=\"https:\/\/smastr16.blob.core.windows.net\/pgibt\/2015\/02\/faixapos6.jpg\" width=\"950\" height=\"163\" srcset=\"https:\/\/smastr16.blob.core.windows.net\/pgibt\/2015\/02\/faixapos6.jpg 950w, https:\/\/smastr16.blob.core.windows.net\/pgibt\/2015\/02\/faixapos6-768x131.jpg 768w\" sizes=\"(max-width: 950px) 100vw, 950px\" \/><\/a><\/h2>\n<hr align=\"center\" noshade=\"noshade\" size=\"1\" width=\"100%\" \/>\n<h2 style=\"text-align: center\"><span style=\"color: #003300\">Mar\u00edsia Pannia Esp\u00f3sito<\/span><\/h2>\n<hr align=\"center\" noshade=\"noshade\" size=\"1\" width=\"100%\" \/>\n<p style=\"text-align: center\">\n<hr align=\"center\" noshade=\"noshade\" size=\"1\" width=\"100%\" \/>\n<h3 style=\"text-align: center\">Estudo da rela\u00e7\u00e3o entre necroses foliares indicadoras de oz\u00f4nio atmosf\u00e9rico e<br \/>\ndefesas antioxidativas em folhas de\u00a0<em>Nicotiana tabacum<\/em>\u00a0&#8220;Bel W3&#8221;<\/h3>\n<hr align=\"center\" noshade=\"noshade\" size=\"1\" width=\"100%\" \/>\n<h4 style=\"text-align: center\"><strong>RESUMO<\/strong><\/h4>\n<p style=\"text-align: justify\">O efeito t\u00f3xico do oz\u00f4nio sobre os seres vivos \u00e9 bastante conhecido e depende de sua concentra\u00e7\u00e3o atmosf\u00e9rica, tempo de exposi\u00e7\u00e3o e da sensibilidade do receptor. As plantas geralmente s\u00e3o muito sens\u00edveis a esse g\u00e1s, o qual \u00e9 absorvido predominantemente via est\u00f4matos, promovendo a forma\u00e7\u00e3o de esp\u00e9cies reativas de oxig\u00eanio (EROs), como o \u00e2nion super\u00f3xido (O2\u00b7-) e o radical hidroxila (OH\u00b7) e criando uma situa\u00e7\u00e3o de estresse oxidativo. As EROs s\u00e3o extremamente nocivas a mol\u00e9culas biol\u00f3gicas vitais, como lip\u00eddios, prote\u00ednas e \u00e1cidos nucl\u00e9icos. A cultivar Bel W3 de\u00a0<em>Nicotiana tabacum<\/em>\u00a0\u00e9 a planta bioindicadora sens\u00edvel mais padronizada e mais amplamente utilizada para qualifica\u00e7\u00e3o de n\u00edveis t\u00f3xicos de oz\u00f4nio em regi\u00f5es de clima temperado. Diferentes estudos v\u00eam avaliando, sob v\u00e1rios aspectos, seu potencial bioindicador para a cidade de S\u00e3o Paulo. No presente, levantou-se a hip\u00f3tese de que as varia\u00e7\u00f5es di\u00e1rias na concentra\u00e7\u00e3o de oz\u00f4nio atmosf\u00e9rico e\/ou nas condi\u00e7\u00f5es meteorol\u00f3gicas encontradas na cidade de s\u00e3o Paulo podem alterar as respostas antioxidativas di\u00e1rias e, por conseguinte, a manifesta\u00e7\u00e3o de necroses em folhas de\u00a0<em>N. tabacum\u00a0<\/em>Bel W3. Portanto, os objetivos tra\u00e7ados foram: a) determinar, em experimentos de campo, as rela\u00e7\u00f5es entre as necroses foliares e respostas antioxidativas di\u00e1rias (concentra\u00e7\u00e3o de \u00e1cido asc\u00f3rbico total &#8211; AA e atividade das enzimas super\u00f3xido dismutase &#8211; SOD e peroxidases &#8211; POD) em plantas de tabaco em um local da cidade de S\u00e3o Paulo contaminado por altos n\u00edveis de oz\u00f4nio atmosf\u00e9rico e entre essas medidas biol\u00f3gicas e varia\u00e7\u00f5es em fatores ambientais ao longo dos per\u00edodos experimentais; b) confirmar, em c\u00e2maras de fumiga\u00e7\u00e3o, a exist\u00eancia das rela\u00e7\u00f5es entre os mesmos indicadores de defesas antioxidativas e necroses foliares em plantas de tabaco expostas a concentra\u00e7\u00f5es conhecidas de oz\u00f4nio atmosf\u00e9rico, simulando a polui\u00e7\u00e3o atmosf\u00e9rica de S\u00e3o Paulo. No estudo realizado em campo, a an\u00e1lise de regress\u00e3o m\u00faltipla mostrou que 63% da varia\u00e7\u00e3o na porcentagem de inj\u00farias foliares ao longo de todo per\u00edodo experimental foi explicada por menores n\u00edveis de antioxidantes (AA e SOD) e por maiores valores de concentra\u00e7\u00e3o atmosf\u00e9rica de oz\u00f4nio e temperatura do ar. J\u00e1 no estudo realizado em fumiga\u00e7\u00e3o, a redu\u00e7\u00e3o do conte\u00fado de \u00e1cido asc\u00f3rbico nas plantas de\u00a0<em>N. tabacum<\/em>\u00a0Bel W3 expostas a concentra\u00e7\u00f5es crescentes de oz\u00f4nio, acompanhando o aumento da \u00e1rea foliar afetada por necroses, indicou claramente a sensibilidade da cultivar ao oz\u00f4nio. As respostas antioxidativas dependeram do tempo de exposi\u00e7\u00e3o e do n\u00edvel de oz\u00f4nio ao qual as plantas foram expostas, sendo mais intensas ap\u00f3s dois dias de fumiga\u00e7\u00e3o com 20 e 40 ppb de O3, para SOD e AA total, respectivamente, apesar de n\u00e3o terem sido suficientes para conter danos celulares e a ocorr\u00eancia de necroses foliares. Com tais resultados, fica evidente que\u00a0<em>N. tabacum<\/em>\u00a0Bel W3 pode caracterizar os n\u00edveis de oz\u00f4nio em S\u00e3o Paulo, por\u00e9m sob baixas concentra\u00e7\u00f5es de oz\u00f4nio e por um per\u00edodo de exposi\u00e7\u00e3o ideal que ainda precisa ser determinado.<\/p>\n<hr align=\"center\" noshade=\"noshade\" size=\"1\" width=\"100%\" \/>\n<p style=\"text-align: center\"><a href=\"https:\/\/smastr16.blob.core.windows.net\/pgibt\/2013\/09\/pdf_grande.gif\"><img decoding=\"async\" loading=\"lazy\" class=\"aligncenter size-full wp-image-2313\" style=\"border: 0px\" alt=\"pdf_grande\" src=\"https:\/\/smastr16.blob.core.windows.net\/pgibt\/2013\/09\/pdf_grande.gif\" width=\"60\" height=\"60\" \/><\/a><a href=\"https:\/\/smastr16.blob.core.windows.net\/pgibt\/2013\/10\/Marisia_Pannia_Esposito_MS.pdf\" target=\"_blank\">Mar\u00edsia Pannia Esp\u00f3sito<br \/>\nEstudo da rela\u00e7\u00e3o entre necroses foliares indicadoras de oz\u00f4nio atmosf\u00e9rico e defesas antioxidativas em folhas de <em>Nicotiana tabacum<\/em> &#8220;Bel W3&#8221;<\/a>.<\/p>\n<hr align=\"center\" noshade=\"noshade\" size=\"1\" width=\"100%\" \/>\n<p style=\"text-align: center\"><strong>\u00a0<a href=\"https:\/\/www.infraestruturameioambiente.sp.gov.br\/pgibt\/dissertacoesteses\/\">VOLTAR AS DISSERTA\u00c7\u00d5ES E TESES<\/a><\/strong><\/p>\n<hr align=\"center\" noshade=\"noshade\" size=\"1\" width=\"100%\" \/>\n","protected":false},"excerpt":{"rendered":"<p>Mar\u00edsia Pannia Esp\u00f3sito Estudo da rela\u00e7\u00e3o entre necroses foliares indicadoras de oz\u00f4nio atmosf\u00e9rico e defesas antioxidativas em folhas de\u00a0Nicotiana tabacum\u00a0&#8220;Bel W3&#8221; RESUMO O efeito t\u00f3xico do oz\u00f4nio sobre os seres vivos \u00e9 bastante conhecido e depende de sua concentra\u00e7\u00e3o atmosf\u00e9rica, tempo de exposi\u00e7\u00e3o e da sensibilidade do receptor. As plantas geralmente s\u00e3o muito sens\u00edveis a [&hellip;]<\/p>\n","protected":false},"author":1,"featured_media":0,"parent":249,"menu_order":0,"comment_status":"closed","ping_status":"open","template":"fullpage.php","meta":[],"_links":{"self":[{"href":"https:\/\/www.infraestruturameioambiente.sp.gov.br\/pgibt\/wp-json\/wp\/v2\/pages\/2129"}],"collection":[{"href":"https:\/\/www.infraestruturameioambiente.sp.gov.br\/pgibt\/wp-json\/wp\/v2\/pages"}],"about":[{"href":"https:\/\/www.infraestruturameioambiente.sp.gov.br\/pgibt\/wp-json\/wp\/v2\/types\/page"}],"author":[{"embeddable":true,"href":"https:\/\/www.infraestruturameioambiente.sp.gov.br\/pgibt\/wp-json\/wp\/v2\/users\/1"}],"replies":[{"embeddable":true,"href":"https:\/\/www.infraestruturameioambiente.sp.gov.br\/pgibt\/wp-json\/wp\/v2\/comments?post=2129"}],"version-history":[{"count":0,"href":"https:\/\/www.infraestruturameioambiente.sp.gov.br\/pgibt\/wp-json\/wp\/v2\/pages\/2129\/revisions"}],"up":[{"embeddable":true,"href":"https:\/\/www.infraestruturameioambiente.sp.gov.br\/pgibt\/wp-json\/wp\/v2\/pages\/249"}],"wp:attachment":[{"href":"https:\/\/www.infraestruturameioambiente.sp.gov.br\/pgibt\/wp-json\/wp\/v2\/media?parent=2129"}],"curies":[{"name":"wp","href":"https:\/\/api.w.org\/{rel}","templated":true}]}}