{"id":2079,"date":"2013-10-25T10:17:43","date_gmt":"2013-10-25T12:17:43","guid":{"rendered":"https:\/\/www.infraestruturameioambiente.sp.gov.br\/pgibt\/?page_id=2079"},"modified":"2013-10-25T10:17:43","modified_gmt":"2013-10-25T12:17:43","slug":"2008-ricardo-jose","status":"publish","type":"page","link":"https:\/\/www.infraestruturameioambiente.sp.gov.br\/pgibt\/dissertacoesteses\/2008-ricardo-jose\/","title":{"rendered":"Ricardo Jos\u00e9 Domingues MS"},"content":{"rendered":"<h2 style=\"text-align: center\"><a href=\"https:\/\/smastr16.blob.core.windows.net\/pgibt\/2015\/02\/faixapos6.jpg\"><img decoding=\"async\" loading=\"lazy\" class=\"aligncenter size-full wp-image-3777\" style=\"border: 0px\" alt=\"faixapos6\" src=\"https:\/\/smastr16.blob.core.windows.net\/pgibt\/2015\/02\/faixapos6.jpg\" width=\"950\" height=\"163\" srcset=\"https:\/\/smastr16.blob.core.windows.net\/pgibt\/2015\/02\/faixapos6.jpg 950w, https:\/\/smastr16.blob.core.windows.net\/pgibt\/2015\/02\/faixapos6-768x131.jpg 768w\" sizes=\"(max-width: 950px) 100vw, 950px\" \/><\/a><\/h2>\n<hr align=\"center\" noshade=\"noshade\" size=\"1\" width=\"100%\" \/>\n<h2 style=\"text-align: center\"><span style=\"color: #003300\">Ricardo Jos\u00e9 Domingues<\/span><\/h2>\n<hr align=\"center\" noshade=\"noshade\" size=\"1\" width=\"100%\" \/>\n<p style=\"text-align: center\">No dia 28 de fevereiro de 2008, o aluno de P\u00f3s-gradua\u00e7\u00e3o em Biodiversidade Vegetal e Meio Ambiente do Instituto de Bot\u00e2nica de S\u00e3o Paulo (IBt), Ricardo Jos\u00e9 Domingues, defendeu sua disserta\u00e7\u00e3o de mestrado intitulada:<br \/>\n&#8220;Potencial fungicida &#8220;<em>in vitro<\/em>&#8221; de extratos de plantas e de basidiomicetos sobre\u00a0<em>Alternaria solani<\/em>\u00a0(Ell. &amp; Martin) Jones &amp; Grout,<br \/>\n<em>Colletotrichum acutatum Simmonds<\/em>\u00a0e\u00a0<em>Sclerotium rolfsii Sacc.<\/em>&#8220;.<\/p>\n<p style=\"text-align: center\">A banca examinadora foi composta pelo Dr. D\u00e1cio Roberto Matheus (Orientador \/IBt), Dra. Luce Maria Brand\u00e3o Torres (IBt),<br \/>\nem substitui\u00e7\u00e3o \u00e0 Dra. Maria Cl\u00e1udia Marx Young (IBt) e pela Dra. Joana D&#8217;Arc Fel\u00edcio de Souza (Instituto Biol\u00f3gico).<\/p>\n<p style=\"text-align: center\">A utiliza\u00e7\u00e3o de fungicidas \u00e9, em muitos casos, a \u00fanica medida eficiente e vi\u00e1vel de controlar doen\u00e7as e garantir a sustentabilidade da atividade agr\u00edcola. Por outro lado, \u00e9 tamb\u00e9m uma tecnologia que traz impactos negativos ao ambiente e \u00e0 sa\u00fade p\u00fablica.<\/p>\n<p style=\"text-align: center\"><a href=\"https:\/\/smastr16.blob.core.windows.net\/pgibt\/2013\/10\/ricardo_jose1.jpg\"><img decoding=\"async\" loading=\"lazy\" alt=\"ricardo_jose1\" src=\"https:\/\/smastr16.blob.core.windows.net\/pgibt\/2013\/10\/ricardo_jose1.jpg\" width=\"133\" height=\"200\" \/><\/a><\/p>\n<hr align=\"center\" noshade=\"noshade\" size=\"1\" width=\"100%\" \/>\n<h3 style=\"text-align: center\">Potencial fungicida &#8220;in vitro&#8221; de extratos de plantas e de basidiomicetos sobre\u00a0<em>Alternaria solani\u00a0<\/em>(Ell. &amp; Martin) Jones &amp; Grout,\u00a0<em>Colletotrichum acutatum<\/em>\u00a0Simmonds e\u00a0<em>Sclerotium rolfsii<\/em>\u00a0Sacc.<\/h3>\n<hr align=\"center\" noshade=\"noshade\" size=\"1\" width=\"100%\" \/>\n<h4 style=\"text-align: center\"><strong>RESUMO<\/strong><\/h4>\n<p style=\"text-align: justify\">Os\u00a0fungos\u00a0<em>Alternaria solani<\/em>\u00a0e\u00a0<em>Colletotrichum acutatum\u00a0<\/em>causam graves preju\u00edzos \u00e0s culturas de tomate\u00a0e morango, respectivamente.\u00a0<em>Sclerotium rolfsii<\/em>\u00a0\u00e9\u00a0considerado como pat\u00f3geno de solo, capaz de\u00a0provocar danos severos a diversas\u00a0esp\u00e9cies agr\u00edcolas de import\u00e2ncia econ\u00f4mica.<br \/>\nO\u00a0trabalho teve como objetivo avaliar a a\u00e7\u00e3o\u00a0de extratos etan\u00f3licos e hex\u00e2nicos de oito\u00a0esp\u00e9cies de plantas faner\u00f3gamas de uso comercial,\u00a0e tr\u00eas esp\u00e9cies de plantas faner\u00f3gamas\u00a0nativas e de dois basidiomicetos nativos sobre a: a) inibi\u00e7\u00e3o\u00a0de crescimento micelial desses fitopat\u00f3genos, b)\u00a0inibi\u00e7\u00e3o da germina\u00e7\u00e3o de con\u00eddios\u00a0(<em>A. solani<\/em>\u00a0e\u00a0<em>C. acutatum)<\/em>\u00a0e<em>\u00a0<\/em>c) inibi\u00e7\u00e3oda germina\u00e7\u00e3o de escler\u00f3dios de\u00a0<em>S.\u00a0rolfsii<\/em>.<br \/>\nDentre\u00a0os extratos de plantas faner\u00f3gamas comerciais, os\u00a0extratos hex\u00e2nicos de\u00a0<em>Ruta graveolens<\/em>,\u00a0<em>Allamanda\u00a0cathartica<\/em>,\u00a0<em>Impatiens walleriana<\/em>,\u00a0<em>Allium sativum\u00a0<\/em>e\u00a0<em>Lavandula augustifolia<\/em>\u00a0foram os que proporcionaram\u00a0os menores valores de crescimento micelial dos tr\u00eas\u00a0fitopat\u00f3genos. O extrato hex\u00e2nico de\u00a0<em>A.\u00a0sativum<\/em>\u00a0foi o \u00fanico a inibir totalmente a germina\u00e7\u00e3o\u00a0de con\u00eddios de\u00a0<em>A. solani<\/em>. Os extratos hex\u00e2nicos\u00a0de\u00a0<em>I. walleriana<\/em>,\u00a0<em>A. sativum<\/em>\u00a0e\u00a0<em>L. augustifolia\u00a0<\/em>foram os \u00fanicos em que verificou-se aus\u00eancia\u00a0total de germina\u00e7\u00e3o de con\u00eddios de<br \/>\n<em>C. acutatum<\/em>. Os extratos hex\u00e2nicos de\u00a0<em>R.\u00a0graveolens<\/em>\u00a0e de\u00a0<em>I. walleriana<\/em>\u00a0inibiram totalmente\u00a0a germina\u00e7\u00e3o de escler\u00f3dios de\u00a0<em>S.\u00a0rolfsii<\/em>.<br \/>\nDentre\u00a0as plantas e basidiomicetos nativos o extrato do fungo\u00a0<em>Oudemansiella\u00a0canarii<\/em>\u00a0foi o mais ativo. Proporcionou a maior inibi\u00e7\u00e3o\u00a0do crescimento micelial dos fitopat\u00f3genos, inibiu\u00a0totalmente a germina\u00e7\u00e3o de con\u00eddios\u00a0de\u00a0<em>A. solani<\/em>\u00a0e\u00a0<em>C. acutaum<\/em>\u00a0e da germina\u00e7\u00e3o\u00a0de escler\u00f3dios de\u00a0<em>S. rolfsii<\/em>. O extrato de\u00a0<em>Irpex lacteus<\/em>\u00a0inibiu parcialmente o crescimento micelial\u00a0dos pat\u00f3genos.<br \/>\nDiversas\u00a0esp\u00e9cies vegetais apresentam elevado potencial como\u00a0fontes alternativas de subst\u00e2ncias com a\u00e7\u00e3o \u00a0fungicida e o seu estudo poder\u00e1 contribuir para a\u00a0redu\u00e7\u00e3o dos problemas hoje existentes no controle\u00a0qu\u00edmico de doen\u00e7as f\u00fangicas na agricultura.\u00a0Evidentemente, outros estudos devem ser realizados visando \u00a0avaliar tamb\u00e9m, o potencial toxicol\u00f3gico dessas\u00a0subst\u00e2ncias ao homem e ao ambiente antes de serem\u00a0empregadas em larga escala.<\/p>\n<p style=\"text-align: center\"><a href=\"https:\/\/smastr16.blob.core.windows.net\/pgibt\/2013\/10\/ricardo1.jpg\"><img decoding=\"async\" loading=\"lazy\" class=\"alignnone size-full wp-image-2081\" alt=\"ricardo1\" src=\"https:\/\/smastr16.blob.core.windows.net\/pgibt\/2013\/10\/ricardo1.jpg\" width=\"139\" height=\"230\" \/><\/a>\u00a0 <a href=\"https:\/\/smastr16.blob.core.windows.net\/pgibt\/2013\/10\/ricardo2.jpg\"><img decoding=\"async\" loading=\"lazy\" class=\"alignnone size-full wp-image-2082\" alt=\"ricardo2\" src=\"https:\/\/smastr16.blob.core.windows.net\/pgibt\/2013\/10\/ricardo2.jpg\" width=\"141\" height=\"230\" \/><\/a>\u00a0 <a href=\"https:\/\/smastr16.blob.core.windows.net\/pgibt\/2013\/10\/ricardo3.jpg\"><img decoding=\"async\" loading=\"lazy\" class=\"alignnone size-full wp-image-2083\" alt=\"ricardo3\" src=\"https:\/\/smastr16.blob.core.windows.net\/pgibt\/2013\/10\/ricardo3.jpg\" width=\"242\" height=\"230\" \/><\/a><\/p>\n<hr align=\"center\" noshade=\"noshade\" size=\"1\" width=\"100%\" \/>\n<p style=\"text-align: center\"><a href=\"https:\/\/smastr16.blob.core.windows.net\/pgibt\/2013\/09\/pdf_grande.gif\"><img decoding=\"async\" loading=\"lazy\" class=\"aligncenter size-full wp-image-2313\" style=\"border: 0px\" alt=\"pdf_grande\" src=\"https:\/\/smastr16.blob.core.windows.net\/pgibt\/2013\/09\/pdf_grande.gif\" width=\"60\" height=\"60\" \/><\/a><a href=\"https:\/\/smastr16.blob.core.windows.net\/pgibt\/2013\/10\/Ricardo_Jose_Domingues_MS.pdf\" target=\"_blank\">Ricardo Jos\u00e9 Domingues<br \/>\nPotencial fungicida &#8220;<em>in vitro<\/em>&#8221; de extratos de plantas e de basidiomicetos sobre\u00a0<em>Alternaria solani<\/em>\u00a0(Ell. &amp; Martin) Jones &amp; Grout,<br \/>\n<em>Colletotrichum acutatum Simmonds<\/em>\u00a0e\u00a0<em>Sclerotium rolfsii Sacc.<\/em><\/a><\/p>\n<hr align=\"center\" noshade=\"noshade\" size=\"1\" width=\"100%\" \/>\n<p style=\"text-align: center\"><strong>\u00a0<a href=\"https:\/\/www.infraestruturameioambiente.sp.gov.br\/pgibt\/dissertacoesteses\/\">VOLTAR AS DISSERTA\u00c7\u00d5ES E TESES<\/a><\/strong><\/p>\n<hr align=\"center\" noshade=\"noshade\" size=\"1\" width=\"100%\" \/>\n","protected":false},"excerpt":{"rendered":"<p>Ricardo Jos\u00e9 Domingues No dia 28 de fevereiro de 2008, o aluno de P\u00f3s-gradua\u00e7\u00e3o em Biodiversidade Vegetal e Meio Ambiente do Instituto de Bot\u00e2nica de S\u00e3o Paulo (IBt), Ricardo Jos\u00e9 Domingues, defendeu sua disserta\u00e7\u00e3o de mestrado intitulada: &#8220;Potencial fungicida &#8220;in vitro&#8221; de extratos de plantas e de basidiomicetos sobre\u00a0Alternaria solani\u00a0(Ell. &amp; Martin) Jones &amp; Grout, [&hellip;]<\/p>\n","protected":false},"author":1,"featured_media":0,"parent":249,"menu_order":0,"comment_status":"closed","ping_status":"open","template":"fullpage.php","meta":[],"_links":{"self":[{"href":"https:\/\/www.infraestruturameioambiente.sp.gov.br\/pgibt\/wp-json\/wp\/v2\/pages\/2079"}],"collection":[{"href":"https:\/\/www.infraestruturameioambiente.sp.gov.br\/pgibt\/wp-json\/wp\/v2\/pages"}],"about":[{"href":"https:\/\/www.infraestruturameioambiente.sp.gov.br\/pgibt\/wp-json\/wp\/v2\/types\/page"}],"author":[{"embeddable":true,"href":"https:\/\/www.infraestruturameioambiente.sp.gov.br\/pgibt\/wp-json\/wp\/v2\/users\/1"}],"replies":[{"embeddable":true,"href":"https:\/\/www.infraestruturameioambiente.sp.gov.br\/pgibt\/wp-json\/wp\/v2\/comments?post=2079"}],"version-history":[{"count":0,"href":"https:\/\/www.infraestruturameioambiente.sp.gov.br\/pgibt\/wp-json\/wp\/v2\/pages\/2079\/revisions"}],"up":[{"embeddable":true,"href":"https:\/\/www.infraestruturameioambiente.sp.gov.br\/pgibt\/wp-json\/wp\/v2\/pages\/249"}],"wp:attachment":[{"href":"https:\/\/www.infraestruturameioambiente.sp.gov.br\/pgibt\/wp-json\/wp\/v2\/media?parent=2079"}],"curies":[{"name":"wp","href":"https:\/\/api.w.org\/{rel}","templated":true}]}}