{"id":2066,"date":"2013-10-24T15:50:29","date_gmt":"2013-10-24T17:50:29","guid":{"rendered":"https:\/\/www.infraestruturameioambiente.sp.gov.br\/pgibt\/?page_id=2066"},"modified":"2013-10-24T15:50:29","modified_gmt":"2013-10-24T17:50:29","slug":"2008-sandra-vieira","status":"publish","type":"page","link":"https:\/\/www.infraestruturameioambiente.sp.gov.br\/pgibt\/dissertacoesteses\/2008-sandra-vieira\/","title":{"rendered":"Sandra Vieira Costa DR"},"content":{"rendered":"<h2 style=\"text-align: center\"><a href=\"https:\/\/smastr16.blob.core.windows.net\/pgibt\/2015\/02\/faixapos6.jpg\"><img decoding=\"async\" loading=\"lazy\" class=\"aligncenter size-full wp-image-3777\" style=\"border: 0px\" alt=\"faixapos6\" src=\"https:\/\/smastr16.blob.core.windows.net\/pgibt\/2015\/02\/faixapos6.jpg\" width=\"950\" height=\"163\" srcset=\"https:\/\/smastr16.blob.core.windows.net\/pgibt\/2015\/02\/faixapos6.jpg 950w, https:\/\/smastr16.blob.core.windows.net\/pgibt\/2015\/02\/faixapos6-768x131.jpg 768w\" sizes=\"(max-width: 950px) 100vw, 950px\" \/><\/a><\/h2>\n<hr align=\"center\" noshade=\"noshade\" size=\"1\" width=\"100%\" \/>\n<h2 style=\"text-align: center\"><span style=\"color: #003300\">Sandra Vieira Costa<\/span><\/h2>\n<hr align=\"center\" noshade=\"noshade\" size=\"1\" width=\"100%\" \/>\n<p style=\"text-align: center\">Sandra Vieira Costa, aluna do Programa de P\u00f3s-gradua\u00e7\u00e3o em Biodiversidade Vegetal e Meio Ambiente do Instituto de Bot\u00e2nica de S\u00e3o Paulo (IBt) e bolsista FAPESP (04\/08675-8), defendeu no dia 15 de abril de 2008 a tese de doutorado intitulada<br \/>\n&#8220;Hist\u00f3rico da eutrofiza\u00e7\u00e3o do Lago das Gar\u00e7as (Parque Estadual das Fontes do Ipiranga, SP) durante o s\u00e9culo XX com base no registro de diatom\u00e1ceas em sedimentos&#8221;, sob orienta\u00e7\u00e3o da Dr\u00aa Denise de Campos Bicudo da Se\u00e7\u00e3o de Ecologia do Instituto de Bot\u00e2nica de S\u00e3o Paulo (IBt) e coorienta\u00e7\u00e3o da Dr\u00aa Ana Luiza S. Albuquerque do Departamento de Geoqu\u00edmica da UFF (RJ).<\/p>\n<p style=\"text-align: center\">A banca examinadora foi composta pelos professores: Dr\u00aa Denise de Campos Bicudo (Se\u00e7\u00e3o de Ecologia-IBt\/SP), Dr\u00aa Silvia Helena de Melo e Sousa (Instituto Oceanogr\u00e1fico\/USP), Dr. Antonio F.C. Camargo (UNESP\/Rio Claro), Dr. Paulo Eduardo de Oliveira (Universidade de Guarulhos\/SP) e Dr. D\u00e1cio Roberto Matheus (Se\u00e7\u00e3o de Micologia- IBt\/SP). O estudo visou reconstruir o hist\u00f3rico da eutrofiza\u00e7\u00e3o de represa tropical rasa com base no registro de diatom\u00e1ceas sedimentares em longa s\u00e9rie temporal (ca. 100 anos).<\/p>\n<p style=\"text-align: center\">A represa (Lago das Gar\u00e7as) est\u00e1 localizada em uma unidade de conserva\u00e7\u00e3o, Parque Estadual das Fontes do Ipiranga (PEFI), \u00a0em \u00e1rea urbana (S\u00e3o Paulo). Foram coletados 4 testemunhos no ponto mais profundo com coletor de Livingstone modificado.<\/p>\n<hr align=\"center\" noshade=\"noshade\" size=\"1\" width=\"100%\" \/>\n<h3 style=\"text-align: center\">Hist\u00f3rico da eutrofiza\u00e7\u00e3o do Lago das Gar\u00e7as (Parque Estadual das Fontes do Ipiranga, SP)<br \/>\ndurante o s\u00e9culo XX com base no registro de diatom\u00e1ceas em sedimentos<\/h3>\n<hr align=\"center\" noshade=\"noshade\" size=\"1\" width=\"100%\" \/>\n<h4 style=\"text-align: center\"><strong>RESUMO<\/strong><\/h4>\n<p style=\"text-align: justify\">Dois testemunhos foram utilizados para as an\u00e1lises, sendo dois arquivados. As an\u00e1lises inclu\u00edram litologia, geocronologia por 210 Pb, granulometria, nitrog\u00eanio (N), f\u00f3sforo (P) e diatom\u00e1ceas. Informa\u00e7\u00f5es documentais foram examinadas para tra\u00e7ar mudan\u00e7as do uso e da ocupa\u00e7\u00e3o na bacia. Baseado nesta informa\u00e7\u00e3o, concluiu-se que o Lago das Gar\u00e7as resultou do represamento do C\u00f3rrego Campan\u00e1rio em 1894, sendo utilizado para abastecimento de \u00e1gua de1900, pelo menos, at\u00e9 1928. A fase c\u00f3rrego tamb\u00e9m foi verificada pelas fatias arenosas na base do testemunho. Utilizando o modelo de data\u00e7\u00e3o\u00a0<em>Constant Initial Concentration<\/em>\u00a0(CIC), a seq\u00fc\u00eancia sedimentar foi calculada representando cerca de 110 anos, correspondente ao per\u00edodo de 1894 a 2005. An\u00e1lises granulom\u00e9tricas sugeriram eventos erosivos no sistema em decorr\u00eancia de desmatamentos e constru\u00e7\u00f5es no PEFI. O f\u00f3sforo e, em menor extens\u00e3o, o nitrog\u00eanio, apresentaram concentra\u00e7\u00f5es que aumentaram gradualmente da base do testemunho at\u00e9 por volta de 1958 e a partir de 1990 atingiram seus valores mais elevados. As instala\u00e7\u00f5es do Zool\u00f3gico (1958) e da Secretaria da Agricultura e Abastecimento do Estado de S\u00e3o Paulo (1975) na \u00e1rea do PEFI desencadearam o processo de eutrofiza\u00e7\u00e3o. Foram identificados 80 t\u00e1xons de diatom\u00e1ceas (32 g\u00eaneros, 76 esp\u00e9cies e 4 variedades), dos quais 47 (59%) foram listados pela primeira vez para a represa. Com base na densidade relativa das 22 esp\u00e9cies mais abundantes (= 5%) e nos valores de N e P, foi poss\u00edvel inferir o hist\u00f3rico de trofia do reservat\u00f3rio. As esp\u00e9cies mais bem associadas com cada per\u00edodo foram: subzona 1 e zona 1 (1919 a 1975) &#8211; oligotr\u00f3fica (<em>Diadesmis contenta<\/em>); zona 2 (1976 a 1988) &#8211; mesotr\u00f3fica (<em>Discostella stelligera<\/em>); zona 3 (1989 a 1999) &#8211; meso-eutr\u00f3fica (<em>Achnanthidium catenatum<\/em>); subzona 4 (1995-1999) &#8211; eutr\u00f3fica (<em>Planothidium rostratum<\/em>) e zona 4 (2000 a 2005) &#8211; hipereutr\u00f3fica (<em>Cyclotella meneghiniana<\/em>).\u00a0<em>Aulacoseira granulata<\/em>\u00a0var.\u00a0<em>granulata<\/em>\u00a0foi uma das esp\u00e9cies mais comuns e esteve associada a eventos de eros\u00e3o. A an\u00e1lise de correspond\u00eancia can\u00f4nica demonstrou que o f\u00f3sforo foi a vari\u00e1vel que melhor explicou a varia\u00e7\u00e3o das diatom\u00e1ceas ao longo do tempo e duas associa\u00e7\u00f5es bioindicadoras foram identificadas: (a) associa\u00e7\u00e3o oligotr\u00f3fica (<em>Diadesmis contenta<\/em>,\u00a0<em>Luticola mutica<\/em>\u00a0e\u00a0<em>Pinnularia dubitabilis<\/em>) e associa\u00e7\u00e3o eutr\u00f3fica\/hipereutr\u00f3fica (<em>Planothidium rostratum<\/em>,\u00a0<em>Cyclotella meneghiniana<\/em>,\u00a0<em>Achnanthidium catenatum<\/em>\u00a0e\u00a0<em>Amphora libyca<\/em>). O estudo demonstrou o uso das diatom\u00e1ceas de sedimentos para a quantifica\u00e7\u00e3o dos processos de eutrofiza\u00e7\u00e3o em reservat\u00f3rio tropical, destacando o potencial desta ferramenta para o gerenciamento, a conserva\u00e7\u00e3o e recupera\u00e7\u00e3o desses ecossistemas<\/p>\n<p style=\"text-align: center\">\u00a0<a href=\"https:\/\/smastr16.blob.core.windows.net\/pgibt\/2013\/10\/sandra_costa2.jpg\"><img decoding=\"async\" loading=\"lazy\" class=\"alignnone size-full wp-image-2069\" alt=\"sandra_costa2\" src=\"https:\/\/smastr16.blob.core.windows.net\/pgibt\/2013\/10\/sandra_costa2.jpg\" width=\"203\" height=\"150\" \/><\/a> <a href=\"https:\/\/smastr16.blob.core.windows.net\/pgibt\/2013\/10\/sandra_costa3.jpg\"><img decoding=\"async\" loading=\"lazy\" class=\"alignnone size-full wp-image-2070\" alt=\"sandra_costa3\" src=\"https:\/\/smastr16.blob.core.windows.net\/pgibt\/2013\/10\/sandra_costa3.jpg\" width=\"203\" height=\"150\" \/><\/a> <a href=\"https:\/\/smastr16.blob.core.windows.net\/pgibt\/2013\/10\/sandra_costa4.jpg\"><img decoding=\"async\" loading=\"lazy\" class=\"alignnone size-full wp-image-2071\" alt=\"sandra_costa4\" src=\"https:\/\/smastr16.blob.core.windows.net\/pgibt\/2013\/10\/sandra_costa4.jpg\" width=\"271\" height=\"150\" \/><\/a><\/p>\n<hr align=\"center\" noshade=\"noshade\" size=\"1\" width=\"100%\" \/>\n<p style=\"text-align: center\"><a href=\"https:\/\/smastr16.blob.core.windows.net\/pgibt\/2013\/09\/pdf_grande.gif\"><img decoding=\"async\" loading=\"lazy\" class=\"aligncenter size-full wp-image-2313\" style=\"border: 0px\" alt=\"pdf_grande\" src=\"https:\/\/smastr16.blob.core.windows.net\/pgibt\/2013\/09\/pdf_grande.gif\" width=\"60\" height=\"60\" \/><\/a><a href=\"https:\/\/smastr16.blob.core.windows.net\/pgibt\/2013\/10\/Sandra_Vieira_Costa_DR.pdf\" target=\"_blank\">Sandra Vieira Costa<br \/>\nHist\u00f3rico da eutrofiza\u00e7\u00e3o do Lago das Gar\u00e7as (Parque Estadual das Fontes do Ipiranga, SP)<br \/>\ndurante o s\u00e9culo XX com base no registro de diatom\u00e1ceas em sedimentos<\/a><\/p>\n<hr align=\"center\" noshade=\"noshade\" size=\"1\" width=\"100%\" \/>\n<p style=\"text-align: center\"><strong>\u00a0<a href=\"https:\/\/www.infraestruturameioambiente.sp.gov.br\/pgibt\/dissertacoesteses\/\">VOLTAR AS DISSERTA\u00c7\u00d5ES E TESES<\/a><\/strong><\/p>\n<hr align=\"center\" noshade=\"noshade\" size=\"1\" width=\"100%\" \/>\n","protected":false},"excerpt":{"rendered":"<p>Sandra Vieira Costa Sandra Vieira Costa, aluna do Programa de P\u00f3s-gradua\u00e7\u00e3o em Biodiversidade Vegetal e Meio Ambiente do Instituto de Bot\u00e2nica de S\u00e3o Paulo (IBt) e bolsista FAPESP (04\/08675-8), defendeu no dia 15 de abril de 2008 a tese de doutorado intitulada &#8220;Hist\u00f3rico da eutrofiza\u00e7\u00e3o do Lago das Gar\u00e7as (Parque Estadual das Fontes do Ipiranga, [&hellip;]<\/p>\n","protected":false},"author":1,"featured_media":0,"parent":249,"menu_order":0,"comment_status":"closed","ping_status":"open","template":"fullpage.php","meta":[],"_links":{"self":[{"href":"https:\/\/www.infraestruturameioambiente.sp.gov.br\/pgibt\/wp-json\/wp\/v2\/pages\/2066"}],"collection":[{"href":"https:\/\/www.infraestruturameioambiente.sp.gov.br\/pgibt\/wp-json\/wp\/v2\/pages"}],"about":[{"href":"https:\/\/www.infraestruturameioambiente.sp.gov.br\/pgibt\/wp-json\/wp\/v2\/types\/page"}],"author":[{"embeddable":true,"href":"https:\/\/www.infraestruturameioambiente.sp.gov.br\/pgibt\/wp-json\/wp\/v2\/users\/1"}],"replies":[{"embeddable":true,"href":"https:\/\/www.infraestruturameioambiente.sp.gov.br\/pgibt\/wp-json\/wp\/v2\/comments?post=2066"}],"version-history":[{"count":0,"href":"https:\/\/www.infraestruturameioambiente.sp.gov.br\/pgibt\/wp-json\/wp\/v2\/pages\/2066\/revisions"}],"up":[{"embeddable":true,"href":"https:\/\/www.infraestruturameioambiente.sp.gov.br\/pgibt\/wp-json\/wp\/v2\/pages\/249"}],"wp:attachment":[{"href":"https:\/\/www.infraestruturameioambiente.sp.gov.br\/pgibt\/wp-json\/wp\/v2\/media?parent=2066"}],"curies":[{"name":"wp","href":"https:\/\/api.w.org\/{rel}","templated":true}]}}