{"id":2056,"date":"2013-10-24T15:40:51","date_gmt":"2013-10-24T17:40:51","guid":{"rendered":"https:\/\/www.infraestruturameioambiente.sp.gov.br\/pgibt\/?page_id=2056"},"modified":"2013-10-24T15:40:51","modified_gmt":"2013-10-24T17:40:51","slug":"2008-sidney-fernandes","status":"publish","type":"page","link":"https:\/\/www.infraestruturameioambiente.sp.gov.br\/pgibt\/dissertacoesteses\/2008-sidney-fernandes\/","title":{"rendered":"Sidney Fernandes DR"},"content":{"rendered":"<h2 style=\"text-align: center\"><a href=\"https:\/\/smastr16.blob.core.windows.net\/pgibt\/2015\/02\/faixapos6.jpg\"><img decoding=\"async\" loading=\"lazy\" class=\"aligncenter size-full wp-image-3777\" style=\"border: 0px\" alt=\"faixapos6\" src=\"https:\/\/smastr16.blob.core.windows.net\/pgibt\/2015\/02\/faixapos6.jpg\" width=\"950\" height=\"163\" srcset=\"https:\/\/smastr16.blob.core.windows.net\/pgibt\/2015\/02\/faixapos6.jpg 950w, https:\/\/smastr16.blob.core.windows.net\/pgibt\/2015\/02\/faixapos6-768x131.jpg 768w\" sizes=\"(max-width: 950px) 100vw, 950px\" \/><\/a><\/h2>\n<hr align=\"center\" noshade=\"noshade\" size=\"1\" width=\"100%\" \/>\n<h2 style=\"text-align: center\"><span style=\"color: #003300\">Sidney Fernandes<\/span><\/h2>\n<hr align=\"center\" noshade=\"noshade\" size=\"1\" width=\"100%\" \/>\n<p style=\"text-align: center\">Sidney Fernandes, aluno do Programa de P\u00f3s-gradua\u00e7\u00e3o em Biodiversidade Vegetal e Meio Ambiente do Instituto de Bot\u00e2nica de S\u00e3o Paulo (IBt) e bolsista Bolsa Mestrado, defendeu no dia 17 de dezembro de 2008 a tese de doutorado intitulada:<br \/>\n&#8220;As Fam\u00edlias\u00a0<em>Chlorococcaceae\u00a0<\/em>e<em>\u00a0Coccomyxaceae<\/em>\u00a0no Estado de S\u00e3o Paulo: levantamento flor\u00edstico&#8221;,<br \/>\nsob orienta\u00e7\u00e3o do Dr. Carlos Eduardo de Mattos Bicudo da Se\u00e7\u00e3o de Ecologia do Instituto de Bot\u00e2nica de S\u00e3o Paulo (IBt).<\/p>\n<p style=\"text-align: center\">A banca examinadora foi composta pelos professores: Dr\u00aa Andr\u00e9a Tucci (Se\u00e7\u00e3o de Ficologia-IBt\/SP), Dr\u00aa Carla Ferragut (Se\u00e7\u00e3o de Ecologia-IBt\/SP), Dr. Carlos Eduardo de Mattos Bicudo (Se\u00e7\u00e3o de Ecologia-IBt\/SP), Dr\u00aa Ermelinda Maria De Lamonica Freire (UNIVAG-MT) e<br \/>\nDr\u00aa Sandra Maria Alves da Silva (Funda\u00e7\u00e3o Zoobot\u00e2nica do Rio Grande do Sul).<\/p>\n<hr align=\"center\" noshade=\"noshade\" size=\"1\" width=\"100%\" \/>\n<h3 style=\"text-align: center\">As Fam\u00edlias\u00a0<em>Chlorococcaceae\u00a0<\/em>e<em>\u00a0Coccomyxaceae<\/em>\u00a0no Estado de S\u00e3o Paulo: levantamento flor\u00edstico<\/h3>\n<hr align=\"center\" noshade=\"noshade\" size=\"1\" width=\"100%\" \/>\n<h4 style=\"text-align: center\"><strong>RESUMO<\/strong><\/h4>\n<p style=\"text-align: justify\">O levantamento flor\u00edstico das fam\u00edlias\u00a0<em>Chlorococcaceae<\/em>\u00a0e\u00a0<em>Coccomyxaceae<\/em>\u00a0no Estado de S\u00e3o Paulo baseou-se na an\u00e1lise de 269 amostras coletadas em um per\u00edodo de 44 anos, de 1\u00ba de mar\u00e7o de 1963 a 15 de mar\u00e7o de 2007, em 144 munic\u00edpios, em ambientes l\u00f3ticos, semil\u00eanticos e l\u00eanticos e incluindo materiais de h\u00e1bito fitoplanct\u00f4nico, perif\u00edtico, bent\u00f4nico e suba\u00e9reo. Foram identificados 21 g\u00eaneros, 15 dos quais classificados na fam\u00edlia<em>\u00a0Chlorococcaceae<\/em>\u00a0e os outros seis na\u00a0<em>Coccomyxaceae<\/em>.\u00a0<em>Tetra\u00ebdron\u00a0<\/em>com 12 esp\u00e9cies e tr\u00eas variedades e uma forma taxon\u00f4mica que n\u00e3o s\u00e3o as t\u00edpicas de suas respectivas esp\u00e9cies e variedade foi o g\u00eanero representado pelo maior n\u00famero de t\u00e1xons, seguido por\u00a0<em>Characium\u00a0<\/em>com nove esp\u00e9cies e duas variedades n\u00e3o t\u00edpicas de suas respectivas esp\u00e9cies,\u00a0<em>Chlorococcum\u00a0<\/em>com nove esp\u00e9cies,\u00a0<em>Schroederia\u00a0<\/em>com quatro esp\u00e9cies,\u00a0<em>Coccomyxa<\/em>,\u00a0<em>Keratococcus\u00a0<\/em>e\u00a0<em>Trebouxia\u00a0<\/em>com tr\u00eas esp\u00e9cies cada um,\u00a0<em>Ankyra\u00a0<\/em>e\u00a0<em>Apodochloris\u00a0<\/em>com duas esp\u00e9cies cada um e\u00a0<em>Bracteacoccus<\/em>,\u00a0<em>Coleochlamys<\/em>,\u00a0<em>Diogenes<\/em>,\u00a0<em>Desmatractum<\/em>,\u00a0<em>Dispora<\/em>,\u00a0<em>Elakatothrix<\/em>,\u00a0<em>Hydrianum<\/em>,\u00a0<em>Korschikoviella<\/em>,\u00a0<em>Planktosphaeria<\/em>,\u00a0<em>Phyllobium<\/em>\u00a0e\u00a0<em>Polyedriopsis\u00a0<\/em>com uma esp\u00e9cie cada um, totalizando 64 t\u00e1xons entre esp\u00e9cies, variedades e formas taxon\u00f4micas. Uma esp\u00e9cie de\u00a0<em>Coccomyxa\u00a0<\/em>(<em>Coccomyxa\u00a0<\/em>sp.) \u00e9, muito provavelmente, nova para a Ci\u00eancia. O exame de material perif\u00edtico proporcionou um conhecimento muito mais amplo das duas fam\u00edlias no Estado. Se, por um lado, apenas material do pl\u00e2ncton tivesse sido coletado, teriam sido identificados 56,2% dos t\u00e1xons neste trabalho. Por outro, entretanto, se fosse s\u00f3 material do perif\u00edton, teriam sido identificados 76,6% dos t\u00e1xons. Seis t\u00e1xons (equivalente a 9,4% do total de t\u00e1xons identificados) foram identificados do estudo de material bent\u00f4nico. Finalmente, apenas uma esp\u00e9cie de material ep\u00edfito, uma de suba\u00e9reo e outra de material endof\u00edtico tamb\u00e9m foram identificadas, correspondendo, cada uma, a 1,6% do total de t\u00e1xons identificados. O munic\u00edpio que apresentou o maior n\u00famero de t\u00e1xons foi S\u00e3o Paulo com 40; foi seguido por Santo Andr\u00e9 com 14 t\u00e1xons; Angatuba e Palmital com nove t\u00e1xons cada um; Itanha\u00e9m com oito t\u00e1xons; Bertioga, Novo Horizonte e Praia Grande com sete t\u00e1xons cada um; Altair-Ic\u00e9m, Juqui\u00e1 e Salmour\u00e3o com seis t\u00e1xons cada um; Boituva, Fl\u00f3rida Paulista, Guar\u00e1, Pen\u00e1polis, Pitangueiras e Rio Claro com cinco t\u00e1xons cada um; Ibitinga, Miracatu, Paragua\u00e7u Paulista, Pedro de Toledo, Piracaia, Ribeir\u00e3o Bonito, S\u00e3o Carlos e Ubatuba com quatro t\u00e1xons cada um; \u00c1lvares Florence, Ara\u00e7atuba, Atibaia, Ituverava, Joan\u00f3polis, Nova Granada, Santa Clara D\u2019Oeste, S\u00e3o Bernardo do Campo, S\u00e3o Jos\u00e9 do Rio Pardo, Sert\u00e3ozinho e Ucr\u00e2nia com tr\u00eas t\u00e1xons cada um; e Campos do Jord\u00e3o, Divinol\u00e2ndia, Guapiara, Guaratinguet\u00e1, Guaruj\u00e1, Ibir\u00e1, Itatinga, Itu, Limeira, Lorena, Nhandeara, Orl\u00e2ndia, S\u00e3o Sebasti\u00e3o e Tamba\u00fa com dois t\u00e1xons cada um. Os munic\u00edpios que apresentaram o menor n\u00famero de t\u00e1xons foram: Barra Bonita, Col\u00f4mbia, Cotia, Cubat\u00e3o, Echapor\u00e3, Eldorado, Engenheiro Coelho, Estrela do Norte, Flor\u00ednia, Guapia\u00e7u, Guare\u00ed, Ibi\u00fana, Igarat\u00e1, Ilha Comprida, In\u00fabia Paulista, Itapecerica da Serra, Jacupiranga, Ja\u00fa, Junqueir\u00f3polis, Lins, Mairipor\u00e3, Miguel\u00f3polis, Mongagu\u00e1, Panorama, Pindamonhangaba, Pontal, Porto Feliz, Registro, Rifaina, Rinc\u00e3o, Santa Ad\u00e9lia, Santo Anast\u00e1cio, S\u00e3o Pedro, Sorocaba, Sumar\u00e9 e Tup\u00e3 com um \u00fanico t\u00e1xon cada um.\u00a0<em>Chlorococcum pinguideum\u00a0<\/em>Arce &amp; Bold e<em>\u00a0Chlorococcum<\/em>\u00a0<em>ellipsoideum<\/em>\u00a0Deason &amp; Bold foram as esp\u00e9cies com maior distribui\u00e7\u00e3o geogr\u00e1fica no Estado, a primeira por ocorrer em 33 munic\u00edpios e a segunda em 23. Em contraposi\u00e7\u00e3o, os t\u00e1xons de menor ocorr\u00eancia foram:\u00a0<em>Ankyra<\/em>\u00a0<em>judayi<\/em>\u00a0(G.M. Smith) Fott,\u00a0<em>A<\/em>.\u00a0<em>ocellata<\/em>\u00a0(Kor\u0161ikov) Fott,\u00a0<em>Characium<\/em>\u00a0<em>acuminatum<\/em>\u00a0A. Braun,\u00a0<em>C<\/em>.\u00a0<em>cucurbitinum<\/em>\u00a0Jao,\u00a0<em>C<\/em>.\u00a0<em>ensiforme<\/em>\u00a0Hermann,\u00a0<em>C<\/em>.\u00a0<em>obesum<\/em>\u00a0W. Taylor,\u00a0<em>C<\/em>.\u00a0<em>transvaalense<\/em>\u00a0Cholnoky,\u00a0<em>Hydrianum<\/em>\u00a0<em>lageniforme<\/em>\u00a0Kor\u0161ikov,\u00a0<em>Chlorococcum<\/em>\u00a0<em>acidum<\/em>\u00a0Archibald &amp; Bold,\u00a0<em>C<\/em>.\u00a0<em>minimum<\/em>\u00a0Ettl &amp; G\u00e4rtner,\u00a0<em>C<\/em>.\u00a0<em>schizochlamys<\/em>\u00a0(Kor\u0161ikov) Philipose,\u00a0<em>Keratococcus<\/em>\u00a0<em>mucicola<\/em>\u00a0(Hustedt) Hind\u00e1k,\u00a0<em>K<\/em>.\u00a0<em>suecicus<\/em>\u00a0Hind\u00e1k,\u00a0<em>Korschikoviella<\/em>\u00a0<em>limnetica<\/em>\u00a0(Lemmermann) Silva,\u00a0<em>Planktococcomyxa<\/em>\u00a0<em>lacustris<\/em>\u00a0(Chodat) Kostikov\u00a0<em>et<\/em>\u00a0<em>al<\/em>.,\u00a0<em>Schroederia<\/em>\u00a0<em>spiralis<\/em>\u00a0(Printz) Kor\u0161ikov,\u00a0<em>Tetra\u00ebdron<\/em>\u00a0<em>gracile<\/em>\u00a0(Reinsch) Hansgirg,\u00a0<em>T<\/em>.\u00a0<em>planctonicum<\/em>\u00a0G.M. Smith,\u00a0<em>T<\/em>.\u00a0<em>quadrilobatum<\/em>\u00a0G.M. Smith,\u00a0<em>T<\/em>.\u00a0<em>regulare<\/em>\u00a0K\u00fctzing var.\u00a0<em>granulata<\/em>\u00a0Prescott,\u00a0<em>T<\/em>.\u00a0<em>trilobulatum<\/em>\u00a0(Reinsch) Hansgirg e\u00a0<em>T<\/em>.\u00a0<em>tumidulum<\/em>\u00a0(Reinsch) Hansgirg, por terem sido identificados de material de um \u00fanico munic\u00edpio cada um. Dos 64 t\u00e1xons ora identificados, 24 (37,5%) foram identificados pela primeira vez para o Brasil e 30 (46,9%) para o Estado de S\u00e3o Paulo. Os t\u00e1xons citados pela primeira vez para o territ\u00f3rio brasileiro foram:\u00a0<em>Ankyra ocellata\u00a0<\/em>(Kor\u0161ikov) Fott,\u00a0<em>Apodochloris polymorpha\u00a0<\/em>(Bischoff &amp; Bold) Kom\u00e1rek,\u00a0<em>Bracteacoccus cohaerens\u00a0<\/em>Bischoff &amp; Bold,\u00a0<em>Characium cucurbitinum\u00a0<\/em>Jao,\u00a0<em>C. hindakii\u00a0<\/em>Lee &amp; Bold,\u00a0<em>C. obesum\u00a0<\/em>W. Taylor,\u00a0<em>C. transvaalense\u00a0<\/em>Cholnoky,\u00a0<em>Chlorococcum acidum\u00a0<\/em>Archibald &amp; Bold,\u00a0<em>C. aureum\u00a0<\/em>Archibald &amp; Bold,\u00a0<em>C. ellipsoideum\u00a0<\/em>Deason &amp; Bold,\u00a0<em>C. minimum\u00a0<\/em>Ettl &amp; G\u00e4rtner,\u00a0<em>C. pinguideum\u00a0<\/em>Arce &amp; Bold,\u00a0<em>C. schizochlamys\u00a0<\/em>(Kor\u0161ikov) Philipose,\u00a0<em>Coccomyxa confluens\u00a0<\/em>(K\u00fctzing) Fott,\u00a0<em>Coccomyxa\u00a0<\/em>sp.,\u00a0<em>Hydrianum lageniforme\u00a0<\/em>Kor\u0161ikov,\u00a0<em>Phyllobium sphagnicola\u00a0<\/em>G.S. West,\u00a0<em>Tetra\u00ebdron hemisphaericum\u00a0<\/em>Skuja,\u00a0<em>T. regulare\u00a0<\/em>K\u00fctzing var.\u00a0<em>granulata\u00a0<\/em>Prescott,\u00a0<em>T. trilobulatum\u00a0<\/em>(Reinsch) Hansgirg,\u00a0<em>Trebouxia erici\u00a0<\/em>Ahmadjian,\u00a0<em>T. magna\u00a0<\/em>Archibald e\u00a0<em>T. xanthoriae\u00a0<\/em>(Waren) H. \u0158eakova var.\u00a0<em>xanthoriae<\/em>. Os 30 citados pela primeira vez para o Estado foram, al\u00e9m dos citados para o Brasil, os seguintes:\u00a0<em>Apodochloris simplicissima\u00a0<\/em>(Kor\u0161ikov) Kom\u00e1rek,\u00a0<em>Coccomyxa subglobosa\u00a0<\/em>Pascher,\u00a0<em>Dispora globosa\u00a0<\/em>C. Bicudo &amp; R. Bicudo,\u00a0<em>Keratococcus mucicola\u00a0<\/em>(Hustedt) Hind\u00e1k e\u00a0<em>Korschikoviella limnetica\u00a0<\/em>(Lemmermann) Silva. O g\u00eanero\u00a0<em>Hydrianum\u00a0<\/em>foi identificado pioneiramente para o territ\u00f3rio brasileiro a partir de material coletado em Ubatuba e a esp\u00e9cie identificada foi\u00a0<em>H. lageniforme\u00a0<\/em>Kor\u0161ikov, exatamente a esp\u00e9cie-tipo do g\u00eanero. A totalidade dos t\u00e1xons ora identificados foi descrita em seus m\u00ednimos pormenores, incluindo todas as caracter\u00edsticas morfol\u00f3gicas e m\u00e9tricas dispon\u00edveis, seja da vida vegetativa seja da reprodutiva, as quais foram observadas, sempre que poss\u00edvel, em popula\u00e7\u00f5es-amostra. Tal an\u00e1lise permitiu conhecer a varia\u00e7\u00e3o morfol\u00f3gica e m\u00e9trica em cada unidade amostral estudada. Os indiv\u00edduos encontrados apenas uma vez durante o estudo s\u00f3 foram identificados quando apresentaram seus caracteres diagn\u00f3sticos inequ\u00edvocos ou n\u00e3o apresentaram varia\u00e7\u00e3o morfol\u00f3gica ou esta foi demasiado pequena e considerada desprez\u00edvel. Para cada t\u00e1xon inventariado foi providenciada a seguinte informa\u00e7\u00e3o.\u00a0<em>(1)\u00a0<\/em>refer\u00eancia bibliogr\u00e1fica \u00e0 obra que cont\u00e9m sua descri\u00e7\u00e3o e\/ou diagnose original;\u00a0<em>(2)\u00a0<\/em>descri\u00e7\u00e3o morfol\u00f3gica decorrente de an\u00e1lise ao microsc\u00f3pio \u00f3ptico e da literatura especializada;\u00a0<em>(3)\u00a0<\/em>medidas de interesse taxon\u00f4mico;\u00a0<em>(4)\u00a0<\/em>distribui\u00e7\u00e3o geogr\u00e1fica no Estado de S\u00e3o Paulo e no Brasil baseada na literatura dispon\u00edvel e nas unidades amostrais estudadas;\u00a0<em>(5)\u00a0<\/em>rela\u00e7\u00e3o das unidades amostrais em que cada t\u00e1xon foi encontrado;\u00a0<em>(6)\u00a0<\/em>coment\u00e1rios taxon\u00f4micos; e\u00a0<em>(7)\u00a0<\/em>ilustra\u00e7\u00f5es sob a forma de pranchas, sendo seus originais preparados \u00e0 l\u00e1pis sob c\u00e2mara-clara e depois seus tra\u00e7os cobertos com tinta nanquim. Finalmente, o presente levantamento taxon\u00f4mico permitiu sugerir o seguinte: (<em>1<\/em>) utilizar t\u00e9cnicas de biologia molecular em cepas unialgais de\u00a0<em>Characium<\/em>\u00a0<em>hindakii<\/em>\u00a0Lee &amp; Bold para comprovar seu car\u00e1ter polifil\u00e9tico; (<em>2<\/em>) definir qual a real circunscri\u00e7\u00e3o de\u00a0<em>Characium<\/em>\u00a0<em>pringsheimii<\/em>\u00a0A. Braun, uma esp\u00e9cie problem\u00e1tica pela inexist\u00eancia de ilustra\u00e7\u00e3o original; (<em>3<\/em>) providenciar cultivo unialgal de\u00a0<em>Dispora<\/em>\u00a0<em>globosa<\/em>\u00a0C. Bicudo &amp; R. Bicudo com a finalidade de conseguir formas de seu processo de reprodu\u00e7\u00e3o, uma vez que tal conhecimento dever\u00e1 definir a classifica\u00e7\u00e3o da esp\u00e9cie no g\u00eanero\u00a0<em>Dispora<\/em>\u00a0e, por conseguinte, na fam\u00edlia Chlorococcaceae, ou sua inclus\u00e3o na fam\u00edlia Radiococcaceae e, neste caso, por exemplo, no g\u00eanero\u00a0<em>Coenocystis<\/em>; (<em>4<\/em>) definir o que realmente \u00e9\u00a0<em>Tetra\u00ebdron<\/em>\u00a0<em>regulare<\/em>\u00a0K\u00fctzing utilizando trabalhos de cultivo sob condi\u00e7\u00f5es tanto controladas quanto vari\u00e1veis para conhecer a variabilidade morfol\u00f3gica intrapopulacional e suas causas e de biologia molecular para conhecer a poss\u00edvel varia\u00e7\u00e3o gen\u00e9tica intra e interpopulacional; e (<em>5<\/em>) providenciar estudos de\u00a0<em>Tetra\u00ebdron<\/em>\u00a0<em>trigonum<\/em>\u00a0(N\u00e4geli) Hansgirg f.\u00a0<em>gracile<\/em>\u00a0(Reinsch) De Toni sob condi\u00e7\u00f5es controladas e variadas de cultivo para verificar se se trata, realmente, de uma Chlorophyceae ou de uma Xanthophyceae e, neste \u00faltimo caso, provavelmente de\u00a0<em>Goniochloris<\/em>\u00a0<em>fallax<\/em>\u00a0Fott.<\/p>\n<p style=\"text-align: justify\"><strong>\u00a0Palavras-chave:<\/strong>\u00a0Algas,\u00a0<em>Chlorococcaceae, Coccomyxaceae<\/em>, taxonomia.<\/p>\n<hr align=\"center\" noshade=\"noshade\" size=\"1\" width=\"100%\" \/>\n<p style=\"text-align: center\"><a href=\"https:\/\/smastr16.blob.core.windows.net\/pgibt\/2013\/09\/pdf_grande.gif\"><img decoding=\"async\" loading=\"lazy\" class=\"aligncenter size-full wp-image-2313\" style=\"border: 0px\" alt=\"pdf_grande\" src=\"https:\/\/smastr16.blob.core.windows.net\/pgibt\/2013\/09\/pdf_grande.gif\" width=\"60\" height=\"60\" \/><\/a><a href=\"https:\/\/smastr16.blob.core.windows.net\/pgibt\/2013\/10\/Sidney_Fernandes_DR.pdf\" target=\"_blank\">Sidney Fernandes<br \/>\nAs Fam\u00edlias Chlorococcaceae e Coccomyxaceae no Estado de S\u00e3o Paulo: levantamento flor\u00edstico<\/a><\/p>\n<hr align=\"center\" noshade=\"noshade\" size=\"1\" width=\"100%\" \/>\n<p style=\"text-align: center\"><strong>\u00a0<a href=\"https:\/\/www.infraestruturameioambiente.sp.gov.br\/pgibt\/dissertacoesteses\/\">VOLTAR AS DISSERTA\u00c7\u00d5ES E TESES<\/a><\/strong><\/p>\n<hr align=\"center\" noshade=\"noshade\" size=\"1\" width=\"100%\" \/>\n","protected":false},"excerpt":{"rendered":"<p>Sidney Fernandes Sidney Fernandes, aluno do Programa de P\u00f3s-gradua\u00e7\u00e3o em Biodiversidade Vegetal e Meio Ambiente do Instituto de Bot\u00e2nica de S\u00e3o Paulo (IBt) e bolsista Bolsa Mestrado, defendeu no dia 17 de dezembro de 2008 a tese de doutorado intitulada: &#8220;As Fam\u00edlias\u00a0Chlorococcaceae\u00a0e\u00a0Coccomyxaceae\u00a0no Estado de S\u00e3o Paulo: levantamento flor\u00edstico&#8221;, sob orienta\u00e7\u00e3o do Dr. Carlos Eduardo de [&hellip;]<\/p>\n","protected":false},"author":1,"featured_media":0,"parent":249,"menu_order":0,"comment_status":"closed","ping_status":"open","template":"fullpage.php","meta":[],"_links":{"self":[{"href":"https:\/\/www.infraestruturameioambiente.sp.gov.br\/pgibt\/wp-json\/wp\/v2\/pages\/2056"}],"collection":[{"href":"https:\/\/www.infraestruturameioambiente.sp.gov.br\/pgibt\/wp-json\/wp\/v2\/pages"}],"about":[{"href":"https:\/\/www.infraestruturameioambiente.sp.gov.br\/pgibt\/wp-json\/wp\/v2\/types\/page"}],"author":[{"embeddable":true,"href":"https:\/\/www.infraestruturameioambiente.sp.gov.br\/pgibt\/wp-json\/wp\/v2\/users\/1"}],"replies":[{"embeddable":true,"href":"https:\/\/www.infraestruturameioambiente.sp.gov.br\/pgibt\/wp-json\/wp\/v2\/comments?post=2056"}],"version-history":[{"count":0,"href":"https:\/\/www.infraestruturameioambiente.sp.gov.br\/pgibt\/wp-json\/wp\/v2\/pages\/2056\/revisions"}],"up":[{"embeddable":true,"href":"https:\/\/www.infraestruturameioambiente.sp.gov.br\/pgibt\/wp-json\/wp\/v2\/pages\/249"}],"wp:attachment":[{"href":"https:\/\/www.infraestruturameioambiente.sp.gov.br\/pgibt\/wp-json\/wp\/v2\/media?parent=2056"}],"curies":[{"name":"wp","href":"https:\/\/api.w.org\/{rel}","templated":true}]}}