{"id":2040,"date":"2013-10-24T15:34:41","date_gmt":"2013-10-24T17:34:41","guid":{"rendered":"https:\/\/www.infraestruturameioambiente.sp.gov.br\/pgibt\/?page_id=2040"},"modified":"2013-10-24T15:34:41","modified_gmt":"2013-10-24T17:34:41","slug":"2008-tatiana-botelho","status":"publish","type":"page","link":"https:\/\/www.infraestruturameioambiente.sp.gov.br\/pgibt\/dissertacoesteses\/2008-tatiana-botelho\/","title":{"rendered":"Tatiana Botelho Mescia MS"},"content":{"rendered":"<h2 style=\"text-align: center\"><a href=\"https:\/\/smastr16.blob.core.windows.net\/pgibt\/2015\/02\/faixapos6.jpg\"><img decoding=\"async\" loading=\"lazy\" class=\"aligncenter size-full wp-image-3777\" style=\"border: 0px\" alt=\"faixapos6\" src=\"https:\/\/smastr16.blob.core.windows.net\/pgibt\/2015\/02\/faixapos6.jpg\" width=\"950\" height=\"163\" srcset=\"https:\/\/smastr16.blob.core.windows.net\/pgibt\/2015\/02\/faixapos6.jpg 950w, https:\/\/smastr16.blob.core.windows.net\/pgibt\/2015\/02\/faixapos6-768x131.jpg 768w\" sizes=\"(max-width: 950px) 100vw, 950px\" \/><\/a><\/h2>\n<hr align=\"center\" noshade=\"noshade\" size=\"1\" width=\"100%\" \/>\n<h2 style=\"text-align: center\"><span style=\"color: #003300\">Tatiana Botelho Mescia<\/span><\/h2>\n<hr align=\"center\" noshade=\"noshade\" size=\"1\" width=\"100%\" \/>\n<p style=\"text-align: center\">No dia 29 de abril de 2008, a aluna de P\u00f3s-gradua\u00e7\u00e3o em Biodiversidade Vegetal e Meio Ambiente do Instituto de Bot\u00e2nica de S\u00e3o Paulo (IBt), Tatiana Botelho Mescia (Bolsista FAPESP), defendeu sua disserta\u00e7\u00e3o de mestrado intitulada<br \/>\n&#8220;Altera\u00e7\u00f5es bioqu\u00edmicas e ultra-estruturais nas paredes celulares de sementes de\u00a0<em>Caesalpinia echinata<\/em>\u00a0Lam.<br \/>\n(pau-brasil) durante a matura\u00e7\u00e3o e o armazenamento&#8221;.<\/p>\n<p style=\"text-align: center\">A banca examinadora foi composta pela Dra. M\u00e1rcia Regina Braga (Orientadora e Presidente (IBt), \u00a0Dr. Claudio Jos\u00e9 Barbedo (IBt) e<br \/>\nDra. Simone de P\u00e1dua Teixeira (UNESP &#8211; Ribeir\u00e3o Preto\/SP).<\/p>\n<hr align=\"center\" noshade=\"noshade\" size=\"1\" width=\"100%\" \/>\n<h3 style=\"text-align: center\">Altera\u00e7\u00f5es bioqu\u00edmicas e ultra-estruturais nas paredes celulares de sementes de\u00a0<em>Caesalpinia echinata <\/em>Lam.\u00a0(pau-brasil)<\/h3>\n<hr align=\"center\" noshade=\"noshade\" size=\"1\" width=\"100%\" \/>\n<h4 style=\"text-align: center\"><strong>RESUMO<\/strong><\/h4>\n<p style=\"text-align: justify\">No presente trabalho foram analisadas as paredes celulares de sementes de\u00a0<em>C. echinata<\/em>\u00a0(pau-brasil) durante o desenvolvimento e a matura\u00e7\u00e3o, aos 45, 55 e 65 dias ap\u00f3s antese (DAA). Foram observadas altera\u00e7\u00f5es, durante o desenvolvimento, na deposi\u00e7\u00e3o e composi\u00e7\u00e3o das paredes celulares, as quais antecedem a etapa final da matura\u00e7\u00e3o. Essas altera\u00e7\u00f5es referem-se principalmente ao aumento na espessura da parede celular e a um aumento na propor\u00e7\u00e3o de polissacar\u00eddeos ricos em arabinose (arabinanos), pol\u00edmeros que conferem maior flexibilidade \u00e0s paredes celulares.<\/p>\n<p style=\"text-align: justify\">As an\u00e1lises ultra-estruturais\u00a0revelaram paredes celulares de sementes de pau-brasil com\u00a0dobramentos, os quais s\u00e3o acompanhados pelo protoplasto,\u00a0o que pode contribuir para a manuten\u00e7\u00e3o da integridade\u00a0celular durante a desidrata\u00e7\u00e3o, que ocorre ao\u00a0final da matura\u00e7\u00e3o.<\/p>\n<p style=\"text-align: justify\">As an\u00e1lises realizadas com sementes de pau-brasil armazenadas em diferentes\u00a0temperaturas (25, 7,-18\u00b0C)e por\u00a0diferentes per\u00edodos (0, 30, 60 e 180 dias) indicaram a exist\u00eancia de algumas\u00a0modifica\u00e7\u00f5es na composi\u00e7\u00e3o das paredes celulares, por\u00e9m essas altera\u00e7\u00f5es n\u00e3o\u00a0parecem estar diretamente relacionadas \u00e0 manuten\u00e7\u00e3o ou perda da capacidade\u00a0germinativa.<\/p>\n<p style=\"text-align: justify\">A manuten\u00e7\u00e3o da capacidade\u00a0germinativa em temperaturas de congelamento foi associada \u00e0\u00a0manuten\u00e7\u00e3o da organiza\u00e7\u00e3o celular.\u00a0Com esse trabalho concluiu que as altera\u00e7\u00f5es\u00a0que ocorrem na parede celular durante a matura\u00e7\u00e3o\u00a0de sementes de pau-brasil parecem ser fundamentais para que\u00a0estas tolerem a desseca\u00e7\u00e3o ao final da matura\u00e7\u00e3o,\u00a0podendo contribuir para a manuten\u00e7\u00e3o de sua\u00a0capacidade germinativa, desde que as sementes sejam armazenadas\u00a0em temperaturas que preservem a integridade de outros componentes\u00a0celulares.<\/p>\n<p style=\"text-align: center\"><a href=\"https:\/\/smastr16.blob.core.windows.net\/pgibt\/2013\/10\/tatiana2.jpg\"><img decoding=\"async\" loading=\"lazy\" class=\"alignnone size-full wp-image-2052\" alt=\"tatiana2\" src=\"https:\/\/smastr16.blob.core.windows.net\/pgibt\/2013\/10\/tatiana2.jpg\" width=\"236\" height=\"176\" \/><\/a> <a href=\"https:\/\/smastr16.blob.core.windows.net\/pgibt\/2013\/10\/tatiana3.jpg\"><img decoding=\"async\" loading=\"lazy\" class=\"alignnone size-full wp-image-2053\" alt=\"tatiana3\" src=\"https:\/\/smastr16.blob.core.windows.net\/pgibt\/2013\/10\/tatiana3.jpg\" width=\"267\" height=\"176\" \/><\/a><\/p>\n<hr align=\"center\" noshade=\"noshade\" size=\"1\" width=\"100%\" \/>\n<p style=\"text-align: center\"><a href=\"https:\/\/smastr16.blob.core.windows.net\/pgibt\/2013\/09\/pdf_grande.gif\"><img decoding=\"async\" loading=\"lazy\" class=\"aligncenter size-full wp-image-2313\" style=\"border: 0px\" alt=\"pdf_grande\" src=\"https:\/\/smastr16.blob.core.windows.net\/pgibt\/2013\/09\/pdf_grande.gif\" width=\"60\" height=\"60\" \/><\/a><a href=\"   \" target=\"_blank\"><a href=\"https:\/\/smastr16.blob.core.windows.net\/pgibt\/2013\/10\/Tatiana_Botelho_Mescia_MS.pdf\" target=\"_blank\">Tatiana Botelho Mescia<br \/>\nAltera\u00e7\u00f5es bioqu\u00edmicas e ultra-estruturais nas paredes celulares de sementes de\u00a0<em>Caesalpinia echinata <\/em>Lam<em>.<\/em>\u00a0(pau-brasil)<\/a>.<\/a><\/p>\n<hr align=\"center\" noshade=\"noshade\" size=\"1\" width=\"100%\" \/>\n<p style=\"text-align: center\"><strong>\u00a0<a href=\"https:\/\/www.infraestruturameioambiente.sp.gov.br\/pgibt\/dissertacoesteses\/\">VOLTAR AS DISSERTA\u00c7\u00d5ES E TESES<\/a><\/strong><\/p>\n<hr align=\"center\" noshade=\"noshade\" size=\"1\" width=\"100%\" \/>\n","protected":false},"excerpt":{"rendered":"<p>Tatiana Botelho Mescia No dia 29 de abril de 2008, a aluna de P\u00f3s-gradua\u00e7\u00e3o em Biodiversidade Vegetal e Meio Ambiente do Instituto de Bot\u00e2nica de S\u00e3o Paulo (IBt), Tatiana Botelho Mescia (Bolsista FAPESP), defendeu sua disserta\u00e7\u00e3o de mestrado intitulada &#8220;Altera\u00e7\u00f5es bioqu\u00edmicas e ultra-estruturais nas paredes celulares de sementes de\u00a0Caesalpinia echinata\u00a0Lam. (pau-brasil) durante a matura\u00e7\u00e3o e [&hellip;]<\/p>\n","protected":false},"author":1,"featured_media":0,"parent":249,"menu_order":0,"comment_status":"closed","ping_status":"open","template":"fullpage.php","meta":[],"_links":{"self":[{"href":"https:\/\/www.infraestruturameioambiente.sp.gov.br\/pgibt\/wp-json\/wp\/v2\/pages\/2040"}],"collection":[{"href":"https:\/\/www.infraestruturameioambiente.sp.gov.br\/pgibt\/wp-json\/wp\/v2\/pages"}],"about":[{"href":"https:\/\/www.infraestruturameioambiente.sp.gov.br\/pgibt\/wp-json\/wp\/v2\/types\/page"}],"author":[{"embeddable":true,"href":"https:\/\/www.infraestruturameioambiente.sp.gov.br\/pgibt\/wp-json\/wp\/v2\/users\/1"}],"replies":[{"embeddable":true,"href":"https:\/\/www.infraestruturameioambiente.sp.gov.br\/pgibt\/wp-json\/wp\/v2\/comments?post=2040"}],"version-history":[{"count":0,"href":"https:\/\/www.infraestruturameioambiente.sp.gov.br\/pgibt\/wp-json\/wp\/v2\/pages\/2040\/revisions"}],"up":[{"embeddable":true,"href":"https:\/\/www.infraestruturameioambiente.sp.gov.br\/pgibt\/wp-json\/wp\/v2\/pages\/249"}],"wp:attachment":[{"href":"https:\/\/www.infraestruturameioambiente.sp.gov.br\/pgibt\/wp-json\/wp\/v2\/media?parent=2040"}],"curies":[{"name":"wp","href":"https:\/\/api.w.org\/{rel}","templated":true}]}}