{"id":2000,"date":"2013-10-24T14:33:57","date_gmt":"2013-10-24T16:33:57","guid":{"rendered":"https:\/\/www.infraestruturameioambiente.sp.gov.br\/pgibt\/?page_id=2000"},"modified":"2013-10-24T14:33:57","modified_gmt":"2013-10-24T16:33:57","slug":"2008-vinicius-trettel","status":"publish","type":"page","link":"https:\/\/www.infraestruturameioambiente.sp.gov.br\/pgibt\/dissertacoesteses\/2008-vinicius-trettel\/","title":{"rendered":"Vin\u00edcius Trettel Rodrigues MS"},"content":{"rendered":"<h2 style=\"text-align: center\"><a href=\"https:\/\/smastr16.blob.core.windows.net\/pgibt\/2015\/02\/faixapos6.jpg\"><img decoding=\"async\" loading=\"lazy\" class=\"aligncenter size-full wp-image-3777\" style=\"border: 0px\" alt=\"faixapos6\" src=\"https:\/\/smastr16.blob.core.windows.net\/pgibt\/2015\/02\/faixapos6.jpg\" width=\"950\" height=\"163\" srcset=\"https:\/\/smastr16.blob.core.windows.net\/pgibt\/2015\/02\/faixapos6.jpg 950w, https:\/\/smastr16.blob.core.windows.net\/pgibt\/2015\/02\/faixapos6-768x131.jpg 768w\" sizes=\"(max-width: 950px) 100vw, 950px\" \/><\/a><\/h2>\n<hr align=\"center\" noshade=\"noshade\" size=\"1\" width=\"100%\" \/>\n<h2 style=\"text-align: center\"><span style=\"color: #003300\">Vin\u00edcius Trettel Rodrigues<\/span><\/h2>\n<hr align=\"center\" noshade=\"noshade\" size=\"1\" width=\"100%\" \/>\n<p align=\"center\">No dia 26 de fevereiro de 2008, o aluno de P\u00f3s-gradua\u00e7\u00e3o em Biodiversidade\u00a0Vegetal e Meio Ambiente do Instituto de Bot\u00e2nica de S\u00e3o Paulo (IBt),<br \/>\n<b>Vin\u00edcius Trettel Rodrigues<\/b>,\u00a0defendeu sua disserta\u00e7\u00e3o de mestrado intitulada<br \/>\n<b>&#8220;<em>Orchidaceae<\/em>\u00a0do Parque Natural Municipal Francisco Afonso\u00a0<\/b><b>de Mello &#8211; Chiquinho Ver\u00edssimo,\u00a0<\/b><b>Mogi das Cruzes &#8211; S\u00e3o\u00a0<\/b><b>Paulo &#8211; Brasil&#8221;,<br \/>\n<\/b>teve\u00a0como orientador Dr. F\u00e1bio de Barros (IBt).<\/p>\n<p align=\"center\">A banca examinadora foi composta pela Dra. M\u00e1rcia Regina Braga (Orientadora e Presidente (IBt),\u00a0Dr. Claudio Jos\u00e9 Barbedo (IBt) e<br \/>\nDra. Simone de P\u00e1dua Teixeira (UNESP &#8211; Ribeir\u00e3o Preto\/SP).<\/p>\n<hr align=\"center\" noshade=\"noshade\" size=\"1\" width=\"100%\" \/>\n<h3 style=\"text-align: center\"><em>Orchidaceae<\/em>\u00a0do Parque Natural Municipal Francisco Afonso de Mello &#8211; Chiquinho Ver\u00edssimo,<br \/>\nMogi das Cruzes &#8211; S\u00e3o Paulo &#8211; Brasil<\/h3>\n<hr align=\"center\" noshade=\"noshade\" size=\"1\" width=\"100%\" \/>\n<h4 style=\"text-align: center\"><strong>RESUMO<\/strong><\/h4>\n<p style=\"text-align: justify\">Neste trabalho foram realizados o invent\u00e1rio e o tratamento taxon\u00f4mico das esp\u00e9cies de Orchidaceae ocorrentes no Parque Natural Municipal Francisco Afonso de Mello _ Chiquinho Ver\u00edssimo (PNMFAM-CV), localizado na Serra do Itapety, Munic\u00edpio de Mogi das Cruzes, Estado de S\u00e3o Paulo. S\u00e3o fornecidas informa\u00e7\u00f5es quanto \u00e0s coordenadas de coleta e mapas indicando onde os esp\u00e9cimes foram coletados. As exsicatas obtidas foram depositadas no Herb\u00e1rio Cient\u00edfico do Estado &#8220;Maria Eneyda P. Kauffmann Fidalgo&#8221; (SP), do Instituto de Bot\u00e2nica. Foram encontradas 67 esp\u00e9cies de Orchidaceae distribu\u00eddas em 47 g\u00eaneros, constituindo a fam\u00edlia mais representativa em n\u00famero de esp\u00e9cies, dentre as citadas para a regi\u00e3o at\u00e9 o momento. Os g\u00eaneros mais representativos, em n\u00famero de esp\u00e9cies, foram\u00a0<em>Oncidium s.l.<\/em>\u00a0(5 spp.),\u00a0<em>Acianthera<\/em>\u00a0(4 spp.) e\u00a0<em>Epidendrum<\/em>\u00a0(4 spp.), por\u00e9m, a grande maioria dos g\u00eaneros (ca. 93%), apresenta apenas uma ou duas esp\u00e9cies. Uma nova ocorr\u00eancia para o Estado de S\u00e3o Paulo \u00e9 apresentada neste trabalho; trata-se de\u00a0<em>Acianthera micrantha<\/em>\u00a0que, at\u00e9 ent\u00e3o, s\u00f3 era citada para o estado de Minas Gerais. S\u00e3o apresentadas descri\u00e7\u00f5es, chaves de identifica\u00e7\u00e3o e ilustra\u00e7\u00f5es de v\u00e1rias esp\u00e9cies e g\u00eaneros, complementadas com dados sobre fenologia, distribui\u00e7\u00e3o geogr\u00e1fica e coment\u00e1rios taxon\u00f4micos. Dentre os invent\u00e1rios flor\u00edsticos levados a efeito na regi\u00e3o Sudeste do Brasil, a Flora do Parque Estadual das Fontes do Ipiranga (S\u00e3o Paulo &#8211; SP) foi a que apresentou maior quantidade de esp\u00e9cies de Orchidaceae em comum com o PNMFAM-CV, ou seja, 34 esp\u00e9cies. J\u00e1 entre os invent\u00e1rios flor\u00edsticos levados a efeito no Estado de Minas Gerais, a Flora do Parque Estadual de Ibitipoca foi a que apresentou maior n\u00famero de esp\u00e9cies em comum com o Parque (24 spp.). Os invent\u00e1rios flor\u00edsticos levados a efeito nos demais Estados da regi\u00e3o Sudeste apresentaram poucas esp\u00e9cies em comum com o PNMFAM-CV. O trabalho contribui para o conhecimento da flora da regi\u00e3o e gera dados que podem justificar a preserva\u00e7\u00e3o da \u00e1rea.<\/p>\n<p style=\"text-align: center\"><a href=\"https:\/\/smastr16.blob.core.windows.net\/pgibt\/2013\/10\/vinicius2.jpg\"><img decoding=\"async\" loading=\"lazy\" class=\"alignnone size-full wp-image-2013\" alt=\"Christensonella subulata\" src=\"https:\/\/smastr16.blob.core.windows.net\/pgibt\/2013\/10\/vinicius2.jpg\" width=\"227\" height=\"170\" \/><\/a> <a href=\"https:\/\/smastr16.blob.core.windows.net\/pgibt\/2013\/10\/vinicius1.jpg\"><img decoding=\"async\" loading=\"lazy\" class=\"alignnone size-full wp-image-2014\" alt=\"Acianthera micrantha Barb. Rodr. \" src=\"https:\/\/smastr16.blob.core.windows.net\/pgibt\/2013\/10\/vinicius1.jpg\" width=\"227\" height=\"170\" \/><\/a><\/p>\n<hr align=\"center\" noshade=\"noshade\" size=\"1\" width=\"100%\" \/>\n<p style=\"text-align: center\"><a href=\"https:\/\/smastr16.blob.core.windows.net\/pgibt\/2013\/09\/pdf_grande.gif\"><img decoding=\"async\" loading=\"lazy\" class=\"aligncenter size-full wp-image-2313\" style=\"border: 0px\" alt=\"pdf_grande\" src=\"https:\/\/smastr16.blob.core.windows.net\/pgibt\/2013\/09\/pdf_grande.gif\" width=\"60\" height=\"60\" \/><\/a><a href=\"https:\/\/smastr16.blob.core.windows.net\/pgibt\/2013\/10\/Vinicius_Trettel_Rodrigues_MS.pdf\" target=\"_blank\"><em>Vin\u00edcius Trettel Rodrigues<br \/>\nOrchidaceae<\/em>\u00a0do Parque Natural Municipal Francisco Afonso de Mello &#8211; Chiquinho Ver\u00edssimo, Mogi das Cruzes &#8211; S\u00e3o Paulo &#8211; Brasil<\/a><\/p>\n<hr align=\"center\" noshade=\"noshade\" size=\"1\" width=\"100%\" \/>\n<p style=\"text-align: center\"><strong>\u00a0<a href=\"https:\/\/www.infraestruturameioambiente.sp.gov.br\/pgibt\/dissertacoesteses\/\">VOLTAR AS DISSERTA\u00c7\u00d5ES E TESES<\/a><\/strong><\/p>\n<hr align=\"center\" noshade=\"noshade\" size=\"1\" width=\"100%\" \/>\n","protected":false},"excerpt":{"rendered":"<p>Vin\u00edcius Trettel Rodrigues No dia 26 de fevereiro de 2008, o aluno de P\u00f3s-gradua\u00e7\u00e3o em Biodiversidade\u00a0Vegetal e Meio Ambiente do Instituto de Bot\u00e2nica de S\u00e3o Paulo (IBt), Vin\u00edcius Trettel Rodrigues,\u00a0defendeu sua disserta\u00e7\u00e3o de mestrado intitulada &#8220;Orchidaceae\u00a0do Parque Natural Municipal Francisco Afonso\u00a0de Mello &#8211; Chiquinho Ver\u00edssimo,\u00a0Mogi das Cruzes &#8211; S\u00e3o\u00a0Paulo &#8211; Brasil&#8221;, teve\u00a0como orientador Dr. F\u00e1bio [&hellip;]<\/p>\n","protected":false},"author":1,"featured_media":0,"parent":249,"menu_order":0,"comment_status":"closed","ping_status":"open","template":"fullpage.php","meta":[],"_links":{"self":[{"href":"https:\/\/www.infraestruturameioambiente.sp.gov.br\/pgibt\/wp-json\/wp\/v2\/pages\/2000"}],"collection":[{"href":"https:\/\/www.infraestruturameioambiente.sp.gov.br\/pgibt\/wp-json\/wp\/v2\/pages"}],"about":[{"href":"https:\/\/www.infraestruturameioambiente.sp.gov.br\/pgibt\/wp-json\/wp\/v2\/types\/page"}],"author":[{"embeddable":true,"href":"https:\/\/www.infraestruturameioambiente.sp.gov.br\/pgibt\/wp-json\/wp\/v2\/users\/1"}],"replies":[{"embeddable":true,"href":"https:\/\/www.infraestruturameioambiente.sp.gov.br\/pgibt\/wp-json\/wp\/v2\/comments?post=2000"}],"version-history":[{"count":0,"href":"https:\/\/www.infraestruturameioambiente.sp.gov.br\/pgibt\/wp-json\/wp\/v2\/pages\/2000\/revisions"}],"up":[{"embeddable":true,"href":"https:\/\/www.infraestruturameioambiente.sp.gov.br\/pgibt\/wp-json\/wp\/v2\/pages\/249"}],"wp:attachment":[{"href":"https:\/\/www.infraestruturameioambiente.sp.gov.br\/pgibt\/wp-json\/wp\/v2\/media?parent=2000"}],"curies":[{"name":"wp","href":"https:\/\/api.w.org\/{rel}","templated":true}]}}