{"id":184,"date":"2020-07-15T15:08:42","date_gmt":"2020-07-15T18:08:42","guid":{"rendered":"https:\/\/www.infraestruturameioambiente.sp.gov.br\/pgibt\/?page_id=184"},"modified":"2026-03-20T09:06:17","modified_gmt":"2026-03-20T12:06:17","slug":"mural-virtual","status":"publish","type":"page","link":"https:\/\/www.infraestruturameioambiente.sp.gov.br\/pgibt\/menu-2\/mural-virtual\/","title":{"rendered":"Mural Virtual"},"content":{"rendered":"<p>[vc_row][vc_column][vc_column_text]<strong>MAR\u00c7O DE 2026<\/strong>[\/vc_column_text][vc_column_text]<\/p>\n<hr \/>\n<p>[\/vc_column_text][\/vc_column][\/vc_row][vc_row][vc_column][vc_column_text]<\/p>\n<hr \/>\n<p>[\/vc_column_text][vc_column_text]<img decoding=\"async\" loading=\"lazy\" class=\"aligncenter wp-image-9915 size-large\" src=\"https:\/\/smastr16.blob.core.windows.net\/pgibt\/sites\/242\/2026\/02\/nota-5-capes-v5-480x720.jpg\" alt=\"\" width=\"480\" height=\"720\" srcset=\"https:\/\/smastr16.blob.core.windows.net\/pgibt\/sites\/242\/2026\/02\/nota-5-capes-v5-480x720.jpg 480w, https:\/\/smastr16.blob.core.windows.net\/pgibt\/sites\/242\/2026\/02\/nota-5-capes-v5-128x192.jpg 128w, https:\/\/smastr16.blob.core.windows.net\/pgibt\/sites\/242\/2026\/02\/nota-5-capes-v5-768x1151.jpg 768w, https:\/\/smastr16.blob.core.windows.net\/pgibt\/sites\/242\/2026\/02\/nota-5-capes-v5-1025x1536.jpg 1025w, https:\/\/smastr16.blob.core.windows.net\/pgibt\/sites\/242\/2026\/02\/nota-5-capes-v5-250x375.jpg 250w, https:\/\/smastr16.blob.core.windows.net\/pgibt\/sites\/242\/2026\/02\/nota-5-capes-v5-550x824.jpg 550w, https:\/\/smastr16.blob.core.windows.net\/pgibt\/sites\/242\/2026\/02\/nota-5-capes-v5-800x1199.jpg 800w, https:\/\/smastr16.blob.core.windows.net\/pgibt\/sites\/242\/2026\/02\/nota-5-capes-v5-120x180.jpg 120w, https:\/\/smastr16.blob.core.windows.net\/pgibt\/sites\/242\/2026\/02\/nota-5-capes-v5-200x300.jpg 200w, https:\/\/smastr16.blob.core.windows.net\/pgibt\/sites\/242\/2026\/02\/nota-5-capes-v5-334x500.jpg 334w, https:\/\/smastr16.blob.core.windows.net\/pgibt\/sites\/242\/2026\/02\/nota-5-capes-v5.jpg 1239w\" sizes=\"(max-width: 480px) 100vw, 480px\" \/><\/p>\n<hr \/>\n<p>[\/vc_column_text][\/vc_column][\/vc_row][vc_row][vc_column][vc_column_text]<\/p>\n<hr \/>\n<p>[\/vc_column_text][\/vc_column][\/vc_row][vc_row][vc_column][vc_column_text]<\/p>\n<div data-ogsc=\"black\" data-ogsb=\"white\">\n<hr \/>\n<\/div>\n<div data-ogsc=\"black\" data-ogsb=\"white\">Mais informa\u00e7\u00f5es, contatar a Secretaria da P\u00f3s-Gradua\u00e7\u00e3o atrav\u00e9s do email: <a href=\"mailto:ipa.posgraduacao@sp.gov.br\">ipa.posgraduacao@sp.gov.br<\/a><\/div>\n<hr \/>\n<p>Consulte sempre esta p\u00e1gina para atualizar-se com informa\u00e7\u00f5es e novidades da P\u00f3s-Gradua\u00e7\u00e3o.[\/vc_column_text][\/vc_column][\/vc_row][vc_row][vc_column][vc_column_text]<\/p>\n<hr \/>\n<p>[\/vc_column_text][\/vc_column][\/vc_row][vc_row][vc_column][vc_column_text]<a href=\"https:\/\/www.infraestruturameioambiente.sp.gov.br\/ipa\/conexao-pesquisa-ambiental-o-podcast-do-ipa\/\" target=\"_blank\" rel=\"noopener\"><img decoding=\"async\" loading=\"lazy\" class=\"alignleft wp-image-9096 size-wcbig\" src=\"https:\/\/smastr16.blob.core.windows.net\/pgibt\/sites\/242\/2024\/04\/banner-podcast-800x119.jpg\" alt=\"\" width=\"800\" height=\"119\" srcset=\"https:\/\/smastr16.blob.core.windows.net\/pgibt\/sites\/242\/2024\/04\/banner-podcast-800x119.jpg 800w, https:\/\/smastr16.blob.core.windows.net\/pgibt\/sites\/242\/2024\/04\/banner-podcast-320x48.jpg 320w, https:\/\/smastr16.blob.core.windows.net\/pgibt\/sites\/242\/2024\/04\/banner-podcast-1024x152.jpg 1024w, https:\/\/smastr16.blob.core.windows.net\/pgibt\/sites\/242\/2024\/04\/banner-podcast-768x114.jpg 768w, https:\/\/smastr16.blob.core.windows.net\/pgibt\/sites\/242\/2024\/04\/banner-podcast-250x37.jpg 250w, https:\/\/smastr16.blob.core.windows.net\/pgibt\/sites\/242\/2024\/04\/banner-podcast-550x82.jpg 550w, https:\/\/smastr16.blob.core.windows.net\/pgibt\/sites\/242\/2024\/04\/banner-podcast.jpg 1116w\" sizes=\"(max-width: 800px) 100vw, 800px\" \/><\/a>[\/vc_column_text][vc_column_text][\/vc_column_text][\/vc_column][\/vc_row][vc_row][vc_column][vc_column_text][\/vc_column_text][vc_column_text]<\/p>\n<hr \/>\n<p>[\/vc_column_text][vc_column_text][\/vc_column_text][\/vc_column][\/vc_row]<\/p>\n","protected":false},"excerpt":{"rendered":"<p>[vc_row][vc_column][vc_column_text]MAR\u00c7O DE 2026[\/vc_column_text][vc_column_text] [\/vc_column_text][\/vc_column][\/vc_row][vc_row][vc_column][vc_column_text] [\/vc_column_text][vc_column_text] [\/vc_column_text][\/vc_column][\/vc_row][vc_row][vc_column][vc_column_text] [\/vc_column_text][\/vc_column][\/vc_row][vc_row][vc_column][vc_column_text] Mais informa\u00e7\u00f5es, contatar a Secretaria da P\u00f3s-Gradua\u00e7\u00e3o atrav\u00e9s do email: ipa.posgraduacao@sp.gov.br Consulte sempre esta p\u00e1gina para atualizar-se com informa\u00e7\u00f5es e novidades da P\u00f3s-Gradua\u00e7\u00e3o.[\/vc_column_text][\/vc_column][\/vc_row][vc_row][vc_column][vc_column_text] [\/vc_column_text][\/vc_column][\/vc_row][vc_row][vc_column][vc_column_text][\/vc_column_text][vc_column_text][\/vc_column_text][\/vc_column][\/vc_row][vc_row][vc_column][vc_column_text][\/vc_column_text][vc_column_text] [\/vc_column_text][vc_column_text][\/vc_column_text][\/vc_column][\/vc_row]<\/p>\n","protected":false},"author":1,"featured_media":0,"parent":185,"menu_order":1,"comment_status":"closed","ping_status":"open","template":"","meta":[],"_links":{"self":[{"href":"https:\/\/www.infraestruturameioambiente.sp.gov.br\/pgibt\/wp-json\/wp\/v2\/pages\/184"}],"collection":[{"href":"https:\/\/www.infraestruturameioambiente.sp.gov.br\/pgibt\/wp-json\/wp\/v2\/pages"}],"about":[{"href":"https:\/\/www.infraestruturameioambiente.sp.gov.br\/pgibt\/wp-json\/wp\/v2\/types\/page"}],"author":[{"embeddable":true,"href":"https:\/\/www.infraestruturameioambiente.sp.gov.br\/pgibt\/wp-json\/wp\/v2\/users\/1"}],"replies":[{"embeddable":true,"href":"https:\/\/www.infraestruturameioambiente.sp.gov.br\/pgibt\/wp-json\/wp\/v2\/comments?post=184"}],"version-history":[{"count":236,"href":"https:\/\/www.infraestruturameioambiente.sp.gov.br\/pgibt\/wp-json\/wp\/v2\/pages\/184\/revisions"}],"predecessor-version":[{"id":9963,"href":"https:\/\/www.infraestruturameioambiente.sp.gov.br\/pgibt\/wp-json\/wp\/v2\/pages\/184\/revisions\/9963"}],"up":[{"embeddable":true,"href":"https:\/\/www.infraestruturameioambiente.sp.gov.br\/pgibt\/wp-json\/wp\/v2\/pages\/185"}],"wp:attachment":[{"href":"https:\/\/www.infraestruturameioambiente.sp.gov.br\/pgibt\/wp-json\/wp\/v2\/media?parent=184"}],"curies":[{"name":"wp","href":"https:\/\/api.w.org\/{rel}","templated":true}]}}