{"id":1819,"date":"2013-10-23T10:28:48","date_gmt":"2013-10-23T12:28:48","guid":{"rendered":"https:\/\/www.infraestruturameioambiente.sp.gov.br\/pgibt\/?page_id=1819"},"modified":"2013-10-23T10:28:48","modified_gmt":"2013-10-23T12:28:48","slug":"2006-sandra-sayuri-ori","status":"publish","type":"page","link":"https:\/\/www.infraestruturameioambiente.sp.gov.br\/pgibt\/dissertacoesteses\/2006-sandra-sayuri-ori\/","title":{"rendered":"Sandra Sayuri Ori MS"},"content":{"rendered":"<h2 style=\"text-align: center\"><a href=\"https:\/\/smastr16.blob.core.windows.net\/pgibt\/2015\/02\/faixapos6.jpg\"><img decoding=\"async\" loading=\"lazy\" class=\"aligncenter size-full wp-image-3777\" style=\"border: 0px\" alt=\"faixapos6\" src=\"https:\/\/smastr16.blob.core.windows.net\/pgibt\/2015\/02\/faixapos6.jpg\" width=\"950\" height=\"163\" srcset=\"https:\/\/smastr16.blob.core.windows.net\/pgibt\/2015\/02\/faixapos6.jpg 950w, https:\/\/smastr16.blob.core.windows.net\/pgibt\/2015\/02\/faixapos6-768x131.jpg 768w\" sizes=\"(max-width: 950px) 100vw, 950px\" \/><\/a><\/h2>\n<hr align=\"center\" noshade=\"noshade\" size=\"1\" width=\"100%\" \/>\n<h2 style=\"text-align: center\"><span style=\"color: #003300\">Sandra Sayuri Ori<\/span><\/h2>\n<hr align=\"center\" noshade=\"noshade\" size=\"1\" width=\"100%\" \/>\n<p style=\"text-align: center\">Sandra Sayuri Ori, aluna do Programa de P\u00f3s-Gradua\u00e7\u00e3o em Biodiversidade Vegetal e Meio Ambiente do Instituto de Bot\u00e2nica de S\u00e3o Paulo (IBt), defendeu, no dia 08 de agosto de 2006, sua disserta\u00e7\u00e3o de mestrado intitulada:<br \/>\n&#8220;Influ\u00eancia das auxinas no desenvolvimento e no teor de carboidratos sol\u00faveis,<br \/>\namido e prote\u00edna total sol\u00favel em\u00a0<em>Phalaenopsis amabilis<\/em>\u00a0(Lineu) Blume (Orchidaceae) cultivada\u00a0<em>in vitro<\/em>&#8220;.<\/p>\n<p style=\"text-align: center\">A banca examinadora foi presidida pelo orientador Prof. Dr. Edison Paulo Chu (Se\u00e7\u00e3o de Fisiologia e Bioqu\u00edmica de Plantas\/ Instituto de Bot\u00e2nica), pelo Prof. Dr. Giulio Cesare Stancato (Centro de Horticultura\/Instituto Agron\u00f4mico de Campinas) e pela Dra. Vivian Tamaki (Se\u00e7\u00e3o de Ornamentais\/Instituto de Bot\u00e2nica).<\/p>\n<p style=\"text-align: center\"><a href=\"https:\/\/smastr16.blob.core.windows.net\/pgibt\/2013\/10\/sandra1.jpg\"><img decoding=\"async\" loading=\"lazy\" alt=\"sandra1\" src=\"https:\/\/smastr16.blob.core.windows.net\/pgibt\/2013\/10\/sandra1.jpg\" width=\"222\" height=\"169\" \/><\/a><\/p>\n<hr align=\"center\" noshade=\"noshade\" size=\"1\" width=\"100%\" \/>\n<h3 style=\"text-align: center\"><strong>Influ\u00eancia das auxinas no desenvolvimento e no teor de carboidratos sol\u00faveis, amido e prote\u00edna total sol\u00favel em <em>Phalaenopsis amabilis<\/em> (Lineu) Blume (Orchidaceae) cultivada in vitro<\/strong><\/h3>\n<hr align=\"center\" noshade=\"noshade\" size=\"1\" width=\"100%\" \/>\n<h4 style=\"text-align: center\"><strong>RESUMO<\/strong><\/h4>\n<p style=\"text-align: justify\">O g\u00eanero\u00a0<em>Phalaenopsis<\/em>\u00a0da Fam\u00edlia Orchidaceae tem proced\u00eancia no norte da Austr\u00e1lia, sudeste da \u00c1sia, montanhas do Himalaia, Indon\u00e9sia e Filipinas al\u00e9m de possuir alto potencial ornamental e comercial. Plantas deste g\u00eanero podem ser propagadas tanto por sementes como assexuadamente.<br \/>\nO aumento do n\u00famero de ra\u00edzes nas plantas propagadas\u00a0<em>in vitro<\/em>, \u00e9 de grande import\u00e2ncia econ\u00f4mica e horticultural pois possibilita a sustenta\u00e7\u00e3o da planta na fase de aclimatiza\u00e7\u00e3o evitando com que as folhas da muda entrem em contato com o substrato. Durante o manejo em casa de vegeta\u00e7\u00e3o, podem ocorrer perdas por pragas e doen\u00e7as por tombamento devido a irriga\u00e7\u00f5es e pulveriza\u00e7\u00f5es.<br \/>\nA remobiliza\u00e7\u00e3o dos nutrientes das folhas e das ra\u00edzes acumuladas na fase in vitro possibilitariam a forma\u00e7\u00e3o ex vitro de novas folhas com o processo fotossint\u00e9tico funcional, mecanismos contra perda de \u00e1gua ativos (est\u00f4matos, cut\u00edcula e tricomas) bem como novas ra\u00edzes para fixa\u00e7\u00e3o e sustenta\u00e7\u00e3o no substrato, e velame fotossint\u00e9tico, tornando um explante autotr\u00f3fico em um curto per\u00edodo, proporcionando seu melhor desenvolvimento na fase de aclimatiza\u00e7\u00e3o.<br \/>\nO trabalho teve por objetivo estudar o efeito de diferentes concentra\u00e7\u00f5es das auxinas AIB, ANA e 2,4-D na indu\u00e7\u00e3o, no desenvolvimento e no crescimento de plantas de\u00a0<em>P. amabilis<\/em>\u00a0cultivadas\u00a0<em>in vitro<\/em>\u00a0em meio de Murashig &amp; Skoog modificado, avaliando-se os par\u00e2metros biom\u00e9tricos, n\u00famero, massa fresca e seca de folhas, ra\u00edzes e brotos aos 30, 60, 90 e 120 dias e as an\u00e1lises bioqu\u00edmicas de carboidratos sol\u00faveis totais, amido e prote\u00edna total sol\u00favel de folhas, ra\u00edzes e brotos aos 30 e 120 dias.<br \/>\nOs resultados mostram que a esp\u00e9cie apresenta diferentes respostas de crescimento em fun\u00e7\u00e3o dos reguladores vegetais e suas concentra\u00e7\u00f5es. As an\u00e1lises bioqu\u00edmicas mostraram a exist\u00eancia de atividade metab\u00f3lica com degrada\u00e7\u00e3o e ac\u00famulo de subst\u00e2ncias em folhas, ra\u00edzes e brotos, mostrando que mesmo sendo uma esp\u00e9cie ep\u00edfita, suas ra\u00edzes al\u00e9m de sustenta\u00e7\u00e3o, contribuem para a manuten\u00e7\u00e3o do metabolismo da planta.<\/p>\n<p style=\"text-align: center\"><a href=\"https:\/\/smastr16.blob.core.windows.net\/pgibt\/2013\/10\/sandra3.jpg\"><img decoding=\"async\" loading=\"lazy\" class=\"size-full wp-image-1822\" alt=\"Cultivo in vitro de Phalaenopsis amabilis\" src=\"https:\/\/smastr16.blob.core.windows.net\/pgibt\/2013\/10\/sandra3.jpg\" width=\"227\" height=\"135\" \/><\/a>\u00a0\u00a0<a href=\"https:\/\/smastr16.blob.core.windows.net\/pgibt\/2013\/10\/sandra4.jpg\"><img decoding=\"async\" loading=\"lazy\" class=\"size-full wp-image-1823\" alt=\"N\u00famero de ra\u00edzes de P. amabilis nos tratamentoscom 0,000, 0,032 e 0,160 mg L-1 2,4-Dnos per\u00edodos de 30, 60, 90 e 120 dias \" src=\"https:\/\/smastr16.blob.core.windows.net\/pgibt\/2013\/10\/sandra4.jpg\" width=\"128\" height=\"135\" \/><\/a>\u00a0\u00a0<a href=\"https:\/\/smastr16.blob.core.windows.net\/pgibt\/2013\/10\/sandra2.jpg\"><img decoding=\"async\" loading=\"lazy\" class=\"alignnone size-full wp-image-1824\" alt=\"Flores de Phalaenopsis amabilis\" src=\"https:\/\/smastr16.blob.core.windows.net\/pgibt\/2013\/10\/sandra2.jpg\" width=\"173\" height=\"135\" \/><\/a><\/p>\n<hr align=\"center\" noshade=\"noshade\" size=\"1\" width=\"100%\" \/>\n<p style=\"text-align: center\"><a href=\"https:\/\/smastr16.blob.core.windows.net\/pgibt\/2013\/09\/pdf_grande.gif\"><img decoding=\"async\" loading=\"lazy\" class=\"aligncenter size-full wp-image-2313\" style=\"border: 0px\" alt=\"pdf_grande\" src=\"https:\/\/smastr16.blob.core.windows.net\/pgibt\/2013\/09\/pdf_grande.gif\" width=\"60\" height=\"60\" \/><\/a><a href=\"https:\/\/smastr16.blob.core.windows.net\/pgibt\/2013\/10\/Sandra_Saiury_Ori_MS.pdf\" target=\"_blank\">Influ\u00eancia das auxinas no desenvolvimento e no teor de carboidratos sol\u00faveis, amido e prote\u00edna total sol\u00favel em<br \/>\n<em>Phalaenopsis amabilis<\/em> (Lineu) Blume (Orchidaceae) cultivada in vitro<\/a><\/p>\n<hr align=\"center\" noshade=\"noshade\" size=\"1\" width=\"100%\" \/>\n<p style=\"text-align: center\"><strong>\u00a0<a href=\"https:\/\/www.infraestruturameioambiente.sp.gov.br\/pgibt\/dissertacoesteses\/\">VOLTAR AS DISSERTA\u00c7\u00d5ES E TESES<\/a><\/strong><\/p>\n<hr align=\"center\" noshade=\"noshade\" size=\"1\" width=\"100%\" \/>\n","protected":false},"excerpt":{"rendered":"<p>Sandra Sayuri Ori Sandra Sayuri Ori, aluna do Programa de P\u00f3s-Gradua\u00e7\u00e3o em Biodiversidade Vegetal e Meio Ambiente do Instituto de Bot\u00e2nica de S\u00e3o Paulo (IBt), defendeu, no dia 08 de agosto de 2006, sua disserta\u00e7\u00e3o de mestrado intitulada: &#8220;Influ\u00eancia das auxinas no desenvolvimento e no teor de carboidratos sol\u00faveis, amido e prote\u00edna total sol\u00favel em\u00a0Phalaenopsis [&hellip;]<\/p>\n","protected":false},"author":1,"featured_media":0,"parent":249,"menu_order":0,"comment_status":"closed","ping_status":"open","template":"fullpage.php","meta":[],"_links":{"self":[{"href":"https:\/\/www.infraestruturameioambiente.sp.gov.br\/pgibt\/wp-json\/wp\/v2\/pages\/1819"}],"collection":[{"href":"https:\/\/www.infraestruturameioambiente.sp.gov.br\/pgibt\/wp-json\/wp\/v2\/pages"}],"about":[{"href":"https:\/\/www.infraestruturameioambiente.sp.gov.br\/pgibt\/wp-json\/wp\/v2\/types\/page"}],"author":[{"embeddable":true,"href":"https:\/\/www.infraestruturameioambiente.sp.gov.br\/pgibt\/wp-json\/wp\/v2\/users\/1"}],"replies":[{"embeddable":true,"href":"https:\/\/www.infraestruturameioambiente.sp.gov.br\/pgibt\/wp-json\/wp\/v2\/comments?post=1819"}],"version-history":[{"count":0,"href":"https:\/\/www.infraestruturameioambiente.sp.gov.br\/pgibt\/wp-json\/wp\/v2\/pages\/1819\/revisions"}],"up":[{"embeddable":true,"href":"https:\/\/www.infraestruturameioambiente.sp.gov.br\/pgibt\/wp-json\/wp\/v2\/pages\/249"}],"wp:attachment":[{"href":"https:\/\/www.infraestruturameioambiente.sp.gov.br\/pgibt\/wp-json\/wp\/v2\/media?parent=1819"}],"curies":[{"name":"wp","href":"https:\/\/api.w.org\/{rel}","templated":true}]}}