{"id":1813,"date":"2013-10-23T10:00:00","date_gmt":"2013-10-23T12:00:00","guid":{"rendered":"https:\/\/www.infraestruturameioambiente.sp.gov.br\/pgibt\/?page_id=1813"},"modified":"2013-10-23T10:00:00","modified_gmt":"2013-10-23T12:00:00","slug":"2006-sergio-luiz-moreira-neto","status":"publish","type":"page","link":"https:\/\/www.infraestruturameioambiente.sp.gov.br\/pgibt\/dissertacoesteses\/2006-sergio-luiz-moreira-neto\/","title":{"rendered":"S\u00e9rgio Luiz Moreira Neto MS"},"content":{"rendered":"<h2 style=\"text-align: center\"><a href=\"https:\/\/smastr16.blob.core.windows.net\/pgibt\/2015\/02\/faixapos6.jpg\"><img decoding=\"async\" loading=\"lazy\" class=\"aligncenter size-full wp-image-3777\" style=\"border: 0px\" alt=\"faixapos6\" src=\"https:\/\/smastr16.blob.core.windows.net\/pgibt\/2015\/02\/faixapos6.jpg\" width=\"950\" height=\"163\" srcset=\"https:\/\/smastr16.blob.core.windows.net\/pgibt\/2015\/02\/faixapos6.jpg 950w, https:\/\/smastr16.blob.core.windows.net\/pgibt\/2015\/02\/faixapos6-768x131.jpg 768w\" sizes=\"(max-width: 950px) 100vw, 950px\" \/><\/a><\/h2>\n<hr align=\"center\" noshade=\"noshade\" size=\"1\" width=\"100%\" \/>\n<h2 style=\"text-align: center\"><span style=\"color: #003300\">S\u00e9rgio Luiz Moreira Neto<\/span><\/h2>\n<hr align=\"center\" noshade=\"noshade\" size=\"1\" width=\"100%\" \/>\n<p style=\"text-align: center\">S\u00e9rgio Luiz Moreira Neto, aluno de P\u00f3s-Gradua\u00e7\u00e3o em Biodiversidade Vegetal e Meio Ambiente do Instituto de Bot\u00e2nica de S\u00e3o Paulo,<br \/>\ndefendeu no dia 10 de agosto de 2006 sua disserta\u00e7\u00e3o de mestrado com o t\u00edtulo:<br \/>\n&#8220;Enzimas ligninol\u00edticas produzidas por Psilocybe castanella CCB444 em solo contaminado com hexaclorobenzeno&#8221;.<\/p>\n<p style=\"text-align: center\">A banca examinadora foi composta pelo seu orientador Dr. D\u00e1cio R. Matheus (Se\u00e7\u00e3o de Micologia e Liquenologia, IBt),<br \/>\nDra. K\u00e1tia M. G. Machado (Universidade Cat\u00f3lica de Santos) e Dra. Adriane Milages (USP-Lorena).<\/p>\n<p style=\"text-align: center\"><a href=\"https:\/\/smastr16.blob.core.windows.net\/pgibt\/2013\/10\/sergio1.jpg\"><img decoding=\"async\" loading=\"lazy\" alt=\"Dr. D\u00e1cio R. Matheus, Dra. Adriane Milagres, S\u00e9rgio L. Moreira Neto e Dra. K\u00e1tia M.G. Machado \" src=\"https:\/\/smastr16.blob.core.windows.net\/pgibt\/2013\/10\/sergio1.jpg\" width=\"300\" height=\"225\" \/><\/a><\/p>\n<hr align=\"center\" noshade=\"noshade\" size=\"1\" width=\"100%\" \/>\n<h3 style=\"text-align: center\">Enzimas ligninol\u00edticas produzidas por <em>Psilocybe castanella<\/em> CCB444 em solo contaminado com hexaclorobenzeno<\/h3>\n<hr align=\"center\" noshade=\"noshade\" size=\"1\" width=\"100%\" \/>\n<h4 style=\"text-align: center\"><strong>RESUMO<\/strong><\/h4>\n<p style=\"text-align: justify\"><em>Psilocybe castanella<\/em>\u00a0CCB444 \u00e9 um basidiomiceto que foi selecionado para avalia\u00e7\u00e3o em processos de biorremedia\u00e7\u00e3o de solos contaminados com hexaclorobenzeno (HCB) e outros organoclorados. O sistema enzim\u00e1tico ligninol\u00edtico de basidiomicetos \u00e9 o principal respons\u00e1vel pela biodegrada\u00e7\u00e3o de poluentes org\u00e2nicos.<\/p>\n<p style=\"text-align: justify\">O trabalho avaliou a composi\u00e7\u00e3o do sistema enzim\u00e1tico de\u00a0<em>P. castanell<\/em>a em solo contaminado com HCB, bem como a influ\u00eancia deste organoclorado nas atividades ligninol\u00edticas.<\/p>\n<p style=\"text-align: justify\">O fungo foi crescido em substrato a base de baga\u00e7o de cana de a\u00e7\u00facar (C\/N 90) e inoculado em solo contendo HCB (1104 mg HCB Kg-1 solo), 2,5% de \u00f3leo vegetal e 70% de umidade a 25\u00baC por 70 dias. O HCB n\u00e3o interferiu no crescimento do fungo. Com 33 dias de crescimento teve in\u00edcio a fase estacion\u00e1ria. Lacase foi a principal enzima ligninol\u00edtica produzida pelo fungo, enquanto MnP e LiP n\u00e3o foram detectadas. A produ\u00e7\u00e3o de atividade de lacases foi estimulada pela presen\u00e7a de HCB, com maior atividade aos 12 dias em solo-HCB, enquanto em solo-controle (solo n\u00e3o contaminado) foi aos 19 dias (Figura 1).<\/p>\n<p style=\"text-align: justify\">A redu\u00e7\u00e3o da concentra\u00e7\u00e3o inicial de HCB e a forma\u00e7\u00e3o de cloretos evidenciaram a participa\u00e7\u00e3o de\u00a0<em>P. castanella<\/em>\u00a0na biodegrada\u00e7\u00e3o de HCB. A caracteriza\u00e7\u00e3o dos extratos enzim\u00e1ticos de\u00a0<em>P. castanella<\/em>\u00a0nos picos de maior atividade de lacase revelaram pH \u00f3timo de atividade pr\u00f3ximo a 3 e temperatura \u00f3tima pr\u00f3xima a 55\u00baC (Figura 2).<\/p>\n<p style=\"text-align: justify\">As atividades de lacases tiveram maior estabilidade em pH 3,6 e foram termoest\u00e1veis a 55\u00baC. Diferen\u00e7as na estabilidade em pH 3,6 e Km aparente evidenciaram influ\u00eancia do HCB na produ\u00e7\u00e3o de isoenzimas de lacase por P. castanella. Os inibidores enzim\u00e1ticos confirmaram atividade predominante de lacases e estas enzimas produzidas por P. castanella podem estar envolvidas na biodegrada\u00e7\u00e3o de HCB em solo.<\/p>\n<p style=\"text-align: center\"><a href=\"https:\/\/smastr16.blob.core.windows.net\/pgibt\/2013\/10\/sergio2.jpg\"><img decoding=\"async\" loading=\"lazy\" class=\"alignnone size-thumbnail wp-image-1816\" alt=\"Figura 1 - Produ\u00e7\u00e3o de lacases por P. castanella em solocontaminado com HCB (l)Controle: solo n\u00e3o contaminado (\u00a1).\" src=\"https:\/\/smastr16.blob.core.windows.net\/pgibt\/2013\/10\/sergio2-150x150.jpg\" width=\"150\" height=\"150\" \/><\/a>\u00a0<a href=\"https:\/\/smastr16.blob.core.windows.net\/pgibt\/2013\/10\/sergio3.jpg\"><img decoding=\"async\" loading=\"lazy\" class=\"alignnone size-thumbnail wp-image-1817\" alt=\"Figura 2 - Efeito do pH (A) e da temperatura (B) nas atividades relativas  de lacases e peroxidases de extratos obtidos do crescimento de P. castanella em solo contaminado com HCB e solo-controle.\" src=\"https:\/\/smastr16.blob.core.windows.net\/pgibt\/2013\/10\/sergio3-150x150.jpg\" width=\"150\" height=\"150\" \/><\/a><\/p>\n<hr align=\"center\" noshade=\"noshade\" size=\"1\" width=\"100%\" \/>\n<p style=\"text-align: center\"><a href=\"https:\/\/smastr16.blob.core.windows.net\/pgibt\/2013\/09\/pdf_grande.gif\"><img decoding=\"async\" loading=\"lazy\" class=\"aligncenter size-full wp-image-2313\" style=\"border: 0px\" alt=\"pdf_grande\" src=\"https:\/\/smastr16.blob.core.windows.net\/pgibt\/2013\/09\/pdf_grande.gif\" width=\"60\" height=\"60\" \/><\/a><a href=\"https:\/\/smastr16.blob.core.windows.net\/pgibt\/2013\/10\/Sergio_Luiz_Moreira_Neto_MS.pdf\">S\u00e9rgio Luiz Moreira Neto<br \/>\nEnzimas ligninol\u00edticas produzidas por Psilocybe castanella CCB444 em solo contaminado com hexaclorobenzeno<\/a><\/p>\n<hr align=\"center\" noshade=\"noshade\" size=\"1\" width=\"100%\" \/>\n<p style=\"text-align: center\"><strong>\u00a0<a href=\"https:\/\/www.infraestruturameioambiente.sp.gov.br\/pgibt\/dissertacoesteses\/\">VOLTAR AS DISSERTA\u00c7\u00d5ES E TESES<\/a><\/strong><\/p>\n<hr align=\"center\" noshade=\"noshade\" size=\"1\" width=\"100%\" \/>\n<h1 style=\"text-align: center\"><\/h1>\n","protected":false},"excerpt":{"rendered":"<p>S\u00e9rgio Luiz Moreira Neto S\u00e9rgio Luiz Moreira Neto, aluno de P\u00f3s-Gradua\u00e7\u00e3o em Biodiversidade Vegetal e Meio Ambiente do Instituto de Bot\u00e2nica de S\u00e3o Paulo, defendeu no dia 10 de agosto de 2006 sua disserta\u00e7\u00e3o de mestrado com o t\u00edtulo: &#8220;Enzimas ligninol\u00edticas produzidas por Psilocybe castanella CCB444 em solo contaminado com hexaclorobenzeno&#8221;. A banca examinadora foi [&hellip;]<\/p>\n","protected":false},"author":1,"featured_media":0,"parent":249,"menu_order":0,"comment_status":"closed","ping_status":"open","template":"fullpage.php","meta":[],"_links":{"self":[{"href":"https:\/\/www.infraestruturameioambiente.sp.gov.br\/pgibt\/wp-json\/wp\/v2\/pages\/1813"}],"collection":[{"href":"https:\/\/www.infraestruturameioambiente.sp.gov.br\/pgibt\/wp-json\/wp\/v2\/pages"}],"about":[{"href":"https:\/\/www.infraestruturameioambiente.sp.gov.br\/pgibt\/wp-json\/wp\/v2\/types\/page"}],"author":[{"embeddable":true,"href":"https:\/\/www.infraestruturameioambiente.sp.gov.br\/pgibt\/wp-json\/wp\/v2\/users\/1"}],"replies":[{"embeddable":true,"href":"https:\/\/www.infraestruturameioambiente.sp.gov.br\/pgibt\/wp-json\/wp\/v2\/comments?post=1813"}],"version-history":[{"count":0,"href":"https:\/\/www.infraestruturameioambiente.sp.gov.br\/pgibt\/wp-json\/wp\/v2\/pages\/1813\/revisions"}],"up":[{"embeddable":true,"href":"https:\/\/www.infraestruturameioambiente.sp.gov.br\/pgibt\/wp-json\/wp\/v2\/pages\/249"}],"wp:attachment":[{"href":"https:\/\/www.infraestruturameioambiente.sp.gov.br\/pgibt\/wp-json\/wp\/v2\/media?parent=1813"}],"curies":[{"name":"wp","href":"https:\/\/api.w.org\/{rel}","templated":true}]}}