{"id":1796,"date":"2013-10-22T17:21:28","date_gmt":"2013-10-22T19:21:28","guid":{"rendered":"https:\/\/www.infraestruturameioambiente.sp.gov.br\/pgibt\/?page_id=1796"},"modified":"2013-10-22T17:21:28","modified_gmt":"2013-10-22T19:21:28","slug":"2006-valentin-georgevich-suhogusoff","status":"publish","type":"page","link":"https:\/\/www.infraestruturameioambiente.sp.gov.br\/pgibt\/dissertacoesteses\/2006-valentin-georgevich-suhogusoff\/","title":{"rendered":"Valentin Georgevich Suhogusoff DR"},"content":{"rendered":"<h2 style=\"text-align: center\"><a href=\"https:\/\/smastr16.blob.core.windows.net\/pgibt\/2015\/02\/faixapos6.jpg\"><img decoding=\"async\" loading=\"lazy\" class=\"aligncenter size-full wp-image-3777\" style=\"border: 0px\" alt=\"faixapos6\" src=\"https:\/\/smastr16.blob.core.windows.net\/pgibt\/2015\/02\/faixapos6.jpg\" width=\"950\" height=\"163\" srcset=\"https:\/\/smastr16.blob.core.windows.net\/pgibt\/2015\/02\/faixapos6.jpg 950w, https:\/\/smastr16.blob.core.windows.net\/pgibt\/2015\/02\/faixapos6-768x131.jpg 768w\" sizes=\"(max-width: 950px) 100vw, 950px\" \/><\/a><\/h2>\n<hr align=\"center\" noshade=\"noshade\" size=\"1\" width=\"100%\" \/>\n<h2 style=\"text-align: center\">Valentin Georgevich Suhogusoff<\/h2>\n<hr align=\"center\" noshade=\"noshade\" size=\"1\" width=\"100%\" \/>\n<h3 style=\"text-align: center\">EP\u00cdFITAS VASCULARES DO PARQUE ESTADUAL DA ILHA ANCHIETA (PEIA), UBATUBA, SP, BRASIL:<br \/>\nCOMPOSI\u00c7\u00c3O FLOR\u00cdSTICA, FITOSSOCIOLOGIA E ASPECTOS DE ECOFISIOLOGIA<\/h3>\n<hr align=\"center\" noshade=\"noshade\" size=\"1\" width=\"100%\" \/>\n<h4 style=\"text-align: center\"><strong>RESUMO<\/strong><\/h4>\n<p style=\"text-align: justify\">O presente estudo teve como objetivo avaliar o estado de regenera\u00e7\u00e3o natural de ep\u00edfitas vasculares em \u00e1reas que sofreram a\u00e7\u00e3o antr\u00f3pica no Parque Estadual da Ilha Anchieta, localizado no munic\u00edpio de Ubatuba (SP), e discutir alguns fatores intr\u00ednsecos e extr\u00ednsecos que possam explicar a distribui\u00e7\u00e3o desse grupo ecol\u00f3gico nos ambientes estudados. Foram realizadas coletas do material bot\u00e2nico e dados fitossociol\u00f3gicos entre os anos de 2003 e 2005. Ao longo das trilhas do Parque, foram estabelecidas 40 parcelas de 5m x 5m para a coleta de dados fitossociol\u00f3gicos cujos principais fatores de an\u00e1lise foram o Valor de Import\u00e2ncia Epif\u00edtico (VIE) e Grau de Cobertura do For\u00f3fito (Gc). Dessa forma, verificou-se que a fam\u00edlia Bromeliaceae apresentou maior import\u00e2ncia flor\u00edstica e fitossociol\u00f3gica com destaque para a esp\u00e9cie\u00a0<em>Tillandsia stricta<\/em>. Sete esp\u00e9cies da fam\u00edlia Bromeliaceae tiveram seus frutos e sementes recolhidos e contados para an\u00e1lises do percentual e velocidade de germina\u00e7\u00e3o (temperaturas de 20\u00b0C e 25\u00b0C), Capacidade Reprodutiva (CR) e \u00cdndice da Capacidade de Ocupa\u00e7\u00e3o (ICO). Na temperatura de 20\u00b0C ocorreu uma diminui\u00e7\u00e3o da porcentagem e velocidade de germina\u00e7\u00e3o das esp\u00e9cies que apresentam s\u00edndrome de dispers\u00e3o anemoc\u00f3rica. Esse grupo ainda apresentou diferen\u00e7as quanto \u00e0 rela\u00e7\u00e3o n\u00famero de frutos \/ sementes. As esp\u00e9cies zooc\u00f3ricas n\u00e3o apresentaram diferen\u00e7as significativas nos quesitos analisados. A esp\u00e9cie de maior representatividade no levantamento fitossociol\u00f3gico _\u00a0<em>Tillandsia stricta\u00a0<\/em>_ tamb\u00e9m recebeu tratamento de germina\u00e7\u00e3o diferenciado sobre casca de\u00a0<em>Terminalia catappa\u00a0<\/em>e\u00a0<em>Rapanea ferruginea<\/em>. Nesse tratamento, foi averiguada uma menor germina\u00e7\u00e3o (11%) quando comparada ao substrato de papel (72%) , demonstrando que a casca pode apresentar subst\u00e2ncias que inibem a germina\u00e7\u00e3o. A esp\u00e9cie\u00a0<em>T. stricta\u00a0<\/em>xxiii apresentou distribui\u00e7\u00e3o irregular em ambientes aparentemente semelhantes, foi feita ent\u00e3o, uma an\u00e1lise do seu estado tr\u00f3fico em tr\u00eas regi\u00f5es diferentes, atrav\u00e9s da presen\u00e7a de micro e macronutrientes nas folhas. Nesses locais, tamb\u00e9m foi realizada a an\u00e1lise da temperatura e da umidade relativa do ar, para averiguar a poss\u00edvel presen\u00e7a de microclimas que poderiam interferir na sua distribui\u00e7\u00e3o. A Praia do Pres\u00eddio apresentou maior umidade relativa do ar e as plantas ali encontradas, exibiram maior concentra\u00e7\u00e3o do micronutriente ferro &#8211; esses dois fatores podem estar favorecendo a presen\u00e7a da ep\u00edfita nessa praia.<\/p>\n<p style=\"text-align: justify\"><strong>Palavras-chave:<\/strong>\u00a0Ep\u00edfitas vasculares, fitossociologia, flor\u00edstica, capacidade reprodutiva, micronutrientes<\/p>\n<hr align=\"center\" noshade=\"noshade\" size=\"1\" width=\"100%\" \/>\n<p style=\"text-align: center\"><a href=\"https:\/\/smastr16.blob.core.windows.net\/pgibt\/2013\/09\/pdf_grande.gif\"><img decoding=\"async\" loading=\"lazy\" class=\"aligncenter size-full wp-image-2313\" style=\"border: 0px\" alt=\"pdf_grande\" src=\"https:\/\/smastr16.blob.core.windows.net\/pgibt\/2013\/09\/pdf_grande.gif\" width=\"60\" height=\"60\" \/><\/a><a href=\"https:\/\/smastr16.blob.core.windows.net\/pgibt\/2013\/10\/Valentin_Georgevich_Suhogusoff_DR.pdf\" target=\"_blank\">Valentin Georgevich Suhogusoff<br \/>\nEP\u00cdFITAS VASCULARES DO PARQUE ESTADUAL DA ILHA ANCHIETA (PEIA), UBATUBA, SP, BRASIL:<br \/>\nCOMPOSI\u00c7\u00c3O FLOR\u00cdSTICA, FITOSSOCIOLOGIA E ASPECTOS DE ECOFISIOLOGIA<\/a><\/p>\n<hr align=\"center\" noshade=\"noshade\" size=\"1\" width=\"100%\" \/>\n<p style=\"text-align: center\"><strong>\u00a0<a href=\"https:\/\/www.infraestruturameioambiente.sp.gov.br\/pgibt\/dissertacoesteses\/\">VOLTAR AS DISSERTA\u00c7\u00d5ES E TESES<\/a><\/strong><\/p>\n<hr align=\"center\" noshade=\"noshade\" size=\"1\" width=\"100%\" \/>\n<h1 style=\"text-align: center\"><\/h1>\n<p>&nbsp;<\/p>\n","protected":false},"excerpt":{"rendered":"<p>Valentin Georgevich Suhogusoff EP\u00cdFITAS VASCULARES DO PARQUE ESTADUAL DA ILHA ANCHIETA (PEIA), UBATUBA, SP, BRASIL: COMPOSI\u00c7\u00c3O FLOR\u00cdSTICA, FITOSSOCIOLOGIA E ASPECTOS DE ECOFISIOLOGIA RESUMO O presente estudo teve como objetivo avaliar o estado de regenera\u00e7\u00e3o natural de ep\u00edfitas vasculares em \u00e1reas que sofreram a\u00e7\u00e3o antr\u00f3pica no Parque Estadual da Ilha Anchieta, localizado no munic\u00edpio de Ubatuba [&hellip;]<\/p>\n","protected":false},"author":1,"featured_media":0,"parent":249,"menu_order":0,"comment_status":"closed","ping_status":"open","template":"fullpage.php","meta":[],"_links":{"self":[{"href":"https:\/\/www.infraestruturameioambiente.sp.gov.br\/pgibt\/wp-json\/wp\/v2\/pages\/1796"}],"collection":[{"href":"https:\/\/www.infraestruturameioambiente.sp.gov.br\/pgibt\/wp-json\/wp\/v2\/pages"}],"about":[{"href":"https:\/\/www.infraestruturameioambiente.sp.gov.br\/pgibt\/wp-json\/wp\/v2\/types\/page"}],"author":[{"embeddable":true,"href":"https:\/\/www.infraestruturameioambiente.sp.gov.br\/pgibt\/wp-json\/wp\/v2\/users\/1"}],"replies":[{"embeddable":true,"href":"https:\/\/www.infraestruturameioambiente.sp.gov.br\/pgibt\/wp-json\/wp\/v2\/comments?post=1796"}],"version-history":[{"count":0,"href":"https:\/\/www.infraestruturameioambiente.sp.gov.br\/pgibt\/wp-json\/wp\/v2\/pages\/1796\/revisions"}],"up":[{"embeddable":true,"href":"https:\/\/www.infraestruturameioambiente.sp.gov.br\/pgibt\/wp-json\/wp\/v2\/pages\/249"}],"wp:attachment":[{"href":"https:\/\/www.infraestruturameioambiente.sp.gov.br\/pgibt\/wp-json\/wp\/v2\/media?parent=1796"}],"curies":[{"name":"wp","href":"https:\/\/api.w.org\/{rel}","templated":true}]}}