{"id":167,"date":"2013-04-15T12:09:38","date_gmt":"2013-04-15T15:09:38","guid":{"rendered":"https:\/\/www.infraestruturameioambiente.sp.gov.br\/pgibt\/?page_id=167"},"modified":"2023-03-02T10:04:14","modified_gmt":"2023-03-02T13:04:14","slug":"localizacao","status":"publish","type":"page","link":"https:\/\/www.infraestruturameioambiente.sp.gov.br\/pgibt\/contato\/localizacao\/","title":{"rendered":"Localiza\u00e7\u00e3o"},"content":{"rendered":"<p>[vc_row][vc_column][vc_column_text]<\/p>\n<h2>INSTITUTO DE PESQUISAS AMBIENTAIS &#8211; UNIDADE JARDIM BOT\u00c2NICO<\/h2>\n<p>Av. Miguel Estefno, 3.687 &#8211; \u00c1gua Funda &#8211; S\u00e3o Paulo &#8211; SP &#8211; CEP 04301-902<br \/>\nTelefone: (11) 5067-6000 Ramais: 6038\/6039 &#8211; FAX: (11) 5058-7083[\/vc_column_text][\/vc_column][\/vc_row][vc_row][vc_column][vc_gmaps link=&#8221;#E-8_JTNDaWZyYW1lJTIwc3JjJTNEJTIyaHR0cHMlM0ElMkYlMkZ3d3cuZ29vZ2xlLmNvbSUyRm1hcHMlMkZlbWJlZCUzRnBiJTNEJTIxMW0xOCUyMTFtMTIlMjExbTMlMjExZDM2NTUuMDI2MjQ4NDI1MDI3JTIxMmQtNDYuNjI3MDQ1NyUyMTNkLTIzLjYzOTIzMSUyMTJtMyUyMTFmMCUyMTJmMCUyMTNmMCUyMTNtMiUyMTFpMTAyNCUyMTJpNzY4JTIxNGYxMy4xJTIxM20zJTIxMW0yJTIxMXMweDk0Y2U1YjE4Y2QzYmQ5ZWQlMjUzQTB4YTA2Yzg4YzhmMTRiYzViZiUyMTJzQXYuJTI1MjBNaWd1ZWwlMjUyMEVzdGVmbm8lMjUyQyUyNTIwMzY4NyUyNTIwLSUyNTIwUGFycXVlJTI1MjBkbyUyNTIwRXN0YWRvJTI1MkMlMjUyMFMlMjVDMyUyNUEzbyUyNTIwUGF1bG8lMjUyMC0lMjUyMFNQJTI1MkMlMjUyMDA0MzAxLTkwMiUyMTVlMCUyMTNtMiUyMTFzcHQtQlIlMjEyc2JyJTIxNHYxNjc3NzYyMTQ5MTM5JTIxNW0yJTIxMXNwdC1CUiUyMTJzYnIlMjIlMjB3aWR0aCUzRCUyMjYwMCUyMiUyMGhlaWdodCUzRCUyMjQ1MCUyMiUyMHN0eWxlJTNEJTIyYm9yZGVyJTNBMCUzQiUyMiUyMGFsbG93ZnVsbHNjcmVlbiUzRCUyMiUyMiUyMGxvYWRpbmclM0QlMjJsYXp5JTIyJTIwcmVmZXJyZXJwb2xpY3klM0QlMjJuby1yZWZlcnJlci13aGVuLWRvd25ncmFkZSUyMiUzRSUzQyUyRmlmcmFtZSUzRQ==&#8221;][\/vc_column][\/vc_row][vc_row][vc_column][vc_column_text]Mais informa\u00e7\u00f5es, contatar a Secretaria da P\u00f3s-Gradua\u00e7\u00e3o atrav\u00e9s do email: <a href=\"mailto:ipa.posgraduacao@sp.gov.br\">ipa.posgraduacao@sp.gov.br<\/a>[\/vc_column_text][\/vc_column][\/vc_row]<\/p>\n","protected":false},"excerpt":{"rendered":"<p>[vc_row][vc_column][vc_column_text] INSTITUTO DE PESQUISAS AMBIENTAIS &#8211; UNIDADE JARDIM BOT\u00c2NICO Av. Miguel Estefno, 3.687 &#8211; \u00c1gua Funda &#8211; S\u00e3o Paulo &#8211; SP &#8211; CEP 04301-902 Telefone: (11) 5067-6000 Ramais: 6038\/6039 &#8211; FAX: (11) 5058-7083[\/vc_column_text][\/vc_column][\/vc_row][vc_row][vc_column][vc_gmaps link=&#8221;#E-8_JTNDaWZyYW1lJTIwc3JjJTNEJTIyaHR0cHMlM0ElMkYlMkZ3d3cuZ29vZ2xlLmNvbSUyRm1hcHMlMkZlbWJlZCUzRnBiJTNEJTIxMW0xOCUyMTFtMTIlMjExbTMlMjExZDM2NTUuMDI2MjQ4NDI1MDI3JTIxMmQtNDYuNjI3MDQ1NyUyMTNkLTIzLjYzOTIzMSUyMTJtMyUyMTFmMCUyMTJmMCUyMTNmMCUyMTNtMiUyMTFpMTAyNCUyMTJpNzY4JTIxNGYxMy4xJTIxM20zJTIxMW0yJTIxMXMweDk0Y2U1YjE4Y2QzYmQ5ZWQlMjUzQTB4YTA2Yzg4YzhmMTRiYzViZiUyMTJzQXYuJTI1MjBNaWd1ZWwlMjUyMEVzdGVmbm8lMjUyQyUyNTIwMzY4NyUyNTIwLSUyNTIwUGFycXVlJTI1MjBkbyUyNTIwRXN0YWRvJTI1MkMlMjUyMFMlMjVDMyUyNUEzbyUyNTIwUGF1bG8lMjUyMC0lMjUyMFNQJTI1MkMlMjUyMDA0MzAxLTkwMiUyMTVlMCUyMTNtMiUyMTFzcHQtQlIlMjEyc2JyJTIxNHYxNjc3NzYyMTQ5MTM5JTIxNW0yJTIxMXNwdC1CUiUyMTJzYnIlMjIlMjB3aWR0aCUzRCUyMjYwMCUyMiUyMGhlaWdodCUzRCUyMjQ1MCUyMiUyMHN0eWxlJTNEJTIyYm9yZGVyJTNBMCUzQiUyMiUyMGFsbG93ZnVsbHNjcmVlbiUzRCUyMiUyMiUyMGxvYWRpbmclM0QlMjJsYXp5JTIyJTIwcmVmZXJyZXJwb2xpY3klM0QlMjJuby1yZWZlcnJlci13aGVuLWRvd25ncmFkZSUyMiUzRSUzQyUyRmlmcmFtZSUzRQ==&#8221;][\/vc_column][\/vc_row][vc_row][vc_column][vc_column_text]Mais informa\u00e7\u00f5es, contatar a Secretaria da P\u00f3s-Gradua\u00e7\u00e3o atrav\u00e9s do email: ipa.posgraduacao@sp.gov.br[\/vc_column_text][\/vc_column][\/vc_row]<\/p>\n","protected":false},"author":1,"featured_media":0,"parent":164,"menu_order":1,"comment_status":"closed","ping_status":"open","template":"","meta":[],"_links":{"self":[{"href":"https:\/\/www.infraestruturameioambiente.sp.gov.br\/pgibt\/wp-json\/wp\/v2\/pages\/167"}],"collection":[{"href":"https:\/\/www.infraestruturameioambiente.sp.gov.br\/pgibt\/wp-json\/wp\/v2\/pages"}],"about":[{"href":"https:\/\/www.infraestruturameioambiente.sp.gov.br\/pgibt\/wp-json\/wp\/v2\/types\/page"}],"author":[{"embeddable":true,"href":"https:\/\/www.infraestruturameioambiente.sp.gov.br\/pgibt\/wp-json\/wp\/v2\/users\/1"}],"replies":[{"embeddable":true,"href":"https:\/\/www.infraestruturameioambiente.sp.gov.br\/pgibt\/wp-json\/wp\/v2\/comments?post=167"}],"version-history":[{"count":3,"href":"https:\/\/www.infraestruturameioambiente.sp.gov.br\/pgibt\/wp-json\/wp\/v2\/pages\/167\/revisions"}],"predecessor-version":[{"id":8510,"href":"https:\/\/www.infraestruturameioambiente.sp.gov.br\/pgibt\/wp-json\/wp\/v2\/pages\/167\/revisions\/8510"}],"up":[{"embeddable":true,"href":"https:\/\/www.infraestruturameioambiente.sp.gov.br\/pgibt\/wp-json\/wp\/v2\/pages\/164"}],"wp:attachment":[{"href":"https:\/\/www.infraestruturameioambiente.sp.gov.br\/pgibt\/wp-json\/wp\/v2\/media?parent=167"}],"curies":[{"name":"wp","href":"https:\/\/api.w.org\/{rel}","templated":true}]}}