{"id":1621,"date":"2009-02-27T11:31:57","date_gmt":"2009-02-27T14:31:57","guid":{"rendered":"https:\/\/www.infraestruturameioambiente.sp.gov.br\/pgibt\/?page_id=1621"},"modified":"2009-02-27T11:31:57","modified_gmt":"2009-02-27T14:31:57","slug":"2009-valeria-cassano","status":"publish","type":"page","link":"https:\/\/www.infraestruturameioambiente.sp.gov.br\/pgibt\/dissertacoesteses\/2009-valeria-cassano\/","title":{"rendered":"Val\u00e9ria Cassano DR"},"content":{"rendered":"<h2 style=\"text-align: center\"><a href=\"https:\/\/smastr16.blob.core.windows.net\/pgibt\/2015\/02\/faixapos6.jpg\"><img decoding=\"async\" loading=\"lazy\" class=\"aligncenter size-full wp-image-3777\" style=\"border: 0px\" alt=\"faixapos6\" src=\"https:\/\/smastr16.blob.core.windows.net\/pgibt\/2015\/02\/faixapos6.jpg\" width=\"950\" height=\"163\" srcset=\"https:\/\/smastr16.blob.core.windows.net\/pgibt\/2015\/02\/faixapos6.jpg 950w, https:\/\/smastr16.blob.core.windows.net\/pgibt\/2015\/02\/faixapos6-768x131.jpg 768w\" sizes=\"(max-width: 950px) 100vw, 950px\" \/><\/a><\/h2>\n<hr align=\"center\" noshade=\"noshade\" size=\"1\" width=\"100%\" \/>\n<h2 style=\"text-align: center\"><span style=\"color: #003300\">Val\u00e9ria Cassano<\/span><\/h2>\n<hr align=\"center\" noshade=\"noshade\" size=\"1\" width=\"100%\" \/>\n<p style=\"text-align: center\">No dia 27 de fevereiro de 2009, a aluna Val\u00e9ria Cassano do Programa de P\u00f3s-Gradua\u00e7\u00e3o em Biodiversidade Vegetal e Meio Ambiente do Instituto de Bot\u00e2nica de S\u00e3o Paulo, defendeu sua tese de doutorado intitulada<br \/>\n\u201cTaxonomia e filogenia do complexo <em>Laurencia<\/em> (Ceramiales, Rhodophyta),<br \/>\ncom \u00eanfase no estado do Rio de Janeiro, Brasil\u201d, sob orienta\u00e7\u00e3o da Dra. Mutue Toyota Fujii,<br \/>\npesquisadora do Instituto,e co-orienta\u00e7\u00e3o da Dra. Mariana Cabral de Oliveira da Universidade de S\u00e3o Paulo, tendo sido aprovada com distin\u00e7\u00e3o\u00a0e louvor.<\/p>\n<p style=\"text-align: center\">A banca examinadora foi composta pelos\u00a0membros\u00a0externos:\u00a0Dra.\u00a0Maria Candelaria Gil-Rodr\u00edguez da\u00a0Universidade de La Laguna, Ilhas Can\u00e1rias, Espanha,<br \/>\nDr. Abel Sent\u00edes Granados da Universidade Aut\u00f3noma Metropolitana-Iztapalapa, M\u00e9xico e Dr. Orlando Necchi Jr. da Universidade Estadual Paulista (Unesp, campus Rio Preto), e pelos membros internos: Dra. Silvia Maria Pita de Beauclair Guimar\u00e3es e Dra. Mutue Toyota Fujii da Se\u00e7\u00e3o de Ficologia-IBt.<\/p>\n<div id=\"attachment_1623\" style=\"width: 565px\" class=\"wp-caption aligncenter\"><a href=\"https:\/\/smastr16.blob.core.windows.net\/pgibt\/2013\/09\/Valeria1.jpg\"><img aria-describedby=\"caption-attachment-1623\" decoding=\"async\" loading=\"lazy\" class=\"size-full wp-image-1623\" alt=\"Dr. Abel Sent\u00edes, Dra. Ma. Candelaria Gil-Rodr\u00edguez, a aluna Val\u00e9ria Cassano,  Dra. Mutue T. Fujii (orientadora), Dr. Orlando Necchi, Dra. Mariana C. de Oliveira (co-orientadora) e Dra. Silvia Guimar\u00e3es.  \" src=\"https:\/\/smastr16.blob.core.windows.net\/pgibt\/2013\/09\/Valeria1.jpg\" width=\"555\" height=\"330\" \/><\/a><p id=\"caption-attachment-1623\" class=\"wp-caption-text\">Dr. Abel Sent\u00edes, Dra. Ma. Candelaria Gil-Rodr\u00edguez, a aluna Val\u00e9ria Cassano,<br \/>Dra. Mutue T. Fujii (orientadora), Dr. Orlando Necchi, Dra. Mariana C. de Oliveira (co-orientadora) e Dra. Silvia Guimar\u00e3es.<\/p><\/div>\n<hr align=\"center\" noshade=\"noshade\" size=\"1\" width=\"100%\" \/>\n<h3 style=\"text-align: center\">Taxonomia e Filogenia do complexo<em> Laurencia<\/em> (Ceramiales, Rhodophyta),<br \/>\ncom \u00eanfase no estado do Rio de Janeiro, Brasil<\/h3>\n<hr align=\"center\" noshade=\"noshade\" size=\"1\" width=\"100%\" \/>\n<h4 style=\"text-align: center\"><strong>RESUMO<\/strong><\/h4>\n<p style=\"text-align: justify\">A tese teve como objetivo realizar estudos taxon\u00f4micos e filogen\u00e9ticos de esp\u00e9cies do complexo\u00a0<em>Laurencia\u00a0<\/em>baseados em caracteres morfol\u00f3gicos e moleculares. A an\u00e1lise morfol\u00f3gica foi realizada a partir de esp\u00e9cimes coletados em 39 pontos do litoral do Rio de Janeiro. Materiais tipo e\/ou materiais de refer\u00eancia provenientes de v\u00e1rios herb\u00e1rios nacionais e estrangeiros foram analisados e confrontados com as esp\u00e9cies previamente citadas para o litoral brasileiro. Para a an\u00e1lise molecular, o gene plastidial\u00a0<em>rbc<\/em>L, o espa\u00e7ador\u00a0<em>rbc<\/em>L-S e o gene mitocondrial\u00a0<em>cox<\/em>1 de esp\u00e9cimes coletados no RJ, ES, SP, BA, Atol das Rocas, M\u00e9xico, Cuba e Ilhas Can\u00e1rias, foram sequenciados na tentativa de esclarecer a posi\u00e7\u00e3o taxon\u00f4mica das esp\u00e9cies e inferir suas rela\u00e7\u00f5es filogen\u00e9ticas. Com base nos resultados obtidos, oito esp\u00e9cies do complexo\u00a0<em>Laurencia<\/em>\u00a0foram confirmadas para o litoral brasileiro:\u00a0<em>Laurencia caduciramulosa, L. catarinensis<\/em>,\u00a0<em>L. dendroidea<\/em>,\u00a0<em>L. oliveirana<\/em>,\u00a0<em>L. translucida<\/em>,\u00a0<em>Palisada flagellifera<\/em>,\u00a0<em>P. perforata\u00a0<\/em>e\u00a0<em>Chondrophycus furcatus<\/em>. Das oito esp\u00e9cies citadas, apenas\u00a0<em>C. furcatus\u00a0<\/em>n\u00e3o foi encontrada no Rio de Janeiro. As hip\u00f3teses filogen\u00e9ticas geradas confirmaram que o complexo\u00a0<em>Laurencia\u00a0<\/em>\u00e9 monofil\u00e9tico, assim como o g\u00eanero\u00a0<em>Osmundea<\/em>, mas as rela\u00e7\u00f5es entre os g\u00eaneros\u00a0<em>Laurencia\u00a0<\/em>e\u00a0<em>Palisada<\/em>n\u00e3o foram completamente resolvidas. Os dados moleculares mostraram que\u00a0<em>C. furcatus<\/em>\u00a0pertence ao g\u00eanero\u00a0<em>Palisada\u00a0<\/em>e a com futura \u00a0mudan\u00e7a\u00a0\u00a0 nomenclatural \u00a0dessa esp\u00e9cie para\u00a0<em>Palisada<\/em>, n\u00e3o haver\u00e1 mais representantes\u00a0de\u00a0<em>Chondrophycus\u00a0\u00a0<\/em>no litoral brasileiro. As an\u00e1lises filogen\u00e9ticas e a compara\u00e7\u00e3o morfol\u00f3gica detalhada de\u00a0<em>Palisada papillosa<\/em>\u00a0e<em>\u00a0P. perforata\u00a0<\/em>apoiaram a coespecificidade desses t\u00e1xons, tendo\u00a0<em>P. perforata\u00a0<\/em>prioridade sobre o primeiro, e os t\u00e1xons\u00a0<em>Chondrophycus patentirameus\u00a0<\/em>e\u00a0<em>C. thuyoides\u00a0<\/em>se agruparam com<em>Palisada\u00a0<\/em>em todas as an\u00e1lises filogen\u00e9ticas, o que levou \u00e0 proposi\u00e7\u00e3o de duas novas combina\u00e7\u00f5es:\u00a0<em>Palisada patentiramea\u00a0<\/em>(Montagne) Cassano, Sent\u00edes, Gil-Rodr\u00edguez\u00a0<em>et\u00a0<\/em>M.T. Fujii e\u00a0<em>Palisada thuyoides\u00a0<\/em>(K\u00fctzing) Cassano, Sent\u00edes, Gil-Rodr\u00edguez\u00a0<em>et\u00a0<\/em>M.T. Fujii (Cassano\u00a0<em>et al.<\/em>2009). Os dados moleculares mostraram que\u00a0<em>Laurencia intricata\u00a0<\/em>da localidade-tipo (Antilhas) \u00e9 distinta da reportada para o Brasil e que as cita\u00e7\u00f5es dessa esp\u00e9cie para o Rio de Janeiro correspondem \u00e0\u00a0<em>L. catarinensis<\/em>, confirmada atrav\u00e9s da compara\u00e7\u00e3o com sequ\u00eancia de esp\u00e9cime da localidade-tipo. Os t\u00e1xons anteriormente citados para o litoral brasileiro como\u00a0<em>L. arbuscula, L. filiformis, L. majuscula\u00a0<\/em>e\u00a0<em>L. obtusa<\/em>\u00a0constituem uma mesma entidade taxon\u00f4mica, confirmada em todas as an\u00e1lises filogen\u00e9ticas realizadas. Exames dos materiais-tipo permitiram identific\u00e1-los como\u00a0<em>L. dendroidea<\/em>, cuja localidade-tipo \u00e9 o Brasil.<em>\u00a0Laurencia obtusa\u00a0<\/em>do Atl\u00e2ntico Norte \u00e9 uma esp\u00e9cie distinta, confirmada pelos dados moleculares. Desta forma,\u00a0<em>L. dendroidea\u00a0<\/em>deve ser tratada como uma esp\u00e9cie independente e n\u00e3o como uma variedade de\u00a0<em>L. obtusa<\/em>, como correntemente aceita. A confirma\u00e7\u00e3o da posi\u00e7\u00e3o taxon\u00f4mica de\u00a0<em>L. aldingensis<strong>\u00a0<\/strong><\/em>e<em>\u00a0Laurencia<\/em>sp. 1, encontradas nos litorais do Rio de Janeiro e do Esp\u00edrito Santo, depende da compara\u00e7\u00e3o, em n\u00edvel molecular, com material ainda n\u00e3o dispon\u00edvel de\u00a0<em>L. aldingensis\u00a0<\/em>e de\u00a0<em>L.<\/em>\u00a0<em>filiformis<\/em>\u00a0da localidade-tipo (Austr\u00e1lia). Os marcadores utilizados foram eficientes para separar categoriastaxon\u00f4micas espec\u00edficas, entretanto as rela\u00e7\u00f5es entre as esp\u00e9cies foram melhor resolvidas com o\u00a0<em>rbc<\/em>L do que com o\u00a0<em>cox<\/em>1. A combina\u00e7\u00e3o dos tr\u00eas marcadores (<em>rbc<\/em>L,\u00a0<em>rbc<\/em>L-S e\u00a0<em>cox<\/em>1) aumentou o suporte para a maioria das rela\u00e7\u00f5es estabelecidas e apresentou melhor resolu\u00e7\u00e3o da topologia. As primeiras infer\u00eancias filogen\u00e9ticas para esp\u00e9cies do complexo\u00a0<em>Laurencia\u00a0<\/em>utilizando-se o\u00a0<em>cox<\/em>1 foram realizadas neste estudo e este marcador mostrou-se eficiente na identifica\u00e7\u00e3o e delimita\u00e7\u00e3o de categorias taxon\u00f4micas espec\u00edficas, corroborando o seu uso para \u201cbarcoding\u201d<\/p>\n<div id=\"attachment_1624\" style=\"width: 310px\" class=\"wp-caption aligncenter\"><a href=\"https:\/\/smastr16.blob.core.windows.net\/pgibt\/2013\/09\/Valeria2.jpg\"><img aria-describedby=\"caption-attachment-1624\" decoding=\"async\" loading=\"lazy\" class=\"size-medium wp-image-1624\" alt=\"Laurencia catarinensis Cordeiro-Marino et M.T. Fujii coletada na Praia do Velho, Angra dos Reis, RJ\" src=\"https:\/\/smastr16.blob.core.windows.net\/pgibt\/2013\/09\/Valeria2-300x210.jpg\" width=\"300\" height=\"210\" \/><\/a><p id=\"caption-attachment-1624\" class=\"wp-caption-text\"><em>Laurencia catarinensis<\/em> Cordeiro-Marino et M.T. Fujii coletada na Praia do Velho, Angra dos Reis, RJ<\/p><\/div>\n<hr align=\"center\" noshade=\"noshade\" size=\"1\" width=\"100%\" \/>\n<p style=\"text-align: center\"><a href=\"https:\/\/smastr16.blob.core.windows.net\/pgibt\/2013\/09\/pdf_grande.gif\"><img decoding=\"async\" loading=\"lazy\" class=\"aligncenter size-full wp-image-2313\" style=\"border: 0px\" alt=\"pdf_grande\" src=\"https:\/\/smastr16.blob.core.windows.net\/pgibt\/2013\/09\/pdf_grande.gif\" width=\"60\" height=\"60\" \/><\/a><a href=\"https:\/\/smastr16.blob.core.windows.net\/pgibt\/2013\/09\/Valeria_Cassano_DR.pdf\" target=\"_blank\">Val\u00e9ria Cassano<br \/>\nTaxonomia e Filogenia do complexo <em>Laurencia<\/em> (Ceramiales, Rhodophyta), com \u00eanfase no estado do Rio de Janeiro, Brasil<\/a><\/p>\n<hr align=\"center\" noshade=\"noshade\" size=\"1\" width=\"100%\" \/>\n<p style=\"text-align: center\"><strong>\u00a0<a href=\"https:\/\/www.infraestruturameioambiente.sp.gov.br\/pgibt\/dissertacoesteses\/\">VOLTAR AS DISSERTA\u00c7\u00d5ES E TESES<\/a><\/strong><\/p>\n<hr align=\"center\" noshade=\"noshade\" size=\"1\" width=\"100%\" \/>\n","protected":false},"excerpt":{"rendered":"<p>Val\u00e9ria Cassano No dia 27 de fevereiro de 2009, a aluna Val\u00e9ria Cassano do Programa de P\u00f3s-Gradua\u00e7\u00e3o em Biodiversidade Vegetal e Meio Ambiente do Instituto de Bot\u00e2nica de S\u00e3o Paulo, defendeu sua tese de doutorado intitulada \u201cTaxonomia e filogenia do complexo Laurencia (Ceramiales, Rhodophyta), com \u00eanfase no estado do Rio de Janeiro, Brasil\u201d, sob orienta\u00e7\u00e3o [&hellip;]<\/p>\n","protected":false},"author":1,"featured_media":0,"parent":249,"menu_order":0,"comment_status":"closed","ping_status":"open","template":"fullpage.php","meta":[],"_links":{"self":[{"href":"https:\/\/www.infraestruturameioambiente.sp.gov.br\/pgibt\/wp-json\/wp\/v2\/pages\/1621"}],"collection":[{"href":"https:\/\/www.infraestruturameioambiente.sp.gov.br\/pgibt\/wp-json\/wp\/v2\/pages"}],"about":[{"href":"https:\/\/www.infraestruturameioambiente.sp.gov.br\/pgibt\/wp-json\/wp\/v2\/types\/page"}],"author":[{"embeddable":true,"href":"https:\/\/www.infraestruturameioambiente.sp.gov.br\/pgibt\/wp-json\/wp\/v2\/users\/1"}],"replies":[{"embeddable":true,"href":"https:\/\/www.infraestruturameioambiente.sp.gov.br\/pgibt\/wp-json\/wp\/v2\/comments?post=1621"}],"version-history":[{"count":0,"href":"https:\/\/www.infraestruturameioambiente.sp.gov.br\/pgibt\/wp-json\/wp\/v2\/pages\/1621\/revisions"}],"up":[{"embeddable":true,"href":"https:\/\/www.infraestruturameioambiente.sp.gov.br\/pgibt\/wp-json\/wp\/v2\/pages\/249"}],"wp:attachment":[{"href":"https:\/\/www.infraestruturameioambiente.sp.gov.br\/pgibt\/wp-json\/wp\/v2\/media?parent=1621"}],"curies":[{"name":"wp","href":"https:\/\/api.w.org\/{rel}","templated":true}]}}