{"id":1615,"date":"2013-09-23T11:29:43","date_gmt":"2013-09-23T14:29:43","guid":{"rendered":"https:\/\/www.infraestruturameioambiente.sp.gov.br\/pgibt\/?page_id=1615"},"modified":"2013-09-23T11:29:43","modified_gmt":"2013-09-23T14:29:43","slug":"2009-ricardo-ribeiro","status":"publish","type":"page","link":"https:\/\/www.infraestruturameioambiente.sp.gov.br\/pgibt\/dissertacoesteses\/2009-ricardo-ribeiro\/","title":{"rendered":"Ricardo Ribeiro da Silva DR"},"content":{"rendered":"<h2 style=\"text-align: center\"><a href=\"https:\/\/smastr16.blob.core.windows.net\/pgibt\/2015\/02\/faixapos6.jpg\"><img decoding=\"async\" loading=\"lazy\" class=\"aligncenter size-full wp-image-3777\" style=\"border: 0px\" alt=\"faixapos6\" src=\"https:\/\/smastr16.blob.core.windows.net\/pgibt\/2015\/02\/faixapos6.jpg\" width=\"950\" height=\"163\" srcset=\"https:\/\/smastr16.blob.core.windows.net\/pgibt\/2015\/02\/faixapos6.jpg 950w, https:\/\/smastr16.blob.core.windows.net\/pgibt\/2015\/02\/faixapos6-768x131.jpg 768w\" sizes=\"(max-width: 950px) 100vw, 950px\" \/><\/a><\/h2>\n<hr align=\"center\" noshade=\"noshade\" size=\"1\" width=\"100%\" \/>\n<h2 style=\"text-align: center\"><span style=\"color: #003300\">Ricardo Ribeiro da Silva<\/span><\/h2>\n<hr align=\"center\" noshade=\"noshade\" size=\"1\" width=\"100%\" \/>\n<p style=\"text-align: center\">\n<hr align=\"center\" noshade=\"noshade\" size=\"1\" width=\"100%\" \/>\n<h3 style=\"text-align: center\">Biorremedia\u00e7\u00e3o de solos contaminados com organoclorados por fungos basidiomicetos em biorreatores<\/h3>\n<hr align=\"center\" noshade=\"noshade\" size=\"1\" width=\"100%\" \/>\n<h4 style=\"text-align: center\"><strong>RESUMO<\/strong><\/h4>\n<p style=\"text-align: justify\">Casos de contamina\u00e7\u00e3o por organoclorados t\u00eam sido uma preocupa\u00e7\u00e3o mundial. No Brasil existem muitos casos de contamina\u00e7\u00e3o de solos por organoclorados, dentre eles o hexaclorobenzeno (HCB) cuja biodegrada\u00e7\u00e3o \u00e9 extremamente dif\u00edcil porque sua mol\u00e9cula \u00e9 muito est\u00e1vel quimicamente. Os basidiomicetos\u00a0<em>Lentinus crinitus<\/em>,\u00a0<em>Psilocybe castanella<\/em>\u00a0e\u00a0<em>Trametes villosa<\/em>\u00a0foram selecionadas como bons degradadores de organoclorados, incluindo HCB, a serem aplicados para descontamina\u00e7\u00e3o de solo. A associa\u00e7\u00e3o de tratamentos qu\u00edmicos e biol\u00f3gicos tamb\u00e9m vem sendo estudados a fim de promover a desalogena\u00e7\u00e3o da mol\u00e9cula de HCB e facilitar a a\u00e7\u00e3o dos fungos na degrada\u00e7\u00e3o dos organoclorados. Esse trabalho teve como metas: avaliar a biorremedia\u00e7\u00e3o de solo contaminado com HCB por\u00a0<em>Lentinus crinitus<\/em>\u00a0CCB274 e\u00a0<em>Psilocybe castanella<\/em>\u00a0CCB 444 em biorreatores, bem como a associa\u00e7\u00e3o de tratamento qu\u00edmico e a biorremedia\u00e7\u00e3o do mesmo solo por\u00a0<em>Trametes villosa<\/em>\u00a0em biorreatores. Lotes de 400 kg de solo contaminado com 25000 mg de HCB kg-1 de solo foram transferidos para biorreatores dotados de sistema de inje\u00e7\u00e3o de ar, e esterilizados com brometo de metila por 72 h. No tratamento qu\u00edmico, o solo foi misturado com hidr\u00f3xido de s\u00f3dio (10%), polietilenoglicol 400 (4%) e etanol (3,5%) por 30 dias e posterior neutraliza\u00e7\u00e3o com H2SO4 antes da esteriliza\u00e7\u00e3o e inocula\u00e7\u00e3o do\u00a0<em>T. villosa<\/em>. Os fungos foram cultivados em baga\u00e7o de cana-de-a\u00e7\u00facar suplementado com farinha de soja (C:N 90) a 28\u00ba C, durante 21 dias e inoculados nos biorreatores em duplicata. Aos 0, 7, 14, 28, 56, 84, 112 e 224 dias foi avaliado o desenvolvimento dos fungos por quantifica\u00e7\u00e3o de ergosterol, re-isolamento dos basidiomicetos, determina\u00e7\u00e3o das atividades enzim\u00e1ticas, da umidade e do pH do solo, bem como quantificadas as concentra\u00e7\u00f5es de organoclorados e \u00edons cloreto no solo. Carbono org\u00e2nico total, nitrog\u00eanio e f\u00f3sforo e microrganismos foram quantificados aos 0 e 224 dias. A toxicidade aguda do lixiviado do solo foi medida aos 0, 56 e 224 dias e a temperatura do solo diariamente. Tanto\u00a0<em>L. crinitus<\/em>\u00a0como\u00a0<em>P. castanella<\/em>removeram totalmente o hexaclorobutadieno e o pentaclorofenol. Maiores concentra\u00e7\u00f5es de compostos intermedi\u00e1rios clorados n\u00e3o identificados e \u00edons cloreto foram observadas a partir dos 84. Tanto\u00a0<em>Lentinus crinitus<\/em>\u00a0quanto\u00a0<em>P. castanella<\/em>\u00a0reduziram as concentra\u00e7\u00f5es dos compostos n\u00e3o identificados at\u00e9 os 224 dias de incuba\u00e7\u00e3o. N\u00e3o foram observadas redu\u00e7\u00f5es significativas na concentra\u00e7\u00e3o de pentaclorobenzeno, dos tetraclorobenzenos, nem se reproduziram as taxas de degrada\u00e7\u00e3o de HCB obtidas por\u00a0<em>L. crinitus<\/em>\u00a0e\u00a0<em>P. castanella<\/em>em microcosmos. Em todos os tratamentos houve aumento e posterior diminui\u00e7\u00e3o da toxicidade do lixiviado do solo. Os crescimentos de\u00a0<em>L. crinitus<\/em>\u00a0e de\u00a0<em>P. castanella<\/em>\u00a0no solo se manteveram est\u00e1veis at\u00e9 112 dias. O crescimento de\u00a0<em>T. villosa<\/em>\u00a0no solo submetido a tratamento qu\u00edmico foi observado at\u00e9 84 dias. O tratamento qu\u00edmico do solo promoveu redu\u00e7\u00e3o de cerca de 90% da concentra\u00e7\u00e3o de HCB e PeCB, resultando principalmente na forma\u00e7\u00e3o de tetraclorodietoxibenzeno (TCDTB) e triclorodietoxibenzeno (TriCEB). Ap\u00f3s os 224 dias de incuba\u00e7\u00e3o de\u00a0<em>T. villosa<\/em>\u00a0no solo dos biorreatores n\u00e3o foram observadas diminui\u00e7\u00f5es significativas dos res\u00edduos de HCB e PeCB. Durante a incuba\u00e7\u00e3o houve a forma\u00e7\u00e3o e completa remo\u00e7\u00e3o de 1,2,3,4 e 1,2,4,5 tetraclorobenzeno. Observou-se aumento de TCDTB e TriCEB durante a incuba\u00e7\u00e3o com posterior degrada\u00e7\u00e3o parcial do TCDTB e total remo\u00e7\u00e3o de HCBU e PCA aos 224 dias. Embora o tratamento qu\u00edmico tenha diminu\u00eddo drasticamente a concentra\u00e7\u00e3o de HCB no solo a toxicidade foi aumentada e posteriormente reduzida pelo tratamento biol\u00f3gico.<strong><\/strong><\/p>\n<p style=\"text-align: justify\"><strong>Palavras chaves:<\/strong>\u00a0hexaclorobenzeno, larga escala,\u00a0<em>Lentinus crinitus<\/em>,\u00a0<em>Psilocybe castanella<\/em>, PEG-400, oxida\u00e7\u00e3o qu\u00edmica.<\/p>\n<hr align=\"center\" noshade=\"noshade\" size=\"1\" width=\"100%\" \/>\n<p style=\"text-align: center\"><a href=\"https:\/\/smastr16.blob.core.windows.net\/pgibt\/2013\/09\/pdf_grande.gif\"><img decoding=\"async\" loading=\"lazy\" class=\"aligncenter size-full wp-image-2313\" style=\"border: 0px\" alt=\"pdf_grande\" src=\"https:\/\/smastr16.blob.core.windows.net\/pgibt\/2013\/09\/pdf_grande.gif\" width=\"60\" height=\"60\" \/><\/a><a href=\"https:\/\/smastr16.blob.core.windows.net\/pgibt\/2013\/09\/Ricardo_Ribeiro_da_Silva_DR.pdf\" target=\"_blank\">Ricardo Ribeiro da Silva<br \/>\nBiorremedia\u00e7\u00e3o de solos contaminados com organoclorados por fungos basidiomicetos em biorreatores<\/a><\/p>\n<hr align=\"center\" noshade=\"noshade\" size=\"1\" width=\"100%\" \/>\n<p style=\"text-align: center\"><strong>\u00a0<a href=\"https:\/\/www.infraestruturameioambiente.sp.gov.br\/pgibt\/dissertacoesteses\/\">VOLTAR AS DISSERTA\u00c7\u00d5ES E TESES<\/a><\/strong><\/p>\n<hr align=\"center\" noshade=\"noshade\" size=\"1\" width=\"100%\" \/>\n","protected":false},"excerpt":{"rendered":"<p>Ricardo Ribeiro da Silva Biorremedia\u00e7\u00e3o de solos contaminados com organoclorados por fungos basidiomicetos em biorreatores RESUMO Casos de contamina\u00e7\u00e3o por organoclorados t\u00eam sido uma preocupa\u00e7\u00e3o mundial. No Brasil existem muitos casos de contamina\u00e7\u00e3o de solos por organoclorados, dentre eles o hexaclorobenzeno (HCB) cuja biodegrada\u00e7\u00e3o \u00e9 extremamente dif\u00edcil porque sua mol\u00e9cula \u00e9 muito est\u00e1vel quimicamente. Os [&hellip;]<\/p>\n","protected":false},"author":1,"featured_media":0,"parent":249,"menu_order":0,"comment_status":"closed","ping_status":"open","template":"fullpage.php","meta":[],"_links":{"self":[{"href":"https:\/\/www.infraestruturameioambiente.sp.gov.br\/pgibt\/wp-json\/wp\/v2\/pages\/1615"}],"collection":[{"href":"https:\/\/www.infraestruturameioambiente.sp.gov.br\/pgibt\/wp-json\/wp\/v2\/pages"}],"about":[{"href":"https:\/\/www.infraestruturameioambiente.sp.gov.br\/pgibt\/wp-json\/wp\/v2\/types\/page"}],"author":[{"embeddable":true,"href":"https:\/\/www.infraestruturameioambiente.sp.gov.br\/pgibt\/wp-json\/wp\/v2\/users\/1"}],"replies":[{"embeddable":true,"href":"https:\/\/www.infraestruturameioambiente.sp.gov.br\/pgibt\/wp-json\/wp\/v2\/comments?post=1615"}],"version-history":[{"count":0,"href":"https:\/\/www.infraestruturameioambiente.sp.gov.br\/pgibt\/wp-json\/wp\/v2\/pages\/1615\/revisions"}],"up":[{"embeddable":true,"href":"https:\/\/www.infraestruturameioambiente.sp.gov.br\/pgibt\/wp-json\/wp\/v2\/pages\/249"}],"wp:attachment":[{"href":"https:\/\/www.infraestruturameioambiente.sp.gov.br\/pgibt\/wp-json\/wp\/v2\/media?parent=1615"}],"curies":[{"name":"wp","href":"https:\/\/api.w.org\/{rel}","templated":true}]}}