{"id":1600,"date":"2013-09-23T11:19:28","date_gmt":"2013-09-23T14:19:28","guid":{"rendered":"https:\/\/www.infraestruturameioambiente.sp.gov.br\/pgibt\/?page_id=1600"},"modified":"2013-09-23T11:19:28","modified_gmt":"2013-09-23T14:19:28","slug":"2009-nelson-menolli-junior","status":"publish","type":"page","link":"https:\/\/www.infraestruturameioambiente.sp.gov.br\/pgibt\/dissertacoesteses\/2009-nelson-menolli-junior\/","title":{"rendered":"Nelson Menolli Junior MS"},"content":{"rendered":"<h2 style=\"text-align: center\"><a href=\"https:\/\/smastr16.blob.core.windows.net\/pgibt\/2015\/02\/faixapos6.jpg\"><img decoding=\"async\" loading=\"lazy\" class=\"aligncenter size-full wp-image-3777\" style=\"border: 0px\" alt=\"faixapos6\" src=\"https:\/\/smastr16.blob.core.windows.net\/pgibt\/2015\/02\/faixapos6.jpg\" width=\"950\" height=\"163\" srcset=\"https:\/\/smastr16.blob.core.windows.net\/pgibt\/2015\/02\/faixapos6.jpg 950w, https:\/\/smastr16.blob.core.windows.net\/pgibt\/2015\/02\/faixapos6-768x131.jpg 768w\" sizes=\"(max-width: 950px) 100vw, 950px\" \/><\/a><\/h2>\n<hr align=\"center\" noshade=\"noshade\" size=\"1\" width=\"100%\" \/>\n<h2 style=\"text-align: center\"><span style=\"color: #003300\">Nelson Menolli Junior<\/span><\/h2>\n<hr align=\"center\" noshade=\"noshade\" size=\"1\" width=\"100%\" \/>\n<p style=\"text-align: center\">Nelson Menolli Junior, aluno do Programa de P\u00f3s-Gradua\u00e7\u00e3o em Biodiversidade Vegetal e Meio Ambiente,<br \/>\ndefendeu no dia 19 de fevereiro de 2009 sua disserta\u00e7\u00e3o de mestrado intitulada<br \/>\n\u201c<em>Amanitaceae\u00a0<\/em>e\u00a0<em>Pluteaceae<\/em>\u00a0em \u00e1reas de Mata Atl\u00e2ntica da regi\u00e3o metropolitana de S\u00e3o Paulo, SP\u201d.<\/p>\n<p style=\"text-align: center\">A banca examinadora foi composta pela sua orientadora Dra. Marina Capelari (Instituto de Bot\u00e2nica),<br \/>\nDra. Vera Lucia Ramos Bononi (Instituto de Bot\u00e2nica) e Dr. Iuri Goulart Baseia (Universidade Federal do Rio Grande do Norte)\u00a0.<\/p>\n<div id=\"attachment_1601\" style=\"width: 435px\" class=\"wp-caption aligncenter\"><a href=\"https:\/\/smastr16.blob.core.windows.net\/pgibt\/2013\/09\/nelson1.jpg\"><img aria-describedby=\"caption-attachment-1601\" decoding=\"async\" loading=\"lazy\" class=\"size-full wp-image-1601\" alt=\" Dra. Marina Capelari, o aluno Nelson Menolli Junior, Dr. Vera Lucia Ramos Bononi, Dr. Iuri Goulart Baseia.\" src=\"https:\/\/smastr16.blob.core.windows.net\/pgibt\/2013\/09\/nelson1.jpg\" width=\"425\" height=\"319\" \/><\/a><p id=\"caption-attachment-1601\" class=\"wp-caption-text\"><br \/>Dra. Marina Capelari, o aluno Nelson Menolli Junior,<br \/>Dr. Vera Lucia Ramos Bononi, Dr. Iuri Goulart Baseia.<\/p><\/div>\n<hr align=\"center\" noshade=\"noshade\" size=\"1\" width=\"100%\" \/>\n<h3 style=\"text-align: center\"><em>Amanitaceae<\/em> e <em>Pluteaceae<\/em> em \u00e1reas de Mata Atl\u00e2ntica da regi\u00e3o metropolitana de S\u00e3o Paulo, SP<\/h3>\n<hr align=\"center\" noshade=\"noshade\" size=\"1\" width=\"100%\" \/>\n<h4 style=\"text-align: center\"><strong>RESUMO<\/strong><\/h4>\n<p style=\"text-align: justify\">As fam\u00edlias\u00a0<em>Amanitaceae\u00a0<\/em>e\u00a0<em>Pluteaceae<\/em>, de conhecimento escasso para o Brasil, foram estudadas em tr\u00eas fragmentos de Mata Atl\u00e2ntica da regi\u00e3o metropolitana do munic\u00edpio de S\u00e3o Paulo. Foram realizadas coletas durante o per\u00edodo de doze meses, de janeiro a dezembro de 2007, no Parque Estadual da Cantareira (PEC), no Parque Estadual das Fontes do Ipiranga (PEFI) e na Reserva Biol\u00f3gica de Paranapiacaba (RBP). Materiais coletados antes ou ap\u00f3s este per\u00edodo, bem como aqueles depositados no Herb\u00e1rio SP, tamb\u00e9m foram estudados. A descri\u00e7\u00e3o morfol\u00f3gica completa com as ilustra\u00e7\u00f5es para cada esp\u00e9cie \u00e9 apresentada. Em adi\u00e7\u00e3o, com o objetivo de estabelecer poss\u00edveis rela\u00e7\u00f5es filogen\u00e9ticas entre as esp\u00e9cies brasileiras dentro dos grupos estudados, foi conduzido um estudo molecular baseado em seq\u00fc\u00eancias de ITS e nLSU do DNAr.\u00a0<em>Amanita\u00a0<\/em>foi o \u00fanico g\u00eanero de\u00a0<em>Amanitaceae\u00a0<\/em>levantado no estudo, com a ocorr\u00eancia de\u00a0<em>A. coacta<\/em>\u00a0para o PEFI.\u00a0<em>Amanita coacta\u00a0<\/em>\u00e9 primeira cita\u00e7\u00e3o para o sudeste brasileiro e s\u00e3o apresentadas informa\u00e7\u00f5es morfol\u00f3gicas e moleculares que complementam a descri\u00e7\u00e3o original da esp\u00e9cie, juntamente com uma chave de identifica\u00e7\u00e3o para as esp\u00e9cies de\u00a0<em>Amanita\u00a0<\/em>registradas para o Brasil.\u00a0<em>Pluteaceae\u00a0<\/em>foi representada nas \u00e1reas de estudo por\u00a0<em>Pluteus<\/em>,presente nas tr\u00eas \u00e1reas, e por\u00a0<em>Volvariella\u00a0<\/em>limitada ao PEC. Para\u00a0<em>Pluteus\u00a0<\/em>s\u00e3o propostas quatro esp\u00e9cies novas (<em>P. aureovenatus<\/em>,\u00a0<em>P. bulbomarginatus<\/em>,<em>\u00a0P. capillicomptus<\/em>\u00a0e\u00a0<em>P. concavus<\/em>), uma variedade nova (<em>P. dominicanus\u00a0<\/em>var.\u00a0<em>hyalinus<\/em>) e o novo status de\u00a0<em>P. sublaevigatus\u00a0<\/em>para\u00a0<em>P. chrysophlebius<\/em>\u00a0subsp.\u00a0<em>sublaevigatus<\/em>.<em>\u00a0Pluteus fuligineovenosus<\/em>,\u00a0<em>P. jamaicensis<\/em>,\u00a0<em>P. riberaltensis\u00a0<\/em>var.\u00a0<em>conquistensis<\/em>\u00a0e\u00a0<em>P. longistriatus\u00a0<\/em>s\u00e3o novas cita\u00e7\u00f5es para o Brasil. Al\u00e9m disso,\u00a0<em>P. umbrinoalbidus\u00a0<\/em>\u00e9 nova cita\u00e7\u00e3o para o estado de S\u00e3o Paulo,\u00a0<em>P. fluminensis\u00a0<\/em>para o PEFI,\u00a0<em>P. harrisii<\/em>\u00a0para o PEC e para a RBP e\u00a0<em>P. xylophilus\u00a0<\/em>\u00e9 ocorr\u00eancia nova para o PEC.As an\u00e1lises de nLSU e ITS para as esp\u00e9cies de\u00a0<em>Pluteus<\/em>revelaram um clado monofil\u00e9tico, com todas as esp\u00e9cies de\u00a0<em>Pluteus<\/em>, dividido em dois clados, um com esp\u00e9cies da se\u00e7\u00e3o\u00a0<em>Pluteus<\/em>, e outro incluindo os membros das se\u00e7\u00f5es\u00a0<em>Hispidoderma\u00a0<\/em>e\u00a0<em>Celluloderma<\/em>. Para\u00a0<em>Volvariella\u00a0<\/em>foram descritas duas novas esp\u00e9cies,\u00a0<em>V. heterospora\u00a0<\/em>e\u00a0<em>V. nullicystidiata<\/em>, e registradas\u00a0<em>V. bombycina\u00a0<\/em>e\u00a0<em>V. perciliata<\/em>. Imagens de microscopia eletr\u00f4nica de varredura e seq\u00fc\u00eancias de DNA das esp\u00e9cies de\u00a0<em>Volvariella<\/em>\u00a0tamb\u00e9m foram disponibilizadas.<\/p>\n<p style=\"text-align: justify\"><strong>Palavras-chave<\/strong>:\u00a0<em>Agaricales<\/em>,\u00a0<em>Basidiomycota<\/em>, Taxonomia, Filogenia molecular<\/p>\n\n<hr align=\"center\" noshade=\"noshade\" size=\"1\" width=\"100%\" \/>\n<p style=\"text-align: center\"><a href=\"https:\/\/smastr16.blob.core.windows.net\/pgibt\/2013\/09\/pdf_grande.gif\"><img decoding=\"async\" loading=\"lazy\" class=\"aligncenter size-full wp-image-2313\" style=\"border: 0px\" alt=\"pdf_grande\" src=\"https:\/\/smastr16.blob.core.windows.net\/pgibt\/2013\/09\/pdf_grande.gif\" width=\"60\" height=\"60\" \/><\/a><a href=\"https:\/\/smastr16.blob.core.windows.net\/pgibt\/2013\/09\/Nelson_Menolli_Junior_MS.pdf\">Nelson Menolli Junior<br \/>\n<\/a><a href=\"https:\/\/smastr16.blob.core.windows.net\/pgibt\/2013\/09\/Nelson_Menolli_Junior_MS.pdf\" target=\"_blank\"><em>Amanitaceae<\/em> e <em>Pluteaceae<\/em> em \u00e1reas de Mata Atl\u00e2ntica da regi\u00e3o metropolitana de S\u00e3o Paulo, SP<\/a><\/p>\n<hr align=\"center\" noshade=\"noshade\" size=\"1\" width=\"100%\" \/>\n<p style=\"text-align: center\"><strong>\u00a0<a href=\"https:\/\/www.infraestruturameioambiente.sp.gov.br\/pgibt\/dissertacoesteses\/\">VOLTAR AS DISSERTA\u00c7\u00d5ES E TESES<\/a><\/strong><\/p>\n<hr align=\"center\" noshade=\"noshade\" size=\"1\" width=\"100%\" \/>\n","protected":false},"excerpt":{"rendered":"<p>Nelson Menolli Junior Nelson Menolli Junior, aluno do Programa de P\u00f3s-Gradua\u00e7\u00e3o em Biodiversidade Vegetal e Meio Ambiente, defendeu no dia 19 de fevereiro de 2009 sua disserta\u00e7\u00e3o de mestrado intitulada \u201cAmanitaceae\u00a0e\u00a0Pluteaceae\u00a0em \u00e1reas de Mata Atl\u00e2ntica da regi\u00e3o metropolitana de S\u00e3o Paulo, SP\u201d. A banca examinadora foi composta pela sua orientadora Dra. Marina Capelari (Instituto de [&hellip;]<\/p>\n","protected":false},"author":1,"featured_media":0,"parent":249,"menu_order":0,"comment_status":"closed","ping_status":"open","template":"fullpage.php","meta":[],"_links":{"self":[{"href":"https:\/\/www.infraestruturameioambiente.sp.gov.br\/pgibt\/wp-json\/wp\/v2\/pages\/1600"}],"collection":[{"href":"https:\/\/www.infraestruturameioambiente.sp.gov.br\/pgibt\/wp-json\/wp\/v2\/pages"}],"about":[{"href":"https:\/\/www.infraestruturameioambiente.sp.gov.br\/pgibt\/wp-json\/wp\/v2\/types\/page"}],"author":[{"embeddable":true,"href":"https:\/\/www.infraestruturameioambiente.sp.gov.br\/pgibt\/wp-json\/wp\/v2\/users\/1"}],"replies":[{"embeddable":true,"href":"https:\/\/www.infraestruturameioambiente.sp.gov.br\/pgibt\/wp-json\/wp\/v2\/comments?post=1600"}],"version-history":[{"count":0,"href":"https:\/\/www.infraestruturameioambiente.sp.gov.br\/pgibt\/wp-json\/wp\/v2\/pages\/1600\/revisions"}],"up":[{"embeddable":true,"href":"https:\/\/www.infraestruturameioambiente.sp.gov.br\/pgibt\/wp-json\/wp\/v2\/pages\/249"}],"wp:attachment":[{"href":"https:\/\/www.infraestruturameioambiente.sp.gov.br\/pgibt\/wp-json\/wp\/v2\/media?parent=1600"}],"curies":[{"name":"wp","href":"https:\/\/api.w.org\/{rel}","templated":true}]}}