{"id":1595,"date":"2009-09-29T11:08:24","date_gmt":"2009-09-29T14:08:24","guid":{"rendered":"https:\/\/www.infraestruturameioambiente.sp.gov.br\/pgibt\/?page_id=1595"},"modified":"2009-09-29T11:08:24","modified_gmt":"2009-09-29T14:08:24","slug":"2009-monaly-sado","status":"publish","type":"page","link":"https:\/\/www.infraestruturameioambiente.sp.gov.br\/pgibt\/dissertacoesteses\/2009-monaly-sado\/","title":{"rendered":"Monaly Sado MS"},"content":{"rendered":"<h2 style=\"text-align: center\"><a href=\"https:\/\/smastr16.blob.core.windows.net\/pgibt\/2015\/02\/faixapos6.jpg\"><img decoding=\"async\" loading=\"lazy\" class=\"aligncenter size-full wp-image-3777\" style=\"border: 0px\" alt=\"faixapos6\" src=\"https:\/\/smastr16.blob.core.windows.net\/pgibt\/2015\/02\/faixapos6.jpg\" width=\"950\" height=\"163\" srcset=\"https:\/\/smastr16.blob.core.windows.net\/pgibt\/2015\/02\/faixapos6.jpg 950w, https:\/\/smastr16.blob.core.windows.net\/pgibt\/2015\/02\/faixapos6-768x131.jpg 768w\" sizes=\"(max-width: 950px) 100vw, 950px\" \/><\/a><\/h2>\n<hr align=\"center\" noshade=\"noshade\" size=\"1\" width=\"100%\" \/>\n<h2 style=\"text-align: center\"><span style=\"color: #003300\">Monaly Sado<\/span><\/h2>\n<hr align=\"center\" noshade=\"noshade\" size=\"1\" width=\"100%\" \/>\n<p style=\"text-align: center\">No dia 29 de setembro de 2009, Monaly Sado , aluna de P\u00f3s-Gradua\u00e7\u00e3o em Biodiversidade Vegetal e Meio Ambiente do\u00a0Instituto de Bot\u00e2nica (IBt), defendeu sua disserta\u00e7\u00e3o de mestrado intitulada\u00a0\u201c Efeito do 2,4-D na calog\u00eanese de<em>\u00a0Senna spectabilis<\/em>\u00a0(DC) Irwin et Barn (Leguminosae) e seus compostos de reserva\u201d.<\/p>\n<p style=\"text-align: center\">A banca examinadora foi composta pelo Dr. Edison Paulo Chu (Orientador\/ IBt),\u00a0Dra. Giuseppina Pace Pereira Lima (Unesp\/Botucatu) e\u00a0Dra. Vivian Tamaki (IBt)<\/p>\n<div id=\"attachment_1596\" style=\"width: 123px\" class=\"wp-caption aligncenter\"><a href=\"https:\/\/smastr16.blob.core.windows.net\/pgibt\/2013\/09\/monaly.jpg\"><img aria-describedby=\"caption-attachment-1596\" decoding=\"async\" loading=\"lazy\" class=\"size-full wp-image-1596\" alt=\"Monaly Sado\" src=\"https:\/\/smastr16.blob.core.windows.net\/pgibt\/2013\/09\/monaly.jpg\" width=\"113\" height=\"124\" \/><\/a><p id=\"caption-attachment-1596\" class=\"wp-caption-text\">Monaly Sado<\/p><\/div>\n<hr align=\"center\" noshade=\"noshade\" size=\"1\" width=\"100%\" \/>\n<h3 style=\"text-align: center\">Efeito do 2,4-D na calog\u00eanese de <em>Senna spectabilis<\/em> (DC) Irwin et Barn (Leguminosae) e seus compostos de reserva<\/h3>\n<hr align=\"center\" noshade=\"noshade\" size=\"1\" width=\"100%\" \/>\n<h4 style=\"text-align: center\"><strong>RESUMO<\/strong><\/h4>\n<p style=\"text-align: justify\"><em>Senna spectabilis\u00a0<\/em>(DC) Irwin et Barn (sin\u00a0<em>Cassia spectabilis<\/em>), fam\u00edlia Leguminosae, popularmente conhecida como c\u00e1ssia-carnaval, s\u00e3o-jo\u00e3o ou canaf\u00edstula-de-besouro, \u00e9 uma \u00e1rvore ornamental, dec\u00eddua, heli\u00f3fita, seletiva xer\u00f3fita, nativa do Brasil. Atinge entre 6 e 9 metros de altura, apresentando folhas compostas e pinadas, flores amarelas durante os meses de dezembro a abril e frutifica\u00e7\u00e3o, de agosto a setembro. \u00c9 muito utilizada na medicina popular para o tratamento de diversas enfermidades e artigos cient\u00edficos utilizando os extratos<em>S. spectabilis<\/em>\u00a0ressaltaram a sua a\u00e7\u00e3o antitumoral e anticolinest\u00e9rica. Grupos de pesquisa isolaram v\u00e1rios alcal\u00f3ides de estruturas singulares dessa esp\u00e9cie e comprovaram, por meio de bioensaios, que estas subst\u00e2ncias s\u00e3o as respons\u00e1veis pelo car\u00e1ter medicinal da planta e dentre os compostos isolados, destacou-se a espectalina.<br \/>\nLevando em considera\u00e7\u00e3o as propriedades farmacol\u00f3gicas desta esp\u00e9cie e a necessidade de um estudo base para o crescimento\u00a0<em>in vitro<\/em>\u00a0da planta, o presente trabalho teve como objetivo desenvolver uma metodologia de propaga\u00e7\u00e3o vegetativa, identificar a produ\u00e7\u00e3o de espectalina pelas c\u00e9lulas multiplicadas\u00a0<em>in vitro<\/em>, quantificar os carboidratos (sol\u00faveis totais e amido) e prote\u00ednas sol\u00faveis presentes na indu\u00e7\u00e3o de explantes em cultura de tecido e correlacionar com as concentra\u00e7\u00f5es de 2,4-D ex\u00f3geno.<br \/>\nSementes retiradas de frutos maduros de esp\u00e9cime de\u00a0<em>S. spectabilis<\/em>\u00a0proveniente do Instituto de Bot\u00e2nica, S\u00e3o Paulo, ap\u00f3s desinfesta\u00e7\u00e3o com \u00e1cido sulf\u00farico concentrado, foram germinadas\u00a0<em>in vitro<\/em>\u00a0em meio de cultura MS acrescido de vitamina B5, 3% de sacarose, \u00e1gar bacteriol\u00f3gico e pH 5,8. As pl\u00e2ntulas obtidas tiveram seus \u00f3rg\u00e3os seccionados e inoculados em meio MS contendo a auxina sint\u00e9tica \u00e1cido 2,4-diclorofenoxiac\u00e9tico (2,4-D; concentra\u00e7\u00f5es de 0,0; 0,12; 0,25; 0,5; 2,5; 5; 10; 20; 40 mg L-1) e mantidas em sala de cultura onde permaneceram at\u00e9 a calog\u00eanse. Os calos formados foram classificados (fri\u00e1vel, nodular e compacto) e congelados ap\u00f3s medida de massa fresca, para posterior liofiliza\u00e7\u00e3o e obten\u00e7\u00e3o de massa seca. Para a extra\u00e7\u00e3o dos carboidratos sol\u00faveis totais foi adicionado etanol 80% ao material seco e homogeneizado. O res\u00edduo foi utilizado para extra\u00e7\u00e3o de prote\u00ednas sol\u00faveis adicionando-se tamp\u00e3o fosfato ao mesmo. A extra\u00e7\u00e3o de amido foi feita adicionando-se \u00e1cido percl\u00f3rico 52% ao res\u00edduo obtido da extra\u00e7\u00e3o prot\u00e9ica. A quantifica\u00e7\u00e3o, em triplicata, de amido e carboidratos totais foi realizada pelo m\u00e9todo fenol-sulf\u00farico e os teores de prote\u00ednas foram quantificados pelo m\u00e9todo do corante Coomassie-Blue. O extrato etan\u00f3lico concentrado tamb\u00e9m foi utilizado para identifica\u00e7\u00e3o de espectalina. O padr\u00e3o de espectalina foi obtido pela extra\u00e7\u00e3o etan\u00f3lica de aproximadamente 500g de massa fresca, congelada, liofilizada e pulverizada de flores de\u00a0<em>S. spectabilis<\/em>\u00a0colhidas no Instituto de Bot\u00e2nica. Os extratos etan\u00f3licos foram concentrados, congelados, liofilizados e, ap\u00f3s determina\u00e7\u00e3o de sua massa seca, os extratos foram hidrolisados com \u00e1cido sulf\u00farico 5% por 16 horas, sendo adicionado hexano para a retirada de lip\u00eddeos, e posteriormente as fra\u00e7\u00f5es \u00e1cidas foram basificadas com hidr\u00f3xido de am\u00f4nia e realizou-se parti\u00e7\u00e3o l\u00edquido-l\u00edquido com diclorometano. A fra\u00e7\u00e3o de diclorometano foi retirada e evaporada, at\u00e9 atingir seu estado cristalizado, sendo armazenada a 4 \u00baC. Essa fra\u00e7\u00e3o de alcal\u00f3ides foi analisada em cromat\u00f3grafo a g\u00e1s Varian Chrompack CP-3380, com detector de ioniza\u00e7\u00e3o de chama (FID), g\u00e1s de arraste h\u00e9lio, e coluna Supelco SPB-1 (30m X 0,25mm), com inje\u00e7\u00e3o de 1\u00b5l da amostra na concentra\u00e7\u00e3o de 4,0 mg.ml-1 em acetato de etila.<br \/>\nOs resultados obtidos indicam que o tratamento com 0,12 mg L-1 de 2,4-D induziu calos com melhores condi\u00e7\u00f5es para realizar estudos de propaga\u00e7\u00e3o e de desenvolvimento vegetativo pois estes apresentaram maiores concentra\u00e7\u00f5es de compostos de reserva. Os calos fri\u00e1veis do tratamento continham 400 mg g-1 MS de carboidratos sol\u00faveis totais,\u00a0 112 mg g-1 MS de prote\u00ednas sol\u00faveis totais e 10 mg g-1 MS de amido. J\u00e1 o tratamento com 0,5 mg L-1 de 2,4-D apresentou calos oxidados com os menores valores de compostos, apresentando 92 mg g-1 MS de carboidratos sol\u00faveis,\u00a0 22 mg g-1 MS de prote\u00ednas sol\u00faveis e 1,4 mg g-1 MS de amido.<br \/>\nOs hipoc\u00f3tilos e epic\u00f3tilos produziram maior quantidade de calos quando submetidos ao tratamento com 0,5 mg L-1 de 2,4-D, apresentando acima de 80% de calog\u00eanese, j\u00e1 as folhas e cotil\u00e9dones responderam melhor com 2,5 mg L-1 com 70% de forma\u00e7\u00e3o de calos e o controle (aus\u00eancia de auxina) apresentou os menores valores, abaixo de 30% de indu\u00e7\u00e3o de calos. Os tratamentos de menores concentra\u00e7\u00f5es de 2,4-D (0,12; 0,25; 0,5 mg L-1) apresentaram maior incid\u00eancia de oxida\u00e7\u00e3o, com grandes perdas na viabilidade destes explantes.<br \/>\nA produ\u00e7\u00e3o de espectalina foi observada em quantidade m\u00ednima nos diferentes tipos de calos nas diversas concentra\u00e7\u00f5es de 2,4-D, exceto em 40 mg L-1 (n\u00e3o detectado), indicando ser um composto secund\u00e1rio possivelmente constitutivo nos calos induzidos, por\u00e9m invi\u00e1vel para a produ\u00e7\u00e3o comercial.<br \/>\nOs dados obtidos indicam que um choque de auxina (10 mg L-1 de 2,4-D) em fragmentos de hipoc\u00f3tilo por curto per\u00edodo (m\u00e1ximo de 5 dias) para indu\u00e7\u00e3o de multiplica\u00e7\u00e3o e seu ac\u00famulo de amido, seguido de cultivo com 0,12 mg L-1 de 2,4-D para incremento da massa vegetal e ac\u00famulo dos demais compostos de reserva (carboidratos e prote\u00ednas sol\u00faveis), possibilita a produ\u00e7\u00e3o de calos fri\u00e1veis adequados para o estabelecimento do ciclo de multiplica\u00e7\u00e3o da cultura de tecido.<\/p>\n<hr align=\"center\" noshade=\"noshade\" size=\"1\" width=\"100%\" \/>\n<p style=\"text-align: center\"><a href=\"https:\/\/smastr16.blob.core.windows.net\/pgibt\/2013\/09\/pdf_grande.gif\"><img decoding=\"async\" loading=\"lazy\" class=\"aligncenter size-full wp-image-2313\" style=\"border: 0px\" alt=\"pdf_grande\" src=\"https:\/\/smastr16.blob.core.windows.net\/pgibt\/2013\/09\/pdf_grande.gif\" width=\"60\" height=\"60\" \/><\/a><a href=\"https:\/\/smastr16.blob.core.windows.net\/pgibt\/2013\/09\/Monaly_Sado_MS.pdf\" target=\"_blank\">Monaly Sado<br \/>\nEfeito do 2,4-D na calog\u00eanese de <em>Senna spectabilis<\/em> (DC) Irwin et Barn (Leguminosae) e seus compostos de reserva<\/a>.<\/p>\n<hr align=\"center\" noshade=\"noshade\" size=\"1\" width=\"100%\" \/>\n<p style=\"text-align: center\"><strong>\u00a0<a href=\"https:\/\/www.infraestruturameioambiente.sp.gov.br\/pgibt\/dissertacoesteses\/\">VOLTAR AS DISSERTA\u00c7\u00d5ES E TESES<\/a><\/strong><\/p>\n<hr align=\"center\" noshade=\"noshade\" size=\"1\" width=\"100%\" \/>\n","protected":false},"excerpt":{"rendered":"<p>Monaly Sado No dia 29 de setembro de 2009, Monaly Sado , aluna de P\u00f3s-Gradua\u00e7\u00e3o em Biodiversidade Vegetal e Meio Ambiente do\u00a0Instituto de Bot\u00e2nica (IBt), defendeu sua disserta\u00e7\u00e3o de mestrado intitulada\u00a0\u201c Efeito do 2,4-D na calog\u00eanese de\u00a0Senna spectabilis\u00a0(DC) Irwin et Barn (Leguminosae) e seus compostos de reserva\u201d. A banca examinadora foi composta pelo Dr. Edison [&hellip;]<\/p>\n","protected":false},"author":1,"featured_media":0,"parent":249,"menu_order":0,"comment_status":"closed","ping_status":"open","template":"fullpage.php","meta":[],"_links":{"self":[{"href":"https:\/\/www.infraestruturameioambiente.sp.gov.br\/pgibt\/wp-json\/wp\/v2\/pages\/1595"}],"collection":[{"href":"https:\/\/www.infraestruturameioambiente.sp.gov.br\/pgibt\/wp-json\/wp\/v2\/pages"}],"about":[{"href":"https:\/\/www.infraestruturameioambiente.sp.gov.br\/pgibt\/wp-json\/wp\/v2\/types\/page"}],"author":[{"embeddable":true,"href":"https:\/\/www.infraestruturameioambiente.sp.gov.br\/pgibt\/wp-json\/wp\/v2\/users\/1"}],"replies":[{"embeddable":true,"href":"https:\/\/www.infraestruturameioambiente.sp.gov.br\/pgibt\/wp-json\/wp\/v2\/comments?post=1595"}],"version-history":[{"count":0,"href":"https:\/\/www.infraestruturameioambiente.sp.gov.br\/pgibt\/wp-json\/wp\/v2\/pages\/1595\/revisions"}],"up":[{"embeddable":true,"href":"https:\/\/www.infraestruturameioambiente.sp.gov.br\/pgibt\/wp-json\/wp\/v2\/pages\/249"}],"wp:attachment":[{"href":"https:\/\/www.infraestruturameioambiente.sp.gov.br\/pgibt\/wp-json\/wp\/v2\/media?parent=1595"}],"curies":[{"name":"wp","href":"https:\/\/api.w.org\/{rel}","templated":true}]}}