{"id":1585,"date":"2009-02-17T10:58:13","date_gmt":"2009-02-17T13:58:13","guid":{"rendered":"https:\/\/www.infraestruturameioambiente.sp.gov.br\/pgibt\/?page_id=1585"},"modified":"2009-02-17T10:58:13","modified_gmt":"2009-02-17T13:58:13","slug":"2009-maria-claudia-m-p-m","status":"publish","type":"page","link":"https:\/\/www.infraestruturameioambiente.sp.gov.br\/pgibt\/dissertacoesteses\/2009-maria-claudia-m-p-m\/","title":{"rendered":"Maria Cl\u00e1udia Melo Pacheco de Medeiros MS"},"content":{"rendered":"<h2 style=\"text-align: center\"><a href=\"https:\/\/smastr16.blob.core.windows.net\/pgibt\/2015\/02\/faixapos6.jpg\"><img decoding=\"async\" loading=\"lazy\" class=\"aligncenter size-full wp-image-3777\" style=\"border: 0px\" alt=\"faixapos6\" src=\"https:\/\/smastr16.blob.core.windows.net\/pgibt\/2015\/02\/faixapos6.jpg\" width=\"950\" height=\"163\" srcset=\"https:\/\/smastr16.blob.core.windows.net\/pgibt\/2015\/02\/faixapos6.jpg 950w, https:\/\/smastr16.blob.core.windows.net\/pgibt\/2015\/02\/faixapos6-768x131.jpg 768w\" sizes=\"(max-width: 950px) 100vw, 950px\" \/><\/a><\/h2>\n<hr align=\"center\" noshade=\"noshade\" size=\"1\" width=\"100%\" \/>\n<h2 style=\"text-align: center\"><span style=\"color: #003300\">Maria Cl\u00e1udia Melo Pacheco de Medeiros<\/span><\/h2>\n<hr align=\"center\" noshade=\"noshade\" size=\"1\" width=\"100%\" \/>\n<p style=\"text-align: center\">No dia 17 de fevereiro de 2009, a aluna Maria Cl\u00e1udia Melo Pacheco de Medeiros do Programa de P\u00f3s-Gradua\u00e7\u00e3o em Biodiversidade Vegetal e Meio Ambiente defendeu sua disserta\u00e7\u00e3o de mestrado intitulada<br \/>\n&#8220;Caracteriza\u00e7\u00e3o fitofision\u00f4mica e estrutural de \u00e1reas de Floresta Ombr\u00f3fila Densa Montana no Parque Estadual da Serra do Mar, SP&#8221;.<\/p>\n<p style=\"text-align: center\">A banca examinadora foi composta por seu orientador, Dr. Marcos Pereira Marinho Aidar (Se\u00e7\u00e3o de Fisiologia e Bioqu\u00edmica de Plantas \/ IBt),<br \/>\nDra. Maria Margarida da Rocha Fi\u00faza de Melo (Se\u00e7\u00e3o de Curadoria do Herb\u00e1rio \/ IBt) e<br \/>\nDr. Marco Ant\u00f4nio de Assis (Departamento de Bot\u00e2nica \/ UNESP \u2013 Rio Claro).<\/p>\n<p style=\"text-align: center\"><a href=\"https:\/\/smastr16.blob.core.windows.net\/pgibt\/2013\/09\/maria-claudia1.jpg\"><img decoding=\"async\" loading=\"lazy\" alt=\"\" src=\"https:\/\/smastr16.blob.core.windows.net\/pgibt\/2013\/09\/maria-claudia1-150x150.jpg\" width=\"150\" height=\"150\" \/><\/a><\/p>\n<hr align=\"center\" noshade=\"noshade\" size=\"1\" width=\"100%\" \/>\n<h3 style=\"text-align: center\">Caracteriza\u00e7\u00e3o fitofision\u00f4mica e estrutural de \u00e1reas de Floresta Ombr\u00f3fila Densa Montana no<br \/>\nParque Estadual da Serra do Mar, SP, Brasi<\/h3>\n<hr align=\"center\" noshade=\"noshade\" size=\"1\" width=\"100%\" \/>\n<h4 style=\"text-align: center\"><strong>RESUMO<\/strong><\/h4>\n<p style=\"text-align: justify\">O estudo foi realizado no N\u00facleo Santa Virg\u00ednia do Parque Estadual da Serra do Mar, devido \u00e0 instala\u00e7\u00e3o de uma torre micrometeorol\u00f3gica de medi\u00e7\u00e3o de fluxos de energia, \u00e1gua e carbono, no referido N\u00facleo. A instala\u00e7\u00e3o dessa torre estava prevista nos projetos &#8220;Composi\u00e7\u00e3o flor\u00edstica, estrutura e funcionamento da Floresta Ombr\u00f3fila Densa dos N\u00facleos Picinguaba e Santa Virg\u00ednia do Parque Estadual da Serra do Mar\u201d (FAPESP 03\/12595-7), sob coordena\u00e7\u00e3o do Dr. Carlos Alfredo Joly (IB \/ UNICAMP) e &#8220;O balan\u00e7o de carbono sobre uma floresta de Mata Atl\u00e2ntica com medidas micrometeorol\u00f3gicas e biom\u00e9tricas&#8221; (FAPESP 07\/57465-4), sob coordena\u00e7\u00e3o do Dr. Humberto Ribeiro da Rocha (IAG \/ USP). Sendo assim, objetivou-se, com a realiza\u00e7\u00e3o do trabalho, caracterizar fision\u00f4mica e estruturalmente a vegeta\u00e7\u00e3o na \u00e1rea de influ\u00eancia da torre.<br \/>\nA disserta\u00e7\u00e3o foi apresentada sob a forma de dois cap\u00edtulos. O primeiro trata do mapeamento fision\u00f4mico da vegeta\u00e7\u00e3o para uma \u00e1rea de cerca de 50 km2 do N\u00facleo Santa Virg\u00ednia e o segundo trata da caracteriza\u00e7\u00e3o flor\u00edstica e estrutural de fisionomias da microbacia do C\u00f3rrego Casa de Pedra, onde est\u00e1 localizada a torre micrometeorol\u00f3gica. De um modo geral, os resultados do estudo revelaram que a vegeta\u00e7\u00e3o analisada apresenta caracter\u00edsticas semelhantes \u00e0s de outros fragmentos de Mata Atl\u00e2ntica paulistas estudados anteriormente por diversos autores, tanto com rela\u00e7\u00e3o a caracter\u00edsticas flor\u00edsticas como estruturais. Os dados obtidos tamb\u00e9m se mostraram importantes ferramentas para auxiliar e embasar medidas de manejo e conserva\u00e7\u00e3o da floresta estudada, uma vez que os estudos de caracteriza\u00e7\u00e3o da vegeta\u00e7\u00e3o na regi\u00e3o do N\u00facleo Santa Virg\u00ednia s\u00e3o escassos.<\/p>\n<hr align=\"center\" noshade=\"noshade\" size=\"1\" width=\"100%\" \/>\n<p style=\"text-align: center\"><a href=\"https:\/\/smastr16.blob.core.windows.net\/pgibt\/2013\/09\/pdf_grande.gif\"><img decoding=\"async\" loading=\"lazy\" class=\"aligncenter size-full wp-image-2313\" style=\"border: 0px\" alt=\"pdf_grande\" src=\"https:\/\/smastr16.blob.core.windows.net\/pgibt\/2013\/09\/pdf_grande.gif\" width=\"60\" height=\"60\" \/><\/a><a href=\"https:\/\/smastr16.blob.core.windows.net\/pgibt\/2013\/09\/Maria_Claudia_Melo_Pacheco_de_Medeiros_MS.pdf\" target=\"_blank\">Maria Cl\u00e1udia Melo Pacheco de Medeiros<br \/>\nCaracteriza\u00e7\u00e3o fitofision\u00f4mica e estrutural de \u00e1reas de Floresta Ombr\u00f3fila Densa Montana no Parque Estadual da Serra do Mar, SP, Brasil<\/a><\/p>\n<hr align=\"center\" noshade=\"noshade\" size=\"1\" width=\"100%\" \/>\n<p style=\"text-align: center\"><strong>\u00a0<a href=\"https:\/\/www.infraestruturameioambiente.sp.gov.br\/pgibt\/dissertacoesteses\/\">VOLTAR AS DISSERTA\u00c7\u00d5ES E TESES<\/a><\/strong><\/p>\n<hr align=\"center\" noshade=\"noshade\" size=\"1\" width=\"100%\" \/>\n","protected":false},"excerpt":{"rendered":"<p>Maria Cl\u00e1udia Melo Pacheco de Medeiros No dia 17 de fevereiro de 2009, a aluna Maria Cl\u00e1udia Melo Pacheco de Medeiros do Programa de P\u00f3s-Gradua\u00e7\u00e3o em Biodiversidade Vegetal e Meio Ambiente defendeu sua disserta\u00e7\u00e3o de mestrado intitulada &#8220;Caracteriza\u00e7\u00e3o fitofision\u00f4mica e estrutural de \u00e1reas de Floresta Ombr\u00f3fila Densa Montana no Parque Estadual da Serra do Mar, [&hellip;]<\/p>\n","protected":false},"author":1,"featured_media":0,"parent":249,"menu_order":0,"comment_status":"closed","ping_status":"open","template":"fullpage.php","meta":[],"_links":{"self":[{"href":"https:\/\/www.infraestruturameioambiente.sp.gov.br\/pgibt\/wp-json\/wp\/v2\/pages\/1585"}],"collection":[{"href":"https:\/\/www.infraestruturameioambiente.sp.gov.br\/pgibt\/wp-json\/wp\/v2\/pages"}],"about":[{"href":"https:\/\/www.infraestruturameioambiente.sp.gov.br\/pgibt\/wp-json\/wp\/v2\/types\/page"}],"author":[{"embeddable":true,"href":"https:\/\/www.infraestruturameioambiente.sp.gov.br\/pgibt\/wp-json\/wp\/v2\/users\/1"}],"replies":[{"embeddable":true,"href":"https:\/\/www.infraestruturameioambiente.sp.gov.br\/pgibt\/wp-json\/wp\/v2\/comments?post=1585"}],"version-history":[{"count":0,"href":"https:\/\/www.infraestruturameioambiente.sp.gov.br\/pgibt\/wp-json\/wp\/v2\/pages\/1585\/revisions"}],"up":[{"embeddable":true,"href":"https:\/\/www.infraestruturameioambiente.sp.gov.br\/pgibt\/wp-json\/wp\/v2\/pages\/249"}],"wp:attachment":[{"href":"https:\/\/www.infraestruturameioambiente.sp.gov.br\/pgibt\/wp-json\/wp\/v2\/media?parent=1585"}],"curies":[{"name":"wp","href":"https:\/\/api.w.org\/{rel}","templated":true}]}}