{"id":1542,"date":"2009-09-29T10:02:05","date_gmt":"2009-09-29T13:02:05","guid":{"rendered":"https:\/\/www.infraestruturameioambiente.sp.gov.br\/pgibt\/?page_id=1542"},"modified":"2009-09-29T10:02:05","modified_gmt":"2009-09-29T13:02:05","slug":"2009-luciana-fiorato","status":"publish","type":"page","link":"https:\/\/www.infraestruturameioambiente.sp.gov.br\/pgibt\/dissertacoesteses\/2009-luciana-fiorato\/","title":{"rendered":"Luciana Fiorato MS"},"content":{"rendered":"<h2 style=\"text-align: center\"><a href=\"https:\/\/smastr16.blob.core.windows.net\/pgibt\/2015\/02\/faixapos6.jpg\"><img decoding=\"async\" loading=\"lazy\" class=\"aligncenter size-full wp-image-3777\" style=\"border: 0px\" alt=\"faixapos6\" src=\"https:\/\/smastr16.blob.core.windows.net\/pgibt\/2015\/02\/faixapos6.jpg\" width=\"950\" height=\"163\" srcset=\"https:\/\/smastr16.blob.core.windows.net\/pgibt\/2015\/02\/faixapos6.jpg 950w, https:\/\/smastr16.blob.core.windows.net\/pgibt\/2015\/02\/faixapos6-768x131.jpg 768w\" sizes=\"(max-width: 950px) 100vw, 950px\" \/><\/a><\/h2>\n<hr align=\"center\" noshade=\"noshade\" size=\"1\" width=\"100%\" \/>\n<h2 style=\"text-align: center\"><span style=\"color: #003300\">Luciana Fiorato<\/span><\/h2>\n<hr align=\"center\" noshade=\"noshade\" size=\"1\" width=\"100%\" \/>\n<p align=\"center\">No dia 29 de setembro de 2009, a aluna do Programa de P\u00f3s-Gradua\u00e7\u00e3o em Biodiversidade Vegetal e Meio Ambiente Luciana Fiorato\u00a0(bolsista FAPESP), defendeu sua disserta\u00e7\u00e3o de mestrado intitulada<br \/>\n&#8220;O G\u00eanero\u00a0<em>Tillandsia\u00a0<\/em>L. (Bromeliaceae) no estado da Bahia, Brasil\u201d.<\/p>\n<p align=\"center\">A banca examinadora foi composta pela sua orientadora Dra. Maria das Gra\u00e7as Lapa Wanderley (IBt),\u00a0Dr. Jo\u00e3o Vicente Coffani-Nunes (Unesp) e<br \/>\nDra. Andr\u00e9a Ferreira Costa (Museu Nacional).<\/p>\n<hr align=\"center\" noshade=\"noshade\" size=\"1\" width=\"100%\" \/>\n<h3 style=\"text-align: center\">O G\u00eanero\u00a0<em>Tillandsia\u00a0<\/em>L. (Bromeliaceae) no estado da Bahia, Brasil<\/h3>\n<hr align=\"center\" noshade=\"noshade\" size=\"1\" width=\"100%\" \/>\n<h4 style=\"text-align: center\"><strong>RESUMO<\/strong><\/h4>\n<p style=\"text-align: justify\">O trabalho teve como principal objetivo realizar a monografia do g\u00eanero\u00a0<em>Tillandsia<\/em>\u00a0L., como parte do tratamento das Bromeliaceae, visando a elabora\u00e7\u00e3o da monografia a ser publicada na &#8220;Flora da Bahia&#8221;, al\u00e9m de contribuir para o conhecimento dos tricomas foliares no g\u00eanero. Foram examinadas cole\u00e7\u00f5es bot\u00e2nicas dos herb\u00e1rios SP, SPF, ESA, HRCB, MBM, HUEFS, ALCB, CEPEC, HRB, RB e HB. O trabalho de campo envolveu coletas de material bot\u00e2nico em alguns munic\u00edpios da Bahia visando complementar o conhecimento da morfologia e identifica\u00e7\u00e3o das esp\u00e9cies. Para os estudos dos tricomas foram feitas analises em microscopia \u00f3tica e em microsc\u00f3pio eletr\u00f4nico de varredura. Para os estudos anat\u00f4micos foram realizados cortes anat\u00f4micos transversais e dissocia\u00e7\u00e3o da epiderme. O g\u00eanero\u00a0<em>Tillandsia<\/em>\u00a0L. est\u00e1 representado no estado da Bahia por 16 esp\u00e9cies:\u00a0<em>Tillandsia bulbosa<\/em>\u00a0Hook,\u00a0<em>T. candida<\/em>\u00a0Leme,\u00a0<em>T. gardneri<\/em>Lindl.,\u00a0<em>T. geminiflora<\/em>\u00a0Brongn.\u00a0<em>T. globosa<\/em>\u00a0Wawra,\u00a0<em>T. juncea<\/em>\u00a0(Ruiz &amp; Pav.) Poir.,\u00a0<em>T. loliacea<\/em>\u00a0Mart. ex Schult. &amp; Schult.f.,\u00a0<em>T. milagrensis<\/em>\u00a0Leme,<em>T. polystachia<\/em>\u00a0(L.) L.,\u00a0<em>T. recurvata<\/em>\u00a0(L.) L.,\u00a0<em>T. sprengeliana<\/em>\u00a0Klotzsch ex Mez,\u00a0<em>T. streptocarpa<\/em>\u00a0Baker,\u00a0<em>T. stricta<\/em>\u00a0Sol. ex Ker Gawl.,\u00a0<em>T. tenuifolia<\/em>\u00a0L.,<em>T. tricholepis<\/em>\u00a0Baker e\u00a0<em>T. usneoides<\/em>\u00a0(L.) L. O subg\u00eanero mais representativo foi\u00a0<em>Anoplophytum\u00a0<\/em>com 8 esp\u00e9cies, e o menos representativo<em>Phytarrhiza<\/em>\u00a0com apenas uma esp\u00e9cie. As caracter\u00edsticas da infloresc\u00eancia, juntamente com a estrutura dos tricomas foliares, constitu\u00edram importantes informa\u00e7\u00f5es para a identifica\u00e7\u00e3o dos t\u00e1xons estudados. Al\u00e9m de contribuir para o conhecimento da flora estadual, este trabalho auxiliar\u00e1 tamb\u00e9m no conhecimento da fam\u00edlia Bromeliaceae, assim como para o conhecimento da biodiversidade brasileira. (FAPESP).<\/p>\n<hr align=\"center\" noshade=\"noshade\" size=\"1\" width=\"100%\" \/>\n<p style=\"text-align: center\"><a href=\"https:\/\/smastr16.blob.core.windows.net\/pgibt\/2013\/09\/pdf_grande.gif\"><img decoding=\"async\" loading=\"lazy\" class=\"aligncenter size-full wp-image-2313\" style=\"border: 0px\" alt=\"pdf_grande\" src=\"https:\/\/smastr16.blob.core.windows.net\/pgibt\/2013\/09\/pdf_grande.gif\" width=\"60\" height=\"60\" \/><\/a><a href=\"https:\/\/smastr16.blob.core.windows.net\/pgibt\/2013\/09\/Luciana_Fiorato_MS.pdf\" target=\"_blank\">Luciana Fiorato<br \/>\nO G\u00eanero <em>Tillandsia<\/em> L. (Bromeliaceae) no Estado da Bahia, Brasil<\/a><\/p>\n<hr align=\"center\" noshade=\"noshade\" size=\"1\" width=\"100%\" \/>\n<p style=\"text-align: center\"><strong>\u00a0<a href=\"https:\/\/www.infraestruturameioambiente.sp.gov.br\/pgibt\/dissertacoesteses\/\">VOLTAR AS DISSERTA\u00c7\u00d5ES E TESES<\/a><\/strong><\/p>\n<hr align=\"center\" noshade=\"noshade\" size=\"1\" width=\"100%\" \/>\n","protected":false},"excerpt":{"rendered":"<p>Luciana Fiorato No dia 29 de setembro de 2009, a aluna do Programa de P\u00f3s-Gradua\u00e7\u00e3o em Biodiversidade Vegetal e Meio Ambiente Luciana Fiorato\u00a0(bolsista FAPESP), defendeu sua disserta\u00e7\u00e3o de mestrado intitulada &#8220;O G\u00eanero\u00a0Tillandsia\u00a0L. (Bromeliaceae) no estado da Bahia, Brasil\u201d. A banca examinadora foi composta pela sua orientadora Dra. Maria das Gra\u00e7as Lapa Wanderley (IBt),\u00a0Dr. Jo\u00e3o Vicente [&hellip;]<\/p>\n","protected":false},"author":1,"featured_media":0,"parent":249,"menu_order":0,"comment_status":"closed","ping_status":"open","template":"fullpage.php","meta":[],"_links":{"self":[{"href":"https:\/\/www.infraestruturameioambiente.sp.gov.br\/pgibt\/wp-json\/wp\/v2\/pages\/1542"}],"collection":[{"href":"https:\/\/www.infraestruturameioambiente.sp.gov.br\/pgibt\/wp-json\/wp\/v2\/pages"}],"about":[{"href":"https:\/\/www.infraestruturameioambiente.sp.gov.br\/pgibt\/wp-json\/wp\/v2\/types\/page"}],"author":[{"embeddable":true,"href":"https:\/\/www.infraestruturameioambiente.sp.gov.br\/pgibt\/wp-json\/wp\/v2\/users\/1"}],"replies":[{"embeddable":true,"href":"https:\/\/www.infraestruturameioambiente.sp.gov.br\/pgibt\/wp-json\/wp\/v2\/comments?post=1542"}],"version-history":[{"count":0,"href":"https:\/\/www.infraestruturameioambiente.sp.gov.br\/pgibt\/wp-json\/wp\/v2\/pages\/1542\/revisions"}],"up":[{"embeddable":true,"href":"https:\/\/www.infraestruturameioambiente.sp.gov.br\/pgibt\/wp-json\/wp\/v2\/pages\/249"}],"wp:attachment":[{"href":"https:\/\/www.infraestruturameioambiente.sp.gov.br\/pgibt\/wp-json\/wp\/v2\/media?parent=1542"}],"curies":[{"name":"wp","href":"https:\/\/api.w.org\/{rel}","templated":true}]}}