{"id":1521,"date":"2009-03-30T09:48:23","date_gmt":"2009-03-30T12:48:23","guid":{"rendered":"https:\/\/www.infraestruturameioambiente.sp.gov.br\/pgibt\/?page_id=1521"},"modified":"2009-03-30T09:48:23","modified_gmt":"2009-03-30T12:48:23","slug":"2009-giovanna-bezerra-da-silva","status":"publish","type":"page","link":"https:\/\/www.infraestruturameioambiente.sp.gov.br\/pgibt\/dissertacoesteses\/2009-giovanna-bezerra-da-silva\/","title":{"rendered":"Giovanna Bezerra da Silva DR"},"content":{"rendered":"<h2 style=\"text-align: center\"><a href=\"https:\/\/smastr16.blob.core.windows.net\/pgibt\/2015\/02\/faixapos6.jpg\"><img decoding=\"async\" loading=\"lazy\" class=\"aligncenter size-full wp-image-3777\" style=\"border: 0px\" alt=\"faixapos6\" src=\"https:\/\/smastr16.blob.core.windows.net\/pgibt\/2015\/02\/faixapos6.jpg\" width=\"950\" height=\"163\" srcset=\"https:\/\/smastr16.blob.core.windows.net\/pgibt\/2015\/02\/faixapos6.jpg 950w, https:\/\/smastr16.blob.core.windows.net\/pgibt\/2015\/02\/faixapos6-768x131.jpg 768w\" sizes=\"(max-width: 950px) 100vw, 950px\" \/><\/a><\/h2>\n<hr align=\"center\" noshade=\"noshade\" size=\"1\" width=\"100%\" \/>\n<h2 style=\"text-align: center\"><span style=\"color: #003300\">Giovanna Bezerra da Silva<\/span><\/h2>\n<hr align=\"center\" noshade=\"noshade\" size=\"1\" width=\"100%\" \/>\n<p style=\"text-align: center\">A aluna de p\u00f3s gradua\u00e7\u00e3o em Biodiversidade Vegetal e Meio Ambiente do Instituto de Bot\u00e2nica de S\u00e3o Paulo, bolsista Fapesp, Giovanna Bezerra da Silva,<br \/>\ndefendeu no dia 30 de mar\u00e7o de 2009 sua Tese de doutorado com o t\u00edtulo:<br \/>\n&#8221; AN\u00c1LISE COMPARADA DAS HEMICELULOSES DE PAREDE CELULAR DE FRONDES DE SAMAMBAIAS E LIC\u00d3FITAS&#8221;.<\/p>\n<p style=\"text-align: center\">A banca examinadora foi composta por seu orientador Dr. Marcos Silveira Buckeridge (Instituto de Bot\u00e2nica),<br \/>\nDr.\u00aa M\u00e1rcia Regina Braga (Instituto de Bot\u00e2nica), Dr. Antonio Salatino, Dr. Alexandre Salino e Dr. Marcelo Ehlers Loureiro.<\/p>\n<hr align=\"center\" noshade=\"noshade\" size=\"1\" width=\"100%\" \/>\n<h3 style=\"text-align: center\">AN\u00c1LISE COMPARADA DAS HEMICELULOSES DE PAREDE CELULAR DE FRONDES DE SAMAMBAIAS E LIC\u00d3FITAS<\/h3>\n<hr align=\"center\" noshade=\"noshade\" size=\"1\" width=\"100%\" \/>\n<h4 style=\"text-align: center\"><strong>RESUMO<\/strong><\/h4>\n<p align=\"justify\">Todas as c\u00e9lulas vegetais possuem uma parede celular, cujos componentes principais s\u00e3o: celulose, hemiceluloses e pectinas. A caracteriza\u00e7\u00e3o destes pol\u00edmeros mostra que suas estruturas s\u00e3o conservadas em Gimnospermae e Angiospermae. O objetivo deste trabalho foi analisar comparativamente os polissacar\u00eddeos da parede celular de samambaias e lic\u00f3fitas e buscar compreender o padr\u00e3o de varia\u00e7\u00e3o do xiloglucano nas plantas coletadas de acordo com a filogenia mais recente para o grupo. Foram coletadas frondes est\u00e9reis de 67 esp\u00e9cies de samambaias e lic\u00f3fitas em 6 locais diferentes de coleta. Quinhentos miligramas de p\u00f3 foram extra\u00eddos com etanol, oxalato de am\u00f4nio, NaOH 0,1M, 1M, 4M e 8M. As fra\u00e7\u00f5es 4M e 8M foram hidrolisadas com \u00e1cido sulf\u00farico e a composi\u00e7\u00e3o de monossacar\u00eddeos determinada por HPAEC-PAD (DIONEX). Com uma al\u00edquota da fra\u00e7\u00e3o NaOH 4M foi realizada uma metila\u00e7\u00e3o de uma das esp\u00e9cies coletadas, em ambos os experimentos foram observadas porcentagens significativas de manoses ligadas atrav\u00e9s dos carbonos 1 e 4 sugerindo que uma das hemiceluloses presentes na parede celular dessas plantas seja um \uf062-1,4-manano. Quando as paredes celulares intactas das esp\u00e9cies estudadas foram submetidas \u00e0 hidr\u00f3lise com xiloglucano endoglucanase, n\u00e3o houve libera\u00e7\u00e3o de oligossacar\u00eddeos mesmo de parede de\u00a0<em>Adiantum raddianum<\/em>\u00a0que apresentou comprovadamente xiloglucano. No entanto, oligossacar\u00eddeos de xilolgucano foram liberados com celulase de\u00a0<em>Trichoderma<\/em>. Com base nos dados, sugere-se que mananos e xiloglucanos interajam entre si na parede celular de samambaias e lic\u00f3fitas, alterando o padr\u00e3o de a\u00e7\u00e3o das enzimas. Al\u00e9m dessa an\u00e1lise, foram utilizadas 10 mg do p\u00f3 das frondes est\u00e9reis para realiza\u00e7\u00e3o da an\u00e1lise de Maldi-Tof. O material foi previamente lavado com etanol e clorof\u00f3rmio:metanol (1:1) e submetido \u00e0 digest\u00e3o com celulase. Foi poss\u00edvel identificar picos correspondentes aos oligossacar\u00eddeos de xiloglucano, al\u00e9m de outros picos que n\u00e3o puderam ser identificados e que indicam a presen\u00e7a de outros polissacar\u00eddeos. A partir dos resultados obtidos com a an\u00e1lise dos oligossacar\u00eddeos de xiloglucano atrav\u00e9s do Maldi-Tof, foi feita uma matriz de correla\u00e7\u00f5es entre as 67 esp\u00e9cies al\u00e9m do padr\u00e3o comparativo, jatob\u00e1, para obten\u00e7\u00e3o de um dendrograma que permitiu fazer uma an\u00e1lise de agrupamento das esp\u00e9cies estudadas. Esses resultados mostram a presen\u00e7a de seis grandes grupos, de acordo com a presen\u00e7as ou aus\u00eancia de oligossacar\u00eddeos em comum. Esses dados n\u00e3o s\u00e3o consistentes com a filogenia e por este motivo concluiu-se que os oligossacar\u00eddeos de xiloglucano n\u00e3o s\u00e3o bons marcadores taxon\u00f4micos, nos n\u00edveis hier\u00e1rquicos de classe, ordem e fam\u00edlias.<\/p>\n<p><strong>Palavras-chave:<\/strong>\u00a0parede celular, samambaias, xilolgucano, Maldi-Tof, mananos.<\/p>\n<hr align=\"center\" noshade=\"noshade\" size=\"1\" width=\"100%\" \/>\n<p style=\"text-align: center\"><a href=\"https:\/\/smastr16.blob.core.windows.net\/pgibt\/2013\/09\/pdf_grande.gif\"><img decoding=\"async\" loading=\"lazy\" class=\"aligncenter size-full wp-image-2313\" style=\"border: 0px\" alt=\"pdf_grande\" src=\"https:\/\/smastr16.blob.core.windows.net\/pgibt\/2013\/09\/pdf_grande.gif\" width=\"60\" height=\"60\" \/><\/a><a href=\"https:\/\/smastr16.blob.core.windows.net\/pgibt\/2013\/09\/Giovanna_Bezerra_da_Silva_DR.pdf\" target=\"_blank\">Giovanna Bezerra da Silva<br \/>\nAN\u00c1LISE COMPARADA DAS HEMICELULOSES DE PAREDE CELULAR DE FRONDES DE SAMAMBAIAS E LIC\u00d3FITAS<\/a><\/p>\n<hr align=\"center\" noshade=\"noshade\" size=\"1\" width=\"100%\" \/>\n<p style=\"text-align: center\"><strong>\u00a0<a href=\"https:\/\/www.infraestruturameioambiente.sp.gov.br\/pgibt\/dissertacoesteses\/\">VOLTAR AS DISSERTA\u00c7\u00d5ES E TESES<\/a><\/strong><\/p>\n<hr align=\"center\" noshade=\"noshade\" size=\"1\" width=\"100%\" \/>\n","protected":false},"excerpt":{"rendered":"<p>Giovanna Bezerra da Silva A aluna de p\u00f3s gradua\u00e7\u00e3o em Biodiversidade Vegetal e Meio Ambiente do Instituto de Bot\u00e2nica de S\u00e3o Paulo, bolsista Fapesp, Giovanna Bezerra da Silva, defendeu no dia 30 de mar\u00e7o de 2009 sua Tese de doutorado com o t\u00edtulo: &#8221; AN\u00c1LISE COMPARADA DAS HEMICELULOSES DE PAREDE CELULAR DE FRONDES DE SAMAMBAIAS [&hellip;]<\/p>\n","protected":false},"author":1,"featured_media":0,"parent":249,"menu_order":0,"comment_status":"closed","ping_status":"open","template":"fullpage.php","meta":[],"_links":{"self":[{"href":"https:\/\/www.infraestruturameioambiente.sp.gov.br\/pgibt\/wp-json\/wp\/v2\/pages\/1521"}],"collection":[{"href":"https:\/\/www.infraestruturameioambiente.sp.gov.br\/pgibt\/wp-json\/wp\/v2\/pages"}],"about":[{"href":"https:\/\/www.infraestruturameioambiente.sp.gov.br\/pgibt\/wp-json\/wp\/v2\/types\/page"}],"author":[{"embeddable":true,"href":"https:\/\/www.infraestruturameioambiente.sp.gov.br\/pgibt\/wp-json\/wp\/v2\/users\/1"}],"replies":[{"embeddable":true,"href":"https:\/\/www.infraestruturameioambiente.sp.gov.br\/pgibt\/wp-json\/wp\/v2\/comments?post=1521"}],"version-history":[{"count":0,"href":"https:\/\/www.infraestruturameioambiente.sp.gov.br\/pgibt\/wp-json\/wp\/v2\/pages\/1521\/revisions"}],"up":[{"embeddable":true,"href":"https:\/\/www.infraestruturameioambiente.sp.gov.br\/pgibt\/wp-json\/wp\/v2\/pages\/249"}],"wp:attachment":[{"href":"https:\/\/www.infraestruturameioambiente.sp.gov.br\/pgibt\/wp-json\/wp\/v2\/media?parent=1521"}],"curies":[{"name":"wp","href":"https:\/\/api.w.org\/{rel}","templated":true}]}}