{"id":1511,"date":"2009-08-27T16:47:38","date_gmt":"2009-08-27T19:47:38","guid":{"rendered":"https:\/\/www.infraestruturameioambiente.sp.gov.br\/pgibt\/?page_id=1511"},"modified":"2009-08-27T16:47:38","modified_gmt":"2009-08-27T19:47:38","slug":"2009-denise-lopes-resende-vido-ms","status":"publish","type":"page","link":"https:\/\/www.infraestruturameioambiente.sp.gov.br\/pgibt\/dissertacoesteses\/2009-denise-lopes-resende-vido-ms\/","title":{"rendered":"Denise Lopes Resende Vido MS"},"content":{"rendered":"<h2 style=\"text-align: center\"><a href=\"https:\/\/smastr16.blob.core.windows.net\/pgibt\/2015\/02\/faixapos6.jpg\"><img decoding=\"async\" loading=\"lazy\" class=\"aligncenter size-full wp-image-3777\" style=\"border: 0px\" alt=\"faixapos6\" src=\"https:\/\/smastr16.blob.core.windows.net\/pgibt\/2015\/02\/faixapos6.jpg\" width=\"950\" height=\"163\" srcset=\"https:\/\/smastr16.blob.core.windows.net\/pgibt\/2015\/02\/faixapos6.jpg 950w, https:\/\/smastr16.blob.core.windows.net\/pgibt\/2015\/02\/faixapos6-768x131.jpg 768w\" sizes=\"(max-width: 950px) 100vw, 950px\" \/><\/a><\/h2>\n<hr align=\"center\" noshade=\"noshade\" size=\"1\" width=\"100%\" \/>\n<h2 style=\"text-align: center\"><span style=\"color: #003300\">Denise Lopes Resende Vido<\/span><\/h2>\n<hr align=\"center\" noshade=\"noshade\" size=\"1\" width=\"100%\" \/>\n<p style=\"text-align: center\">No dia 27 de agosto de 2009, a aluna Denise Lopes Resende Vido defendeu a sua disserta\u00e7\u00e3o de mestrado no Instituto de Bot\u00e2nica intitulada<br \/>\n\u201cCompara\u00e7\u00e3o da composi\u00e7\u00e3o qu\u00edmica e das atividades biol\u00f3gicas dos \u00f3leos essenciais<br \/>\nde folhas de popula\u00e7\u00f5es de\u00a0<em>Hedyosmum brasiliense<\/em>\u00a0Mart. ex Miq. provenientes da Serra do Mar\u00a0e da Serra da Mantiqueira (Mata Atl\u00e2ntica)\u201d.<\/p>\n<p style=\"text-align: center\">A banca examinadora foi composta pela Dra. Maria Cl\u00e1udia Marx Young (Orientadora, IBt), Dr. Jo\u00e3o Henrique Ghilardi Lago (UNIFESP)\u00a0e<br \/>\nDra. M\u00e1rcia Ortiz Mayo Marques (IAC).<\/p>\n<hr align=\"center\" noshade=\"noshade\" size=\"1\" width=\"100%\" \/>\n<h3 style=\"text-align: center\">Compara\u00e7\u00e3o da composi\u00e7\u00e3o qu\u00edmica e das atividades biol\u00f3gicas dos \u00f3leos essenciais de folhas de popula\u00e7\u00f5es de\u00a0<em>Hedyosmum brasiliense<\/em>\u00a0Mart. ex Miq. provenientes da Serra do Mare da Serra da Mantiqueira (Mata Atl\u00e2ntica)<\/h3>\n<hr align=\"center\" noshade=\"noshade\" size=\"1\" width=\"100%\" \/>\n<h4 style=\"text-align: center\"><strong>RESUMO<\/strong><\/h4>\n<p style=\"text-align: justify\">As plantas, em especial as plantas medicinais e arom\u00e1ticas, podem apresentar altera\u00e7\u00f5es bioqu\u00edmicas e fisiol\u00f3gicas, capazes de afetar a s\u00edntese dos princ\u00edpios ativos, tanto quantitativa como qualitativamente. Os \u00f3leos essenciais s\u00e3o compostos provenientes do metabolismo secund\u00e1rio e apresentam diferentes fun\u00e7\u00f5es. Fatores end\u00f3genos ou ex\u00f3genos, como variabilidade gen\u00e9tica entre os indiv\u00edduos, o est\u00e1dio fenol\u00f3gico, a intera\u00e7\u00e3o com outras esp\u00e9cies, a \u00e9poca de colheita, o tempo de secagem entre outros, podem alterar a sua composi\u00e7\u00e3o e o seu teor.\u00a0<em>Hedyosmum brasiliense<\/em>\u00a0Mart. ex Miq. \u00e9 um arbusto ou arvoreta que varia de 2,9 a 7 m de altura, distribu\u00eddo por toda regi\u00e3o central e sul do Brasil, e tamb\u00e9m no leste do Paraguai. \u00a0Suas folhas s\u00e3o utilizadas na medicina popular para enxaqueca, dores de est\u00f4mago, disfun\u00e7\u00f5es do ov\u00e1rio, frieira, reumatismo, como t\u00f4nico e afrodis\u00edaco, por\u00e9m, somente as propriedades analg\u00e9sicas e anticoagulantes foram comprovadas. Considerando o extrativismo e a poss\u00edvel extin\u00e7\u00e3o de esp\u00e9cies da flora tropical em condi\u00e7\u00f5es naturais, o objetivo deste trabalho foi ampliar o conhecimento sobre a composi\u00e7\u00e3o qu\u00edmica e o teor dos \u00f3leos essenciais de folhas frescas e secas de\u00a0<em>H. brasiliense<\/em>, provenientes de duas forma\u00e7\u00f5es distintas de Mata Atl\u00e2ntica (Serra do Mar e da Mantiqueira), em diferentes \u00e9pocas do ano e avaliar suas atividades antif\u00fangica, antibacteriana e anticolinester\u00e1sica. Os \u00f3leos de folhas frescas e secas dos quatro indiv\u00edduos demarcados em cada local foram obtidos por hidrodestila\u00e7\u00e3o e analisados por CG\/EM. A atividade antif\u00fangica foi realizada pelo m\u00e9todo de bioautografia direta com os fungos filamentosos<em>\u00a0Cladosporium cladosporioides<\/em>\u00a0e\u00a0<em>C. sphaerospermum.<\/em>\u00a0A avalia\u00e7\u00e3o da atividade contraos microorganismos\u00a0<em>Candida albicans<\/em>,\u00a0<em>Staphylococcus aureus<\/em>,\u00a0<em>Escherichia coli<\/em>\u00a0e<em>Pseudomonas aeruginosa<\/em>\u00a0foi realizada pelo m\u00e9todo da microdilui\u00e7\u00e3o<em>.<\/em>\u00a0A atividade anticolinester\u00e1sica foi avaliada por ensaio colorim\u00e9trico em microplaca. Os rendimentos de \u00f3leos de folhas secas foram sempre superiores aos de folhas frescas, e em rela\u00e7\u00e3o aos diferentes locais, \u00f3leos de folhas de Paranapiacaba tiveram maior rendimento que os de folhas de Pindamonhangaba. Dentre os \u00f3leos dos indiv\u00edduos de Paranapiacaba houve predomin\u00e2ncia de compostos monoterp\u00eanicos, em contrapartida, \u00f3leos provenientes de folhas dos indiv\u00edduos de Pindamonhangaba apresentaram maiores teores de sesquiterpenos. A secagem das folhas alterou o teor dos compostos majorit\u00e1rios. Em Paranapiacaba, os \u00f3leos obtidos de folhas frescas apresentaram como constituintes majorit\u00e1rios: sabineno, (<em>Z<\/em>)-\u03b2-guaieno, (<em>E<\/em>)-\u03b3-bisaboleno, pinocarvona e metil eugenol (este \u00faltimo apenas para o indiv\u00edduo 2). Em Pindamonhangaba, os \u00f3leos extra\u00eddos de folhas frescas apresentaram os mesmos constituintes majorit\u00e1rios, com exce\u00e7\u00e3o de metil eugenol e do (<em>E<\/em>)-\u03b3-bisaboleno (presente apenas no indiv\u00edduo 3), al\u00e9m do \u03b3-muuroleno. Os \u00f3leos de folhas secas apresentaram componentes majorit\u00e1rios semelhantes em ambos os locais: espatulenol, santalona e sabineno. Os \u00f3leos obtidos de folhas frescas e secas de ambos os locais apresentaram atividade de fraca a forte contra os fungos filamentosos. \u00d3leos de folhas secas de ambos os locais apresentaram atividade antimicrobiana forte: com inibi\u00e7\u00e3o de at\u00e9 100% para\u00a0<em>S. aureus<\/em>,\u00a0<em>C. albicans<\/em>,\u00a0<em>E. coli<\/em>\u00a0e\u00a0<em>P. aeruginosa<\/em>. Os \u00f3leos de folhas frescas foram mais efetivos contra os dois primeiros microorganismos. Com rela\u00e7\u00e3o \u00e0 atividade anticolinester\u00e1sica, os melhores resultados foram obtidos para os \u00f3leos extra\u00eddos de folhas secas coletadas em Pindamonhangaba durante a primavera. Os resultados permitem concluir que a secagem, a gen\u00e9tica e a localiza\u00e7\u00e3o geogr\u00e1fica dos indiv\u00edduos foram os fatores que tiveram maior influ\u00eancia na varia\u00e7\u00e3o do teor e composi\u00e7\u00e3o dos \u00f3leos essenciais de\u00a0<em>Hedyosmum brasiliense<\/em>.<\/p>\n<p style=\"text-align: justify\"><strong>Palavras-chave:<\/strong>\u00a01. \u00d3leos essenciais. 2. Chloranthaceae.\u00a0 3.Hedyosmum.<\/p>\n<hr align=\"center\" noshade=\"noshade\" size=\"1\" width=\"100%\" \/>\n<p style=\"text-align: center\"><a href=\"https:\/\/smastr16.blob.core.windows.net\/pgibt\/2013\/09\/pdf_grande.gif\"><img decoding=\"async\" loading=\"lazy\" class=\"aligncenter size-full wp-image-2313\" style=\"border: 0px\" alt=\"pdf_grande\" src=\"https:\/\/smastr16.blob.core.windows.net\/pgibt\/2013\/09\/pdf_grande.gif\" width=\"60\" height=\"60\" \/><\/a><a href=\"https:\/\/smastr16.blob.core.windows.net\/pgibt\/2013\/09\/Denise_Lopes_Resende_Vido_MS.pdf\" target=\"_blank\">Denise Lopes Resende Vido<br \/>\nCompara\u00e7\u00e3o da composi\u00e7\u00e3o qu\u00edmica e das atividades biol\u00f3gicas dos \u00f3leos essenciais de folhas de<br \/>\npopula\u00e7\u00f5es de <em>Hedyosmum brasiliense<\/em> Mart. ex Miq. provenientes da Serra do Mar e da Serra da Mantiqueira (Mata Atl\u00e2ntica)<\/a><\/p>\n<hr align=\"center\" noshade=\"noshade\" size=\"1\" width=\"100%\" \/>\n<p style=\"text-align: center\"><strong>\u00a0<a href=\"https:\/\/www.infraestruturameioambiente.sp.gov.br\/pgibt\/dissertacoesteses\/\">VOLTAR AS DISSERTA\u00c7\u00d5ES E TESES<\/a><\/strong><\/p>\n<hr align=\"center\" noshade=\"noshade\" size=\"1\" width=\"100%\" \/>\n","protected":false},"excerpt":{"rendered":"<p>Denise Lopes Resende Vido No dia 27 de agosto de 2009, a aluna Denise Lopes Resende Vido defendeu a sua disserta\u00e7\u00e3o de mestrado no Instituto de Bot\u00e2nica intitulada \u201cCompara\u00e7\u00e3o da composi\u00e7\u00e3o qu\u00edmica e das atividades biol\u00f3gicas dos \u00f3leos essenciais de folhas de popula\u00e7\u00f5es de\u00a0Hedyosmum brasiliense\u00a0Mart. ex Miq. provenientes da Serra do Mar\u00a0e da Serra da [&hellip;]<\/p>\n","protected":false},"author":1,"featured_media":0,"parent":249,"menu_order":0,"comment_status":"closed","ping_status":"open","template":"fullpage.php","meta":[],"_links":{"self":[{"href":"https:\/\/www.infraestruturameioambiente.sp.gov.br\/pgibt\/wp-json\/wp\/v2\/pages\/1511"}],"collection":[{"href":"https:\/\/www.infraestruturameioambiente.sp.gov.br\/pgibt\/wp-json\/wp\/v2\/pages"}],"about":[{"href":"https:\/\/www.infraestruturameioambiente.sp.gov.br\/pgibt\/wp-json\/wp\/v2\/types\/page"}],"author":[{"embeddable":true,"href":"https:\/\/www.infraestruturameioambiente.sp.gov.br\/pgibt\/wp-json\/wp\/v2\/users\/1"}],"replies":[{"embeddable":true,"href":"https:\/\/www.infraestruturameioambiente.sp.gov.br\/pgibt\/wp-json\/wp\/v2\/comments?post=1511"}],"version-history":[{"count":0,"href":"https:\/\/www.infraestruturameioambiente.sp.gov.br\/pgibt\/wp-json\/wp\/v2\/pages\/1511\/revisions"}],"up":[{"embeddable":true,"href":"https:\/\/www.infraestruturameioambiente.sp.gov.br\/pgibt\/wp-json\/wp\/v2\/pages\/249"}],"wp:attachment":[{"href":"https:\/\/www.infraestruturameioambiente.sp.gov.br\/pgibt\/wp-json\/wp\/v2\/media?parent=1511"}],"curies":[{"name":"wp","href":"https:\/\/api.w.org\/{rel}","templated":true}]}}