{"id":1502,"date":"2009-09-20T16:18:44","date_gmt":"2009-09-20T19:18:44","guid":{"rendered":"https:\/\/www.infraestruturameioambiente.sp.gov.br\/pgibt\/?page_id=1502"},"modified":"2009-09-20T16:18:44","modified_gmt":"2009-09-20T19:18:44","slug":"2009-denilson-fernandes","status":"publish","type":"page","link":"https:\/\/www.infraestruturameioambiente.sp.gov.br\/pgibt\/dissertacoesteses\/2009-denilson-fernandes\/","title":{"rendered":"Denilson Fernandes Peralta DR"},"content":{"rendered":"<h2 style=\"text-align: center\"><a href=\"https:\/\/smastr16.blob.core.windows.net\/pgibt\/2015\/02\/faixapos6.jpg\"><img decoding=\"async\" loading=\"lazy\" class=\"aligncenter size-full wp-image-3777\" style=\"border: 0px\" alt=\"faixapos6\" src=\"https:\/\/smastr16.blob.core.windows.net\/pgibt\/2015\/02\/faixapos6.jpg\" width=\"950\" height=\"163\" srcset=\"https:\/\/smastr16.blob.core.windows.net\/pgibt\/2015\/02\/faixapos6.jpg 950w, https:\/\/smastr16.blob.core.windows.net\/pgibt\/2015\/02\/faixapos6-768x131.jpg 768w\" sizes=\"(max-width: 950px) 100vw, 950px\" \/><\/a><\/h2>\n<hr align=\"center\" noshade=\"noshade\" size=\"1\" width=\"100%\" \/>\n<h2 style=\"text-align: center\"><span style=\"color: #003300\">Denilson Fernandes Peralta\u00a0<\/span><\/h2>\n<hr align=\"center\" noshade=\"noshade\" size=\"1\" width=\"100%\" \/>\n<p>&nbsp;<\/p>\n<hr align=\"center\" noshade=\"noshade\" size=\"1\" width=\"100%\" \/>\n<h3 style=\"text-align: center\">Polytrichaceae (Polytrichales, Bryophyta) do Brasil<\/h3>\n<hr align=\"center\" noshade=\"noshade\" size=\"1\" width=\"100%\" \/>\n<h4 style=\"text-align: center\"><strong>RESUMO<\/strong><\/h4>\n<p style=\"text-align: justify\">(Polytrichaceae (Polytrichales, Bryophyta) do Brasil). Polytrichaceae \u00e9 caracterizada por gamet\u00f3fitos tipicamente robustos, di\u00f3icos ou aut\u00f3icos, camada central de estere\u00eddeos caulinar presente, fil\u00eddios costados, freq\u00fcentemente com lamela ventral sobre a costa, c\u00e1psula operculada, seta presente e perist\u00f4mio nematodont\u00f3ide. Esta \u00e9 a \u00fanica fam\u00edlia de Polytrichales e juntamente com Tetraphidales formam a classe Polytrichopsida. Para este estudo foram utilizadas amostras coletadas em campo, materiais-tipo e exsicatas depositadas em herb\u00e1rios. Foram encontrados sete g\u00eaneros e 14 esp\u00e9cies de Polytrichaceae:<em>\u00a0Atrichum<\/em>\u00a0<em>androgynum<\/em>\u00a0(M\u00fcll. Hal.) A. Jaeger,\u00a0<em>Itatiella<\/em>\u00a0<em>ulei<\/em>(Broth. ex M\u00fcll. Hal.) G.L. Smith,\u00a0<em>Notoligotrichum minimum<\/em>\u00a0(Cardot) G.L. Smith,<em>\u00a0Oligotrichum\u00a0<\/em>sp. nov.,\u00a0<em>O. canaliculatum<\/em>\u00a0(J.D. Hook. &amp; Arnott) Mitt.,\u00a0<em>O. denudatum<\/em>\u00a0Merrill,\u00a0<em>O.<\/em>\u00a0<em>riedelianum<\/em>\u00a0(Mont.) Mitt.,\u00a0<em>Pogonatum<\/em>\u00a0<em>campylocarpum<\/em>\u00a0(M\u00fcll. Hal.) Mitt.,\u00a0<em>P. pensilvanicum<\/em>\u00a0(Hedw.) P. Beauv.,\u00a0<em>P. perichaetiale<\/em>\u00a0(Mont.) A. Jaeger subsp.\u00a0<em>oligodus<\/em>\u00a0(Kunze ex M\u00fcll. Hal.) Hyv\u00f6nen,\u00a0<em>Polytrichadelphus<\/em>\u00a0<em>pseudopolytrichum<\/em>\u00a0(Raddi) G.L. Smith, \u00a0<em>Polytrichum<\/em>\u00a0<em>angustifolium<\/em>\u00a0Mitt.,\u00a0<em>P.<\/em>\u00a0<em>commune<\/em>\u00a0Hedw. e\u00a0<em>P.<\/em>\u00a0<em>juniperinum<\/em>\u00a0Hedw. Est\u00e1 sendo proposta uma nova esp\u00e9cie no g\u00eanero\u00a0<em>Oligotrichum<\/em>\u00a0D.C.,\u00a0<em>Oligotrichum canaliculatum<\/em>\u00a0(J.D. Hook. &amp; Arnott) Mitt. est\u00e1 sendo citada pela primeira vez para o Brasil.<em>Polytrichadelphus organensis\u00a0<\/em>Herzog est\u00e1 sendo sinonimizado para\u00a0<em>Polytrichum juniperinum<\/em>\u00a0Hedw.,\u00a0<em>Polytrichum brasiliense<\/em>\u00a0Hampe para\u00a0<em>P. angustifolium<\/em>\u00a0Mitt. e\u00a0<em>P. subremotifolium<\/em>\u00a0Geh. &amp; Hampe para\u00a0<em>P. commune<\/em>\u00a0Hedw. Est\u00e3o sendo designados lect\u00f3tipos para 12 t\u00e1xons brasileiros de Polytrichaceae. Foi confirmada a ocorr\u00eancia de\u00a0<em>Notoligotrichum minimum<\/em>\u00a0(Cardot) G.L. Smith no Brasil. Est\u00e3o sendo apresentadas chaves, descri\u00e7\u00f5es, ilustra\u00e7\u00f5es e discuss\u00f5es sobre a distribui\u00e7\u00e3o geogr\u00e1fica.<\/p>\n<p><strong>Palavras-chave:<\/strong>\u00a0Polytrichaceae, Brasil, Bryophyta, taxonomia<\/p>\n<hr align=\"center\" noshade=\"noshade\" size=\"1\" width=\"100%\" \/>\n<p style=\"text-align: center\"><a href=\"https:\/\/smastr16.blob.core.windows.net\/pgibt\/2013\/09\/pdf_grande.gif\"><img decoding=\"async\" loading=\"lazy\" class=\"aligncenter size-full wp-image-2313\" style=\"border: 0px\" alt=\"pdf_grande\" src=\"https:\/\/smastr16.blob.core.windows.net\/pgibt\/2013\/09\/pdf_grande.gif\" width=\"60\" height=\"60\" \/><\/a><a href=\"https:\/\/smastr16.blob.core.windows.net\/pgibt\/2013\/09\/Denilson_Fernandes_Peralta_DR.pdf\" target=\"_blank\">Denilson Fernandes Peralta<br \/>\nPolytrichaceae (Polytrichales, Bryophyta) do Brasil<\/a><\/p>\n<hr align=\"center\" noshade=\"noshade\" size=\"1\" width=\"100%\" \/>\n<p style=\"text-align: center\"><strong>\u00a0<a href=\"https:\/\/www.infraestruturameioambiente.sp.gov.br\/pgibt\/dissertacoesteses\/\">VOLTAR AS DISSERTA\u00c7\u00d5ES E TESES<\/a><\/strong><\/p>\n<hr align=\"center\" noshade=\"noshade\" size=\"1\" width=\"100%\" \/>\n","protected":false},"excerpt":{"rendered":"<p>Denilson Fernandes Peralta\u00a0 &nbsp; Polytrichaceae (Polytrichales, Bryophyta) do Brasil RESUMO (Polytrichaceae (Polytrichales, Bryophyta) do Brasil). Polytrichaceae \u00e9 caracterizada por gamet\u00f3fitos tipicamente robustos, di\u00f3icos ou aut\u00f3icos, camada central de estere\u00eddeos caulinar presente, fil\u00eddios costados, freq\u00fcentemente com lamela ventral sobre a costa, c\u00e1psula operculada, seta presente e perist\u00f4mio nematodont\u00f3ide. Esta \u00e9 a \u00fanica fam\u00edlia de Polytrichales e [&hellip;]<\/p>\n","protected":false},"author":1,"featured_media":0,"parent":249,"menu_order":0,"comment_status":"closed","ping_status":"open","template":"fullpage.php","meta":[],"_links":{"self":[{"href":"https:\/\/www.infraestruturameioambiente.sp.gov.br\/pgibt\/wp-json\/wp\/v2\/pages\/1502"}],"collection":[{"href":"https:\/\/www.infraestruturameioambiente.sp.gov.br\/pgibt\/wp-json\/wp\/v2\/pages"}],"about":[{"href":"https:\/\/www.infraestruturameioambiente.sp.gov.br\/pgibt\/wp-json\/wp\/v2\/types\/page"}],"author":[{"embeddable":true,"href":"https:\/\/www.infraestruturameioambiente.sp.gov.br\/pgibt\/wp-json\/wp\/v2\/users\/1"}],"replies":[{"embeddable":true,"href":"https:\/\/www.infraestruturameioambiente.sp.gov.br\/pgibt\/wp-json\/wp\/v2\/comments?post=1502"}],"version-history":[{"count":0,"href":"https:\/\/www.infraestruturameioambiente.sp.gov.br\/pgibt\/wp-json\/wp\/v2\/pages\/1502\/revisions"}],"up":[{"embeddable":true,"href":"https:\/\/www.infraestruturameioambiente.sp.gov.br\/pgibt\/wp-json\/wp\/v2\/pages\/249"}],"wp:attachment":[{"href":"https:\/\/www.infraestruturameioambiente.sp.gov.br\/pgibt\/wp-json\/wp\/v2\/media?parent=1502"}],"curies":[{"name":"wp","href":"https:\/\/api.w.org\/{rel}","templated":true}]}}