{"id":149,"date":"2013-04-12T16:56:48","date_gmt":"2013-04-12T19:56:48","guid":{"rendered":"https:\/\/www.infraestruturameioambiente.sp.gov.br\/pgibt\/?page_id=149"},"modified":"2024-09-19T08:39:29","modified_gmt":"2024-09-19T11:39:29","slug":"defesa-de-tese","status":"publish","type":"page","link":"https:\/\/www.infraestruturameioambiente.sp.gov.br\/pgibt\/doutorado\/defesa-de-tese\/","title":{"rendered":"Defesa de Tese"},"content":{"rendered":"<h5><strong>DOCUMENTOS EXIGIDOS<\/strong><\/h5>\n<ul>\n<li>\n<p class=\"x_elementToProof\" data-ogsb=\"white\"><span data-ogsc=\"black\">Enviar para o e-mail da Secretaria da PG (<a id=\"LPlnkOWA625868b6-36a9-8b08-454c-d70d99bcda90\" class=\"x_OWAAutoLink\" href=\"mailto:ipa.posgraduacao@sp.gov.br\" data-loopstyle=\"linkonly\" data-linkindex=\"0\" data-ogsc=\"\">ipa.posgraduacao@sp.gov.br<\/a>), arquivo em PDF da tese juntamente com of\u00edcio de encaminhamento assinado pelo orientador. Fica sob a responsabilidade do orientador e aluno enviar o mesmo arquivo aos membros da banca.<\/span><\/p>\n<\/li>\n<li>\n<p class=\"x_elementToProof\" data-ogsb=\"white\"><span data-ogsc=\"black\">Solicita\u00e7\u00e3o e sugest\u00f5es de composi\u00e7\u00e3o da Banca de Defesa devem ser feitos via SISPG, at\u00e9 dois dias \u00fateis antes da Reuni\u00e3o do Conselho do m\u00eas anterior \u00e0 Defesa.<\/span><\/p>\n<\/li>\n<\/ul>\n<hr style=\"clear: both\" \/>\n<h3><strong>PDF \u00a0<\/strong><a href=\"https:\/\/smastr16.blob.core.windows.net\/pgibt\/sites\/242\/2024\/04\/regulamento_defesa_dissertacao_tese_2024.pdf\">REGULAMENTO\u00a0&#8211; Defesa de Tese<\/a><\/h3>\n<hr style=\"clear: both\" \/>\n<h3>DOC \u00a0<a href=\"https:\/\/smastr16.blob.core.windows.net\/pgibt\/sites\/242\/2024\/09\/capa_tese-2024.doc\">NORMAS\u00a0&#8211; Exemplar Final<\/a><\/h3>\n<hr style=\"clear: both\" \/>\n","protected":false},"excerpt":{"rendered":"<p>DOCUMENTOS EXIGIDOS Enviar para o e-mail da Secretaria da PG (ipa.posgraduacao@sp.gov.br), arquivo em PDF da tese juntamente com of\u00edcio de encaminhamento assinado pelo orientador. Fica sob a responsabilidade do orientador e aluno enviar o mesmo arquivo aos membros da banca. Solicita\u00e7\u00e3o e sugest\u00f5es de composi\u00e7\u00e3o da Banca de Defesa devem ser feitos via SISPG, at\u00e9 [&hellip;]<\/p>\n","protected":false},"author":1,"featured_media":0,"parent":126,"menu_order":4,"comment_status":"closed","ping_status":"open","template":"","meta":[],"_links":{"self":[{"href":"https:\/\/www.infraestruturameioambiente.sp.gov.br\/pgibt\/wp-json\/wp\/v2\/pages\/149"}],"collection":[{"href":"https:\/\/www.infraestruturameioambiente.sp.gov.br\/pgibt\/wp-json\/wp\/v2\/pages"}],"about":[{"href":"https:\/\/www.infraestruturameioambiente.sp.gov.br\/pgibt\/wp-json\/wp\/v2\/types\/page"}],"author":[{"embeddable":true,"href":"https:\/\/www.infraestruturameioambiente.sp.gov.br\/pgibt\/wp-json\/wp\/v2\/users\/1"}],"replies":[{"embeddable":true,"href":"https:\/\/www.infraestruturameioambiente.sp.gov.br\/pgibt\/wp-json\/wp\/v2\/comments?post=149"}],"version-history":[{"count":16,"href":"https:\/\/www.infraestruturameioambiente.sp.gov.br\/pgibt\/wp-json\/wp\/v2\/pages\/149\/revisions"}],"predecessor-version":[{"id":9370,"href":"https:\/\/www.infraestruturameioambiente.sp.gov.br\/pgibt\/wp-json\/wp\/v2\/pages\/149\/revisions\/9370"}],"up":[{"embeddable":true,"href":"https:\/\/www.infraestruturameioambiente.sp.gov.br\/pgibt\/wp-json\/wp\/v2\/pages\/126"}],"wp:attachment":[{"href":"https:\/\/www.infraestruturameioambiente.sp.gov.br\/pgibt\/wp-json\/wp\/v2\/media?parent=149"}],"curies":[{"name":"wp","href":"https:\/\/api.w.org\/{rel}","templated":true}]}}