{"id":1469,"date":"2009-02-26T15:32:29","date_gmt":"2009-02-26T18:32:29","guid":{"rendered":"https:\/\/www.infraestruturameioambiente.sp.gov.br\/pgibt\/?page_id=1469"},"modified":"2009-02-26T15:32:29","modified_gmt":"2009-02-26T18:32:29","slug":"2009-cristina-palopoli","status":"publish","type":"page","link":"https:\/\/www.infraestruturameioambiente.sp.gov.br\/pgibt\/dissertacoesteses\/2009-cristina-palopoli\/","title":{"rendered":"Cristina Pal\u00f3poli Davison MS"},"content":{"rendered":"<h2 style=\"text-align: center\"><a href=\"https:\/\/smastr16.blob.core.windows.net\/pgibt\/2015\/02\/faixapos6.jpg\"><img decoding=\"async\" loading=\"lazy\" class=\"aligncenter size-full wp-image-3777\" style=\"border: 0px\" alt=\"faixapos6\" src=\"https:\/\/smastr16.blob.core.windows.net\/pgibt\/2015\/02\/faixapos6.jpg\" width=\"950\" height=\"163\" srcset=\"https:\/\/smastr16.blob.core.windows.net\/pgibt\/2015\/02\/faixapos6.jpg 950w, https:\/\/smastr16.blob.core.windows.net\/pgibt\/2015\/02\/faixapos6-768x131.jpg 768w\" sizes=\"(max-width: 950px) 100vw, 950px\" \/><\/a><\/h2>\n<hr align=\"center\" noshade=\"noshade\" size=\"1\" width=\"100%\" \/>\n<h2 style=\"text-align: center\"><span style=\"color: #003300\">Cristina Pal\u00f3poli Davison<\/span><\/h2>\n<hr align=\"center\" noshade=\"noshade\" size=\"1\" width=\"100%\" \/>\n<p style=\"text-align: center\">No dia 26 de fevereiro de 2009, a aluna do Programa de P\u00f3s-Gradua\u00e7\u00e3o em Biodiversidade Vegetal e Meio Ambiente do Instituto de Bot\u00e2nica,<br \/>\nCristina Pal\u00f3poli Davison, defendeu sua disserta\u00e7\u00e3o de mestrado intitulada<br \/>\n&#8220;Estrutura de clareiras e a presen\u00e7a de bambus em um fragmento de Floresta Atl\u00e2ntica, SP, Brasil&#8221;.<\/p>\n<p style=\"text-align: center\">A banca examinadora foi composta pelo Dr. Eduardo Pereira Cabral Gomes (Orientador e Presidente \/ IBt),<br \/>\nDra. Maria Margarida da Rocha Fiuza de Melo (IBt) e Dra. Natalia Macedo Ivanauskas (IF).<\/p>\n<hr align=\"center\" noshade=\"noshade\" size=\"1\" width=\"100%\" \/>\n<h3 style=\"text-align: center\">Estrutura de clareiras e a presen\u00e7a de bambus em um fragmento de Floresta Atl\u00e2ntica, SP, Brasil<\/h3>\n<hr align=\"center\" noshade=\"noshade\" size=\"1\" width=\"100%\" \/>\n<h4 style=\"text-align: center\"><strong>RESUMO<\/strong><\/h4>\n<p style=\"text-align: justify\">A import\u00e2ncia das clareiras na manuten\u00e7\u00e3o dos processos de regenera\u00e7\u00e3o florestal \u00e9 objeto do presente estudo, que avalia a estrutura das clareiras e seus aspectos flor\u00edsticos em rela\u00e7\u00e3o \u00e0 presen\u00e7a de bambus, que podem representar uma amea\u00e7a \u00e0 regenera\u00e7\u00e3o florestal e, consequentemente, \u00e0 conserva\u00e7\u00e3o da biodiversidade. Neste estudo pretende-se verificar se a diversidade nas clareiras \u00e9 maior do que no sub-bosque da floresta madura e se h\u00e1 rela\u00e7\u00e3o entre as caracter\u00edsticas estruturais e flor\u00edsticas das clareiras e a domin\u00e2ncia de bambus. O levantamento da vegeta\u00e7\u00e3o considerou todos os indiv\u00edduos com altura &gt; 1,3 m existentes em dez transe\u00e7\u00f5es de 1 x 50 m na floresta madura e em 21 clareiras. Os locais apresentaram composi\u00e7\u00e3o de esp\u00e9cies semelhantes, principalmente em rela\u00e7\u00e3o \u00e0s clareiras pequenas. Os resultados evidenciaram a presen\u00e7a de bambus preferencialmente em clareiras grandes.<\/p>\n<hr align=\"center\" noshade=\"noshade\" size=\"1\" width=\"100%\" \/>\n<p style=\"text-align: center\"><a href=\"https:\/\/smastr16.blob.core.windows.net\/pgibt\/2013\/09\/pdf_grande.gif\"><img decoding=\"async\" loading=\"lazy\" class=\"aligncenter size-full wp-image-2313\" style=\"border: 0px\" alt=\"pdf_grande\" src=\"https:\/\/smastr16.blob.core.windows.net\/pgibt\/2013\/09\/pdf_grande.gif\" width=\"60\" height=\"60\" \/><\/a><a href=\"https:\/\/smastr16.blob.core.windows.net\/pgibt\/2013\/09\/Cristina_Palopoli_Davison_MS.pdf\" target=\"_blank\">Cristina Pal\u00f3poli Davison<br \/>\nEstrutura de clareiras e a presen\u00e7a de bambus em um fragmento de Floresta Atl\u00e2ntica, SP, Brasil<\/a><\/p>\n<hr align=\"center\" noshade=\"noshade\" size=\"1\" width=\"100%\" \/>\n<p style=\"text-align: center\"><strong>\u00a0<a href=\"https:\/\/www.infraestruturameioambiente.sp.gov.br\/pgibt\/dissertacoesteses\/\">VOLTAR AS DISSERTA\u00c7\u00d5ES E TESES<\/a><\/strong><\/p>\n<hr align=\"center\" noshade=\"noshade\" size=\"1\" width=\"100%\" \/>\n","protected":false},"excerpt":{"rendered":"<p>Cristina Pal\u00f3poli Davison No dia 26 de fevereiro de 2009, a aluna do Programa de P\u00f3s-Gradua\u00e7\u00e3o em Biodiversidade Vegetal e Meio Ambiente do Instituto de Bot\u00e2nica, Cristina Pal\u00f3poli Davison, defendeu sua disserta\u00e7\u00e3o de mestrado intitulada &#8220;Estrutura de clareiras e a presen\u00e7a de bambus em um fragmento de Floresta Atl\u00e2ntica, SP, Brasil&#8221;. A banca examinadora foi [&hellip;]<\/p>\n","protected":false},"author":1,"featured_media":0,"parent":249,"menu_order":0,"comment_status":"closed","ping_status":"open","template":"fullpage.php","meta":[],"_links":{"self":[{"href":"https:\/\/www.infraestruturameioambiente.sp.gov.br\/pgibt\/wp-json\/wp\/v2\/pages\/1469"}],"collection":[{"href":"https:\/\/www.infraestruturameioambiente.sp.gov.br\/pgibt\/wp-json\/wp\/v2\/pages"}],"about":[{"href":"https:\/\/www.infraestruturameioambiente.sp.gov.br\/pgibt\/wp-json\/wp\/v2\/types\/page"}],"author":[{"embeddable":true,"href":"https:\/\/www.infraestruturameioambiente.sp.gov.br\/pgibt\/wp-json\/wp\/v2\/users\/1"}],"replies":[{"embeddable":true,"href":"https:\/\/www.infraestruturameioambiente.sp.gov.br\/pgibt\/wp-json\/wp\/v2\/comments?post=1469"}],"version-history":[{"count":0,"href":"https:\/\/www.infraestruturameioambiente.sp.gov.br\/pgibt\/wp-json\/wp\/v2\/pages\/1469\/revisions"}],"up":[{"embeddable":true,"href":"https:\/\/www.infraestruturameioambiente.sp.gov.br\/pgibt\/wp-json\/wp\/v2\/pages\/249"}],"wp:attachment":[{"href":"https:\/\/www.infraestruturameioambiente.sp.gov.br\/pgibt\/wp-json\/wp\/v2\/media?parent=1469"}],"curies":[{"name":"wp","href":"https:\/\/api.w.org\/{rel}","templated":true}]}}