{"id":1442,"date":"2013-09-20T15:28:31","date_gmt":"2013-09-20T18:28:31","guid":{"rendered":"https:\/\/www.infraestruturameioambiente.sp.gov.br\/pgibt\/?page_id=1442"},"modified":"2013-09-20T15:28:31","modified_gmt":"2013-09-20T18:28:31","slug":"2009-angela-maria","status":"publish","type":"page","link":"https:\/\/www.infraestruturameioambiente.sp.gov.br\/pgibt\/dissertacoesteses\/2009-angela-maria\/","title":{"rendered":"Angela Maria da Silva Corr\u00eaa Pando MS"},"content":{"rendered":"<h2 style=\"text-align: center\"><a href=\"https:\/\/smastr16.blob.core.windows.net\/pgibt\/2015\/02\/faixapos6.jpg\"><img decoding=\"async\" loading=\"lazy\" class=\"aligncenter size-full wp-image-3777\" style=\"border: 0px\" alt=\"faixapos6\" src=\"https:\/\/smastr16.blob.core.windows.net\/pgibt\/2015\/02\/faixapos6.jpg\" width=\"950\" height=\"163\" srcset=\"https:\/\/smastr16.blob.core.windows.net\/pgibt\/2015\/02\/faixapos6.jpg 950w, https:\/\/smastr16.blob.core.windows.net\/pgibt\/2015\/02\/faixapos6-768x131.jpg 768w\" sizes=\"(max-width: 950px) 100vw, 950px\" \/><\/a><\/h2>\n<hr align=\"center\" noshade=\"noshade\" size=\"1\" width=\"100%\" \/>\n<h2 style=\"text-align: center\"><span style=\"color: #003300\">Angela Maria da Silva Corr\u00eaa Pando<\/span><\/h2>\n<hr align=\"center\" noshade=\"noshade\" size=\"1\" width=\"100%\" \/>\n<p align=\"center\">No dia 16 de fevereiro de 2009, a aluna Angela Maria da Silva Corr\u00eaa Pando do Programa de P\u00f3s-Gradua\u00e7\u00e3o em Biodiversidade Vegetal<br \/>\ne Meio Ambiente, defendeu sua Disserta\u00e7\u00e3o de Mestrado intitulada<br \/>\n\u201cPalinotaxonomia de\u00a0<em>Pavonia<\/em>\u00a0Cav. (Malvoideae-Malvaceae\u00a0<em>s.l.<\/em>) com \u00eanfase nas esp\u00e9cies ocorrentes nas regi\u00f5es Nordeste e Sudeste do Brasil\u201d.<\/p>\n<p align=\"center\">A banca examinadora foi composta por sua orientadora Dra. Maria Am\u00e9lia Vitorino da Cruz-Barros,<br \/>\nDr. Paulo Eduardo de Oliveira e Dra. Ros\u00e2ngela Sim\u00e3o Bianchini.<\/p>\n<div id=\"attachment_1459\" style=\"width: 260px\" class=\"wp-caption aligncenter\"><a href=\"https:\/\/smastr16.blob.core.windows.net\/pgibt\/2013\/09\/angela1.jpg\"><img aria-describedby=\"caption-attachment-1459\" decoding=\"async\" loading=\"lazy\" class=\" wp-image-1459   \" alt=\"Dr. Paulo de Oliveira, Angela Corr\u00eaa, Dra. Maria Am\u00e9lia,  Dra. Ros\u00e2ngela Bianchini e Dra. Gerleni Esteves.\" src=\"https:\/\/smastr16.blob.core.windows.net\/pgibt\/2013\/09\/angela1-150x150.jpg\" width=\"250\" height=\"250\" \/><\/a><p id=\"caption-attachment-1459\" class=\"wp-caption-text\">Dr. Paulo de Oliveira, Angela Corr\u00eaa, Dra. Maria Am\u00e9lia,<br \/>Dra. Ros\u00e2ngela Bianchini e Dra. Gerleni Esteves.<\/p><\/div>\n<hr align=\"center\" noshade=\"noshade\" size=\"1\" width=\"100%\" \/>\n<h3 style=\"text-align: center\">Palinotaxonomia de\u00a0<em>Pavonia<\/em>\u00a0Cav. (Malvoideae-Malvaceae\u00a0<em>s.l.<\/em>) com \u00eanfase nas esp\u00e9cies ocorrentes<br \/>\nnas regi\u00f5es Nordeste e Sudeste do Brasil<\/h3>\n<hr align=\"center\" noshade=\"noshade\" size=\"1\" width=\"100%\" \/>\n<h4 style=\"text-align: center\"><strong>RESUMO<\/strong><\/h4>\n<p style=\"text-align: justify\">Foram estudados os gr\u00e3os de p\u00f3len de 26 esp\u00e9cies de\u00a0<em>Pavonia<\/em>\u00a0Cav. representantes dos subg\u00eaneros\u00a0<em>Goetheoides\u00a0<\/em>(6 ssp.),\u00a0<em>Pavonia<\/em>(15 ssp.) e\u00a0<em>Typhalea<\/em>\u00a0(5 ssp). ocorrentes nas regi\u00f5es Nordeste e Sudeste do Brasil. Os materiais pol\u00ednicos foram retirados de exsicatas depositados nos herb\u00e1rios SP, SPF, UB, HUEFS e RB. Os gr\u00e3os de p\u00f3len foram acetolisados, medidos e fotografados sob microscopia \u00f3ptica e, em alguns casos, sob microscopia eletr\u00f4nica de varrredura. As medidas receberam tratamento estat\u00edstico, de acordo com a amostra. Os dados quantitativos foram, tamb\u00e9m ordenados atrav\u00e9s da PCA, visando avaliar se estes permitiriam a delimita\u00e7\u00e3o dos t\u00e1xons. De acordo com as aberturas as esp\u00e9cies formaram dois grupos: 1. gr\u00e3os de p\u00f3len pantoporados com poros associados \u00e0 colp\u00f3ides e 2. gr\u00e3os de p\u00f3len pantoporados com poros n\u00e3o associados \u00e0 colp\u00f3ides. Dentro do primeiro grupo as esp\u00e9cies separaram-se pelo tamanho dos espinhos e pela ornamenta\u00e7\u00e3o da exina, ou seja, podem apresentar espinhos m\u00e9dios e regi\u00e3o interespinal microrreticulado-espiculada (<em>P. spinistipula<\/em>\u00a0G\u00fcrke) ou espinhos curtos e regi\u00e3o interespinal perfurado-granulado-espiculada (<em>P. calyculosa\u00a0<\/em>A. St.-Hil. &amp; Naudin,\u00a0<em>P. multiflora\u00a0<\/em>A. St.-Hil.,\u00a0<em>P. sepium\u00a0<\/em>A. St.-Hil.). No segundo grupo, as esp\u00e9cies separaram-se pela a ornamenta\u00e7\u00e3o do teto, sendo microrreticulado-espiculado em\u00a0<em>P. laxifolia<\/em>\u00a0A. St.-Hil., e perfurado-espiculado-granulado em\u00a0<em>P. almasana<\/em>Ulbr.,\u00a0<em>P. alnifolia\u00a0<\/em>A. St.-Hil.,\u00a0<em>P. castaneifolia\u00a0<\/em>A. St.-Hil. &amp; Naudin,\u00a0<em>P. crassipedicellata\u00a0<\/em>Krapov.,\u00a0<em>P. fruticosa<\/em>\u00a0(Mill.) Fawc. &amp; Rendle,\u00a0<em>P. garckeana\u00a0<\/em>G\u00fcrke,\u00a0<em>P. glazioviana<\/em>\u00a0G\u00fcrke,\u00a0<em>P. goetheoides\u00a0<\/em>(Hassl.) Fryxell,\u00a0<em>P. guerkeana\u00a0<\/em>R.E. Fr.,\u00a0<em>P. hexaphylla<\/em>\u00a0(S. Moore) Krapov.,\u00a0<em>P. macrostyla<\/em>\u00a0G\u00fcrke,\u00a0<em>P. makoyana\u00a0<\/em>E. Morren,\u00a0<em>P. malacophylla\u00a0<\/em>(Link &amp; Otto) Garke,\u00a0<em>P. malvaviscoides\u00a0<\/em>A. St.-Hil.,\u00a0<em>P. martii\u00a0<\/em>Colla,\u00a0<em>P. nemoralis<\/em>A. St.-Hil.,\u00a0<em>P. schrankii<\/em>\u00a0Spreng.,\u00a0<em>P. serrana\u00a0<\/em>G.L. Esteves,\u00a0<em>P. stellata\u00a0<\/em>(Spreng.)Spreng.\u00a0<em>P. varians\u00a0\u00a0<\/em>Moric. e\u00a0<em>P. viscosa<\/em>\u00a0A. St.-Hil. Dentro deste \u00faltimo foram utilizados para distin\u00e7\u00e3o das esp\u00e9cies, caracteres dos espinhos, tais como, tamanho, forma do \u00e1pice e presen\u00e7a ou n\u00e3o de constri\u00e7\u00e3o, espessura da exina e di\u00e2metro dos poros. Os resultados obtidos mostraram que o g\u00eanero\u00a0<em>Pavonia<\/em>\u00a0\u00e9 estenopol\u00ednico e n\u00e3o corroboraram a delimita\u00e7\u00e3o dos subg\u00eaneros proposta por Esteves em 1996, com exce\u00e7\u00e3o do subg\u00eanero\u00a0<em>Typhalea\u00a0<\/em>que se separou dos demais por apresentar os menores gr\u00e3os de p\u00f3len. Entretanto a morfologia pol\u00ednica foi significativa para a taxonomia do g\u00eanero, permitindo a separa\u00e7\u00e3o das esp\u00e9cies e a confec\u00e7\u00e3o de uma chave pol\u00ednica.<\/p>\n<p style=\"text-align: justify\"><strong>Palavras-chave:\u00a0<\/strong>p\u00f3len,\u00a0<em>Pavonia<\/em>, Malvaceae<\/p>\n<hr align=\"center\" noshade=\"noshade\" size=\"1\" width=\"100%\" \/>\n<p style=\"text-align: center\"><a href=\"https:\/\/smastr16.blob.core.windows.net\/pgibt\/2013\/09\/pdf_grande.gif\"><img decoding=\"async\" loading=\"lazy\" class=\"aligncenter size-full wp-image-2313\" style=\"border: 0px\" alt=\"pdf_grande\" src=\"https:\/\/smastr16.blob.core.windows.net\/pgibt\/2013\/09\/pdf_grande.gif\" width=\"60\" height=\"60\" \/><\/a><a href=\"https:\/\/smastr16.blob.core.windows.net\/pgibt\/2013\/09\/Angela_Maria_da_Silva_Correa_Pando_MS.pdf\" target=\"_blank\">Angela Maria da Silva Corr\u00eaa Pando<br \/>\nPalinotaxonomia de <em>Pavonia<\/em> Cav. (Malvoideae-Malvaceae s.l.) com \u00eanfase nas esp\u00e9cies ocorrentes nas regi\u00f5es Nordeste e Sudeste do Brasil.<\/a><\/p>\n<hr align=\"center\" noshade=\"noshade\" size=\"1\" width=\"100%\" \/>\n<p style=\"text-align: center\"><strong>\u00a0<a href=\"https:\/\/www.infraestruturameioambiente.sp.gov.br\/pgibt\/dissertacoesteses\/\">VOLTAR AS DISSERTA\u00c7\u00d5ES E TESES<\/a><\/strong><\/p>\n<hr align=\"center\" noshade=\"noshade\" size=\"1\" width=\"100%\" \/>\n","protected":false},"excerpt":{"rendered":"<p>Angela Maria da Silva Corr\u00eaa Pando No dia 16 de fevereiro de 2009, a aluna Angela Maria da Silva Corr\u00eaa Pando do Programa de P\u00f3s-Gradua\u00e7\u00e3o em Biodiversidade Vegetal e Meio Ambiente, defendeu sua Disserta\u00e7\u00e3o de Mestrado intitulada \u201cPalinotaxonomia de\u00a0Pavonia\u00a0Cav. (Malvoideae-Malvaceae\u00a0s.l.) com \u00eanfase nas esp\u00e9cies ocorrentes nas regi\u00f5es Nordeste e Sudeste do Brasil\u201d. A banca examinadora [&hellip;]<\/p>\n","protected":false},"author":1,"featured_media":0,"parent":249,"menu_order":0,"comment_status":"closed","ping_status":"open","template":"fullpage.php","meta":[],"_links":{"self":[{"href":"https:\/\/www.infraestruturameioambiente.sp.gov.br\/pgibt\/wp-json\/wp\/v2\/pages\/1442"}],"collection":[{"href":"https:\/\/www.infraestruturameioambiente.sp.gov.br\/pgibt\/wp-json\/wp\/v2\/pages"}],"about":[{"href":"https:\/\/www.infraestruturameioambiente.sp.gov.br\/pgibt\/wp-json\/wp\/v2\/types\/page"}],"author":[{"embeddable":true,"href":"https:\/\/www.infraestruturameioambiente.sp.gov.br\/pgibt\/wp-json\/wp\/v2\/users\/1"}],"replies":[{"embeddable":true,"href":"https:\/\/www.infraestruturameioambiente.sp.gov.br\/pgibt\/wp-json\/wp\/v2\/comments?post=1442"}],"version-history":[{"count":0,"href":"https:\/\/www.infraestruturameioambiente.sp.gov.br\/pgibt\/wp-json\/wp\/v2\/pages\/1442\/revisions"}],"up":[{"embeddable":true,"href":"https:\/\/www.infraestruturameioambiente.sp.gov.br\/pgibt\/wp-json\/wp\/v2\/pages\/249"}],"wp:attachment":[{"href":"https:\/\/www.infraestruturameioambiente.sp.gov.br\/pgibt\/wp-json\/wp\/v2\/media?parent=1442"}],"curies":[{"name":"wp","href":"https:\/\/api.w.org\/{rel}","templated":true}]}}