{"id":1432,"date":"2013-09-20T14:59:06","date_gmt":"2013-09-20T17:59:06","guid":{"rendered":"https:\/\/www.infraestruturameioambiente.sp.gov.br\/pgibt\/?page_id=1432"},"modified":"2013-09-20T14:59:06","modified_gmt":"2013-09-20T17:59:06","slug":"2009-anderson-luiz","status":"publish","type":"page","link":"https:\/\/www.infraestruturameioambiente.sp.gov.br\/pgibt\/dissertacoesteses\/2009-anderson-luiz\/","title":{"rendered":"Anderson Luiz dos Santos MS"},"content":{"rendered":"<h2 style=\"text-align: center\"><a href=\"https:\/\/smastr16.blob.core.windows.net\/pgibt\/2015\/02\/faixapos6.jpg\"><img decoding=\"async\" loading=\"lazy\" class=\"aligncenter size-full wp-image-3777\" style=\"border: 0px\" alt=\"faixapos6\" src=\"https:\/\/smastr16.blob.core.windows.net\/pgibt\/2015\/02\/faixapos6.jpg\" width=\"950\" height=\"163\" srcset=\"https:\/\/smastr16.blob.core.windows.net\/pgibt\/2015\/02\/faixapos6.jpg 950w, https:\/\/smastr16.blob.core.windows.net\/pgibt\/2015\/02\/faixapos6-768x131.jpg 768w\" sizes=\"(max-width: 950px) 100vw, 950px\" \/><\/a><\/h2>\n<hr align=\"center\" noshade=\"noshade\" size=\"1\" width=\"100%\" \/>\n<h2 style=\"text-align: center\"><span style=\"color: #003300\">Anderson Luiz dos Santos<\/span><\/h2>\n<hr align=\"center\" noshade=\"noshade\" size=\"1\" width=\"100%\" \/>\n<p style=\"text-align: center\">No dia 06 de fevereiro de 2009, o aluno Anderson Luiz dos Santos do Programa de P\u00f3s Gradua\u00e7\u00e3o em Biodiversidade Vegetal e Meio Ambiente<br \/>\ndefendeu sua disserta\u00e7\u00e3o de Mestrado intitulada<br \/>\n&#8220;Bromelioideae (Bromeliaceae) na Serra do Cip\u00f3, Minas Gerais, Brasil&#8221;.<\/p>\n<p style=\"text-align: center\">A banca examinadora foi comporta por sua orientadora, Dra. Maria das Gra\u00e7as Lapa Wanderley (IBt), Dra. In\u00eas cordeiro (IBt) e a Dra. Gardene Maria de Sousa (UFPI).<\/p>\n<hr align=\"center\" noshade=\"noshade\" size=\"1\" width=\"100%\" \/>\n<h3 style=\"text-align: center\">Bromelioideae (Bromeliaceae) na Serra do Cip\u00f3, Minas Gerais, Brasil<\/h3>\n<hr align=\"center\" noshade=\"noshade\" size=\"1\" width=\"100%\" \/>\n<h4 style=\"text-align: center\"><strong>RESUMO<\/strong><\/h4>\n<p style=\"text-align: justify\">A Serra do Cip\u00f3 est\u00e1 localizada em Minas Gerais, a cerca de 100 km ao norte de Belo Horizonte, onde predomina um tipo de vegeta\u00e7\u00e3o peculiar conhecido como campo rupestre. O estudo flor\u00edstico das Bromeliaceae \u00e9 parte do projeto \u201cFlora da Serra do Cip\u00f3, Minas Gerais, Brasil\u201d.A subfam\u00edlia Pitcarnioideae foi publicada, e conta com 11 esp\u00e9cies distribu\u00eddas em 3 g\u00eaneros e Tillandsioideae, com 23 esp\u00e9cies distribu\u00eddas em 4 g\u00eaneros, est\u00e1 em fase de reformula\u00e7\u00e3o para publica\u00e7\u00e3o. Bromelioideae, tema desse trabalho, est\u00e1 representada na regi\u00e3o por 11 g\u00eaneros: <em>Acanthostachys<\/em> (1 esp\u00e9cie), <em>Aechmea<\/em> (4 esp\u00e9cies), <em>Ananas<\/em> (1 esp\u00e9cie),<em> Billbergia<\/em> (4 esp\u00e9cies), <em>Bromelia<\/em> (1 esp\u00e9cie), <em>Canistrum<\/em> (1 esp\u00e9cie), <em>Cryptanthus<\/em> (1 esp\u00e9cie),<em> Eduandrea<\/em> (1 esp\u00e9cie), <em>Neoregelia<\/em> (2 esp\u00e9cies), <em>Orthophytum<\/em> (2 esp\u00e9cies) e <em>Quesnelia<\/em> (1 esp\u00e9cie).Com a conclus\u00e3o deste trabalho, Bromeliaceae passa a ser representada na Serra do Cip\u00f3 por 18 g\u00eaneros e 53 esp\u00e9cies.<\/p>\n<p style=\"text-align: justify\">\n<hr align=\"center\" noshade=\"noshade\" size=\"1\" width=\"100%\" \/>\n<p style=\"text-align: center\"><a href=\"https:\/\/smastr16.blob.core.windows.net\/pgibt\/2013\/09\/pdf_grande.gif\"><img decoding=\"async\" loading=\"lazy\" class=\"aligncenter size-full wp-image-2313\" style=\"border: 0px\" alt=\"pdf_grande\" src=\"https:\/\/smastr16.blob.core.windows.net\/pgibt\/2013\/09\/pdf_grande.gif\" width=\"60\" height=\"60\" \/><\/a><a href=\"https:\/\/smastr16.blob.core.windows.net\/pgibt\/2013\/09\/Anderson_Luiz_dos_Santos_MS.pdf\" target=\"_blank\">Anderson Luiz dos Santos<br \/>\nBromelioideae (Bromeliaceae) na Serra do Cip\u00f3, Minas Gerais, Brasil<\/a><\/p>\n<hr align=\"center\" noshade=\"noshade\" size=\"1\" width=\"100%\" \/>\n<p style=\"text-align: center\"><strong>\u00a0<a href=\"https:\/\/www.infraestruturameioambiente.sp.gov.br\/pgibt\/dissertacoesteses\/\">VOLTAR AS DISSERTA\u00c7\u00d5ES E TESES<\/a><\/strong><\/p>\n<hr align=\"center\" noshade=\"noshade\" size=\"1\" width=\"100%\" \/>\n","protected":false},"excerpt":{"rendered":"<p>Anderson Luiz dos Santos No dia 06 de fevereiro de 2009, o aluno Anderson Luiz dos Santos do Programa de P\u00f3s Gradua\u00e7\u00e3o em Biodiversidade Vegetal e Meio Ambiente defendeu sua disserta\u00e7\u00e3o de Mestrado intitulada &#8220;Bromelioideae (Bromeliaceae) na Serra do Cip\u00f3, Minas Gerais, Brasil&#8221;. A banca examinadora foi comporta por sua orientadora, Dra. Maria das Gra\u00e7as [&hellip;]<\/p>\n","protected":false},"author":1,"featured_media":0,"parent":249,"menu_order":0,"comment_status":"closed","ping_status":"open","template":"fullpage.php","meta":[],"_links":{"self":[{"href":"https:\/\/www.infraestruturameioambiente.sp.gov.br\/pgibt\/wp-json\/wp\/v2\/pages\/1432"}],"collection":[{"href":"https:\/\/www.infraestruturameioambiente.sp.gov.br\/pgibt\/wp-json\/wp\/v2\/pages"}],"about":[{"href":"https:\/\/www.infraestruturameioambiente.sp.gov.br\/pgibt\/wp-json\/wp\/v2\/types\/page"}],"author":[{"embeddable":true,"href":"https:\/\/www.infraestruturameioambiente.sp.gov.br\/pgibt\/wp-json\/wp\/v2\/users\/1"}],"replies":[{"embeddable":true,"href":"https:\/\/www.infraestruturameioambiente.sp.gov.br\/pgibt\/wp-json\/wp\/v2\/comments?post=1432"}],"version-history":[{"count":0,"href":"https:\/\/www.infraestruturameioambiente.sp.gov.br\/pgibt\/wp-json\/wp\/v2\/pages\/1432\/revisions"}],"up":[{"embeddable":true,"href":"https:\/\/www.infraestruturameioambiente.sp.gov.br\/pgibt\/wp-json\/wp\/v2\/pages\/249"}],"wp:attachment":[{"href":"https:\/\/www.infraestruturameioambiente.sp.gov.br\/pgibt\/wp-json\/wp\/v2\/media?parent=1432"}],"curies":[{"name":"wp","href":"https:\/\/api.w.org\/{rel}","templated":true}]}}