{"id":1418,"date":"2013-09-20T14:38:24","date_gmt":"2013-09-20T17:38:24","guid":{"rendered":"https:\/\/www.infraestruturameioambiente.sp.gov.br\/pgibt\/?page_id=1418"},"modified":"2013-09-20T14:38:24","modified_gmt":"2013-09-20T17:38:24","slug":"2007-simone-nadur-motta-leduc","status":"publish","type":"page","link":"https:\/\/www.infraestruturameioambiente.sp.gov.br\/pgibt\/dissertacoesteses\/2007-simone-nadur-motta-leduc\/","title":{"rendered":"Simone Nadur Motta Leduc MS"},"content":{"rendered":"<h2 style=\"text-align: center\"><a href=\"https:\/\/smastr16.blob.core.windows.net\/pgibt\/2015\/02\/faixapos6.jpg\"><img decoding=\"async\" loading=\"lazy\" class=\"aligncenter size-full wp-image-3777\" style=\"border: 0px\" alt=\"faixapos6\" src=\"https:\/\/smastr16.blob.core.windows.net\/pgibt\/2015\/02\/faixapos6.jpg\" width=\"950\" height=\"163\" srcset=\"https:\/\/smastr16.blob.core.windows.net\/pgibt\/2015\/02\/faixapos6.jpg 950w, https:\/\/smastr16.blob.core.windows.net\/pgibt\/2015\/02\/faixapos6-768x131.jpg 768w\" sizes=\"(max-width: 950px) 100vw, 950px\" \/><\/a><\/h2>\n<hr align=\"center\" noshade=\"noshade\" size=\"1\" width=\"100%\" \/>\n<h2 style=\"text-align: center\"><span style=\"color: #003300\">Simone Nadur Motta Leduc<\/span><\/h2>\n<hr align=\"center\" noshade=\"noshade\" size=\"1\" width=\"100%\" \/>\n<p style=\"text-align: center\">No dia 14 de junho de 2007, a aluna de P\u00f3s-Gradua\u00e7\u00e3o em Biodiversidade Vegetal e Meio Ambiente do Instituto de Bot\u00e2nica de S\u00e3o Paulo (IBt),<br \/>\nSimone Nadur Motta Leduc, (Bolsista da CAPES), defendeu sua Disserta\u00e7\u00e3o de Mestrado intitulada<br \/>\n&#8220;Indu\u00e7\u00e3o de toler\u00e2ncia \u00e0 desseca\u00e7\u00e3o e varia\u00e7\u00f5es de carboidratos sol\u00faveis em sementes de\u00a0<em>Caesalpinia echinata<\/em> Lam.\u00a0(pau-brasil) durante a matura\u00e7\u00e3o&#8221;.<\/p>\n<p style=\"text-align: center\">A banca examinadora foi composta pela Dra. Rita de C\u00e1ssia Leone Figueiredo-Ribeiro (Orientadora &#8211; IBt), Dra. M\u00e1rcia Regina Braga (IBt)<br \/>\ne Dr. Jos\u00e9 Marcio Rocha Faria (Universidade Federal de Lavras &#8211; UFLA &#8211; Lavras\/MG).<\/p>\n<div id=\"attachment_1419\" style=\"width: 264px\" class=\"wp-caption aligncenter\"><a href=\"https:\/\/smastr16.blob.core.windows.net\/pgibt\/2013\/09\/simone11.jpg\"><img aria-describedby=\"caption-attachment-1419\" decoding=\"async\" loading=\"lazy\" class=\"size-full wp-image-1419\" alt=\"Aluna Simone Leduc junto \u00e0 banca examinadora, durante a defesa da Disserta\u00e7\u00e3o\" src=\"https:\/\/smastr16.blob.core.windows.net\/pgibt\/2013\/09\/simone11.jpg\" width=\"254\" height=\"191\" \/><\/a><p id=\"caption-attachment-1419\" class=\"wp-caption-text\">Aluna Simone Leduc junto \u00e0 banca examinadora, durante a defesa da Disserta\u00e7\u00e3o<\/p><\/div>\n<hr align=\"center\" noshade=\"noshade\" size=\"1\" width=\"100%\" \/>\n<h3 style=\"text-align: center\">Indu\u00e7\u00e3o de toler\u00e2ncia \u00e0 desseca\u00e7\u00e3o e varia\u00e7\u00f5es de carboidratos sol\u00faveis em sementes<br \/>\nde\u00a0<em>Caesalpinia echinata <\/em>Lam.\u00a0(pau-brasil) durante a matura\u00e7\u00e3o<\/h3>\n<hr align=\"center\" noshade=\"noshade\" size=\"1\" width=\"100%\" \/>\n<h4 style=\"text-align: center\"><strong>RESUMO<\/strong><\/h4>\n<p style=\"text-align: justify\"><em>Caesalpinia echinata<\/em>\u00a0(pau-brasil) apresenta um curto per\u00edodo para colheita de sementes vi\u00e1veis durante seu ciclo fenol\u00f3gico anual. Com maturidade fisiol\u00f3gica entre 60-65 dias ap\u00f3s antese (DAA), as sementes toleram a secagem controlada e mant\u00eam a viabilidade quando armazenadas por 2 anos a -20\u00baC, com cerca de12% de \u00e1gua. A possibilidade de coletar frutos antes da maturidade fisiol\u00f3gica das sementes e induzir toler\u00e2ncia \u00e0 desseca\u00e7\u00e3o nestas poderia ampliar o per\u00edodo de colheita, aumentando a disponibilidade anual de sementes vi\u00e1veis.<\/p>\n<p style=\"text-align: justify\">Os carboidratos sol\u00faveis representam as principais reservas de pronta utiliza\u00e7\u00e3o para o desenvolvimento embrion\u00e1rio e est\u00e3o relacionados com o grau de matura\u00e7\u00e3o das sementes. A\u00e7\u00facares como rafinose e estaquiose s\u00e3o geralmente associados \u00e0 aquisi\u00e7\u00e3o e manuten\u00e7\u00e3o de toler\u00e2ncia \u00e0 desseca\u00e7\u00e3o de sementes. Sendo assim, sementes de pau-brasil foram coletadas com 45, 55 e 65 DAA e submetidas ao osmocondicionamento com polietileno-glicol (PEG) a -3,0 MPa por 24 h, seguido de secagem em estufa a 40\u00baC at\u00e9 12% de \u00e1gua, com vistas a induzir a toler\u00e2ncia \u00e0 desseca\u00e7\u00e3o em sementes em diferentes est\u00e1dios de matura\u00e7\u00e3o. Foram avaliadas a germina\u00e7\u00e3o, o desenvolvimento normal de pl\u00e2ntulas e a composi\u00e7\u00e3o de carboidratos de reserva antes e ap\u00f3s o armazenamento por 40 dias a -20 oC. Os dados obtidos pela aluna Simone Leduc mostraram que os ciclit\u00f3is galactosilados, que desempenham fun\u00e7\u00e3o similar aos a\u00e7\u00facares da s\u00e9rie da rafinose, e os a\u00e7\u00facares redutores glicose e frutose aumentaram significativamente nas sementes imaturas tratadas com polietilenoglicol, as quais toleraram a secagem e posterior congelamento. Portanto, utilizando a t\u00e9cnica de osmocondicionamento foi poss\u00edvel realizar uma secagem lenta das sementes imaturas de pau-brasil e ativar processos metab\u00f3licos, de forma a produzir compostos essenciais para manuten\u00e7\u00e3o da capacidade germinativa dessas sementes.<\/p>\n<hr align=\"center\" noshade=\"noshade\" size=\"1\" width=\"100%\" \/>\n<p style=\"text-align: center\"><a href=\"https:\/\/smastr16.blob.core.windows.net\/pgibt\/2013\/09\/pdf_grande.gif\"><img decoding=\"async\" loading=\"lazy\" class=\"aligncenter size-full wp-image-2313\" style=\"border: 0px\" alt=\"pdf_grande\" src=\"https:\/\/smastr16.blob.core.windows.net\/pgibt\/2013\/09\/pdf_grande.gif\" width=\"60\" height=\"60\" \/><\/a><\/p>\n<p style=\"text-align: center\"><a href=\"https:\/\/smastr16.blob.core.windows.net\/pgibt\/2013\/09\/Simone_Nadur_Motta_Leduc_MS.pdf\" target=\"_blank\">Simone Nadur Motta Leduc<br \/>\nIndu\u00e7\u00e3o de toler\u00e2ncia \u00e0 desseca\u00e7\u00e3o e varia\u00e7\u00f5es de carboidratos sol\u00faveis em sementes<br \/>\nde\u00a0<em>Caesalpinia echinata <\/em>Lam.\u00a0(pau-brasil) durante a matura\u00e7\u00e3o<\/a><\/p>\n<hr align=\"center\" noshade=\"noshade\" size=\"1\" width=\"100%\" \/>\n<p style=\"text-align: center\"><strong>\u00a0<a href=\"https:\/\/www.infraestruturameioambiente.sp.gov.br\/pgibt\/dissertacoesteses\/\">VOLTAR AS DISSERTA\u00c7\u00d5ES E TESES<\/a><\/strong><\/p>\n<hr align=\"center\" noshade=\"noshade\" size=\"1\" width=\"100%\" \/>\n","protected":false},"excerpt":{"rendered":"<p>Simone Nadur Motta Leduc No dia 14 de junho de 2007, a aluna de P\u00f3s-Gradua\u00e7\u00e3o em Biodiversidade Vegetal e Meio Ambiente do Instituto de Bot\u00e2nica de S\u00e3o Paulo (IBt), Simone Nadur Motta Leduc, (Bolsista da CAPES), defendeu sua Disserta\u00e7\u00e3o de Mestrado intitulada &#8220;Indu\u00e7\u00e3o de toler\u00e2ncia \u00e0 desseca\u00e7\u00e3o e varia\u00e7\u00f5es de carboidratos sol\u00faveis em sementes de\u00a0Caesalpinia [&hellip;]<\/p>\n","protected":false},"author":1,"featured_media":0,"parent":249,"menu_order":0,"comment_status":"closed","ping_status":"open","template":"fullpage.php","meta":[],"_links":{"self":[{"href":"https:\/\/www.infraestruturameioambiente.sp.gov.br\/pgibt\/wp-json\/wp\/v2\/pages\/1418"}],"collection":[{"href":"https:\/\/www.infraestruturameioambiente.sp.gov.br\/pgibt\/wp-json\/wp\/v2\/pages"}],"about":[{"href":"https:\/\/www.infraestruturameioambiente.sp.gov.br\/pgibt\/wp-json\/wp\/v2\/types\/page"}],"author":[{"embeddable":true,"href":"https:\/\/www.infraestruturameioambiente.sp.gov.br\/pgibt\/wp-json\/wp\/v2\/users\/1"}],"replies":[{"embeddable":true,"href":"https:\/\/www.infraestruturameioambiente.sp.gov.br\/pgibt\/wp-json\/wp\/v2\/comments?post=1418"}],"version-history":[{"count":0,"href":"https:\/\/www.infraestruturameioambiente.sp.gov.br\/pgibt\/wp-json\/wp\/v2\/pages\/1418\/revisions"}],"up":[{"embeddable":true,"href":"https:\/\/www.infraestruturameioambiente.sp.gov.br\/pgibt\/wp-json\/wp\/v2\/pages\/249"}],"wp:attachment":[{"href":"https:\/\/www.infraestruturameioambiente.sp.gov.br\/pgibt\/wp-json\/wp\/v2\/media?parent=1418"}],"curies":[{"name":"wp","href":"https:\/\/api.w.org\/{rel}","templated":true}]}}