{"id":1394,"date":"2013-09-20T13:14:09","date_gmt":"2013-09-20T16:14:09","guid":{"rendered":"https:\/\/www.infraestruturameioambiente.sp.gov.br\/pgibt\/?page_id=1394"},"modified":"2013-09-20T13:14:09","modified_gmt":"2013-09-20T16:14:09","slug":"2010-rodolfo-koiti","status":"publish","type":"page","link":"https:\/\/www.infraestruturameioambiente.sp.gov.br\/pgibt\/dissertacoesteses\/2010-rodolfo-koiti\/","title":{"rendered":"Rodolfo Koiti Katahira MS"},"content":{"rendered":"<h2 style=\"text-align: center\"><a href=\"https:\/\/smastr16.blob.core.windows.net\/pgibt\/2015\/02\/faixapos6.jpg\"><img decoding=\"async\" loading=\"lazy\" class=\"aligncenter size-full wp-image-3777\" style=\"border: 0px\" alt=\"faixapos6\" src=\"https:\/\/smastr16.blob.core.windows.net\/pgibt\/2015\/02\/faixapos6.jpg\" width=\"950\" height=\"163\" srcset=\"https:\/\/smastr16.blob.core.windows.net\/pgibt\/2015\/02\/faixapos6.jpg 950w, https:\/\/smastr16.blob.core.windows.net\/pgibt\/2015\/02\/faixapos6-768x131.jpg 768w\" sizes=\"(max-width: 950px) 100vw, 950px\" \/><\/a><\/h2>\n<hr align=\"center\" noshade=\"noshade\" size=\"1\" width=\"100%\" \/>\n<h2 style=\"text-align: center\">Rodolfo Koiti Katahira<\/h2>\n<hr align=\"center\" noshade=\"noshade\" size=\"1\" width=\"100%\" \/>\n<p style=\"text-align: center\">No dia 22 de fevereiro de 2010, o aluno do Programa de P\u00f3s-Gradua\u00e7\u00e3o em Biodiversidade Vegetal e Meio Ambiente, Rodolfo Koiti Katahira,<br \/>\ndefendeu sua Disserta\u00e7\u00e3o de Mestrado intitulada<br \/>\n\u201cEstrutura do componente arb\u00f3reo sob planta\u00e7\u00e3o de<em>\u00a0Pinus elliottii<\/em>\u00a0Enegelm. no Parque Estadual da Cantareira, N\u00facleo Cabu\u00e7u, SP, Brasil\u201d.<\/p>\n<p style=\"text-align: center\">A Banca Examinadora foi composta por: Dra. Maria Margarida da Rocha Fiuza de Melo, sua Orientadora, (Instituto de Bot\u00e2nica, SP, S\u00e3o Paulo), \u00a0Dr. Eduardo Luis Martins Catharino (Instituto de Bot\u00e2nica, SP, S\u00e3o Paulo) e Dra. Natalia Macedo Ivanauskas (Instituto Florestal, S\u00e3o Paulo, SP).<\/p>\n<hr align=\"center\" noshade=\"noshade\" size=\"1\" width=\"100%\" \/>\n<h3 style=\"text-align: center\">Estrutura do componente arb\u00f3reo sob planta\u00e7\u00e3o de <em>Pinus elliottii<\/em> Engelm.<br \/>\nno Parque Estadual da Cantareira, N\u00facleo Cabu\u00e7u, Guarulhos, SP, Brasil<\/h3>\n<hr align=\"center\" noshade=\"noshade\" size=\"1\" width=\"100%\" \/>\n<h4 style=\"text-align: center\"><strong>RESUMO<\/strong><\/h4>\n<p style=\"text-align: justify\">O N\u00facleo Cabu\u00e7u (23\u00b024\u201906\u201dS e 46\u00ba31\u201956\u201dW) encontra-se no munic\u00edpio de Guarulhos, possuindo uma \u00e1rea aproximada de 2.300 hectares coberta por remanescente de Mata Atl\u00e2ntica. \u00c9 o maior dos quatro n\u00facleos do Parque Estadual da Cantareira. O presente estudo teve os seguintes objetivos: realizar o estudo da composi\u00e7\u00e3o flor\u00edstica e estrutural do componente arb\u00f3reo da vegeta\u00e7\u00e3o de sub-bosque da \u00e1rea reflorestada com\u00a0<em>Pinus elliottii<\/em>\u00a0Engelm.; identificar as esp\u00e9cies nativas que poder\u00e3o ser empregadas na reabilita\u00e7\u00e3o, enriquecimento e recomposi\u00e7\u00e3o da vegeta\u00e7\u00e3o rip\u00e1ria da represa Cabu\u00e7u; colaborar com as a\u00e7\u00f5es de recupera\u00e7\u00e3o de \u00e1reas degradadas na bacia do Cabu\u00e7u e sub-bacias da regi\u00e3o, al\u00e9m das \u00e1reas reflorestadas com<em>\u00a0P. elliottii<\/em>. Foram instaladas 10 parcelas retangulares disjuntas de 2 x 50 m, ao longo da margem da represa Cabu\u00e7u, na parte central da faixa de plantio de\u00a0<em>P. elliottii<\/em>, sendo amostrados todos os indiv\u00edduos arb\u00f3reos vivos ou mortos em p\u00e9 com per\u00edmetro do caule a 1,30 m de altura do solo (PAP) igual ou maior a 8 cm. Amostraram-se 218 indiv\u00edduos, sendo 210 vivos e oito \u00e1rvores mortas em p\u00e9, pertencentes a 59 esp\u00e9cies, 41 g\u00eaneros e 27 fam\u00edlias. O \u00edndice de diversidade de Shannon-Wiener (H\u2019) calculado foi 3,519 nats.ind-1, e o de equabilidade (J\u2019) foi 0,863. Com base na an\u00e1lise de similaridade entre grupos de parcelas, foi poss\u00edvel observar similaridade flor\u00edstica entre os dois blocos compostos pelas seis primeiras parcelas; e dissimilaridade entre esses dois blocos e aquele composto pelas quatro \u00faltimas parcelas, o que pode estar relacionado \u00e0s varia\u00e7\u00f5es locais. As esp\u00e9cies com maior IVI pertencem a categorias iniciais de sucess\u00e3o, apresentando baixa m\u00e9dia diam\u00e9trica e altura. A vegeta\u00e7\u00e3o de sub-bosque de\u00a0<em>P. elliotti<\/em>\u00a0apresentou uma riqueza expressiva de esp\u00e9cies, caracterizada principalmente por esp\u00e9cies das categorias iniciais de sucess\u00e3o. Dado a aus\u00eancia de regenerantes e a morte precoce dos indiv\u00edduos jovens de\u00a0<em>Pinus elliottii\u00a0<\/em>Engelm., e a partir dos dados coletados e da an\u00e1lise realizada, pode-se afirmar que essa popula\u00e7\u00e3o n\u00e3o est\u00e1 em expans\u00e3o e, possivelmente, esteja em decl\u00ednio.<\/p>\n<hr align=\"center\" noshade=\"noshade\" size=\"1\" width=\"100%\" \/>\n<p style=\"text-align: center\"><a href=\"https:\/\/smastr16.blob.core.windows.net\/pgibt\/2013\/09\/pdf_grande.gif\"><img decoding=\"async\" loading=\"lazy\" class=\"aligncenter size-full wp-image-2313\" style=\"border: 0px\" alt=\"pdf_grande\" src=\"https:\/\/smastr16.blob.core.windows.net\/pgibt\/2013\/09\/pdf_grande.gif\" width=\"60\" height=\"60\" \/><\/a><a href=\"https:\/\/smastr16.blob.core.windows.net\/pgibt\/2013\/09\/Rodolfo_Koiti_Katahira_MS.pdf\" target=\"_blank\">Rodolfo Koiti Katahira<br \/>\nEstrutura do componente arb\u00f3reo sob planta\u00e7\u00e3o de<em> Pinus elliottii<\/em> Engelm.<br \/>\nno Parque Estadual da Cantareira, N\u00facleo Cabu\u00e7u, Guarulhos, SP, Brasil<\/a><\/p>\n<hr align=\"center\" noshade=\"noshade\" size=\"1\" width=\"100%\" \/>\n<p style=\"text-align: center\"><strong>\u00a0<a href=\"https:\/\/www.infraestruturameioambiente.sp.gov.br\/pgibt\/dissertacoesteses\/\">VOLTAR AS DISSERTA\u00c7\u00d5ES E TESES<\/a><\/strong><\/p>\n<hr align=\"center\" noshade=\"noshade\" size=\"1\" width=\"100%\" \/>\n","protected":false},"excerpt":{"rendered":"<p>Rodolfo Koiti Katahira No dia 22 de fevereiro de 2010, o aluno do Programa de P\u00f3s-Gradua\u00e7\u00e3o em Biodiversidade Vegetal e Meio Ambiente, Rodolfo Koiti Katahira, defendeu sua Disserta\u00e7\u00e3o de Mestrado intitulada \u201cEstrutura do componente arb\u00f3reo sob planta\u00e7\u00e3o de\u00a0Pinus elliottii\u00a0Enegelm. no Parque Estadual da Cantareira, N\u00facleo Cabu\u00e7u, SP, Brasil\u201d. A Banca Examinadora foi composta por: Dra. [&hellip;]<\/p>\n","protected":false},"author":1,"featured_media":0,"parent":249,"menu_order":0,"comment_status":"closed","ping_status":"open","template":"fullpage.php","meta":[],"_links":{"self":[{"href":"https:\/\/www.infraestruturameioambiente.sp.gov.br\/pgibt\/wp-json\/wp\/v2\/pages\/1394"}],"collection":[{"href":"https:\/\/www.infraestruturameioambiente.sp.gov.br\/pgibt\/wp-json\/wp\/v2\/pages"}],"about":[{"href":"https:\/\/www.infraestruturameioambiente.sp.gov.br\/pgibt\/wp-json\/wp\/v2\/types\/page"}],"author":[{"embeddable":true,"href":"https:\/\/www.infraestruturameioambiente.sp.gov.br\/pgibt\/wp-json\/wp\/v2\/users\/1"}],"replies":[{"embeddable":true,"href":"https:\/\/www.infraestruturameioambiente.sp.gov.br\/pgibt\/wp-json\/wp\/v2\/comments?post=1394"}],"version-history":[{"count":0,"href":"https:\/\/www.infraestruturameioambiente.sp.gov.br\/pgibt\/wp-json\/wp\/v2\/pages\/1394\/revisions"}],"up":[{"embeddable":true,"href":"https:\/\/www.infraestruturameioambiente.sp.gov.br\/pgibt\/wp-json\/wp\/v2\/pages\/249"}],"wp:attachment":[{"href":"https:\/\/www.infraestruturameioambiente.sp.gov.br\/pgibt\/wp-json\/wp\/v2\/media?parent=1394"}],"curies":[{"name":"wp","href":"https:\/\/api.w.org\/{rel}","templated":true}]}}