{"id":1391,"date":"2013-09-20T13:09:57","date_gmt":"2013-09-20T16:09:57","guid":{"rendered":"https:\/\/www.infraestruturameioambiente.sp.gov.br\/pgibt\/?page_id=1391"},"modified":"2013-09-20T13:09:57","modified_gmt":"2013-09-20T16:09:57","slug":"2010-ricardo-guazzelli","status":"publish","type":"page","link":"https:\/\/www.infraestruturameioambiente.sp.gov.br\/pgibt\/dissertacoesteses\/2010-ricardo-guazzelli\/","title":{"rendered":"Ricardo Pedro Guazzelli Rosario MS"},"content":{"rendered":"<h2 style=\"text-align: center\"><a href=\"https:\/\/smastr16.blob.core.windows.net\/pgibt\/2015\/02\/faixapos6.jpg\"><img decoding=\"async\" loading=\"lazy\" class=\"aligncenter size-full wp-image-3777\" style=\"border: 0px\" alt=\"faixapos6\" src=\"https:\/\/smastr16.blob.core.windows.net\/pgibt\/2015\/02\/faixapos6.jpg\" width=\"950\" height=\"163\" srcset=\"https:\/\/smastr16.blob.core.windows.net\/pgibt\/2015\/02\/faixapos6.jpg 950w, https:\/\/smastr16.blob.core.windows.net\/pgibt\/2015\/02\/faixapos6-768x131.jpg 768w\" sizes=\"(max-width: 950px) 100vw, 950px\" \/><\/a><\/h2>\n<hr align=\"center\" noshade=\"noshade\" size=\"1\" width=\"100%\" \/>\n<h2 style=\"text-align: center\">Ricardo Pedro Guazzelli Rosario<\/h2>\n<hr align=\"center\" noshade=\"noshade\" size=\"1\" width=\"100%\" \/>\n<p style=\"text-align: center\">No dia 30 de julho de 2010 o mestrando Ricardo Pedro Guazzelli Ros\u00e1rio defendeu a disserta\u00e7\u00e3o de mestrado intitulada<br \/>\n\u201cEst\u00e1gios sucessionais e o enquadramento jur\u00eddico das\u00a0florestas montanas secund\u00e1rias na Reserva Florestal do Morro Grande (Cotia, SP) e entorno\u201d<br \/>\norientado pelo Dr. Eduardo Luis Martins Catharino que foi o presidente da banca.<\/p>\n<p style=\"text-align: center\">Compuseram a banca, al\u00e9m do orientador, o Dr. Eduardo Pereira Cabral Gomes, da Se\u00e7\u00e3o de Ecologia do Instituto de Bot\u00e2nica, e o Dr. Paulo Santos de Almeida, da Escola de Artes, Ci\u00eancias e Humanidades da Universidade de S\u00e3o Paulo (USP-Campus Leste).<\/p>\n<p style=\"text-align: center\">Ap\u00f3s o candidato ministrar aula a respeito do tema da disserta\u00e7\u00e3o e a argui\u00e7\u00e3o dos tr\u00eas membros da banca, o candidato foi considerado aprovado, sendo destacada a import\u00e2ncia deste tipo de pesquisa no aprimoramento de leis de prote\u00e7\u00e3o ao meio ambiente e em pol\u00edticas p\u00fablicas voltadas a conserva\u00e7\u00e3o de florestas paulistas. A sess\u00e3o foi p\u00fablica, estando presentes alunos de p\u00f3s-gradua\u00e7\u00e3o do instituto,\u00a0membros da comunidade cientifica, amigos e familiares.<\/p>\n<hr align=\"center\" noshade=\"noshade\" size=\"1\" width=\"100%\" \/>\n<h3 style=\"text-align: center\">\u201cEst\u00e1gios sucessionais e o enquadramento jur\u00eddico das florestas montanas secund\u00e1rias na Reserva Florestal do Morro Grande (Cotia, SP) e entorno\u201d<\/h3>\n<hr align=\"center\" noshade=\"noshade\" size=\"1\" width=\"100%\" \/>\n<h4 style=\"text-align: center\"><strong>RESUMO<\/strong><\/h4>\n<p style=\"text-align: justify\">O presente projeto procura aliar conceitos ecol\u00f3gicos e jur\u00eddicos, ci\u00eancias que precisam caminhar juntas visando o desenvolvimento sustent\u00e1vel. Para tanto se realizou a presente pesquisa na regi\u00e3o da Reserva Florestal do Morro Grande (Cotia, SP) e seu entorno. Esta reserva localiza-se nos rebordos do Planalto Paulistano, na altitude de 850-1.050m abrigando um importante manancial h\u00eddrico da Grande S\u00e3o Paulo e possuindo aproximadamente 10.000ha. de florestas em diferentes est\u00e1gios sucessionais. A maior parte da regi\u00e3o apresenta embasamento cristalino, com xistos e gnaisses pr\u00e9-cambrianos. Possui clima temperado com inverno menos seco (Cfb, K\u00f6ppen). A reserva \u00e9 um importante fragmento remanescente de Mata Atl\u00e2ntica e est\u00e1 conectado com outras \u00e1reas importantes de vegeta\u00e7\u00e3o atl\u00e2ntica. O bioma da Mata Atl\u00e2ntica que originalmente cobria 15 % de todo Brasil em fun\u00e7\u00e3o dos diversos ciclos econ\u00f4micos que o pa\u00eds sofreu apresenta 5 a 7% de sua cobertura original. Com a finalidade de resguardar estes remanescentes algumas normas jur\u00eddicas foram estabelecidas entre elas os C\u00f3digos Florestais de 1934 e 1965, a Pol\u00edtica Nacional de Meio Ambiente, a atual Constitui\u00e7\u00e3o Federal, chegando \u00e0 prote\u00e7\u00e3o espec\u00edfica da Mata Atl\u00e2ntica, com o Decreto 750\/93 e a Lei da Mata Atl\u00e2ntica, e as Resolu\u00e7\u00f5es do CONAMA. A partir dessa intera\u00e7\u00e3o de conhecimentos ecol\u00f3gicos e jur\u00eddicos o presente trabalhou procurou responder \u00e0s seguintes perguntas: I) Quais os\/as principais padr\u00f5es de regenera\u00e7\u00e3o\/tipologias florestais encontrados na regi\u00e3o da Reserva Florestal do Morro Grande e entorno? II) Quais os descritores mais freq\u00fcentemente utilizados e\/ou poss\u00edveis para r\u00e1pido diagn\u00f3stico de est\u00e1gios sucessionais em florestas secund\u00e1rias? III) A partir de amostras quantitativas do componente arb\u00f3reo e descri\u00e7\u00f5es gerais dos componentes herb\u00e1ceo e epif\u00edtico, quais descritores poder\u00e3o ser utilizados para caracteriza\u00e7\u00e3o mais precisa de est\u00e1gios sucessionais? IV) Os par\u00e2metros e descritores indicados na legisla\u00e7\u00e3o ambiental para caracterizar est\u00e1gios sucessionais de vegeta\u00e7\u00e3o est\u00e3o adequados e de acordo com os padr\u00f5es encontrados? Para tanto, efetuou-se levantamento bibliogr\u00e1fico e levantamento de campo com a seguinte metodologia: foram pr\u00e9-escolhidas \u00e1reas em diferentes est\u00e1gios sucessionais, inicial, m\u00e9dio e avan\u00e7ado, de acordo com a legisla\u00e7\u00e3o vigente e, em cada est\u00e1gio sucessional, foram montadas duas parcelas de 20x50m, subdividas em parcelas de 10x10m, totalizando 60 sub-parcelas de 10x10m com uma \u00e1rea total de 0,6ha. Nestas \u00e1reas foram amostradas o componente arb\u00f3reo tendo como crit\u00e9rio de inclus\u00e3o indiv\u00edduos com PAP acima de 15cm, com tronco definido e altura superior a 2m. Paralelamente foi efetuada uma an\u00e1lise fision\u00f4mica geral baseada nos descritores legais. Os dados foram tabulados para obten\u00e7\u00e3o dos par\u00e2metros fitossociol\u00f3gicos usuais no Brasil como densidades absolutas e relativas, freq\u00fc\u00eancias absoluta e relativa, domin\u00e2ncia, \u00cdndice de Valor de Import\u00e2ncia (IVI), \u00cdndice de Valor de Cobertura (IVC) e \u00e1rea basal, al\u00e9m da riqueza e dos \u00cdndices de Shannon (H\u2019) e Pielou (E). Para an\u00e1lise dos dados foram utilizados os programas FITOPAC e PCOrd. O trabalho de campo resultou em um levantamento de 1329 indiv\u00edduos, distribu\u00eddos em 174 diferentes esp\u00e9cies de 48 fam\u00edlias. O \u00cdndice de Shannon (H\u2019) para a amostra total foi de 4,282 nats\/ind.. Os resultados foram analisados por parcelas totais, sub-parcelas e parcelas compostas por est\u00e1gios sucessionais, as \u00e1reas iniciais e m\u00e9dias apresentaram dados bem semelhantes o que implica em classificar ambas no mesmo est\u00e1gio sucessional, o m\u00e9dio, o que seria bom em termos de conserva\u00e7\u00e3o, por\u00e9m assume que os par\u00e2metros da legisla\u00e7\u00e3o n\u00e3o s\u00e3o suficientes para a devida caracteriza\u00e7\u00e3o da vegeta\u00e7\u00e3o. Para este estudo alguns par\u00e2metros foram considerados bons indicadores, entre eles: domin\u00e2ncia e riqueza, mas suas metodologias devem ser clarificadas. A \u00e1rea basal foi um bom par\u00e2metro encontrado, mas que precisa ser adequadamente inserido como um crit\u00e9rio na legisla\u00e7\u00e3o. Conclui-se que muitos estudos ainda precisam ser realizados para adequar os par\u00e2metros legais as realidades ecol\u00f3gicas.<\/p>\n<p style=\"text-align: justify\">Palavras-chave: 1. Sucess\u00e3o florestal.\u00a02. Direito Ambiental.\u00a03. Mata Atl\u00e2ntica. 4. est\u00e1gios sucessionais. 5. legisla\u00e7\u00e3o ambiental<\/p>\n<hr align=\"center\" noshade=\"noshade\" size=\"1\" width=\"100%\" \/>\n<p style=\"text-align: center\"><a href=\"https:\/\/smastr16.blob.core.windows.net\/pgibt\/2013\/09\/pdf_grande.gif\"><img decoding=\"async\" loading=\"lazy\" class=\"aligncenter size-full wp-image-2313\" style=\"border: 0px\" alt=\"pdf_grande\" src=\"https:\/\/smastr16.blob.core.windows.net\/pgibt\/2013\/09\/pdf_grande.gif\" width=\"60\" height=\"60\" \/><\/a><a href=\"https:\/\/smastr16.blob.core.windows.net\/pgibt\/2013\/09\/Ricardo_Pedro_Guazzelli_Rosario_MS.pdf\" target=\"_blank\">Ricardo Pedro Guazzelli Rosario<br \/>\n\u201cEst\u00e1gios sucessionais e o enquadramento jur\u00eddico das florestas montanas secund\u00e1rias<br \/>\nna Reserva Florestal do Morro Grande (Cotia, SP) e entorno\u201d<\/a><\/p>\n<hr align=\"center\" noshade=\"noshade\" size=\"1\" width=\"100%\" \/>\n<p style=\"text-align: center\"><strong>\u00a0<a href=\"https:\/\/www.infraestruturameioambiente.sp.gov.br\/pgibt\/dissertacoesteses\/\">VOLTAR AS DISSERTA\u00c7\u00d5ES E TESES<\/a><\/strong><\/p>\n<hr align=\"center\" noshade=\"noshade\" size=\"1\" width=\"100%\" \/>\n","protected":false},"excerpt":{"rendered":"<p>Ricardo Pedro Guazzelli Rosario No dia 30 de julho de 2010 o mestrando Ricardo Pedro Guazzelli Ros\u00e1rio defendeu a disserta\u00e7\u00e3o de mestrado intitulada \u201cEst\u00e1gios sucessionais e o enquadramento jur\u00eddico das\u00a0florestas montanas secund\u00e1rias na Reserva Florestal do Morro Grande (Cotia, SP) e entorno\u201d orientado pelo Dr. Eduardo Luis Martins Catharino que foi o presidente da banca. [&hellip;]<\/p>\n","protected":false},"author":1,"featured_media":0,"parent":249,"menu_order":0,"comment_status":"closed","ping_status":"open","template":"fullpage.php","meta":[],"_links":{"self":[{"href":"https:\/\/www.infraestruturameioambiente.sp.gov.br\/pgibt\/wp-json\/wp\/v2\/pages\/1391"}],"collection":[{"href":"https:\/\/www.infraestruturameioambiente.sp.gov.br\/pgibt\/wp-json\/wp\/v2\/pages"}],"about":[{"href":"https:\/\/www.infraestruturameioambiente.sp.gov.br\/pgibt\/wp-json\/wp\/v2\/types\/page"}],"author":[{"embeddable":true,"href":"https:\/\/www.infraestruturameioambiente.sp.gov.br\/pgibt\/wp-json\/wp\/v2\/users\/1"}],"replies":[{"embeddable":true,"href":"https:\/\/www.infraestruturameioambiente.sp.gov.br\/pgibt\/wp-json\/wp\/v2\/comments?post=1391"}],"version-history":[{"count":0,"href":"https:\/\/www.infraestruturameioambiente.sp.gov.br\/pgibt\/wp-json\/wp\/v2\/pages\/1391\/revisions"}],"up":[{"embeddable":true,"href":"https:\/\/www.infraestruturameioambiente.sp.gov.br\/pgibt\/wp-json\/wp\/v2\/pages\/249"}],"wp:attachment":[{"href":"https:\/\/www.infraestruturameioambiente.sp.gov.br\/pgibt\/wp-json\/wp\/v2\/media?parent=1391"}],"curies":[{"name":"wp","href":"https:\/\/api.w.org\/{rel}","templated":true}]}}