{"id":1384,"date":"2013-09-20T11:40:58","date_gmt":"2013-09-20T14:40:58","guid":{"rendered":"https:\/\/www.infraestruturameioambiente.sp.gov.br\/pgibt\/?page_id=1384"},"modified":"2013-09-20T11:40:58","modified_gmt":"2013-09-20T14:40:58","slug":"2010-renata-sebastiani","status":"publish","type":"page","link":"https:\/\/www.infraestruturameioambiente.sp.gov.br\/pgibt\/dissertacoesteses\/2010-renata-sebastiani\/","title":{"rendered":"Renata Sebastiani DR"},"content":{"rendered":"<h2 style=\"text-align: center\"><a href=\"https:\/\/smastr16.blob.core.windows.net\/pgibt\/2013\/09\/faixapos6.jpg\"><img decoding=\"async\" loading=\"lazy\" class=\"aligncenter size-full wp-image-2327\" style=\"border: 0px\" alt=\"faixapos6\" src=\"https:\/\/smastr16.blob.core.windows.net\/pgibt\/2013\/09\/faixapos6.jpg\" width=\"950\" height=\"163\" \/><\/a><\/h2>\n<hr align=\"center\" noshade=\"noshade\" size=\"1\" width=\"100%\" \/>\n<h2 style=\"text-align: center\">Renata Sebastiani<\/h2>\n<hr align=\"center\" noshade=\"noshade\" size=\"1\" width=\"100%\" \/>\n<p style=\"text-align: center\">No dia 16 de dezembro de 2010 a aluna Renata Sebastiani, pertencente ao Curso de P\u00f3s-Gradua\u00e7\u00e3o em Biodiversidade Vegetal e Meio Ambiente, defendeu sua tese de doutorado intitulada\u00a0\u201cEstudos taxon\u00f4micos em\u00a0<em>Janusia<\/em>\u00a0A. Juss. (Malpighiaceae)\u201d,\u00a0sob a orienta\u00e7\u00e3o da Profa. Dra. Maria Candida Henrique Mamede.<\/p>\n<p style=\"text-align: center\">Compuseram a banca a professora orientadora, Prof. Dr. Andr\u00e9 M. A. Amorim (UESC), \u00a0Prof. Dr. S\u00e9rgio Romaniuc Neto (IBt),<br \/>\nProf. Dr. Eduardo Cust\u00f3dio Gasparino (UNESP Jaboticabal) e Dra. Lucia Rossi (IBt).<\/p>\n<hr align=\"center\" noshade=\"noshade\" size=\"1\" width=\"100%\" \/>\n<h3 style=\"text-align: center\">Estudos taxon\u00f4micos em\u00a0<em>Janusia<\/em>\u00a0A. Juss. (Malpighiaceae)<\/h3>\n<hr align=\"center\" noshade=\"noshade\" size=\"1\" width=\"100%\" \/>\n<h4 style=\"text-align: center\"><strong>RESUMO<\/strong><\/h4>\n<p style=\"text-align: justify\"><em>Janusia<\/em>\u00a0\u00e9 um g\u00eanero neotropical que comp\u00f5e a tribo Gaudichaudieae (Malpighiaceae), juntamente com\u00a0<em>Aspicarpa, Camarea, Cottsia, Gaudichaudia\u00a0<\/em>e\u00a0<em>Peregrina.<\/em>\u00a0 Todos os g\u00eaneros desta tribo t\u00eam em comum a presen\u00e7a de flores cleist\u00f3gamas, al\u00e9m da redu\u00e7\u00e3o do n\u00famero de estruturas do androceu e do gineceu, fugindo do n\u00famero padr\u00e3o encontrado em Malpighiaceae, ou seja, dez estames e gineceu contendo tr\u00eas estiletes.\u00a0<em>Janusia<\/em>\u00a0\u00e9 atualmente composto por 14 esp\u00e9cies (<em>J. anisandra, J. caudata, J. christianeae, J. guaranitica, J. hexandra, J. janusioides, J. lindmanii, J. malmeana, J. mediterranea, J. occhionii, J. prancei, J. schwannioides, Janusia<\/em>\u00a0sp. 1 e\u00a0<em>Janusia<\/em>sp. 2.), distribu\u00eddas principalmente por \u00e1reas secas do Brasil, Argentina, Bol\u00edvia, Paraguai e Ururguai. A aparente dificuldade na delimita\u00e7\u00e3o dos g\u00eaneros na tribo Gaudichaudieae \u00e9 conseq\u00fc\u00eancia da car\u00eancia de estudos neste grupo. Este fato motivou a an\u00e1lise dos g\u00eaneros da tribo Gaudichaudieae, iniciado com o estudo taxon\u00f4mico de\u00a0<em>Janusia.<\/em>\u00a0Assim, a Tese \u00e9 composta por um estudo taxon\u00f4mico, um estudo palinol\u00f3gico e um estudo biogeogr\u00e1fico. O estudo taxon\u00f4mico de\u00a0<em>Janusia<\/em>\u00a0resultou em algumas sinonimiza\u00e7\u00f5es e desgina\u00e7\u00f5es de tipos, bem como a descri\u00e7\u00e3o de duas novas esp\u00e9cies. No estudo palinol\u00f3gico foi apresentado um estudo dos gr\u00e3os de p\u00f3len de 13 esp\u00e9cies de\u00a0<em>Janusia<\/em>\u00a0e 8 esp\u00e9cies referentes a\u00a0<em>Aspicarpa, Camarea, Cottsia<\/em>\u00a0e<em>\u00a0Peregrina<\/em>\u00a0(tamb\u00e9m pertencentes \u00e0 tribo Gaudichaudieae). As esp\u00e9cies analisadas apresentaram gr\u00e3os de p\u00f3len em geral esferoidais ou cuboidais, m\u00e9dios a grandes, 6-8 porados, com colp\u00f3ides e ornamenta\u00e7\u00e3o vari\u00e1vel. A an\u00e1lise destes dados permitiu concluir que n\u00e3o foi poss\u00edvel separar os g\u00eaneros estudados atrav\u00e9s dos caracteres pol\u00ednicos, por\u00e9m \u00e9 poss\u00edvel distingui as esp\u00e9cies, independentemente dos g\u00eaneros. Os gr\u00e3os de p\u00f3len em\u00a0<em>Janusia<\/em>\u00a0apresentaram varia\u00e7\u00e3o quanto aos caracteres quantitativos, abertura e tipo de ornamenta\u00e7\u00e3o. Por fim, no estudo biogeogr\u00e1fico foi poss\u00edvel iniciar a discuss\u00e3o acerca da diversifica\u00e7\u00e3o da tribo Gaudichaudieae e suas caracter\u00edsticas morfol\u00f3gicas e pol\u00ednicas sugerem que a rela\u00e7\u00e3o entre os g\u00eaneros \u00e9 muito pr\u00f3xima. Quanto \u00e0\u00a0<em>Janusia,<\/em>\u00a0a maior parte de suas esp\u00e9cies coincide com o arco do Pleistoceno e com a disjun\u00e7\u00e3o de \u00e1reas secas da caatinga e da restinga.<\/p>\n<p style=\"text-align: justify\"><strong>Palavras-chave:<\/strong>\u00a0Malpighiaceae,\u00a0<em>Janusia<\/em>, taxonomia, palinologia, biogeografia<\/p>\n<p>&nbsp;<\/p>\n<hr align=\"center\" noshade=\"noshade\" size=\"1\" width=\"100%\" \/>\n<p style=\"text-align: center\"><a href=\"https:\/\/smastr16.blob.core.windows.net\/pgibt\/2013\/09\/pdf_grande.gif\"><img decoding=\"async\" loading=\"lazy\" class=\"aligncenter size-full wp-image-2313\" style=\"border: 0px\" alt=\"pdf_grande\" src=\"https:\/\/smastr16.blob.core.windows.net\/pgibt\/2013\/09\/pdf_grande.gif\" width=\"60\" height=\"60\" \/><\/a><a href=\"https:\/\/smastr16.blob.core.windows.net\/pgibt\/2013\/09\/Renata_Sebastiani_DR.pdf\" target=\"_blank\">Renata Sebastiani<br \/>\nEstudos taxon\u00f4micos em\u00a0<em>Janusia<\/em>\u00a0A. Juss. (Malpighiaceae)<\/a><\/p>\n<hr align=\"center\" noshade=\"noshade\" size=\"1\" width=\"100%\" \/>\n<p style=\"text-align: center\"><strong>\u00a0<a href=\"https:\/\/www.infraestruturameioambiente.sp.gov.br\/pgibt\/dissertacoesteses\/\">VOLTAR AS DISSERTA\u00c7\u00d5ES E TESES<\/a><\/strong><\/p>\n<hr align=\"center\" noshade=\"noshade\" size=\"1\" width=\"100%\" \/>\n","protected":false},"excerpt":{"rendered":"<p>Renata Sebastiani No dia 16 de dezembro de 2010 a aluna Renata Sebastiani, pertencente ao Curso de P\u00f3s-Gradua\u00e7\u00e3o em Biodiversidade Vegetal e Meio Ambiente, defendeu sua tese de doutorado intitulada\u00a0\u201cEstudos taxon\u00f4micos em\u00a0Janusia\u00a0A. Juss. (Malpighiaceae)\u201d,\u00a0sob a orienta\u00e7\u00e3o da Profa. Dra. Maria Candida Henrique Mamede. Compuseram a banca a professora orientadora, Prof. Dr. Andr\u00e9 M. A. Amorim [&hellip;]<\/p>\n","protected":false},"author":1,"featured_media":0,"parent":249,"menu_order":0,"comment_status":"closed","ping_status":"open","template":"fullpage.php","meta":[],"_links":{"self":[{"href":"https:\/\/www.infraestruturameioambiente.sp.gov.br\/pgibt\/wp-json\/wp\/v2\/pages\/1384"}],"collection":[{"href":"https:\/\/www.infraestruturameioambiente.sp.gov.br\/pgibt\/wp-json\/wp\/v2\/pages"}],"about":[{"href":"https:\/\/www.infraestruturameioambiente.sp.gov.br\/pgibt\/wp-json\/wp\/v2\/types\/page"}],"author":[{"embeddable":true,"href":"https:\/\/www.infraestruturameioambiente.sp.gov.br\/pgibt\/wp-json\/wp\/v2\/users\/1"}],"replies":[{"embeddable":true,"href":"https:\/\/www.infraestruturameioambiente.sp.gov.br\/pgibt\/wp-json\/wp\/v2\/comments?post=1384"}],"version-history":[{"count":0,"href":"https:\/\/www.infraestruturameioambiente.sp.gov.br\/pgibt\/wp-json\/wp\/v2\/pages\/1384\/revisions"}],"up":[{"embeddable":true,"href":"https:\/\/www.infraestruturameioambiente.sp.gov.br\/pgibt\/wp-json\/wp\/v2\/pages\/249"}],"wp:attachment":[{"href":"https:\/\/www.infraestruturameioambiente.sp.gov.br\/pgibt\/wp-json\/wp\/v2\/media?parent=1384"}],"curies":[{"name":"wp","href":"https:\/\/api.w.org\/{rel}","templated":true}]}}