{"id":1373,"date":"2013-09-20T11:31:14","date_gmt":"2013-09-20T14:31:14","guid":{"rendered":"https:\/\/www.infraestruturameioambiente.sp.gov.br\/pgibt\/?page_id=1373"},"modified":"2013-09-20T11:31:14","modified_gmt":"2013-09-20T14:31:14","slug":"2007-silvia-maria-romano-santanna","status":"publish","type":"page","link":"https:\/\/www.infraestruturameioambiente.sp.gov.br\/pgibt\/dissertacoesteses\/2007-silvia-maria-romano-santanna\/","title":{"rendered":"Silvia Maria Romano Sant&#8217;Anna  DR"},"content":{"rendered":"<h2 style=\"text-align: center\"><a href=\"https:\/\/smastr16.blob.core.windows.net\/pgibt\/2015\/02\/faixapos6.jpg\"><img decoding=\"async\" loading=\"lazy\" class=\"aligncenter size-full wp-image-3777\" style=\"border: 0px\" alt=\"faixapos6\" src=\"https:\/\/smastr16.blob.core.windows.net\/pgibt\/2015\/02\/faixapos6.jpg\" width=\"950\" height=\"163\" srcset=\"https:\/\/smastr16.blob.core.windows.net\/pgibt\/2015\/02\/faixapos6.jpg 950w, https:\/\/smastr16.blob.core.windows.net\/pgibt\/2015\/02\/faixapos6-768x131.jpg 768w\" sizes=\"(max-width: 950px) 100vw, 950px\" \/><\/a><\/h2>\n<hr align=\"center\" noshade=\"noshade\" size=\"1\" width=\"100%\" \/>\n<h2 style=\"text-align: center\"><span style=\"color: #003300\">Silvia Maria Romano Sant&#8217;Anna\u00a0<\/span><\/h2>\n<hr align=\"center\" noshade=\"noshade\" size=\"1\" width=\"100%\" \/>\n<p style=\"text-align: center\">A bi\u00f3loga Silvia Maria Romano Sant&#8217;Anna defendeu sua tese de doutorado em 11 de abril de 2007, no audit\u00f3rio do Instituto de Bot\u00e2nica de S\u00e3o Paulo, intitulada &#8220;Potencial de uso de\u00a0<em>Nicotiana tabacum &#8216;Bel W3&#8217;<\/em>\u00a0para biomonitoramento dos n\u00edveis de<br \/>\ncontamina\u00e7\u00e3o atmosf\u00e9rica por oz\u00f4nio, na cidade de S\u00e3o Paulo&#8221;.<\/p>\n<p style=\"text-align: center\">A banca examinadora foi composta pela sua orientadora Profa. Dra. Marisa Domingos (Ecologia\/IBt), Profa. Dra. Edenise Segala Alves (Anatomia e Morfologia\/IBt), Prof. Dr. Marcos Paereira Marinho Aidar (Fisiologia\/IBt), Profa. Dra. Adalgiza (IAG\/USP) e Profa. Dra. Ana Maria (IPEN\/USP).<\/p>\n<hr align=\"center\" noshade=\"noshade\" size=\"1\" width=\"100%\" \/>\n<h3 style=\"text-align: center\">Potencial de uso de\u00a0<em>Nicotiana tabacum &#8216;Bel W3&#8217;<\/em>\u00a0para biomonitoramento dos n\u00edveis<br \/>\nde contamina\u00e7\u00e3o atmosf\u00e9rica por oz\u00f4nio, na cidade de S\u00e3o Paulo<\/h3>\n<hr align=\"center\" noshade=\"noshade\" size=\"1\" width=\"100%\" \/>\n<h4 style=\"text-align: center\"><strong>RESUMO<\/strong><\/h4>\n<p style=\"text-align: justify\">Um dos principais poluentes a\u00e9reos \u00e9 o oz\u00f4nio (O3), por se encontrar em altos n\u00edveis,por participar ativamente da qu\u00edmica atmosf\u00e9rica e por ser considerado um dos mais fitot\u00f3xicos. Entretanto, durante o processo de sua forma\u00e7\u00e3o (smog fotoqu\u00edmico) s\u00e3o formados diversos outros oxidantes, entre os quais o per\u00f3xido de hidrog\u00eanio (H2O2). Assim, objetivou-se avaliar o potencial de\u00a0<em>N. tabacum \u2018Bel W3\u2019<\/em>, cultivar j\u00e1 padronizada como bioindicadora de O3 nas regi\u00f5es de clima temperado, para o biomonitoramento na cidade de S\u00e3o Paulo; analisar experimentalmente se O3 e H2O2, em diferentes n\u00edveis, podem promover altera\u00e7\u00f5es fisiol\u00f3gicas e necroses foliares; e estabelecer o modelo que melhor ajusta a rela\u00e7\u00e3o entre as respostas biol\u00f3gicas estudadas e a concentra\u00e7\u00e3o desses poluentes. Inicialmente, foram realizadas exposi\u00e7\u00f5es de N. tabacum em diferentes \u00e1reas da cidade e foi determinada a porcentagem de \u00e1rea foliar com necroses. N. tabacum mostrou-se adequada para biomonitoramento qualitativo da presen\u00e7a de O3 na cidade, pois diferenciou as \u00e1reas e \u00e9pocas do ano mais e menos contaminadas. Por\u00e9m, an\u00e1lises de regress\u00e3o mostraram que apenas uma pequena parte dos danos pode ser explicada pela concentra\u00e7\u00e3o de O3 e que a rela\u00e7\u00e3o entre ambas n\u00e3o foi linear, sugerindo que outros fatores poderiam interferir no aparecimento de necroses. Posteriormente, foram realizados experimentos em c\u00e2maras de fumiga\u00e7\u00e3o expondo plantas de N. tabacum ao O3 e ao H2O2, e foram analisadas a porcentagem de necroses foliares e a raz\u00e3o Fv:Fm. As necroses foliares observadas foram similares, por\u00e9m, na presen\u00e7a de H2O2, N. tabacum tamb\u00e9m apresentou colora\u00e7\u00e3o prata na superf\u00edcie abaxial da folha. Os danos mais intensos ocorreram quando o O3 foi aplicado individualmente, e a porcentagem m\u00e1xima de dano foliar foi observada quando as plantas foram fumigadas com 40 ppb de O3.<br \/>\nA raz\u00e3o Fv:Fm foi significativamente reduzida, especialmente quando o O3 esteve envolvido.\u00a0Al\u00e9m disso, foi verificado que H2O2, quando misturado ao O3, provoca efeito antag\u00f4nico sobre a planta, diminuindo os efeitos mal\u00e9ficos deste. A partir dessas informa\u00e7\u00f5es experimentais, foi realizada nova an\u00e1lise de regress\u00e3o entre intensidades de danos foliares e concentra\u00e7\u00f5es m\u00e9dias de O3 at\u00e9 40 ppb, utilizando dados provenientes do estudo de campo, tendo sido encontrada, ent\u00e3o, rela\u00e7\u00e3o linear significativa. Conclui-se, assim, que N. tabacum tem seu uso limitado para biomonitoramento quantitativo em ambiente contaminado por O3,quando em concentra\u00e7\u00f5es m\u00e9dias acima de 40 ppb.<\/p>\n<p style=\"text-align: justify\">Palavras-chave:\u00a0<em>Solanaceae,<\/em>\u00a0biomonitoramento, oxidante fotoqu\u00edmico<\/p>\n\n<hr align=\"center\" noshade=\"noshade\" size=\"1\" width=\"100%\" \/>\n<p style=\"text-align: center\"><a href=\"https:\/\/smastr16.blob.core.windows.net\/pgibt\/2013\/09\/pdf_grande.gif\"><img decoding=\"async\" loading=\"lazy\" class=\"aligncenter size-full wp-image-2313\" style=\"border: 0px\" alt=\"pdf_grande\" src=\"https:\/\/smastr16.blob.core.windows.net\/pgibt\/2013\/09\/pdf_grande.gif\" width=\"60\" height=\"60\" \/><\/a><a href=\"https:\/\/smastr16.blob.core.windows.net\/pgibt\/2013\/09\/Silvia_Maria_Romano_Santanna_DR.pdf\" target=\"_blank\">Silvia Maria Romano Sant&#8217;Anna<br \/>\nPotencial de uso de\u00a0<em>Nicotiana tabacum &#8216;<\/em>Bel W3&#8242;\u00a0para biomonitoramento dos n\u00edveis de<br \/>\ncontamina\u00e7\u00e3o atmosf\u00e9rica por oz\u00f4nio, na cidade de S\u00e3o Paulo<\/a><\/p>\n<hr align=\"center\" noshade=\"noshade\" size=\"1\" width=\"100%\" \/>\n<p style=\"text-align: center\"><strong>\u00a0<a href=\"https:\/\/www.infraestruturameioambiente.sp.gov.br\/pgibt\/dissertacoesteses\/\">VOLTAR AS DISSERTA\u00c7\u00d5ES E TESES<\/a><\/strong><\/p>\n<hr align=\"center\" noshade=\"noshade\" size=\"1\" width=\"100%\" \/>\n","protected":false},"excerpt":{"rendered":"<p>Silvia Maria Romano Sant&#8217;Anna\u00a0 A bi\u00f3loga Silvia Maria Romano Sant&#8217;Anna defendeu sua tese de doutorado em 11 de abril de 2007, no audit\u00f3rio do Instituto de Bot\u00e2nica de S\u00e3o Paulo, intitulada &#8220;Potencial de uso de\u00a0Nicotiana tabacum &#8216;Bel W3&#8217;\u00a0para biomonitoramento dos n\u00edveis de contamina\u00e7\u00e3o atmosf\u00e9rica por oz\u00f4nio, na cidade de S\u00e3o Paulo&#8221;. A banca examinadora foi [&hellip;]<\/p>\n","protected":false},"author":1,"featured_media":0,"parent":249,"menu_order":0,"comment_status":"closed","ping_status":"open","template":"fullpage.php","meta":[],"_links":{"self":[{"href":"https:\/\/www.infraestruturameioambiente.sp.gov.br\/pgibt\/wp-json\/wp\/v2\/pages\/1373"}],"collection":[{"href":"https:\/\/www.infraestruturameioambiente.sp.gov.br\/pgibt\/wp-json\/wp\/v2\/pages"}],"about":[{"href":"https:\/\/www.infraestruturameioambiente.sp.gov.br\/pgibt\/wp-json\/wp\/v2\/types\/page"}],"author":[{"embeddable":true,"href":"https:\/\/www.infraestruturameioambiente.sp.gov.br\/pgibt\/wp-json\/wp\/v2\/users\/1"}],"replies":[{"embeddable":true,"href":"https:\/\/www.infraestruturameioambiente.sp.gov.br\/pgibt\/wp-json\/wp\/v2\/comments?post=1373"}],"version-history":[{"count":0,"href":"https:\/\/www.infraestruturameioambiente.sp.gov.br\/pgibt\/wp-json\/wp\/v2\/pages\/1373\/revisions"}],"up":[{"embeddable":true,"href":"https:\/\/www.infraestruturameioambiente.sp.gov.br\/pgibt\/wp-json\/wp\/v2\/pages\/249"}],"wp:attachment":[{"href":"https:\/\/www.infraestruturameioambiente.sp.gov.br\/pgibt\/wp-json\/wp\/v2\/media?parent=1373"}],"curies":[{"name":"wp","href":"https:\/\/api.w.org\/{rel}","templated":true}]}}