{"id":1360,"date":"2013-09-20T11:20:36","date_gmt":"2013-09-20T14:20:36","guid":{"rendered":"https:\/\/www.infraestruturameioambiente.sp.gov.br\/pgibt\/?page_id=1360"},"modified":"2013-09-20T11:20:36","modified_gmt":"2013-09-20T14:20:36","slug":"2010-patricia-giampaoli","status":"publish","type":"page","link":"https:\/\/www.infraestruturameioambiente.sp.gov.br\/pgibt\/dissertacoesteses\/2010-patricia-giampaoli\/","title":{"rendered":"Patr\u00edcia Giampaoli MS"},"content":{"rendered":"<h2 style=\"text-align: center\"><a href=\"https:\/\/smastr16.blob.core.windows.net\/pgibt\/2015\/02\/faixapos6.jpg\"><img decoding=\"async\" loading=\"lazy\" class=\"aligncenter size-full wp-image-3777\" style=\"border: 0px\" alt=\"faixapos6\" src=\"https:\/\/smastr16.blob.core.windows.net\/pgibt\/2015\/02\/faixapos6.jpg\" width=\"950\" height=\"163\" srcset=\"https:\/\/smastr16.blob.core.windows.net\/pgibt\/2015\/02\/faixapos6.jpg 950w, https:\/\/smastr16.blob.core.windows.net\/pgibt\/2015\/02\/faixapos6-768x131.jpg 768w\" sizes=\"(max-width: 950px) 100vw, 950px\" \/><\/a><\/h2>\n<hr align=\"center\" noshade=\"noshade\" size=\"1\" width=\"100%\" \/>\n<h2 style=\"text-align: center\">Patr\u00edcia Giampaoli<\/h2>\n<hr align=\"center\" noshade=\"noshade\" size=\"1\" width=\"100%\" \/>\n<p style=\"text-align: center\">No dia 25 de Fevereiro de 2010 a aluna Patricia Giampaoli do Programa de P\u00f3s Gradua\u00e7\u00e3o em Biodiversidade Vegetal e Meio Ambiente,<br \/>\ndefendeu sua disserta\u00e7\u00e3o de mestrado, intitulada<br \/>\n\u201cEfeito de cobre e zinco no desenvolvimento\u00a0<em>in vitro<\/em>\u00a0de\u00a0<em>Aechmea blanchetiana<\/em>\u00a0(Baker) L.B. Smith\u201d.<\/p>\n<p style=\"text-align: center\">A banca examinadora foi composta por Dr. Armando Reis Tavares (Instituto de Bot\u00e2nica \u2013 presidente da banca e orientador),\u00a0Dra. Helenice Mercier (Universidade de S\u00e3o Paulo \u2013 membro externo) e\u00a0Dr. Giulio Cesare Stancato (Instituto Agron\u00f4mico de Campinas \u2013 membro interno).<\/p>\n<hr align=\"center\" noshade=\"noshade\" size=\"1\" width=\"100%\" \/>\n<h3 style=\"text-align: center\">Efeito de cobre e zinco no desenvolvimento in vitro de<em> Aechmea blanchetiana<\/em> (Baker) L.B. Smith<\/h3>\n<hr align=\"center\" noshade=\"noshade\" size=\"1\" width=\"100%\" \/>\n<h4 style=\"text-align: center\"><strong>RESUMO<\/strong><\/h4>\n<p style=\"text-align: justify\">O r\u00e1pido aumento populacional mundial e a urbaniza\u00e7\u00e3o geram problemas ambientais como a polui\u00e7\u00e3o atmosf\u00e9rica, impermeabiliza\u00e7\u00e3o do solo e impacto sobre a qualidade da \u00e1gua. Metais pesados s\u00e3o elementos presentes no material particulado disperso no ar, solos e \u00e1guas residu\u00e1rias, podendo ser t\u00f3xicos quando em altas concentra\u00e7\u00f5es e reagem com macromol\u00e9culas e ligantes presentes nas membranas moleculares, ocorrendo a bioacumula\u00e7\u00e3o. Os metais pesados podem causar altera\u00e7\u00f5es no crescimento e metabolismo das plantas e na forma\u00e7\u00e3o de esp\u00e9cies ativas do oxig\u00eanio (EAOs) ocasionando estresse oxidativo.\u00a0<a id=\"OLE_LINK171\" name=\"OLE_LINK171\"><\/a><a id=\"OLE_LINK170\" name=\"OLE_LINK170\"><\/a>As brom\u00e9lias v\u00eam sendo estudadas como acumuladora de metais, entretanto pouco se conhece sobre os efeitos dos metais pesados no metabolismo dessas plantas.\u00a0<a id=\"OLE_LINK226\" name=\"OLE_LINK226\"><\/a><a id=\"OLE_LINK217\" name=\"OLE_LINK217\"><\/a>O estudo teve como objetivo avaliar o crescimento e desenvolvimento de\u00a0<em>Aechmea blanchetiana\u00a0<\/em>cultivadas\u00a0<em>in vitro<\/em>\u00a0em diferentes concentra\u00e7\u00f5es de cobre (Cu) e zinco (Zn), pela an\u00e1lise das vari\u00e1veis biom\u00e9tricas de crescimento, teores de macro e micronutrientes, poliaminas e \u00e1cido asc\u00f3rbico (AA), atividade das enzimas ascorbato peroxidase (APX) e super\u00f3xido dismutase (SOD), e ac\u00famulo de per\u00f3xido de hidrog\u00eanio (H2O2) utilizando a diaminobenzidina (DAB) como crom\u00f3geno. As plantas foram obtidas pela germina\u00e7\u00e3o de sementes\u00a0<em>in vitro<\/em>\u00a0e aos 210 dias transferidas para os tratamentos 0,0; 0,145; 1,45 e\u00a0<a id=\"OLE_LINK93\" name=\"OLE_LINK93\"><\/a><a id=\"OLE_LINK43\" name=\"OLE_LINK43\"><\/a>14,5 \u00b5M Cu e 0,0; 2,75; 27,5 e 275 \u00b5M Zn\u00a0no meio MS (Murashige &amp; Skoog 1962), modificado com metade das concentra\u00e7\u00f5es de macronutrientes. N\u00e3o foram observadas cloroses ou necroses nas plantas em todos os tratamentos. O ac\u00famulo de cobre e zinco ocorreu somente nas concentra\u00e7\u00f5es de 14,5 \u00b5M de Cu e 275 \u00b5M de Zn, n\u00e3o havendo altera\u00e7\u00f5es nos teores de macro e micronutrientes.\u00a0\u00a0<a id=\"OLE_LINK247\" name=\"OLE_LINK247\"><\/a><a id=\"OLE_LINK246\" name=\"OLE_LINK246\"><\/a>Os teores da poliamina espermina aumentaram com a eleva\u00e7\u00e3o da concentra\u00e7\u00e3o de Zn e diminu\u00edram com a eleva\u00e7\u00e3o da concentra\u00e7\u00e3o de Cu. Houve ac\u00famulo de H2O2, por meio da colora\u00e7\u00e3o por DAB, nas plantas cultivadas nos tratamentos 1,45 e 14,5 \u00b5M de Cu e 27,5 e 275 \u00b5M de Zn. Os resultados indicam que o Cu e Zn alteraram a atividade de parte do ciclo ascorbato-glutationa e da produ\u00e7\u00e3o de H2O2, podendo estar relacionada com a a\u00e7\u00e3o sinalizadora do sistema de defesa do estresse oxidativo. O estudo mostrou que a esp\u00e9cie\u00a0<em>Aechmea blanchetiana<\/em>\u00a0apresentou toler\u00e2ncia \u00e0s concentra\u00e7\u00f5es de cobre e zinco utilizadas no meio MS e que a t\u00e9cnica de cultivo\u00a0<em>in vitro<\/em>pode ser utilizada como ferramenta para o estudo de altera\u00e7\u00f5es metab\u00f3licas de plantas em condi\u00e7\u00f5es de estresse por metais pesados.<\/p>\n<p style=\"text-align: justify\" align=\"left\"><strong>Palavras chaves<\/strong>: Bromeliaceae, metal pesado, cultivo\u00a0<em>in vitro<\/em>, EAOs<\/p>\n<p align=\"left\">\n<div id=\"attachment_1366\" style=\"width: 223px\" class=\"wp-caption aligncenter\"><a href=\"https:\/\/smastr16.blob.core.windows.net\/pgibt\/2013\/09\/A_blachetiana_Secao4.jpg\"><img aria-describedby=\"caption-attachment-1366\" decoding=\"async\" loading=\"lazy\" class=\"size-full wp-image-1366\" alt=\"Aechmea blanchetiana (Baker) L.B. Smith \" src=\"https:\/\/smastr16.blob.core.windows.net\/pgibt\/2013\/09\/A_blachetiana_Secao4.jpg\" width=\"213\" height=\"283\" \/><\/a><p id=\"caption-attachment-1366\" class=\"wp-caption-text\"><em>Aechmea blanchetiana<\/em> (Baker) L.B. Smith<\/p><\/div>\n<hr align=\"center\" noshade=\"noshade\" size=\"1\" width=\"100%\" \/>\n<p style=\"text-align: center\"><a href=\"https:\/\/smastr16.blob.core.windows.net\/pgibt\/2013\/09\/pdf_grande.gif\"><img decoding=\"async\" loading=\"lazy\" class=\"aligncenter size-full wp-image-2313\" style=\"border: 0px\" alt=\"pdf_grande\" src=\"https:\/\/smastr16.blob.core.windows.net\/pgibt\/2013\/09\/pdf_grande.gif\" width=\"60\" height=\"60\" \/><\/a><a href=\"https:\/\/smastr16.blob.core.windows.net\/pgibt\/2013\/09\/Patricia_Giampaoli_MS.pdf\" target=\"_blank\">Patr\u00edcia Giampaoli<br \/>\nEfeito de cobre e zinco no desenvolvimento in vitro de <em>Aechmea blanchetiana<\/em> (Baker) L.B. Smith<\/a><\/p>\n<hr align=\"center\" noshade=\"noshade\" size=\"1\" width=\"100%\" \/>\n<p style=\"text-align: center\"><strong>\u00a0<a href=\"https:\/\/www.infraestruturameioambiente.sp.gov.br\/pgibt\/dissertacoesteses\/\">VOLTAR AS DISSERTA\u00c7\u00d5ES E TESES<\/a><\/strong><\/p>\n<hr align=\"center\" noshade=\"noshade\" size=\"1\" width=\"100%\" \/>\n","protected":false},"excerpt":{"rendered":"<p>Patr\u00edcia Giampaoli No dia 25 de Fevereiro de 2010 a aluna Patricia Giampaoli do Programa de P\u00f3s Gradua\u00e7\u00e3o em Biodiversidade Vegetal e Meio Ambiente, defendeu sua disserta\u00e7\u00e3o de mestrado, intitulada \u201cEfeito de cobre e zinco no desenvolvimento\u00a0in vitro\u00a0de\u00a0Aechmea blanchetiana\u00a0(Baker) L.B. Smith\u201d. A banca examinadora foi composta por Dr. Armando Reis Tavares (Instituto de Bot\u00e2nica \u2013 [&hellip;]<\/p>\n","protected":false},"author":1,"featured_media":0,"parent":249,"menu_order":0,"comment_status":"closed","ping_status":"open","template":"fullpage.php","meta":[],"_links":{"self":[{"href":"https:\/\/www.infraestruturameioambiente.sp.gov.br\/pgibt\/wp-json\/wp\/v2\/pages\/1360"}],"collection":[{"href":"https:\/\/www.infraestruturameioambiente.sp.gov.br\/pgibt\/wp-json\/wp\/v2\/pages"}],"about":[{"href":"https:\/\/www.infraestruturameioambiente.sp.gov.br\/pgibt\/wp-json\/wp\/v2\/types\/page"}],"author":[{"embeddable":true,"href":"https:\/\/www.infraestruturameioambiente.sp.gov.br\/pgibt\/wp-json\/wp\/v2\/users\/1"}],"replies":[{"embeddable":true,"href":"https:\/\/www.infraestruturameioambiente.sp.gov.br\/pgibt\/wp-json\/wp\/v2\/comments?post=1360"}],"version-history":[{"count":0,"href":"https:\/\/www.infraestruturameioambiente.sp.gov.br\/pgibt\/wp-json\/wp\/v2\/pages\/1360\/revisions"}],"up":[{"embeddable":true,"href":"https:\/\/www.infraestruturameioambiente.sp.gov.br\/pgibt\/wp-json\/wp\/v2\/pages\/249"}],"wp:attachment":[{"href":"https:\/\/www.infraestruturameioambiente.sp.gov.br\/pgibt\/wp-json\/wp\/v2\/media?parent=1360"}],"curies":[{"name":"wp","href":"https:\/\/api.w.org\/{rel}","templated":true}]}}